{"id":23,"date":"2020-09-10T16:46:04","date_gmt":"2020-09-10T16:46:04","guid":{"rendered":"https:\/\/live-cafb.pantheonsite.io\/?page_id=23"},"modified":"2025-12-15T13:43:28","modified_gmt":"2025-12-15T20:43:28","slug":"financials","status":"publish","type":"page","link":"https:\/\/www.cafoodbanks.org\/es\/about\/financials\/","title":{"rendered":"Finanzas e informes"},"content":{"rendered":"<p><!-- Google tag (gtag.js) --><br><script async=\"\" src=\"https:\/\/www.googletagmanager.com\/gtag\/js?id=G-1JBLYPE369\"><\/script><br><script><br \/>\n  window.dataLayer = window.dataLayer || [];<br \/>\n  function gtag(){dataLayer.push(arguments);}<br \/>\n  gtag('js', new Date());<\/p>\n<p>  gtag('config', 'G-1JBLYPE369');<br \/>\n<\/script><\/p>\n\n\n\n<p>\u00bfEst\u00e1 interesado en saber a d\u00f3nde van sus donaciones, c\u00f3mo nos apoyaron o nuestra situaci\u00f3n financiera? A continuaci\u00f3n se encuentran documentos de referencia que describen nuestras finanzas a medida que continuamos impulsando a California hacia la seguridad alimentaria para todos.<\/p>\n\n\n\n<div style=\"height:28px\" aria-hidden=\"true\" class=\"wp-block-spacer\"><\/div>\n\n\n\n<p>Identificaci\u00f3n fiscal #68-0392816 &amp; <a rel=\"noreferrer noopener\" href=\"\/wp-content\/uploads\/2019\/04\/IRS 501c3 letter.pdf\" target=\"_blank\">IRS 501 (c) 3 letras<\/a>.<\/p>\n\n\n\n<h2 class=\"wp-block-heading\"><strong>Impact Reports<\/strong><\/h2>\n\n\n\n<div class=\"wp-block-columns is-layout-flex wp-container-core-columns-is-layout-9d6595d7 wp-block-columns-is-layout-flex\">\n<div class=\"wp-block-column is-layout-flow wp-block-column-is-layout-flow\">\n<figure class=\"wp-block-image size-full\"><a href=\"https:\/\/www.cafoodbanks.org\/es\/2024\/\" target=\"_blank\" rel=\" noreferrer noopener\"><img loading=\"lazy\" decoding=\"async\" width=\"1978\" height=\"2560\" src=\"https:\/\/www.cafoodbanks.org\/wp-content\/uploads\/2025\/04\/CAFB-Impact-Report-Cover-scaled.jpg\" alt=\"\" class=\"wp-image-50498\" srcset=\"https:\/\/www.cafoodbanks.org\/wp-content\/uploads\/2025\/04\/CAFB-Impact-Report-Cover-scaled.jpg 1978w, https:\/\/www.cafoodbanks.org\/wp-content\/uploads\/2025\/04\/CAFB-Impact-Report-Cover-232x300.jpg 232w, https:\/\/www.cafoodbanks.org\/wp-content\/uploads\/2025\/04\/CAFB-Impact-Report-Cover-791x1024.jpg 791w, https:\/\/www.cafoodbanks.org\/wp-content\/uploads\/2025\/04\/CAFB-Impact-Report-Cover-768x994.jpg 768w, https:\/\/www.cafoodbanks.org\/wp-content\/uploads\/2025\/04\/CAFB-Impact-Report-Cover-1187x1536.jpg 1187w, https:\/\/www.cafoodbanks.org\/wp-content\/uploads\/2025\/04\/CAFB-Impact-Report-Cover-1583x2048.jpg 1583w, https:\/\/www.cafoodbanks.org\/wp-content\/uploads\/2025\/04\/CAFB-Impact-Report-Cover-9x12.jpg 9w\" sizes=\"auto, (max-width: 1978px) 100vw, 1978px\" \/><\/a><figcaption class=\"wp-element-caption\">2024 Impact Report<\/figcaption><\/figure>\n<\/div>\n\n\n\n<div class=\"wp-block-column is-layout-flow wp-block-column-is-layout-flow\">\n<figure class=\"wp-block-image size-full\"><a href=\"https:\/\/www.cafoodbanks.org\/wp-content\/uploads\/2024\/05\/2024-Impact-Report_Final_5.6.2024.pdf\"><img loading=\"lazy\" decoding=\"async\" width=\"353\" height=\"456\" src=\"https:\/\/www.cafoodbanks.org\/wp-content\/uploads\/2025\/04\/2023-Impact-Report-Cover.png\" alt=\"\" class=\"wp-image-50496\" srcset=\"https:\/\/www.cafoodbanks.org\/wp-content\/uploads\/2025\/04\/2023-Impact-Report-Cover.png 353w, https:\/\/www.cafoodbanks.org\/wp-content\/uploads\/2025\/04\/2023-Impact-Report-Cover-232x300.png 232w, https:\/\/www.cafoodbanks.org\/wp-content\/uploads\/2025\/04\/2023-Impact-Report-Cover-9x12.png 9w\" sizes=\"auto, (max-width: 353px) 100vw, 353px\" \/><\/a><figcaption class=\"wp-element-caption\">2023 Impact Report<\/figcaption><\/figure>\n<\/div>\n\n\n\n<div class=\"wp-block-column is-layout-flow wp-block-column-is-layout-flow\">\n<figure class=\"wp-block-image size-full\"><a href=\"https:\/\/www.cafoodbanks.org\/wp-content\/uploads\/2023\/05\/CAFB-2022-Impact-Report.pdf\"><img loading=\"lazy\" decoding=\"async\" width=\"1134\" height=\"1468\" src=\"https:\/\/www.cafoodbanks.org\/wp-content\/uploads\/2025\/04\/2022-IMpact-report-cover-1.png\" alt=\"\" class=\"wp-image-50497\" srcset=\"https:\/\/www.cafoodbanks.org\/wp-content\/uploads\/2025\/04\/2022-IMpact-report-cover-1.png 1134w, https:\/\/www.cafoodbanks.org\/wp-content\/uploads\/2025\/04\/2022-IMpact-report-cover-1-232x300.png 232w\" sizes=\"auto, (max-width: 1134px) 100vw, 1134px\" \/><\/a><figcaption class=\"wp-element-caption\">2022 Impact Report <\/figcaption><\/figure>\n<\/div>\n<\/div>\n\n\n\n<p><\/p>\n\n\n\n<h2 class=\"wp-block-heading\">Finanzas<\/h2>\n\n\n\n<p><strong>2024 Financial Documents<\/strong><\/p>\n\n\n\n<ul class=\"wp-block-list\">\n<li><a href=\"https:\/\/www.cafoodbanks.org\/wp-content\/uploads\/2025\/12\/CAFB-2024-Audited-Financial-Statements.pdf\">2024 Audited Financials<\/a><\/li>\n\n\n\n<li><a href=\"https:\/\/www.cafoodbanks.org\/wp-content\/uploads\/2025\/12\/Tax-Return-990-2024-CAFB-Public-Disclosure-Version.pdf\">2024 990<\/a><\/li>\n<\/ul>\n\n\n\n<p><strong>2023 Financial Documents<\/strong><\/p>\n\n\n\n<ul class=\"wp-block-list\">\n<li><a href=\"https:\/\/www.cafoodbanks.org\/wp-content\/uploads\/2024\/11\/2023_12_31-CAFB-Audited-Financial-Statements.pdf\" target=\"_blank\" rel=\"noreferrer noopener\">2023 Audited Financials<\/a><\/li>\n\n\n\n<li><a href=\"https:\/\/www.cafoodbanks.org\/wp-content\/uploads\/2024\/11\/2023-CAFB-990-Public-Disclosure-Copy.pdf\" target=\"_blank\" rel=\"noreferrer noopener\">2023 990<\/a><\/li>\n<\/ul>\n\n\n\n<p><strong>2022 Financial Documents<\/strong><\/p>\n\n\n\n<ul class=\"wp-block-list\">\n<li><a href=\"https:\/\/www.cafoodbanks.org\/wp-content\/uploads\/2024\/02\/2022_12_31-CAFB-Audited-Financial-Statements.pdf\" target=\"_blank\" rel=\"noreferrer noopener\">2022 Audited Financials<\/a><\/li>\n\n\n\n<li><a href=\"https:\/\/www.cafoodbanks.org\/wp-content\/uploads\/2024\/02\/2022-CAFB-990-Public-Disclosure.pdf\" target=\"_blank\" rel=\"noreferrer noopener\">2022 990<\/a><\/li>\n<\/ul>\n\n\n\n<p><strong>2021 Financial Documents<\/strong><\/p>\n\n\n\n<ul class=\"wp-block-list\">\n<li><a href=\"https:\/\/www.cafoodbanks.org\/wp-content\/uploads\/2024\/02\/2021_12_31-CAFB-Audited-Financial-Statements.pdf\" target=\"_blank\" rel=\"noreferrer noopener\">2021 Audited Financials<\/a><\/li>\n\n\n\n<li><a href=\"https:\/\/www.cafoodbanks.org\/wp-content\/uploads\/2022\/11\/2021-CAFB-990-Public-Disclosure_Signed.pdf\" data-type=\"URL\" data-id=\"https:\/\/www.cafoodbanks.org\/wp-content\/uploads\/2022\/11\/2021-CAFB-990-Public-Disclosure_Signed.pdf\">2021 990<\/a><\/li>\n<\/ul>\n\n\n\n<p><strong>2020 Financial Documents<\/strong><\/p>\n\n\n\n<ul class=\"wp-block-list\">\n<li><a href=\"https:\/\/live-cafb.pantheonsite.io\/wp-content\/uploads\/2022\/03\/2020_12_31-CAFB-Audited-Financial-Statements.pdf\">2020 Audited Financials<\/a><\/li>\n\n\n\n<li><a href=\"https:\/\/live-cafb.pantheonsite.io\/wp-content\/uploads\/2022\/03\/2020-CAFB-990-Public-Disclosure-Copy.pdf\">2020 990<\/a><\/li>\n<\/ul>\n\n\n\n<p><strong>Documentos financieros 2019<\/strong><\/p>\n\n\n\n<ul class=\"wp-block-list\">\n<li><a rel=\"noreferrer noopener\" href=\"\/wp-content\/uploads\/2020\/09\/2019_12_31 CAFB Audited Financial Statements.pdf\" target=\"_blank\">Finanzas auditadas 2019<\/a><\/li>\n\n\n\n<li><a href=\"https:\/\/live-cafb.pantheonsite.io\/wp-content\/uploads\/2021\/01\/2019-CAFB-990.pdf\" target=\"_blank\" rel=\"noreferrer noopener\">2019 990<\/a><\/li>\n<\/ul>\n\n\n\n<p><strong>Documentos financieros 2018<\/strong><\/p>\n\n\n\n<ul class=\"wp-block-list\">\n<li><a href=\"\/wp-content\/uploads\/2020\/02\/Audited Financial Statements - 2018 (California Association of Food Banks).pdf\" target=\"_blank\" rel=\"noreferrer noopener\">Finanzas auditadas 2018<\/a><\/li>\n\n\n\n<li><a href=\"\/wp-content\/uploads\/2020\/02\/Tax Return 990 - 2018 CAFB Public Disclosure Version.pdf\" target=\"_blank\" rel=\"noreferrer noopener\">2018990<\/a><\/li>\n<\/ul>\n\n\n\n<div style=\"height:54px\" aria-hidden=\"true\" class=\"wp-block-spacer\"><\/div>\n\n\n\n<p>&nbsp;<em>\u00bfBusca documentos antiguos? <a href=\"\/es\/contact-us\/\" data-type=\"page\" data-id=\"3654\">Cont\u00e1ctenos <\/a>y estaremos encantados de ponerlos a su disposici\u00f3n.<\/em><\/p>\n\n\n\n<div style=\"height:59px\" aria-hidden=\"true\" class=\"wp-block-spacer\"><\/div>","protected":false},"excerpt":{"rendered":"<p>Interested in where your donations go, how we were supported, or about our financial position? Below are reference documents outlining [&hellip;]<\/p>\n","protected":false},"author":1,"featured_media":0,"parent":6,"menu_order":0,"comment_status":"closed","ping_status":"closed","template":"","meta":{"_acf_changed":false,"_seopress_robots_primary_cat":"","_seopress_titles_title":"","_seopress_titles_desc":"","_seopress_robots_index":"","_searchwp_excluded":"","footnotes":""},"class_list":["post-23","page","type-page","status-publish","hentry"],"acf":[],"_links":{"self":[{"href":"https:\/\/www.cafoodbanks.org\/es\/wp-json\/wp\/v2\/pages\/23","targetHints":{"allow":["GET"]}}],"collection":[{"href":"https:\/\/www.cafoodbanks.org\/es\/wp-json\/wp\/v2\/pages"}],"about":[{"href":"https:\/\/www.cafoodbanks.org\/es\/wp-json\/wp\/v2\/types\/page"}],"author":[{"embeddable":true,"href":"https:\/\/www.cafoodbanks.org\/es\/wp-json\/wp\/v2\/users\/1"}],"replies":[{"embeddable":true,"href":"https:\/\/www.cafoodbanks.org\/es\/wp-json\/wp\/v2\/comments?post=23"}],"version-history":[{"count":63,"href":"https:\/\/www.cafoodbanks.org\/es\/wp-json\/wp\/v2\/pages\/23\/revisions"}],"predecessor-version":[{"id":52824,"href":"https:\/\/www.cafoodbanks.org\/es\/wp-json\/wp\/v2\/pages\/23\/revisions\/52824"}],"up":[{"embeddable":true,"href":"https:\/\/www.cafoodbanks.org\/es\/wp-json\/wp\/v2\/pages\/6"}],"wp:attachment":[{"href":"https:\/\/www.cafoodbanks.org\/es\/wp-json\/wp\/v2\/media?parent=23"}],"curies":[{"name":"wp","href":"https:\/\/api.w.org\/{rel}","templated":true}]}}