{"id":31,"date":"2020-09-10T16:46:23","date_gmt":"2020-09-10T16:46:23","guid":{"rendered":"https:\/\/live-cafb.pantheonsite.io\/?page_id=31"},"modified":"2025-08-19T14:21:50","modified_gmt":"2025-08-19T21:21:50","slug":"newsroom","status":"publish","type":"page","link":"https:\/\/www.cafoodbanks.org\/es\/newsroom\/","title":{"rendered":"Sala de prensa"},"content":{"rendered":"<div style=\"height:29px\" aria-hidden=\"true\" class=\"wp-block-spacer\"><\/div>\n\n\n\n<p>Compartimos historias importantes sobre nuestros esfuerzos contra el hambre, el trabajo de nuestros bancos de alimentos y la actual crisis del hambre en California y m\u00e1s all\u00e1.<br><br>Env\u00ede todas las solicitudes de medios&nbsp;<a href=\"https:\/\/live-cafb.pantheonsite.io\/contact-us\">a trav\u00e9s de este formulario&nbsp;<\/a>or, if you are on deadline, directly to Janelle Kruly at janellek@reveilleinc.com.<\/p>\n\n\n\n<div style=\"height:32px\" aria-hidden=\"true\" class=\"wp-block-spacer\"><\/div>\n\n\n<div class=\"linked-image-block alignwide\">\r\n    <div class=\"linked-image-wrapper\">\r\n                        <a href=\"\/es\/blog\/\" class=\"item\" style=\"background-image: url('https:\/\/www.cafoodbanks.org\/wp-content\/uploads\/2020\/12\/37-1024x818.png');\">\r\n                <span>\r\n                    <span>Blog<\/span>\r\n                <\/span>\r\n            <\/a>\r\n                        <a href=\"\/es\/statement\/\" class=\"item\" style=\"background-image: url('https:\/\/www.cafoodbanks.org\/wp-content\/uploads\/2020\/12\/38-1024x818.png');\">\r\n                <span>\r\n                    <span>Declaraciones<\/span>\r\n                <\/span>\r\n            <\/a>\r\n                        <a href=\"\/es\/resources\/\" class=\"item\" style=\"background-image: url('https:\/\/www.cafoodbanks.org\/wp-content\/uploads\/2020\/12\/39-1024x818.png');\">\r\n                <span>\r\n                    <span>Recursos<\/span>\r\n                <\/span>\r\n            <\/a>\r\n                <\/div>\r\n<\/div>\n\n\n<div style=\"height:100px\" aria-hidden=\"true\" class=\"wp-block-spacer\"><\/div>","protected":false},"excerpt":{"rendered":"<p>We share important stories about our anti-hunger efforts, the work of our food banks, and the ongoing hunger crisis in [&hellip;]<\/p>\n","protected":false},"author":1,"featured_media":0,"parent":0,"menu_order":0,"comment_status":"closed","ping_status":"closed","template":"","meta":{"_acf_changed":false,"_seopress_robots_primary_cat":"","_seopress_titles_title":"","_seopress_titles_desc":"","_seopress_robots_index":"","_searchwp_excluded":"","footnotes":""},"class_list":["post-31","page","type-page","status-publish","hentry"],"acf":[],"_links":{"self":[{"href":"https:\/\/www.cafoodbanks.org\/es\/wp-json\/wp\/v2\/pages\/31","targetHints":{"allow":["GET"]}}],"collection":[{"href":"https:\/\/www.cafoodbanks.org\/es\/wp-json\/wp\/v2\/pages"}],"about":[{"href":"https:\/\/www.cafoodbanks.org\/es\/wp-json\/wp\/v2\/types\/page"}],"author":[{"embeddable":true,"href":"https:\/\/www.cafoodbanks.org\/es\/wp-json\/wp\/v2\/users\/1"}],"replies":[{"embeddable":true,"href":"https:\/\/www.cafoodbanks.org\/es\/wp-json\/wp\/v2\/comments?post=31"}],"version-history":[{"count":58,"href":"https:\/\/www.cafoodbanks.org\/es\/wp-json\/wp\/v2\/pages\/31\/revisions"}],"predecessor-version":[{"id":52062,"href":"https:\/\/www.cafoodbanks.org\/es\/wp-json\/wp\/v2\/pages\/31\/revisions\/52062"}],"wp:attachment":[{"href":"https:\/\/www.cafoodbanks.org\/es\/wp-json\/wp\/v2\/media?parent=31"}],"curies":[{"name":"wp","href":"https:\/\/api.w.org\/{rel}","templated":true}]}}