{"id":35,"date":"2020-09-10T16:46:32","date_gmt":"2020-09-10T16:46:32","guid":{"rendered":"https:\/\/live-cafb.pantheonsite.io\/?page_id=35"},"modified":"2020-12-23T21:50:27","modified_gmt":"2020-12-23T21:50:27","slug":"support","status":"publish","type":"page","link":"https:\/\/www.cafoodbanks.org\/es\/support\/","title":{"rendered":"Apoyo"},"content":{"rendered":"<h2 class=\"wp-block-heading\" id=\"support-us\">Apoyanos<\/h2>\n\n\n\n<h5 class=\"has-nasty-green-color has-text-color wp-block-heading\"><strong>Somos la &quot;red de seguridad de la red de seguridad&quot;.&nbsp;<\/strong><\/h5>\n\n\n\n<p>Cada a\u00f1o enviamos m\u00e1s de 160 millones de libras<strong> <\/strong>de productos frescos y otros alimentos llenos de nutrientes vitales para los bancos de alimentos. En la pandemia, mantuvimos los bancos de alimentos abastecidos con alimentos, con env\u00edos que sal\u00edan cada semana por un total de 200 millones de libras. Eso es aproximadamente 167 millones de comidas.&nbsp;<\/p>\n\n\n\n<h5 class=\"has-nasty-green-color has-text-color wp-block-heading\"><strong>Trabajando duro para cambiar los sistemas que generan hambre&nbsp;<\/strong><\/h5>\n\n\n\n<p>Nuestro trabajo tiene como objetivo un cambio duradero y a largo plazo. Colaboramos con nuestros socios para resolver problemas persistentes y abordar las desigualdades de larga data.&nbsp;<\/p>\n\n\n\n<p>Su donaci\u00f3n deducible de impuestos a la Asociaci\u00f3n de Bancos de Alimentos de California llega a millones hoy y asegura un futuro m\u00e1s saludable, en el que las personas tengan los alimentos que necesitan para llevar una vida saludable.&nbsp;<\/p>\n\n\n<style>\r\n\t#button-69f13652e8d61 .cta-button {\r\n\t\tcolor: #ffffff; border-color: #ffffff; background-color:#ffc20e;\t}\r\n\t#button-69f13652e8d61 .cta-button:before, #button-69f13652e8d61 .cta-button:after {\r\n\t\tbackground-color: #ffc20e; border-color: #ffc20e;\t}\r\n\t#button-69f13652e8d61 .cta-button:hover {\r\n\t\tcolor: #ffc20e; border-color: #ffc20e; background-color:#ffffff;\t}\r\n<\/style>\r\n<div class=\"button-variant-1 aligncenter\" id=\"button-69f13652e8d61\">\r\n\t<a href='https:\/\/donatenow.networkforgood.org\/1407080' target=''  class='cta-button'>Done ahora<\/a><\/div>\n\n\n<div style=\"height:40px\" aria-hidden=\"true\" class=\"wp-block-spacer\"><\/div>\n\n\n\n<h2 class=\"wp-block-heading\" id=\"support-a-food-bank\">Apoye a su banco de alimentos local<\/h2>\n\n\n\n<p>Los bancos de alimentos ofrecen aproximadamente cinco comidas por cada d\u00f3lar donado. Los bancos de alimentos son un sustento crucial en nuestras comunidades, ya que suministran alimentos a los centros de distribuci\u00f3n de comidas en todas las comunidades, ofrecen distribuciones directas de comestibles y mucho m\u00e1s. Los bancos de alimentos hacen posible que las personas obtengan alimentos nutritivos y saludables en una comunidad de generosidad, dignidad y respeto.<\/p>\n\n\n<style>\r\n\t#button-69f13652e8f9b .cta-button {\r\n\t\tcolor: #ffffff; border-color: #ffffff; background-color:#ffc20e;\t}\r\n\t#button-69f13652e8f9b .cta-button:before, #button-69f13652e8f9b .cta-button:after {\r\n\t\tbackground-color: #ffc20e; border-color: #ffc20e;\t}\r\n\t#button-69f13652e8f9b .cta-button:hover {\r\n\t\tcolor: #ffc20e; border-color: #ffc20e; background-color:#ffffff;\t}\r\n<\/style>\r\n<div class=\"button-variant-1 aligncenter\" id=\"button-69f13652e8f9b\">\r\n\t<a href='\/es\/our-members\/#find-a-food-bank' target=''  class='cta-button'>Encuentra un banco de alimentos<\/a><\/div>\n\n\n<div style=\"height:40px\" aria-hidden=\"true\" class=\"wp-block-spacer\"><\/div>\n\n\n\n<h2 class=\"wp-block-heading\" id=\"donate-food\">Donar productos alimenticios<\/h2>\n\n\n\n<p>A medida que los bancos de alimentos responden a la necesidad sin precedentes de alimentos en nuestras comunidades, estamos solicitando donaciones de alimentos a nuestras comunidades agr\u00edcolas. Nuestro programa De la granja a la familia est\u00e1 bien equipado para que sus productos lleguen r\u00e1pida y f\u00e1cilmente a los bancos de alimentos de todo el estado. Nos encargaremos de la log\u00edstica, el transporte y el papeleo.<\/p>\n\n\n\n<p>Por qu\u00e9 es importante:<\/p>\n\n\n\n<ul class=\"wp-block-list\"><li>Est\u00e1s alimentando a quienes luchan por llegar a fin de mes con una nutrici\u00f3n de calidad.<\/li><li>Juntos, eliminamos el desperdicio y llevamos los alimentos a donde m\u00e1s se necesitan<\/li><li>Lo hacemos r\u00e1pido y sencillo, gestionando toda la log\u00edstica y comunicaci\u00f3n.<\/li><li>Las donaciones de productos agr\u00edcolas a los bancos de alimentos son elegibles para un cr\u00e9dito fiscal 15% para ayudar a que las granjas sigan creciendo<\/li><li>Muchos donantes de productos agr\u00edcolas reciben una peque\u00f1a tarifa de &quot;recoger y empaquetar&quot; para mitigar los costos de cosecha y empaque<\/li><\/ul>\n\n\n<style>\r\n\t#button-69f13652e942d .cta-button {\r\n\t\tcolor: #ffffff; border-color: #ffffff; background-color:#ffc20e;\t}\r\n\t#button-69f13652e942d .cta-button:before, #button-69f13652e942d .cta-button:after {\r\n\t\tbackground-color: #ffc20e; border-color: #ffc20e;\t}\r\n\t#button-69f13652e942d .cta-button:hover {\r\n\t\tcolor: #ffc20e; border-color: #ffc20e; background-color:#ffffff;\t}\r\n<\/style>\r\n<div class=\"button-variant-1 aligncenter\" id=\"button-69f13652e942d\">\r\n\t<a href='\/es\/what-we-do\/farm-family\/donate-food\/' target=''  class='cta-button'>Donar productos alimenticios<\/a><\/div>\n\n\n<div style=\"height:100px\" aria-hidden=\"true\" class=\"wp-block-spacer\"><\/div>","protected":false},"excerpt":{"rendered":"<p>Support Us We are the \u201csafety net for the safety net.\u201d&nbsp; Each year, we ship more than 160 million pounds [&hellip;]<\/p>\n","protected":false},"author":1,"featured_media":0,"parent":0,"menu_order":0,"comment_status":"closed","ping_status":"closed","template":"","meta":{"_acf_changed":false,"_seopress_robots_primary_cat":"","_seopress_titles_title":"","_seopress_titles_desc":"","_seopress_robots_index":"","_searchwp_excluded":"","footnotes":""},"class_list":["post-35","page","type-page","status-publish","hentry"],"acf":[],"_links":{"self":[{"href":"https:\/\/www.cafoodbanks.org\/es\/wp-json\/wp\/v2\/pages\/35","targetHints":{"allow":["GET"]}}],"collection":[{"href":"https:\/\/www.cafoodbanks.org\/es\/wp-json\/wp\/v2\/pages"}],"about":[{"href":"https:\/\/www.cafoodbanks.org\/es\/wp-json\/wp\/v2\/types\/page"}],"author":[{"embeddable":true,"href":"https:\/\/www.cafoodbanks.org\/es\/wp-json\/wp\/v2\/users\/1"}],"replies":[{"embeddable":true,"href":"https:\/\/www.cafoodbanks.org\/es\/wp-json\/wp\/v2\/comments?post=35"}],"version-history":[{"count":26,"href":"https:\/\/www.cafoodbanks.org\/es\/wp-json\/wp\/v2\/pages\/35\/revisions"}],"predecessor-version":[{"id":6310,"href":"https:\/\/www.cafoodbanks.org\/es\/wp-json\/wp\/v2\/pages\/35\/revisions\/6310"}],"wp:attachment":[{"href":"https:\/\/www.cafoodbanks.org\/es\/wp-json\/wp\/v2\/media?parent=35"}],"curies":[{"name":"wp","href":"https:\/\/api.w.org\/{rel}","templated":true}]}}