{"id":3527,"date":"2020-03-30T21:10:15","date_gmt":"2020-03-30T21:10:15","guid":{"rendered":"http:\/\/localhost\/covid-19-information-for-calfresh-advocates-outreach-workers\/"},"modified":"2021-01-15T22:30:36","modified_gmt":"2021-01-15T22:30:36","slug":"calfresh-advocates","status":"publish","type":"page","link":"https:\/\/www.cafoodbanks.org\/es\/calfresh-advocates\/","title":{"rendered":"Informaci\u00f3n de COVID-19 para defensores y trabajadores de alcance de CalFresh"},"content":{"rendered":"<p>Debido a la pandemia de COVID-19, el USDA y el CDSS est\u00e1n haciendo cambios r\u00e1pidamente en la forma en que opera CalFresh \/ SNAP para responder a la creciente necesidad. Actualizaremos continuamente esta p\u00e1gina con informaci\u00f3n sobre cambios nacionales y estatales a CalFresh \/ SNAP.&nbsp;<\/p>\n\n\n\n<p><u>Otros recursos:<\/u><\/p>\n\n\n\n<ul class=\"wp-block-list\"><li><a href=\"\/wp-content\/uploads\/2020\/05\/CF_ResponseToCOVID19_FINAL_5.15.2020.pdf\">Resumen de CDSS de los cambios de CalFresh debido a COVID-19 <\/a>(5\/15\/2020)<\/li><li><a href=\"https:\/\/www.fns.usda.gov\/disaster\/pandemic\/covid-19\/california\">Exenciones del USDA SNAP aprobadas y denegadas para California<\/a><\/li><li>Western Center on Law and Poverty tambi\u00e9n tiene un <a href=\"https:\/\/wclp.org\/covid-19-coronavirus-information-response-and-considerations\/\">P\u00e1gina de actualizaciones de COVID-19<\/a><\/li><li>Los defensores de la pol\u00edtica alimentaria de California <a href=\"http:\/\/cfpa.net\/covid19\/\">P\u00e1gina de actualizaciones de COVID-19<\/a><\/li><\/ul>\n\n\n\n<p><u>Seminarios web:<\/u><\/p>\n\n\n\n<ul class=\"wp-block-list\"><li>2 de junio de 2020: Compra en l\u00ednea de CalFresh + en CA (<a href=\"\/wp-content\/uploads\/2020\/06\/CalFresh Online EBT webinar 6.2.2020 FINAL.pdf\">Cubierta de PPT<\/a>, <a href=\"https:\/\/youtu.be\/ZGqmNtUyEdU\">grabaci\u00f3n de seminarios web<\/a>, <a href=\"https:\/\/docs.google.com\/document\/d\/1p9Rclen8V_sbkrgD6sUdfE3gUKipnV-tr4Wu6lQqyRo\/edit\">Preguntas y respuestas<\/a>)<\/li><li>9 de abril de 2020: CalFresh + COVID-19 (<a href=\"\/wp-content\/uploads\/2020\/04\/CalFresh webinar 4.9.2020_FINAL.pdf\">Cubierta de PPT<\/a>, <a href=\"https:\/\/youtu.be\/-UXYltpAvwY\">grabaci\u00f3n de seminarios web<\/a>, <a href=\"https:\/\/docs.google.com\/document\/d\/1VnWcY5KaE06kfVNg6Nrsfiff1B8j1F9XW1iwWOEOpg4\/edit\">Preguntas y respuestas<\/a>)<\/li><li>16 de abril de 2020: CalFresh + COVID-19, parte 2. (<a href=\"\/wp-content\/uploads\/2020\/04\/CalFresh webinar 4.16.2020_FINAL.pdf\">Cubierta de PPT<\/a>, <a href=\"https:\/\/youtu.be\/LYdaobX626s\">grabaci\u00f3n de seminarios web<\/a>, <a href=\"https:\/\/docs.google.com\/document\/d\/1Y_GGC8X2yPqRVKzRSI5r4vXnhSGkiE37EckmzhzFBZs\/edit\">Preguntas y respuestas<\/a>)<\/li><\/ul>\n\n\n\n<p><u>Preguntas? <\/u><\/p>\n\n\n\n<ul class=\"wp-block-list\"><li>Becky Gershon (becky@cafoodbanks.org)<\/li><li>Edith Martinez (edith@cafoodbanks.org)<\/li><\/ul>\n\n\n\n<p><strong>Pandemia-EBT o &quot;P-EBT&quot;:<\/strong><\/p>\n\n\n\n<p>P-EBT fue autorizado en la Ley de Respuesta al Coronavirus de Families First (HR 6201). Es para ni\u00f1os que reciben almuerzo gratis oa precio reducido y est\u00e1n inscritos en una escuela que estuvo cerrada por m\u00e1s de 5 d\u00edas debido a la pandemia. No importa si el ni\u00f1o \/ la familia ya estaba en CalFresh o no; este ser\u00e1 un beneficio adicional y separado que se enviar\u00e1 por correo a las familias en una tarjeta EBT precargada. No habr\u00e1 una prueba de inmigraci\u00f3n y no se contar\u00e1 como un beneficio de \u201ccarga p\u00fablica\u201d. El plan de California fue aprobado el 24 de abril de 2020.<\/p>\n\n\n\n<p><u>P-EBT 1.0:<\/u><\/p>\n\n\n\n<ul class=\"wp-block-list\"><li>El USDA emiti\u00f3 una gu\u00eda para los estados sobre P-EBT el 20 de marzo de 2020.\u00a0<\/li><li><a href=\"https:\/\/fns-prod.azureedge.net\/sites\/default\/files\/resource-files\/CA-SNAP-COV-PEBT-Approval%20Letter.pdf\">El USDA aprob\u00f3 el plan de California el 24 de abril de 2020.\u00a0<\/a><\/li><li><a href=\"https:\/\/mcusercontent.com\/73901133dd7ea1a5581344daf\/files\/0ff2f219-52fd-4dea-ac3a-2f48a92fca73\/ACWDL_Pandemic_EBT.pdf\">CDSS emiti\u00f3 una gu\u00eda sobre P-EBT el 7 de mayo de 2020.\u00a0<\/a><\/li><li>CAFB desarroll\u00f3 un<a href=\"\/wp-content\/uploads\/2020\/05\/P-EBT QA for CAFB Partners - 5.13.2020.pdf\">\u00a0<\/a><a href=\"https:\/\/docs.google.com\/document\/d\/1X5M9yeQKZxB3XGgEj4rMlvCc3gR0I1jcwdAeaqrrE-w\/edit?usp=sharing\">Documento de preguntas y respuestas<\/a> para los socios de CalFresh Outreach y el personal del banco de alimentos.<\/li><li><a href=\"https:\/\/www.cdss.ca.gov\/home\/pandemic-ebt\">P\u00e1gina P-EBT de CDSS<\/a>\u00a0tiene folletos, materiales de divulgaci\u00f3n, etc.<\/li><li><a href=\"https:\/\/inquiry.pebt.dss.ca.gov\/\">Nuevo formulario de consulta P-EBT en l\u00ednea<\/a><\/li><li><a href=\"https:\/\/cdss.ca.gov\/Portals\/9\/Additional-Resources\/Letters-and-Notices\/ACWDL\/2020\/CL_9-4-20.pdf?ver=2020-09-04-114233-887\">CDSS emiti\u00f3 una ACWDL sobre P-EBT el 4 de septiembre de 2020.<\/a><\/li><li><a href=\"https:\/\/www.cdss.ca.gov\/Portals\/9\/Additional-Resources\/Letters-and-Notices\/ACWDL\/2020\/ACWDL_11-2-2020-p_ebt.pdf?ver=2020-11-02-153450-650\">CDSS emiti\u00f3 una ACWDL sobre los beneficios de extensi\u00f3n P-EBT (beneficios para los meses de agosto y septiembre de 2020) el 2 de noviembre de 2020.\u00a0<\/a><\/li><\/ul>\n\n\n\n<p><strong>SNAP de emergencia:<\/strong><\/p>\n\n\n\n<ul class=\"wp-block-list\"><li>SNAP de emergencia fue autorizado en el <a href=\"http:\/\/www.congress.gov\/116\/bills\/hr6201\/BILLS-116hr6201enr.pdf\">Ley de respuesta al coronavirus de Families First<\/a>\u00a0(HR 6201). Permite a los estados proporcionar un impulso de \u201cSNAP de emergencia\u201d para los hogares que ya est\u00e1n en SNAP. Los hogares se elevar\u00e1n a la asignaci\u00f3n m\u00e1xima por hogar (si a\u00fan no reciben la asignaci\u00f3n m\u00e1xima para el tama\u00f1o de su hogar). Los hogares recibir\u00e1n estos beneficios el 12 de abril, el 10 de mayo y el 14 de junio de 2020.\u00a0<\/li><li><a href=\"https:\/\/fns-prod.azureedge.net\/sites\/default\/files\/resource-files\/CA-SNAP-COV-EmergencyAllotments-Approval.pdf\">El USDA aprob\u00f3 la solicitud de California el 30 de marzo de 2020.<\/a><\/li><li><a href=\"https:\/\/fns-prod.azureedge.net\/sites\/default\/files\/resource-files\/SNAP-COVID-EmergencyAllotmentsPhase2Guidance.pdf\">El USDA anunci\u00f3 orientaci\u00f3n adicional sobre meses adicionales de asignaciones de emergencia el 21 de abril de 2020.\u00a0<\/a><\/li><\/ul>\n\n\n\n<p><strong>Se han aprobado asignaciones de emergencia (EA) para los siguientes meses:<\/strong><\/p>\n\n\n\n<ul class=\"wp-block-list\"><li><a href=\"https:\/\/mcusercontent.com\/73901133dd7ea1a5581344daf\/files\/93867a31-5991-4030-b8a8-c48c8988288d\/CL_05_11_20.pdf\">Los EA de abril se emitir\u00e1n el 11 de mayo de 2020.\u00a0<\/a><\/li><li><a href=\"https:\/\/www.cdss.ca.gov\/Portals\/9\/Additional-Resources\/Letters-and-Notices\/ACWDL\/2020\/ACWDL_5-21-20.pdf\">Los EA de mayo se emitir\u00e1n el 14 de junio de 2020.\u00a0<\/a><\/li><li><a href=\"https:\/\/www.cdss.ca.gov\/Portals\/9\/Additional-Resources\/Letters-and-Notices\/ACWDL\/2020\/ACWDL%20June%20Emergency%20Allotments.pdf\">Los EA de junio se emitir\u00e1n el 12 de julio de 2020.\u00a0<\/a><\/li><li><a href=\"https:\/\/mcusercontent.com\/73901133dd7ea1a5581344daf\/files\/cae4fd4f-efa1-4c02-a247-70066fb93dad\/CL_6_23_20.pdf\">Los EA de julio se emitir\u00e1n el 16 de agosto de 2020.<\/a><\/li><li><a href=\"https:\/\/www.cdss.ca.gov\/Portals\/9\/Additional-Resources\/Letters-and-Notices\/ACWDL\/2020\/CL_8-3-20.pdf\">Los EA de agosto se emitir\u00e1n el 13 de septiembre de 2020.<\/a><\/li><li><a href=\"https:\/\/cdss.ca.gov\/Portals\/9\/Additional-Resources\/Letters-and-Notices\/ACWDL\/2020\/ACWDL-082420.pdf\">Los EA de septiembre se emitir\u00e1n el 18 de octubre de 2020.<\/a><\/li><li><a href=\"https:\/\/cdss.ca.gov\/Portals\/9\/Additional-Resources\/Letters-and-Notices\/ACWDL\/2020\/CL-9-29-20.pdf\">Los EA de octubre se emitir\u00e1n el 15 de noviembre de 2020.<\/a><\/li><li>Ver nuestro <a href=\"\/wp-content\/uploads\/2020\/05\/CalFreshEmergencyAllotment-WCLP-CAFB-CFPA-CWDA-FinalFactsheet-5.14.2020.pdf\">Hoja informativa de 2 p\u00e1ginas para obtener m\u00e1s informaci\u00f3n sobre las asignaciones de SNAP de emergencia.\u00a0<\/a><\/li><li>Vea nuestra hoja informativa de 1 p\u00e1gina dirigida al cliente en <a href=\"\/wp-content\/uploads\/2020\/05\/COVID_19-CalFresh-Bump-CAFB-CFPA-WCLP-CWDA-2.pdf\">Ingl\u00e9s<\/a> y\u00a0<a href=\"\/wp-content\/uploads\/2020\/05\/COVID_19-CalFresh-Bump-CAFB-CFPA-WCLP-CWDA-Spanish2.pdf\">Espa\u00f1ol<\/a>.<\/li><\/ul>\n\n\n\n<p><strong>Disaster-SNAP o &quot;D-SNAP&quot;:<\/strong><\/p>\n\n\n\n<ul class=\"wp-block-list\"><li>D-SNAP no se ha activado en este momento como respuesta a COVID-19. Si se activara, un aspecto clave ser\u00eda la necesidad de autorizar entrevistas a distancia, que se abordar\u00eda en <a href=\"https:\/\/www.harris.senate.gov\/news\/press-releases\/harris-introduces-legislation-to-expand-access-to-disaster-assistance-during-pandemics\">Ley de Desastres de Asistencia Pand\u00e9mica del Senador Harris<\/a>.&nbsp;<\/li><\/ul>\n\n\n\n<p><strong>Cambios en las reglas de SNAP:<\/strong><\/p>\n\n\n\n<p><u>Suspensi\u00f3n de la regla ABAWD:<\/u><\/p>\n\n\n\n<ul class=\"wp-block-list\"><li>los\u00a0<a href=\"https:\/\/www.congress.gov\/116\/bills\/hr6201\/BILLS-116hr6201enr.pdf\">Ley de respuesta al coronavirus de Families First<\/a>\u00a0(HR 6201) incluye una disposici\u00f3n (T\u00edtulo III - Sec. 2301) que el L\u00edmite de Tiempo ABAWD no se aplicar\u00e1 durante la Emergencia de Salud P\u00fablica. Esto significa que NING\u00daN CONDADO est\u00e1 implementando actualmente la regla de l\u00edmite de tiempo ABAWD en California (o en cualquier otro estado).\u00a0<\/li><li><a href=\"http:\/\/files.mail-list.com\/f\/snap\/FFCRA-Impact-on-ABAWD-TimeLimit.pdf\">El USDA emiti\u00f3 una gu\u00eda sobre la regla ABAWD el 20 de marzo de 2020.<\/a><\/li><\/ul>\n\n\n\n<p><u>SAR-7 exentos y recertificaciones: <\/u><\/p>\n\n\n\n<ul class=\"wp-block-list\"><li>El 17 de marzo de 2020, <a href=\"https:\/\/www.gov.ca.gov\/wp-content\/uploads\/2020\/03\/3.17.20-N-29-20-EO.pdf\">El gobernador Newsom emiti\u00f3 una orden ejecutiva<\/a>\u00a0renunciando a la Recertificaci\u00f3n y los informes SAR-7 para marzo \/ abril \/ mayo. Los beneficios continuar\u00e1n otorg\u00e1ndose y las personas no ser\u00e1n rescindidas de los beneficios por no presentar su Recertificaci\u00f3n o SAR-7.<ul><li>Los hogares a\u00fan deber\u00e1n informar si han superado su IRT.<\/li><li>Si un hogar tiene un SAR-7 que vence en marzo \/ abril \/ mayo: el SAR-7 no se recopilar\u00e1 \/ procesar\u00e1, y se le pedir\u00e1 al hogar que complete su Recertificaci\u00f3n en el momento en que normalmente se debe. (es decir, si est\u00e1n en un per\u00edodo de certificaci\u00f3n de 12 meses y su SAR-7 venceba en marzo, todav\u00eda tendr\u00e1n que hacer su Recertificaci\u00f3n en septiembre, como lo har\u00eda normalmente).<\/li><li>Si un hogar tiene una Recertificaci\u00f3n que vence en marzo \/ abril \/ mayo: la Recertificaci\u00f3n no se recopilar\u00e1 \/ procesar\u00e1, y al hogar se le asignar\u00e1 una NUEVA fecha de Recertificaci\u00f3n, 6 meses despu\u00e9s de la fecha de vencimiento original. (es decir, si est\u00e1n en un per\u00edodo de certificaci\u00f3n de 12 meses y su Recertificaci\u00f3n vence en abril, su Recertificaci\u00f3n ahora vence en octubre).<\/li><\/ul><\/li><li><a href=\"https:\/\/fns-prod.azureedge.net\/sites\/default\/files\/resource-files\/CA-SNAP-COV-036-ExtendCertPeriods-Approval.pdf\">El USDA aprob\u00f3 la solicitud de California el 23 de marzo de 2020.<\/a><\/li><li><a href=\"\/wp-content\/uploads\/2020\/03\/ACWDL_COVID_19_3_27_20.pdf\">El CDSS emiti\u00f3 una gu\u00eda sobre la renuncia a las recertificaciones y los SAR-7 el 27 de marzo de 2020.<\/a><\/li><\/ul>\n\n\n\n<p><u>Requisito de entrevista eximida:<\/u><\/p>\n\n\n\n<ul class=\"wp-block-list\"><li>Desde el 27 de marzo de 2020 hasta el 31 de agosto de 2020, California renunci\u00f3 a su solicitud inicial de CalFresh y al requisito de entrevista de recertificaci\u00f3n. <a href=\"https:\/\/www.cdss.ca.gov\/Portals\/9\/Additional-Resources\/Letters-and-Notices\/ACWDL\/2020\/ACWDL-081920.pdf\">A partir del 1 de septiembre de 2020, se requieren nuevamente las entrevistas de CalFresh,<\/a> tal como fueron requeridos antes de que comenzara la emergencia de salud p\u00fablica COVID-19.\u00a0<\/li><li><a href=\"https:\/\/fns-prod.azureedge.net\/sites\/default\/files\/resource-files\/SNAP-COVID19-AdjustInterviewRequirements.pdf\">El USDA emiti\u00f3 una gu\u00eda sobre la exenci\u00f3n del requisito de entrevista el 26 de marzo de 2020.<\/a><\/li><li><a href=\"\/wp-content\/uploads\/2020\/04\/CA Interview Requirement_4.2.2020.pdf\">CDSS emiti\u00f3 una gu\u00eda sobre los requisitos de entrevista eximidos el 2 de abril de 2020.<\/a><\/li><li><a href=\"https:\/\/mcusercontent.com\/73901133dd7ea1a5581344daf\/files\/44a615f8-3542-497f-9bd4-25ddad557af7\/ACWDL__5_28_20_.pdf\">CDSS emiti\u00f3 una gu\u00eda adicional que extiende esta exenci\u00f3n hasta el 30 de junio de 2020 el 28 de mayo de 2020.<\/a>\u00a0<\/li><li><a href=\"https:\/\/mcusercontent.com\/73901133dd7ea1a5581344daf\/files\/15930680-15b8-400c-aa98-902f8cdb0c4b\/ACWDL_06_15_20.pdf\">CDSS emiti\u00f3 una gu\u00eda adicional que extiende esta exenci\u00f3n hasta el 31 de julio de 2020 el 15 de junio de 2020.<\/a><\/li><li><a href=\"https:\/\/fns-prod.azureedge.net\/sites\/default\/files\/resource-files\/CA-SNAP-COV-127-Waive-Interview-Denial-Sept.pdf\">El USDA rechaz\u00f3 la solicitud de California de renunciar al requisito de entrevista en septiembre de 2020.<\/a><\/li><li><a href=\"https:\/\/cdss.ca.gov\/Portals\/9\/Additional-Resources\/Letters-and-Notices\/ACWDL\/2020\/CL-10-21-20.pdf\">CDSS emiti\u00f3 una gu\u00eda que extiende esta exenci\u00f3n hasta el 30 de junio de 2021.<\/a>\u00a0<\/li><\/ul>\n\n\n\n<p><u>Firmas telef\u00f3nicas:<\/u><\/p>\n\n\n\n<ul class=\"wp-block-list\"><li>California ahora permite que los trabajadores de elegibilidad documenten en el expediente del caso que el cliente atestigu\u00f3 verbalmente la informaci\u00f3n proporcionada en la solicitud (esto se denomina \u201cfirma telef\u00f3nica\u201d). Esto significa que las personas pueden postularse completamente por tel\u00e9fono y no necesitan firmar documentos f\u00edsicamente en la solicitud inicial.\u00a0<\/li><li><a href=\"https:\/\/fns-prod.azureedge.net\/sites\/default\/files\/resource-files\/CA-SNAP-COV-050-TelephonicSignature-Approval.pdf\">El USDA aprob\u00f3 la solicitud de California el 27 de marzo de 2020.\u00a0<\/a><\/li><li><a href=\"\/wp-content\/uploads\/2020\/04\/CA Interview Requirement_4.2.2020.pdf\">CDSS emiti\u00f3 una gu\u00eda sobre firmas telef\u00f3nicas el 2 de abril de 2020.<\/a><\/li><li><a href=\"https:\/\/mcusercontent.com\/73901133dd7ea1a5581344daf\/files\/44a615f8-3542-497f-9bd4-25ddad557af7\/ACWDL__5_28_20_.pdf\">CDSS emiti\u00f3 una gu\u00eda adicional que extiende esta exenci\u00f3n hasta el 30 de junio de 2020 el 28 de mayo de 2020.<\/a>\u00a0<\/li><li><a href=\"https:\/\/mcusercontent.com\/73901133dd7ea1a5581344daf\/files\/15930680-15b8-400c-aa98-902f8cdb0c4b\/ACWDL_06_15_20.pdf\">CDSS emiti\u00f3 una gu\u00eda adicional que extiende esta exenci\u00f3n hasta el 31 de julio de 2020 el 15 de junio de 2020.<\/a><\/li><li><a href=\"https:\/\/cdss.ca.gov\/Portals\/9\/Additional-Resources\/Letters-and-Notices\/ACWDL\/2020\/CL-10-16-20-II.pdf\">CDSS emiti\u00f3 una gu\u00eda adicional que extiende esta exenci\u00f3n hasta el 30 de noviembre de 2020.<\/a><\/li><\/ul>\n\n\n\n<p><u>Aclaraci\u00f3n de los requisitos de verificaci\u00f3n:<\/u><\/p>\n\n\n\n<ul class=\"wp-block-list\"><li>CDSS ha proporcionado aclaraciones sobre qu\u00e9 informaci\u00f3n se requiere para verificar la p\u00e9rdida del empleo o cero ingresos. Cuando un miembro del hogar afirma haber perdido un trabajo recientemente, el condado no debe exigir la verificaci\u00f3n de la p\u00e9rdida del trabajo, a menos que sea cuestionable, y la declaraci\u00f3n del cliente sobre la solicitud de una p\u00e9rdida de trabajo reciente es evidencia suficiente de que un hogar no puede anticipar razonablemente los ingresos de ese trabajo. . Esto se aplica incluso si el cliente presenta verificaci\u00f3n de los ingresos obtenidos dentro de los 30 d\u00edas posteriores a la fecha de solicitud si los ingresos se obtuvieron antes de la p\u00e9rdida del empleo.<\/li><li><a href=\"https:\/\/mcusercontent.com\/73901133dd7ea1a5581344daf\/files\/a41ee4c1-56c1-4786-b006-5f291c92f44f\/20_48.pdf\">CDSS emiti\u00f3 una gu\u00eda sobre verificaciones el 23 de abril de 2020.<\/a><\/li><\/ul>\n\n\n\n<p><u>Compra online:<\/u><\/p>\n\n\n\n<ul class=\"wp-block-list\"><li>California ha solicitado la posibilidad de realizar compras en l\u00ednea para tarjetas EBT. Esto ha sido aprobado por el USDA y la funcionalidad de compra en l\u00ednea de EBT estar\u00e1 disponible para los titulares de tarjetas de EBT en todo el estado el 28 de abril de 2020. Inicialmente, las compras en l\u00ednea estar\u00e1n disponibles en dos minoristas en l\u00ednea: Amazon y Walmart.\u00a0<\/li><li>El proceso de compra en l\u00ednea de EBT sigue un proceso similar al que utilizan actualmente los clientes que realizan una compra en l\u00ednea con una tarjeta de d\u00e9bito o cr\u00e9dito. Despu\u00e9s de comprar sus art\u00edculos en l\u00ednea, los clientes elegir\u00e1n una fecha y hora de entrega y luego ser\u00e1n llevados a la p\u00e1gina de pago. Deber\u00e1n seleccionar su m\u00e9todo de pago y se les indicar\u00e1 que ingresen su n\u00famero de tarjeta EBT. Luego, se les presentar\u00e1 un teclado virtual seguro de N\u00famero de identificaci\u00f3n personal (PIN) donde ingresan su PIN para completar la transacci\u00f3n.<\/li><li>La ley federal proh\u00edbe el uso de los beneficios de CalFresh para pagar la entrega, la conveniencia u otras tarifas y cargos asociados con las compras en l\u00ednea. Amazon y Walmart ofrecen entrega gratuita en compras en l\u00ednea superiores a $35.\u00a0<\/li><li><a href=\"\/wp-content\/uploads\/2020\/03\/CA EBT Online _03.20.20.pdf\">CDSS escribi\u00f3 una carta al USDA solicitando esto el 20 de marzo de 2020.<\/a><\/li><li><a href=\"https:\/\/www.usda.gov\/media\/press-releases\/2020\/04\/08\/arizona-and-california-added-innovative-snap-online-pilot-program\">El USDA anunci\u00f3 que aprueba el plan de CA el 8 de abril de 2020.\u00a0<\/a><\/li><li><a href=\"https:\/\/mcusercontent.com\/73901133dd7ea1a5581344daf\/files\/7a8e7464-3737-4c9e-b3e0-3a37b12eac70\/CL_4_14_20.pdf\">CDSS emiti\u00f3 una gu\u00eda sobre compras en l\u00ednea el 14 de abril de 2020.\u00a0<\/a><\/li><li>Puede encontrar informaci\u00f3n y materiales adicionales sobre la compra de EBT en l\u00ednea aqu\u00ed:\u00a0<a href=\"https:\/\/www.cdss.ca.gov\/ebt-online\">https:\/\/www.cdss.ca.gov\/ebt-online<\/a>.<\/li><\/ul>\n\n\n\n<p><strong>Otros beneficios relacionados con COVID-19:<\/strong><\/p>\n\n\n\n<p><u>Pagos de impacto econ\u00f3mico de COVID-19 (&quot;Verificaciones de est\u00edmulo&quot;)<\/u><\/p>\n\n\n\n<ul class=\"wp-block-list\"><li>Los Pagos de Impacto Econ\u00f3mico no contar\u00e1n como ingresos para la elegibilidad para CalFresh. <a href=\"https:\/\/mcusercontent.com\/73901133dd7ea1a5581344daf\/files\/0a563367-9b53-449f-a40b-6ac218209085\/ACWDL_Treatment_of_Rebates.pdf\">CDSS emiti\u00f3 una gu\u00eda sobre esto el 17 de abril de 2020.<\/a>\u00a0<\/li><li>Fichas informativas en <a href=\"\/wp-content\/uploads\/2020\/04\/COVID-19 Stimulus Check (Eng).pdf\">Ingl\u00e9s<\/a> y <a href=\"\/wp-content\/uploads\/2020\/04\/COVID-19 Stimulus Check (SPN).pdf\">Espa\u00f1ol<\/a>\u00a0desarrollado por los Servicios Legales de Vecindarios del Condado de Los \u00c1ngeles y Western Center on Law and Poverty.\u00a0<\/li><li>Los beneficiarios de SSI (Ingresos suplementarios de seguridad) recibir\u00e1n los Pagos de impacto econ\u00f3mico autom\u00e1ticamente: <a href=\"\/wp-content\/uploads\/2020\/04\/Press Release _ Press Office _ Social Security Administration_April10.pdf\">Comunicado de prensa de la Administraci\u00f3n del Seguro Social del 10 de abril de 2020.<\/a><\/li><\/ul>\n\n\n\n<p><u>Seguro de desempleo y compensaci\u00f3n \/ asistencia por desempleo pand\u00e9mico<\/u><\/p>\n\n\n\n<ul class=\"wp-block-list\"><li>El $600 adicional por semana en compensaci\u00f3n federal por desempleo contar\u00e1 como ingreso no derivado del trabajo en la determinaci\u00f3n de los beneficios de CalFresh.\u00a0<\/li><li><a href=\"https:\/\/mcusercontent.com\/73901133dd7ea1a5581344daf\/files\/c4f64141-6342-456c-a27c-eba41ae0b8e9\/ACWDL_Treatment_of_Unemployment.pdf\">El CDSS emiti\u00f3 una gu\u00eda sobre la compensaci\u00f3n y asistencia por desempleo pand\u00e9mico el 21 de abril de 2020.<\/a><\/li><\/ul>","protected":false},"excerpt":{"rendered":"<p>Due to the COVID-19 Pandemic, the USDA and CDSS are rapidly making changes to the way CalFresh \/ SNAP operates [&hellip;]<\/p>\n","protected":false},"author":1,"featured_media":0,"parent":0,"menu_order":0,"comment_status":"closed","ping_status":"closed","template":"","meta":{"_acf_changed":false,"_seopress_robots_primary_cat":"","_seopress_titles_title":"California Association of Food Banks | COVID-19 Information for CalFresh Advocates &amp; Outreach Workers","_seopress_titles_desc":"","_seopress_robots_index":"","_searchwp_excluded":"","footnotes":""},"class_list":["post-3527","page","type-page","status-publish","hentry"],"acf":[],"_links":{"self":[{"href":"https:\/\/www.cafoodbanks.org\/es\/wp-json\/wp\/v2\/pages\/3527","targetHints":{"allow":["GET"]}}],"collection":[{"href":"https:\/\/www.cafoodbanks.org\/es\/wp-json\/wp\/v2\/pages"}],"about":[{"href":"https:\/\/www.cafoodbanks.org\/es\/wp-json\/wp\/v2\/types\/page"}],"author":[{"embeddable":true,"href":"https:\/\/www.cafoodbanks.org\/es\/wp-json\/wp\/v2\/users\/1"}],"replies":[{"embeddable":true,"href":"https:\/\/www.cafoodbanks.org\/es\/wp-json\/wp\/v2\/comments?post=3527"}],"version-history":[{"count":3,"href":"https:\/\/www.cafoodbanks.org\/es\/wp-json\/wp\/v2\/pages\/3527\/revisions"}],"predecessor-version":[{"id":9756,"href":"https:\/\/www.cafoodbanks.org\/es\/wp-json\/wp\/v2\/pages\/3527\/revisions\/9756"}],"wp:attachment":[{"href":"https:\/\/www.cafoodbanks.org\/es\/wp-json\/wp\/v2\/media?parent=3527"}],"curies":[{"name":"wp","href":"https:\/\/api.w.org\/{rel}","templated":true}]}}