{"id":3529,"date":"2019-10-25T00:24:09","date_gmt":"2019-10-25T00:24:09","guid":{"rendered":"http:\/\/localhost\/standard-utility-allowance-sua\/"},"modified":"2020-11-18T18:44:10","modified_gmt":"2020-11-18T18:44:10","slug":"sua","status":"publish","type":"page","link":"https:\/\/www.cafoodbanks.org\/es\/sua\/","title":{"rendered":"Standard\u00a0Utility Allowance (SUA):"},"content":{"rendered":"<p><strong><span style=\"background-color:null\">El 3 de octubre de 2019, la administraci\u00f3n Trump <\/span><a href=\"https:\/\/www.regulations.gov\/document?D=FNS-2019-0009-0001\"><span style=\"background-color:null\">propuso una regla<\/span><\/a><span style=\"background-color:null\"> that would make families choose between putting food on the table and paying their utilities. The SUA&nbsp;public comment period closed on December 2.&nbsp;<\/span><\/strong><\/p>\n<ul>\n<li><a href=\"https:\/\/docs.google.com\/document\/d\/1EMhgNwwFyRkKYqGIMg16j6mCNA25ZnGhO4UF84QNr9A\/edit\">Recursos de promoci\u00f3n y p\u00e1gina de campa\u00f1a<\/a><\/li>\n<li><a href=\"https:\/\/frac.salsalabs.org\/snap-sua\/index.html\">FRAC<\/a>&nbsp;p\u00e1gina de recursos p\u00fablicos<\/li>\n<li><a href=\"https:\/\/feedingamerica.sharepoint.com\/advocacy\/latestfromgrteam\/Pages\/Proposed-SNAP-SUA-Rule.aspx\">Alimentando a America&#039;s<\/a>&nbsp;P\u00e1gina de recursos de Sharepoint (solo para el personal del banco de alimentos)<\/li>\n<li><a href=\"\/wp-content\/uploads\/2019\/10\/2019_SUA_Postcard-Web.pdf\">Plantilla de postal de comentario p\u00fablico<\/a><\/li>\n<li><a href=\"\/es\/file\/sua-comment-food-banktemplatedocx\/\" target=\"_blank\" rel=\"noopener noreferrer\">Comment template for organizations<\/a><\/li>\n<\/ul>\n<p>&nbsp;<\/p>\n<p><strong>Declaraci\u00f3n:<\/strong><\/p>\n<ul>\n<li><a href=\"\/es\/blog\/statement-most-recent-proposal-cut-snap-food-benefits-standard-utility-allowance\/\">Declaraci\u00f3n sobre la propuesta m\u00e1s reciente para reducir los beneficios de alimentos SNAP a trav\u00e9s de la asignaci\u00f3n est\u00e1ndar de servicios p\u00fablicos<\/a>&nbsp;por CAFB, WCLP, CFPA (2 de octubre de 2019)<\/li>\n<\/ul>\n<p>&nbsp;<\/p>\n<p><strong>Technical Comment:<\/strong><\/p>\n<ul>\n<li><a href=\"\/wp-content\/uploads\/2020\/11\/CAFB-SUA-Comment-RIN-0584-AE69-FINAL.pdf\" target=\"_blank\" rel=\"noopener noreferrer\">CAFB comment opposing proposed change to SNAP Standard Utility Allowance<strong> <\/strong><\/a> submitted to USDA on December 2, 2019<\/li>\n<\/ul>\n<p>&nbsp;<\/p>","protected":false},"excerpt":{"rendered":"<p>On October 3, 2019, The Trump Administration proposed a rule that would make families choose between putting food on the [&hellip;]<\/p>\n","protected":false},"author":1,"featured_media":0,"parent":0,"menu_order":0,"comment_status":"closed","ping_status":"closed","template":"","meta":{"_acf_changed":false,"_seopress_robots_primary_cat":"","_seopress_titles_title":"","_seopress_titles_desc":"","_seopress_robots_index":"","_seopress_analysis_target_kw":"","_searchwp_excluded":"","footnotes":""},"class_list":["post-3529","page","type-page","status-publish","hentry"],"acf":[],"_links":{"self":[{"href":"https:\/\/www.cafoodbanks.org\/es\/wp-json\/wp\/v2\/pages\/3529","targetHints":{"allow":["GET"]}}],"collection":[{"href":"https:\/\/www.cafoodbanks.org\/es\/wp-json\/wp\/v2\/pages"}],"about":[{"href":"https:\/\/www.cafoodbanks.org\/es\/wp-json\/wp\/v2\/types\/page"}],"author":[{"embeddable":true,"href":"https:\/\/www.cafoodbanks.org\/es\/wp-json\/wp\/v2\/users\/1"}],"replies":[{"embeddable":true,"href":"https:\/\/www.cafoodbanks.org\/es\/wp-json\/wp\/v2\/comments?post=3529"}],"version-history":[{"count":1,"href":"https:\/\/www.cafoodbanks.org\/es\/wp-json\/wp\/v2\/pages\/3529\/revisions"}],"predecessor-version":[{"id":3838,"href":"https:\/\/www.cafoodbanks.org\/es\/wp-json\/wp\/v2\/pages\/3529\/revisions\/3838"}],"wp:attachment":[{"href":"https:\/\/www.cafoodbanks.org\/es\/wp-json\/wp\/v2\/media?parent=3529"}],"curies":[{"name":"wp","href":"https:\/\/api.w.org\/{rel}","templated":true}]}}