{"id":3530,"date":"2019-10-25T00:08:45","date_gmt":"2019-10-25T00:08:45","guid":{"rendered":"http:\/\/localhost\/federal-policy\/"},"modified":"2023-03-22T10:01:50","modified_gmt":"2023-03-22T17:01:50","slug":"federal-policy","status":"publish","type":"page","link":"https:\/\/www.cafoodbanks.org\/es\/federal-policy\/","title":{"rendered":"Prioridades de la pol\u00edtica federal"},"content":{"rendered":"<p>En nuestra naci\u00f3n rica, nadie deber\u00eda pasar hambre. Hacemos un llamado a la Delegaci\u00f3n del Congreso de California para que tome medidas decisivas para acabar con el hambre y abogue por pol\u00edticas que aborden la pobreza sist\u00e9mica que enfrenta nuestro estado.<\/p>\n\n\n\n<h3 class=\"wp-block-heading\" id=\"strengthen-SNAP\"><strong>Fortalecer SNAP a trav\u00e9s de la Farm Bill<\/strong><\/h3>\n\n\n\n<p>La Ley Agr\u00edcola, Farm Bill, es el principal impulsor legislativo de la pol\u00edtica alimentaria y agr\u00edcola de nuestra naci\u00f3n. La Ley Agr\u00edcola se vuelve a autorizar aproximadamente cada cinco a\u00f1os y establece una pol\u00edtica agr\u00edcola y alimentaria que proporciona una red de seguridad para los productores agr\u00edcolas de nuestro pa\u00eds y ayuda a nuestras comunidades de bajos ingresos a poner alimentos sobre la mesa, incluida la financiaci\u00f3n de los beneficios de CalFresh. <\/p>\n\n\n<style>\r\n\t#button-69d7f18f25207 .cta-button {\r\n\t\tcolor: #ffffff; border-color: #ffffff; background-color:#7fb24a;\t}\r\n\t#button-69d7f18f25207 .cta-button:before, #button-69d7f18f25207 .cta-button:after {\r\n\t\tbackground-color: #7fb24a; border-color: #7fb24a;\t}\r\n\t#button-69d7f18f25207 .cta-button:hover {\r\n\t\tcolor: #7fb24a; border-color: #7fb24a; background-color:#ffffff;\t}\r\n<\/style>\r\n<div class=\"button-variant-1 aligncenter\" id=\"button-69d7f18f25207\">\r\n\t<a href='https:\/\/www.cafoodbanks.org\/es\/2023-farm-bill\/' target='_blank'  class='cta-button'>Ley agr\u00edcola de 2023<\/a><\/div>\n\n\n<p><\/p>\n\n\n\n<h3 class=\"wp-block-heading\" id=\"cnr\">Reautorizaci\u00f3n de nutrici\u00f3n infantil<\/h3>\n\n\n\n<p>Los defensores de la lucha contra el hambre en California solicitan a nuestra Delegaci\u00f3n que apoye propuestas audaces que protejan y fortalezcan los programas de nutrici\u00f3n infantil y que den prioridad a las inversiones en ni\u00f1os de bajos ingresos. Sin embargo, cualquier inversi\u00f3n debe realizarse sin socavar los programas que sirven a las comunidades de bajos ingresos.<\/p>\n\n\n\n<p>Casi la mitad de los ni\u00f1os de California viven en la pobreza o cerca de ella, la m\u00e1s alta de cualquier estado. El Programa de Asistencia de Nutrici\u00f3n Suplementaria (SNAP) es el programa de hambre infantil m\u00e1s importante. La Ley Agr\u00edcola de 2018 que rechaz\u00f3 los l\u00edmites de tiempo de SNAP para las familias con ni\u00f1os y destruy\u00f3 la Elegibilidad Categ\u00f3rica de Base Amplia fue una victoria clave contra el hambre infantil. Sin embargo, con tantos ni\u00f1os pasando hambre, no podemos simplemente proteger el status quo. Los programas de nutrici\u00f3n infantil no han mejorado desde la Ley de Ni\u00f1os sin Hambre Saludables de 2010.<\/p>\n\n\n<style>\r\n\t#button-69d7f18f25386 .cta-button {\r\n\t\tcolor: #ffffff; border-color: #ffffff; background-color:#7fb24a;\t}\r\n\t#button-69d7f18f25386 .cta-button:before, #button-69d7f18f25386 .cta-button:after {\r\n\t\tbackground-color: #7fb24a; border-color: #7fb24a;\t}\r\n\t#button-69d7f18f25386 .cta-button:hover {\r\n\t\tcolor: #7fb24a; border-color: #7fb24a; background-color:#ffffff;\t}\r\n<\/style>\r\n<div class=\"button-variant-1 aligncenter\" id=\"button-69d7f18f25386\">\r\n\t<a href='https:\/\/www.cafoodbanks.org\/wp-content\/uploads\/2022\/03\/2022-Federal-CNRAgenda-CA.pdf' target='_blank'  class='cta-button'>2022 Child Nutrition Priorities<\/a><\/div>\n\n\n<p><\/p>\n\n\n\n<h3 class=\"wp-block-heading\" id=\"protect-SNAP\">Proteja los SNAP de los ataques regulatorios<\/h3>\n\n\n\n<div class=\"wp-block-group\"><div class=\"wp-block-group__inner-container is-layout-flow wp-block-group-is-layout-flow\">\n<p>En los \u00faltimos a\u00f1os, protegimos con \u00e9xito a SNAP de los ataques normativos que habr\u00edan debilitado el programa y exacerbado el hambre en todo el pa\u00eds.<\/p>\n\n\n\n<p><\/p>\n\n\n\n<div class=\"wp-block-foursite-gutenberg-blocks-collapsible-block collapsible-content-block\"><h4 class=\"trigger label\">Cargo p\u00fablico<\/h4><div class=\"description wrapper\">En septiembre de 2018, la administraci\u00f3n Trump anunci\u00f3 que <a href=\"https:\/\/www.dhs.gov\/sites\/default\/files\/publications\/18_0921_USCIS_Proposed-Rule-Public-Charge.pdf\">proponer una regla federal <\/a>exigir que se consideren los beneficios de salud y nutrici\u00f3n en las determinaciones de carga p\u00fablica de inmigraci\u00f3n. Despu\u00e9s de a\u00f1os de feroz defensa liderada por el gobierno nacional <a href=\"https:\/\/protectingimmigrantfamilies.org\/\">Protegiendo a las familias inmigrantes<\/a> campa\u00f1a y m\u00faltiples demandas, en <a href=\"https:\/\/www.dhs.gov\/news\/2021\/03\/09\/dhs-secretary-statement-2019-public-charge-rule\">El 9 de marzo de 2021 esta regla nociva fue bloqueada permanentemente en todo el pa\u00eds. <\/a>Despu\u00e9s de este cambio, los l\u00edderes de servicios humanos y de salud de California emitieron una <a href=\"https:\/\/dss.us16.list-manage.com\/track\/click?u=73901133dd7ea1a5581344daf&amp;id=682d05b8e7&amp;e=0e5859be55\">declaraci\u00f3n conjunta<\/a>, una nueva Gu\u00eda de Carga P\u00fablica para individuos y familias en <a href=\"https:\/\/dss.us16.list-manage.com\/track\/click?u=73901133dd7ea1a5581344daf&amp;id=7e659c6b41&amp;e=0e5859be55\">Ingl\u00e9s<\/a> y <a href=\"https:\/\/dss.us16.list-manage.com\/track\/click?u=73901133dd7ea1a5581344daf&amp;id=f704526947&amp;e=0e5859be55\">Espa\u00f1ol<\/a>,y un <a href=\"https:\/\/dss.us16.list-manage.com\/track\/click?u=73901133dd7ea1a5581344daf&amp;id=d29c1c5f6e&amp;e=0e5859be55\">carta a los condados<\/a> proporcionando informaci\u00f3n sobre este cambio significativo. <a href=\"https:\/\/www.cafoodbanks.org\/es\/blog\/victory-for-immigrant-food-access\/\">Puede leer la declaraci\u00f3n de CAFB aqu\u00ed.<\/a><\/div><div class=\"content wrapper\"><\/div><\/div>\n\n\n\n<div class=\"wp-block-foursite-gutenberg-blocks-collapsible-block collapsible-content-block\"><h4 class=\"trigger label\">Adultos capacitados sin dependientes (ABAWD)<\/h4><div class=\"description wrapper\"><a href=\"https:\/\/www.federalregister.gov\/documents\/2019\/12\/05\/2019-26044\/supplemental-nutrition-assistance-program-requirements-for-able-bodied-adults-without-dependents\">Esta regla cruel<\/a> habr\u00eda ordenado que las personas con estado \"ABAWD\" solo pudieran obtener CalFresh durante tres meses en un per\u00edodo de tres a\u00f1os si no cumpl\u00edan con ciertos requisitos especiales de trabajo. Habr\u00eda cortado CalFresh para unas 700,000 personas. Afortunadamente, el 18 de octubre de 2020, <a href=\"https:\/\/www.washingtonpost.com\/local\/legal-issues\/trump-food-stamp-cuts\/2020\/10\/18\/7c124612-117a-11eb-ad6f-36c93e6e94fb_story.html\">un juez federal del Distrito de Columbia revoc\u00f3 la regla ABAWD.<\/a> Puede leer una declaraci\u00f3n conjunta del Western Center on Law and Poverty, Impact Fund y Pillsbury aqu\u00ed. <a href=\"https:\/\/wclp.org\/joint-statement-federal-judge-strikes-down-trump-administrations-attempt-to-take-food-assistance-from-hundreds-of-thousands-of-unemployed-americans\/\">aqu\u00ed<\/a>. <\/div><div class=\"content wrapper\"><\/div><\/div>\n\n\n\n<div class=\"wp-block-foursite-gutenberg-blocks-collapsible-block collapsible-content-block\"><h4 class=\"trigger label\">Elegibilidad categ\u00f3rica<\/h4><div class=\"description wrapper\">La de larga data <a href=\"https:\/\/www.cbpp.org\/research\/food-assistance\/snaps-broad-based-categorical-eligibility-supports-working-families-and\">La regla de elegibilidad categ\u00f3rica simplifica el acceso a CalFresh<\/a> para los hogares que reciben beneficios de TANF y permite a los estados aumentar los umbrales de declaraci\u00f3n de ingresos a 200% del Nivel Federal de Pobreza. Si el <a href=\"https:\/\/www.federalregister.gov\/documents\/2019\/07\/24\/2019-15670\/revision-of-categorical-eligibility-in-the-supplemental-nutrition-assistance-program-snap\">regla federal propuesta<\/a> propuesto en julio de 2019 habr\u00eda entrado en vigor, habr\u00eda <a href=\"https:\/\/www.cafoodbanks.org\/es\/blog\/statement-on-trump-administrations-proposed-rule-to-cut-snap-food-benefits\/\">redujo el n\u00famero total de hogares que participan en SNAP en un 9 por ciento y redujo los beneficios anuales de SNAP pagados en todo el pa\u00eds en un 5 por ciento.<\/a> En enero de 2021, el <a href=\"https:\/\/www.reginfo.gov\/public\/do\/eoDetails?rrid=130155\">USDA retir\u00f3 esta regla propuesta.<\/a><\/div><div class=\"content wrapper\"><\/div><\/div>\n\n\n\n<div class=\"wp-block-foursite-gutenberg-blocks-collapsible-block collapsible-content-block\"><h4 class=\"trigger label\">Asignaci\u00f3n est\u00e1ndar de servicios p\u00fablicos<\/h4><div class=\"description wrapper\">Esta regla propuesta de septiembre de 2019 habr\u00eda <a href=\"https:\/\/www.cafoodbanks.org\/es\/blog\/statement-on-most-recent-proposal-to-cut-snap-food-benefits-via-the-standard-utility-allowance\/\">cambi\u00f3 la forma en que los estados toman en cuenta los costos de servicios p\u00fablicos de los hogares<\/a> cuenta al determinar la cantidad de beneficios de CalFresh para los que califican los hogares. En realidad, esto obligar\u00eda a las personas a elegir entre pagar sus servicios p\u00fablicos y comprar alimentos, y afectar\u00eda de manera desproporcionada y perjudicial a las personas con discapacidades y adultos mayores. En enero de 2021, el <a href=\"https:\/\/www.reginfo.gov\/public\/do\/eoDetails?rrid=130155\">USDA retir\u00f3 esta regla propuesta.<\/a><\/div><div class=\"content wrapper\"><\/div><\/div>\n<\/div><\/div>\n\n\n\n<p><\/p>\n\n\n\n<p><\/p>\n\n\n\n<p><\/p>\n\n\n\n<div style=\"height:35px\" aria-hidden=\"true\" class=\"wp-block-spacer\"><\/div>\n\n\n\n<div style=\"height:100px\" aria-hidden=\"true\" class=\"wp-block-spacer\"><\/div>","protected":false},"excerpt":{"rendered":"<p>In our nation of wealth, no one should go hungry. We call on the California Congressional Delegation to take decisive [&hellip;]<\/p>\n","protected":false},"author":1,"featured_media":0,"parent":0,"menu_order":0,"comment_status":"closed","ping_status":"closed","template":"","meta":{"_acf_changed":false,"_seopress_robots_primary_cat":"","_seopress_titles_title":"","_seopress_titles_desc":"","_seopress_robots_index":"","_searchwp_excluded":"","footnotes":""},"class_list":["post-3530","page","type-page","status-publish","hentry"],"acf":[],"_links":{"self":[{"href":"https:\/\/www.cafoodbanks.org\/es\/wp-json\/wp\/v2\/pages\/3530","targetHints":{"allow":["GET"]}}],"collection":[{"href":"https:\/\/www.cafoodbanks.org\/es\/wp-json\/wp\/v2\/pages"}],"about":[{"href":"https:\/\/www.cafoodbanks.org\/es\/wp-json\/wp\/v2\/types\/page"}],"author":[{"embeddable":true,"href":"https:\/\/www.cafoodbanks.org\/es\/wp-json\/wp\/v2\/users\/1"}],"replies":[{"embeddable":true,"href":"https:\/\/www.cafoodbanks.org\/es\/wp-json\/wp\/v2\/comments?post=3530"}],"version-history":[{"count":47,"href":"https:\/\/www.cafoodbanks.org\/es\/wp-json\/wp\/v2\/pages\/3530\/revisions"}],"predecessor-version":[{"id":39811,"href":"https:\/\/www.cafoodbanks.org\/es\/wp-json\/wp\/v2\/pages\/3530\/revisions\/39811"}],"wp:attachment":[{"href":"https:\/\/www.cafoodbanks.org\/es\/wp-json\/wp\/v2\/media?parent=3530"}],"curies":[{"name":"wp","href":"https:\/\/api.w.org\/{rel}","templated":true}]}}