{"id":3531,"date":"2019-10-24T23:46:35","date_gmt":"2019-10-24T23:46:35","guid":{"rendered":"http:\/\/localhost\/california-policy\/"},"modified":"2020-12-20T23:58:56","modified_gmt":"2020-12-20T23:58:56","slug":"california-policy","status":"publish","type":"page","link":"https:\/\/www.cafoodbanks.org\/es\/california-policy\/","title":{"rendered":"Prioridades de pol\u00edtica y presupuesto estatal"},"content":{"rendered":"<p>La Asociaci\u00f3n de Bancos de Alimentos de California lleva a cabo una s\u00f3lida agenda de pol\u00edticas en todo el estado para apoyar a nuestros bancos de alimentos de 42 miembros, as\u00ed como tambi\u00e9n aboga por pol\u00edticas que mejoren nuestros sistemas alimentarios y la red de seguridad nutricional.<\/p>\n\n\n\n<h5 class=\"wp-block-heading\"><strong>Resiliencia ante desastres alimentarios de emergencia: $32 millones una vez (<a href=\"\/wp-content\/uploads\/2020\/02\/2020_CAFB_FoodBank-DisasterFunding-32.pdf\">Hoja de hechos<\/a>)<\/strong><\/h5>\n\n\n\n<ul class=\"wp-block-list\"><li>Los desastres son la nueva normalidad en todo el estado, y los inmigrantes, los trabajadores agr\u00edcolas y otros californianos de bajos ingresos experimentan consecuencias desproporcionadas. Ya sean incendios o terremotos, o crisis provocadas por el hombre como el cierre federal de 2019 y los cortes de energ\u00eda por motivos de seguridad p\u00fablica, los bancos de alimentos est\u00e1n en primera l\u00ednea respondiendo a la necesidad de alimentos y permanecen mucho tiempo despu\u00e9s de los desastres luchando por mantener a California saludable y bien alimentada.<\/li><\/ul>\n\n\n\n<h5 class=\"wp-block-heading\"><strong>COVID-19: $96 millones para alimentos de emergencia por \u00fanica vez<\/strong><\/h5>\n\n\n\n<p>Desde el primer d\u00eda de COVID-19, los bancos de alimentos han estado a la vanguardia respondiendo a la creciente necesidad de nuestras comunidades. La financiaci\u00f3n estatal es necesaria no solo por un retraso en el apoyo federal, sino porque est\u00e1 proporcionando un recurso ideal para este momento. Las cajas suministradas por el estado de alimentos preenvasados y estables en el estante aumentan el suministro de alimentos al tiempo que minimizan la log\u00edstica interna, alivian la carga de la fuerza laboral y mantienen la distancia social en las distribuciones.<\/p>\n\n\n\n<h5 class=\"wp-block-heading\"><strong>Poner fin a la pobreza y la inseguridad alimentaria en SSI \/ SSP (<a href=\"\/wp-content\/uploads\/2020\/02\/CA4SSI Leave Behind_1.15.2020.pdf\">Hoja de hechos<\/a>)<\/strong><\/h5>\n\n\n\n<ul class=\"wp-block-list\"><li><u>Poner fin a los recortes de la era de la gran recesi\u00f3n al SSP:<\/u> Desde 2009, los recortes presupuestarios estatales han forzado la pobreza y las dificultades a los 1.2 millones de californianos que dependen de SSI \/ SSP para sus necesidades b\u00e1sicas. Debemos aumentar las subvenciones del SSP y restaurar de inmediato el ajuste del costo de vida.&nbsp;<u>Cumpla la promesa de la expansi\u00f3n de CalFresh para los beneficiarios de SSI:<\/u> el presupuesto 2018-19 puso fin a la exclusi\u00f3n de 45 a\u00f1os de CalFresh para los beneficiarios de SSI \/ SSP y financi\u00f3 los Beneficios de nutrici\u00f3n complementaria y de transici\u00f3n. Pero este trabajo est\u00e1 incompleto.<\/li><li>Nuevo informe de datos -&nbsp;<a href=\"https:\/\/calbudgetcenter.org\/wp-content\/uploads\/2020\/02\/CA-Budget-Center-SSI-SSP-IB.pdf\">La subvenci\u00f3n SSI \/ SSP: un apoyo fundamental para las mujeres mayores y las personas de color en California que se quedan atr\u00e1s por el mercado laboral y la pol\u00edtica estatal<\/a> (por el Centro de Pol\u00edticas y Presupuestos de California con el apoyo de la Asociaci\u00f3n de Bancos de Alimentos de California, febrero de 2020)<\/li><\/ul>\n\n\n\n<h5 class=\"wp-block-heading\"><strong>Mejore CalWORKs: Ayude a las familias a salir de la pobreza<\/strong><\/h5>\n\n\n\n<ul class=\"wp-block-list\"><li>Restaurar el l\u00edmite de tiempo acumulativo de por vida de 60 meses para los beneficiarios adultos de CalWORKs.<\/li><li>Cumplir con el acuerdo de la Ley de Presupuesto de 2018 para elevar a todas las familias al 55% del nivel federal de pobreza.<\/li><\/ul>\n\n\n\n<h5 class=\"wp-block-heading\"><strong>Fondo de reducci\u00f3n de gases de efecto invernadero (GGRF): $100 millones para CalRecycle<\/strong><\/h5>\n\n\n\n<ul class=\"wp-block-list\"><li>Ampliar los fondos para las subvenciones de rescate y prevenci\u00f3n de desperdicio de alimentos exitosas y con exceso de suscripciones de CalRecycle, que reducen las emisiones de metano y luchan contra el hambre al desviar alimentos a los necesitados.<\/li><li>Apoyar a los proveedores de alimentos de emergencia para cumplir con los objetivos clim\u00e1ticos que requieren que 20% de alimentos comestibles se desv\u00eden a las personas (SB 1383 - Lara, 2016) mientras se reducen los desechos verdes (AB 1826 - Chesbro, 2014).<\/li><\/ul>\n\n\n\n<h5 class=\"wp-block-heading\"><strong>Expandir CalEITC a los contribuyentes de ITIN<\/strong><\/h5>\n\n\n\n<ul class=\"wp-block-list\"><li>Poner fin a las exclusiones para inmigrantes californianos que de otro modo ser\u00edan elegibles al permitir que aquellos con un n\u00famero de identificaci\u00f3n de contribuyente individual asignado por el gobierno federal reclamen el CalEITC y el cr\u00e9dito tributario por hijos peque\u00f1os.<\/li><\/ul>\n\n\n<style>\r\n\t#button-69d0bb189fe5a .cta-button {\r\n\t\tcolor: #ffffff; border-color: #ffffff; background-color:#ffb223;\t}\r\n\t#button-69d0bb189fe5a .cta-button:before, #button-69d0bb189fe5a .cta-button:after {\r\n\t\tbackground-color: #ffb223; border-color: #ffb223;\t}\r\n\t#button-69d0bb189fe5a .cta-button:hover {\r\n\t\tcolor: #ffb223; border-color: #ffb223; background-color:#ffffff;\t}\r\n<\/style>\r\n<div class=\"button-variant-1 aligncenter\" id=\"button-69d0bb189fe5a\">\r\n\t<a href='\/wp-content\/uploads\/2020\/04\/2020_CAD-Leg-Priorities.pdf' target='_blank'  class='cta-button'>Descargar la agenda estatal<\/a><\/div>\n\n\n<div style=\"height:79px\" aria-hidden=\"true\" class=\"wp-block-spacer\"><\/div>","protected":false},"excerpt":{"rendered":"<p>The California Association of Food Banks undertakes a robust state-wide policy agenda to support our 42-member food banks as well [&hellip;]<\/p>\n","protected":false},"author":1,"featured_media":0,"parent":0,"menu_order":0,"comment_status":"closed","ping_status":"closed","template":"","meta":{"_acf_changed":false,"_seopress_robots_primary_cat":"","_seopress_titles_title":"","_seopress_titles_desc":"","_seopress_robots_index":"","_searchwp_excluded":"","footnotes":""},"class_list":["post-3531","page","type-page","status-publish","hentry"],"acf":[],"_links":{"self":[{"href":"https:\/\/www.cafoodbanks.org\/es\/wp-json\/wp\/v2\/pages\/3531","targetHints":{"allow":["GET"]}}],"collection":[{"href":"https:\/\/www.cafoodbanks.org\/es\/wp-json\/wp\/v2\/pages"}],"about":[{"href":"https:\/\/www.cafoodbanks.org\/es\/wp-json\/wp\/v2\/types\/page"}],"author":[{"embeddable":true,"href":"https:\/\/www.cafoodbanks.org\/es\/wp-json\/wp\/v2\/users\/1"}],"replies":[{"embeddable":true,"href":"https:\/\/www.cafoodbanks.org\/es\/wp-json\/wp\/v2\/comments?post=3531"}],"version-history":[{"count":9,"href":"https:\/\/www.cafoodbanks.org\/es\/wp-json\/wp\/v2\/pages\/3531\/revisions"}],"predecessor-version":[{"id":5133,"href":"https:\/\/www.cafoodbanks.org\/es\/wp-json\/wp\/v2\/pages\/3531\/revisions\/5133"}],"wp:attachment":[{"href":"https:\/\/www.cafoodbanks.org\/es\/wp-json\/wp\/v2\/media?parent=3531"}],"curies":[{"name":"wp","href":"https:\/\/api.w.org\/{rel}","templated":true}]}}