{"id":3533,"date":"2019-10-24T22:55:32","date_gmt":"2019-10-24T22:55:32","guid":{"rendered":"http:\/\/localhost\/public-charge\/"},"modified":"2019-10-24T22:55:32","modified_gmt":"2019-10-24T22:55:32","slug":"public-charge","status":"publish","type":"page","link":"https:\/\/www.cafoodbanks.org\/es\/public-charge\/","title":{"rendered":"Cargo p\u00fablico"},"content":{"rendered":"<h3><strong><strong>Cargo p\u00fablico:<\/strong><\/strong><\/h3>\n<p><strong>Actualizaci\u00f3n (3\/8\/2020):<\/strong>&nbsp;La semana pasada, el 29 de julio de 2020, un juez federal otorg\u00f3 una orden judicial a nivel nacional y bloque\u00f3 la implementaci\u00f3n de la regla de carga p\u00fablica durante la crisis de salud p\u00fablica COVID-19.&nbsp;<\/p>\n<ul>\n<li>Declaraci\u00f3n (en <a href=\"https:\/\/www.chhs.ca.gov\/blog\/2020\/07\/30\/statement-from-california-health-and-human-services-secretary-dr-mark-ghaly-on-court-blocking-implementation-of-federal-public-charge-rule-during-pandemic\/\">Ingl\u00e9s<\/a> y <a href=\"https:\/\/www.chhs.ca.gov\/blog\/2020\/07\/30\/declaracion-del-secretario-dr-mark-ghaly-de-servicios-de-salud-y-servicios-humanos-de-california-sobre-el-bloqueo-de-la-implementacion-de-la-regla-federal-del-cargo-publico-durante-la-pandemia\/\">Espa\u00f1ol<\/a>) del Secretario de Salud y Servicios Humanos de California, Dr. Mark Ghaly - 30\/7\/2020<\/li>\n<li>Hoja de datos de carga p\u00fablica de la Agencia de Servicios Humanos y de Salud de CA (en <a href=\"https:\/\/chhs-data-prod.s3.us-west-2.amazonaws.com\/uploads\/2020\/07\/30120311\/CHHS-Public-Charge-Guide-7.30.2020.pdf\">Ingl\u00e9s<\/a> y <a href=\"https:\/\/chhs-data-prod.s3.us-west-2.amazonaws.com\/uploads\/2020\/07\/31105326\/CHHS-Public-Charge-Guide-July-30-2020-Spanish.pdf\">Espa\u00f1ol<\/a>) &#8211; 7\/30\/2020<\/li>\n<li>Protegiendo a las familias inmigrantes <a href=\"https:\/\/protectingimmigrantfamilies.org\/immigrant-eligibility-for-public-programs-during-covid-19\/\">elegibilidad de inmigrantes para programas p\u00fablicos durante COVID-19<\/a><\/li>\n<\/ul>\n<p>&nbsp;<\/p>\n<p><strong>Actualizaci\u00f3n (31\/1\/2020):<\/strong> Hoy el <a href=\"https:\/\/www.uscis.gov\/greencard\/public-charge\">USCIS anunci\u00f3<\/a> una fecha de vigencia para la regla de carga p\u00fablica de la agencia. La regla final solo se aplicar\u00e1 a las solicitudes y peticiones que se presenten a partir del 24 de febrero de 2020 (excepto en el estado de Illinois). El DHS no considerar\u00e1 que un inmigrante reciba los beneficios reci\u00e9n enumerados antes del 24 de febrero de 2020 en la determinaci\u00f3n de carga p\u00fablica.&nbsp;<a href=\"http:\/\/bit.ly\/PIFCampaign\">Puede registrarse para recibir actualizaciones oportunas de la Campa\u00f1a Protegiendo a las Familias Inmigrantes aqu\u00ed.<\/a><\/p>\n<p><strong>Actualizaci\u00f3n (27\/1\/2020): <\/strong>Hoy, la Corte Suprema de los Estados Unidos anul\u00f3 la orden judicial preliminar de Nueva York que impidi\u00f3 que la regla de carga p\u00fablica del Departamento de Seguridad Nacional (DHS) entrara en vigencia en todo el pa\u00eds. Esta fue la \u00faltima de las tres \u00f3rdenes judiciales vigentes en todo el pa\u00eds, lo que significa que la regla del DHS puede entrar en vigor en todo el pa\u00eds, excepto en Illinois, donde est\u00e1 bloqueada por una orden judicial estatal. Esto significa que en California se permitir\u00e1 que la regla de carga p\u00fablica entre en vigor mientras contin\u00fae el litigio. Pronto sabremos cu\u00e1ndo se implementar\u00e1 exactamente la regla. <a href=\"http:\/\/bit.ly\/PIFCampaign\">Puede registrarse para recibir actualizaciones oportunas de la Campa\u00f1a Protegiendo a las Familias Inmigrantes aqu\u00ed.<\/a><\/p>\n<ul>\n<li><strong>Herramienta web de detecci\u00f3n de carga p\u00fablica:<\/strong> <a href=\"https:\/\/www.keepyourbenefitsca.org\/en\">KeepyourbenefitsCA.org<\/a> \/ <a href=\"https:\/\/www.keepyourbenefitsca.org\/es\">tusbeneficiospublicos.org<\/a> &#8211; <em>Estos le ayudar\u00e1n a determinar si est\u00e1 sujeto o no a las reglas de carga p\u00fablica.<\/em><\/li>\n<li><strong>Herramienta de texto de detecci\u00f3n de carga p\u00fablica:<\/strong> 650-3768006 - Texto &quot;Benefits&quot; (ingl\u00e9s), &quot;libre&quot; (espa\u00f1ol),&nbsp;<span style=\"font-size:12.0pt\"><span style=\"font-family:&quot;Times New Roman&quot;,serif\">&quot;<\/span><\/span><span style=\"font-size:12.0pt\"><span style=\"font-family:&quot;MS Gothic&quot;\">\u798f\u5229<\/span><\/span><span style=\"font-size:12.0pt\"><span style=\"font-family:&quot;Times New Roman&quot;,serif\">\u201d(Chino),\u201c l\u1ee3i\u00edch \u201d(vietnamita)&nbsp;<\/span><\/span>&#8211; <em>esto le ayudar\u00e1 a determinar si est\u00e1 sujeto o no a las reglas de carga p\u00fablica<\/em><\/li>\n<li><strong>Una lista de proveedores de carga p\u00fablica de California: <\/strong><a href=\"https:\/\/www.cdss.ca.gov\/benefits-services\/more-services\/immigration-services\/immigration-services-contractors\/public-charge-contact-list\">Lista de contactos de CDSS<\/a> &#8211; <em>Este es un directorio de proveedores de servicios legales de inmigraci\u00f3n que tienen capacitaci\u00f3n para lidiar con la carga p\u00fablica.<\/em><\/li>\n<li><strong>Campa\u00f1a de protecci\u00f3n de familias inmigrantes de California:<\/strong> <a href=\"\/wp-content\/uploads\/2020\/01\/CA PIF Public Charge Analysis and FAQ 1.27.2020.pdf\">An\u00e1lisis y preguntas frecuentes<\/a> Actualizado el 27 de enero de 2020<\/li>\n<\/ul>\n<p>&nbsp;<\/p>\n<p><strong>Actualizaci\u00f3n (22\/10\/19):<\/strong>&nbsp;Poco antes de que entrara en vigencia el 15 de octubre, cinco tribunales de distritos federales, con sede en California, Washington, Baltimore, el condado de Cook y la ciudad de Nueva York, emitieron medidas cautelares preliminares contra la administraci\u00f3n Trump.&nbsp;<a href=\"https:\/\/www.federalregister.gov\/documents\/2019\/08\/14\/2019-17142\/inadmissibility-on-public-charge-grounds\">regla de carga p\u00fablica<\/a>, deteniendo al menos por ahora una regla que se esperaba que redujera el acceso a los beneficios p\u00fablicos para las comunidades de inmigrantes. Puede leer el comentario de CAFB enviado en oposici\u00f3n a esta propuesta&nbsp;<a href=\"\/wp-content\/uploads\/2018\/12\/CAFB Public Charge Comments FINAL.pdf\" target=\"_blank\" rel=\"noopener noreferrer\">aqu\u00ed<\/a>.<\/p>\n<p><strong>Recursos y herramientas de comunicaci\u00f3n:<\/strong><\/p>\n<ul>\n<li><a href=\"http:\/\/www.healthreformbeyondthebasics.org\/wp-content\/uploads\/2020\/02\/GA-PC-FINAL-2.20-1.pdf?utm_source=SNAP+Advocates+-+Small&amp;utm_campaign=61bc1b13fa-EMAIL_CAMPAIGN_2020_01_13_04_17_COPY_01&amp;utm_medium=email&amp;utm_term=0_1b6cfee77e-61bc1b13fa-111312733\">Hoja informativa del Centro de prioridades presupuestarias y pol\u00edticas <\/a>(Febrero de 2020)<\/li>\n<li><a href=\"https:\/\/www.dhcs.ca.gov\/services\/medi-cal\/eligibility\/Documents\/MEDIL\/2020\/I20-04.pdf\">CDSS y DHCS ACIN conjunta sobre carga p\u00fablica <\/a>(24 de febrero de 2020)<\/li>\n<li><a href=\"https:\/\/protectingimmigrantfamilies.org\/wp-content\/uploads\/2020\/01\/Navigating-Public-Charge-Final.pdf\">Navegando la carga p\u00fablica: mejores pr\u00e1cticas en organizaciones comunitarias para mitigar el da\u00f1o para la comunidad inmigrante<\/a> (Enero de 2020)<\/li>\n<li><a href=\"https:\/\/docs.google.com\/spreadsheets\/d\/e\/2PACX-1vTIHxPL3tRDeRYEG3ORXRVZkk11MZRtkM-HszfAs7l8D02KO5T5T3qeM1j4lFvWEPRK2KAAY8uvd2Vj\/pubhtml?widget=true&amp;amp;headers=false\">Rastreador de litigios de carga p\u00fablica<\/a>&nbsp;(actualizado continuamente)<\/li>\n<li>GetCalFresh.org <a href=\"https:\/\/www.getcalfresh.org\/en\/immigrants\">Preguntas y respuestas sobre el estado migratorio y CalFresh<\/a> (actualizado continuamente)<\/li>\n<li><a href=\"https:\/\/www.chhs.ca.gov\/wp-content\/uploads\/2019\/10\/CHHS-Public-Charge-Guide-UPDATED.pdf\" target=\"_blank\" rel=\"noopener noreferrer\">Gu\u00eda de carga p\u00fablica de CA Health &amp; Human Services<\/a> (Octubre de 2019)<\/li>\n<li><a href=\"https:\/\/docs.google.com\/document\/d\/1fbPuxkyf3oV5Zphor_uEyFunG_MOVjQ2vfuxzSWX13Q\/edit\">Public Charge Udate: Lo que los defensores deben saber ahora<\/a> (Octubre de 2019)<\/li>\n<li><a href=\"http:\/\/Should I Keep my Kids Enrolled in Health and Nutrition Programs? (October 2019)\">\u00bfDebo mantener a mis hijos inscritos en programas de salud y nutrici\u00f3n?<\/a> (Octubre de 2019)<\/li>\n<li><a href=\"https:\/\/protectingimmigrantfamilies.org\/wp-content\/uploads\/2019\/09\/Getting-the-Help-You-Need-Updated-September-2019-ENGLISH.pdf\">Carga p\u00fablica: obtener la ayuda que necesita<\/a> (Septiembre de 2019)<\/li>\n<li><a href=\"https:\/\/docs.google.com\/document\/d\/1zHLRaciDqIZfkI_icRGVJWKWcinP6cAwvkuAeae8eog\/edit\">An\u00e1lisis de carga p\u00fablica y preguntas frecuentes<\/a> (Septiembre de 2019)<\/li>\n<li><a href=\"https:\/\/docs.google.com\/document\/d\/1lIJuj4hq38eD00jC0a9E6qUl5s7XLUJ6U3_Thj6bmLs\/edit\">Kit de herramientas de concienciaci\u00f3n sobre beneficios p\u00fablicos<\/a><\/li>\n<li><a href=\"https:\/\/protectingimmigrantfamilies.org\/wp-content\/uploads\/2019\/09\/Examples.pdf\">\u00bfA qui\u00e9n se aplica la \u201cPrueba de carga p\u00fablica\u201d?<\/a>&nbsp;(Septiembre de 2019)<\/li>\n<li><a href=\"https:\/\/protectingimmigrantfamilies.org\/\" target=\"_blank\" rel=\"noopener noreferrer\">Recursos adicionales disponibles en el sitio web de Protect Immigrant Families<\/a><\/li>\n<\/ul>\n<p>&nbsp;<\/p>\n<p><strong>Declaraciones:<\/strong><\/p>\n<ul>\n<li><a href=\"https:\/\/mailchi.mp\/cafoodbanks\/ca-response-public-charge\" target=\"_blank\" rel=\"noopener noreferrer\">CAFB felicita al gobernador Newsom mientras CA rechaza la regla de carga p\u00fablica<\/a> (16 de agosto de 2019)<\/li>\n<li><a href=\"\/es\/blog\/public-charge-rule-will-worsen-hunger-poverty-america\/\" target=\"_blank\" rel=\"noopener noreferrer\">La regla de la carga p\u00fablica empeorar\u00e1 el hambre y la pobreza en Estados Unidos <\/a>(14 de agosto de 2019)<\/li>\n<li><a href=\"\/es\/blog\/california-food-banks-highlight-harm-public-charge-over-public-comment-period\/\" target=\"_blank\" rel=\"noopener noreferrer\">Los bancos de alimentos de California destacan el da\u00f1o de la carga p\u00fablica durante el per\u00edodo de comentarios p\u00fablicos<\/a> (12 de diciembre de 2018)<\/li>\n<li><a href=\"\/es\/blog\/family-or-food-california-food-banks-respond-public-charge\/\" target=\"_blank\" rel=\"noopener noreferrer\">\u00bfFamilia o comida? Los bancos de alimentos de California responden a la carga p\u00fablica<\/a> (11 de octubre de 2018)<\/li>\n<li><a href=\"\/wp-content\/uploads\/2018\/09\/Joint_Hunger_PublicChargeStatement_Updated_Final.pdf\" target=\"_blank\" rel=\"noopener noreferrer\">Declaraci\u00f3n conjunta sobre la propuesta de regla de carga p\u00fablica<\/a>&nbsp;(Septiembre de 2018)<\/li>\n<\/ul>\n<p>&nbsp;<\/p>\n<p><em>El per\u00edodo de comentarios p\u00fablicos sobre la Regla de Carga P\u00fablica ya est\u00e1 cerrado; gracias a todos los que enviaron un comentario oficial, \u00a1generamos colectivamente 200,000 comentarios en todo el pa\u00eds!<\/em><\/p>\n<ul>\n<li><em><a href=\"\/wp-content\/uploads\/2018\/11\/Public Charge Sample Social Media.docx\" target=\"_blank\" rel=\"noopener noreferrer\">Tweets del modelo de carga p\u00fablica<\/a><\/em><\/li>\n<li><em><a href=\"\/wp-content\/uploads\/2018\/10\/Public Charge Organizational Template.docx\" target=\"_blank\" rel=\"noopener noreferrer\">Plantilla de comentario organizacional de carga p\u00fablica<\/a><\/em><\/li>\n<li><em><a href=\"\/wp-content\/uploads\/2018\/10\/Food or Family_ Help Protect California Families from Going Hungry with submission disclaimer.pdf\" target=\"_blank\" rel=\"noopener noreferrer\">Postal digital de carga p\u00fablica<\/a><\/em><\/li>\n<li><em><a href=\"\/wp-content\/uploads\/2018\/10\/Public Charge Comment Card Script and Instructions.pdf\">Hoja de instrucciones y gui\u00f3n de comentarios sobre carga p\u00fablica<\/a><\/em><\/li>\n<li><em><a href=\"\/wp-content\/uploads\/2018\/10\/public-charge-toolkit.pdf\" target=\"_blank\" rel=\"noopener noreferrer\">Kit de herramientas de comentarios sobre carga p\u00fablica de FRAC<\/a><\/em><\/li>\n<\/ul>\n<p>&nbsp;<\/p>","protected":false},"excerpt":{"rendered":"<p>Public Charge: Update (8\/3\/2020):&nbsp;Last week on July 29th, 2020, a federal judge granted a nation-wide&nbsp;injunction and blocked the public charge [&hellip;]<\/p>\n","protected":false},"author":1,"featured_media":0,"parent":0,"menu_order":0,"comment_status":"closed","ping_status":"closed","template":"","meta":{"_acf_changed":false,"_seopress_robots_primary_cat":"","_seopress_titles_title":"","_seopress_titles_desc":"","_seopress_robots_index":"","_searchwp_excluded":"","footnotes":""},"class_list":["post-3533","page","type-page","status-publish","hentry"],"acf":[],"_links":{"self":[{"href":"https:\/\/www.cafoodbanks.org\/es\/wp-json\/wp\/v2\/pages\/3533","targetHints":{"allow":["GET"]}}],"collection":[{"href":"https:\/\/www.cafoodbanks.org\/es\/wp-json\/wp\/v2\/pages"}],"about":[{"href":"https:\/\/www.cafoodbanks.org\/es\/wp-json\/wp\/v2\/types\/page"}],"author":[{"embeddable":true,"href":"https:\/\/www.cafoodbanks.org\/es\/wp-json\/wp\/v2\/users\/1"}],"replies":[{"embeddable":true,"href":"https:\/\/www.cafoodbanks.org\/es\/wp-json\/wp\/v2\/comments?post=3533"}],"version-history":[{"count":0,"href":"https:\/\/www.cafoodbanks.org\/es\/wp-json\/wp\/v2\/pages\/3533\/revisions"}],"wp:attachment":[{"href":"https:\/\/www.cafoodbanks.org\/es\/wp-json\/wp\/v2\/media?parent=3533"}],"curies":[{"name":"wp","href":"https:\/\/api.w.org\/{rel}","templated":true}]}}