{"id":3539,"date":"2018-10-25T20:20:39","date_gmt":"2018-10-25T20:20:39","guid":{"rendered":"http:\/\/localhost\/the-farm-bill\/"},"modified":"2020-11-18T18:44:36","modified_gmt":"2020-11-18T18:44:36","slug":"farm-bill","status":"publish","type":"page","link":"https:\/\/www.cafoodbanks.org\/es\/farm-bill\/","title":{"rendered":"La ley agr\u00edcola"},"content":{"rendered":"<p dir=\"ltr\">La Ley Agr\u00edcola es el principal impulsor legislativo de la pol\u00edtica alimentaria y agr\u00edcola de nuestra naci\u00f3n. La Ley Agr\u00edcola se reautoriza aproximadamente cada 5 a\u00f1os y establece una pol\u00edtica agr\u00edcola y alimentaria que proporciona una red de seguridad para los productores agr\u00edcolas de nuestro pa\u00eds y ayuda a nuestras comunidades de bajos ingresos a poner alimentos en la mesa.<\/p>\n<p><iframe loading=\"lazy\" frameborder=\"0\" height=\"315\" src=\"https:\/\/www.youtube.com\/embed\/P4mQyUOE_z0\" width=\"560\"><\/iframe><\/p>\n<p dir=\"ltr\">Hoja de hechos: <a href=\"\/wp-content\/uploads\/2018\/09\/CAFB Farm Bill Infographic - Sept 2018.pdf\">C\u00f3mo afecta la ley agr\u00edcola a los bancos de alimentos<\/a> (Septiembre de 2018)<\/p>\n<p dir=\"ltr\">Hoja de hechos: <a href=\"\/wp-content\/uploads\/2018\/09\/CAFB SNAP Recipient Infographic - Sept 2018.pdf\">Qui\u00e9n recibe SNAP en California<\/a> (Septiembre de 2018)<\/p>\n<p dir=\"ltr\">Hoja de hechos: <a href=\"\/wp-content\/uploads\/2018\/10\/SNAP Matters for Children Infographic.pdf\">SNAP importa para los ni\u00f1os de California<\/a> (Octubre de 2018)<\/p>\n<p dir=\"ltr\"><span style=\"font-size:11px\">* Para citas de hojas informativas, visite nuestro <a href=\"\/es\/citations\/\">p\u00e1gina de citas<\/a>.&nbsp;<\/span><\/p>\n<p dir=\"ltr\"><span style=\"font-size:18px\"><strong>&gt;&gt;&nbsp;<a href=\"\/es\/congressional-and-county-snap-factsheets\/\">Haga clic aqu\u00ed para obtener un enlace a las hojas informativas sobre la ley agr\u00edcola y SNAP del congreso y del condado<\/a><\/strong><\/span><\/p>\n<h3 dir=\"ltr\"><strong>Voces de SNAP:<\/strong><\/h3>\n<p dir=\"ltr\">La narraci\u00f3n y las comunicaciones son una parte fundamental de nuestros esfuerzos de promoci\u00f3n en la Asociaci\u00f3n de Bancos de Alimentos de California. Visita nuestro <a href=\"\/es\/story-bank\/\">Voces de SNAP<\/a> p\u00e1gina de videos que ilustran el valor de la red federal de seguridad nutricional para California, y aprenda c\u00f3mo usted tambi\u00e9n puede compartir su historia.&nbsp;<\/p>\n<h3><strong>Organice una visita al sitio:<\/strong><\/h3>\n<p>Las visitas al sitio de los bancos de alimentos locales y las mesas de comida son una excelente manera de comunicar la importancia de SNAP con sus representantes electos y los medios de comunicaci\u00f3n locales. Eche un vistazo a estos recursos \u00fatiles:<\/p>\n<ul>\n<li><a href=\"http:\/\/www.frac.org\/research\/resource-library\/frac-101-snap-site-visit-guide\">Gu\u00eda de visita al sitio de FRAC<\/a><\/li>\n<li><a href=\"https:\/\/www.hungernet.org\/advocacy\/federal\/Pages\/FY18PresidentsBudget.aspx\">Feeding America Resources<\/a><\/li>\n<\/ul>\n<p>&nbsp;<\/p>\n<p>La Federaci\u00f3n de Oficinas Agr\u00edcolas de California tambi\u00e9n ha indicado su inter\u00e9s en organizar una gira de la Granja al Banco de Alimentos con un miembro del Congreso para resaltar el valor del sistema alimentario y las colaboraciones entre los bancos de alimentos y los agricultores de todo el estado. Si est\u00e1 interesado en organizar un recorrido de la granja al banco de alimentos con su oficina agr\u00edcola local, <a href=\"mailto:rachel@cafoodbanks.org\">Rachel Tucker<\/a> saber. Si ya tiene algunos eventos en proceso, h\u00e1gale saber a Rachel cualquier acci\u00f3n que est\u00e9 planeando y, como siempre, no dude en contactarla si tiene alguna pregunta.&nbsp;<\/p>\n<h3 dir=\"ltr\"><strong>Actualizaciones y pr\u00f3ximos pasos:<\/strong><\/h3>\n<p dir=\"ltr\">&nbsp;<\/p>\n<ul>\n<li dir=\"ltr\">\n<p dir=\"ltr\">(Abril) El USDA ha publicado una gu\u00eda de implementaci\u00f3n para la Ley Agr\u00edcola de 2018. Puede acceder a los memorandos de implementaci\u00f3n y orientaci\u00f3n sobre SNAP, TEFAP, CSFP y FDPIR <a href=\"https:\/\/www.fns.usda.gov\/farmbill\" target=\"_blank\" rel=\"noopener noreferrer\">disponible aqu\u00ed<\/a> para estar al tanto de las \u00faltimas actualizaciones.&nbsp;<\/p>\n<\/li>\n<li dir=\"ltr\">\n<p dir=\"ltr\">(Diciembre) El Informe de la Conferencia sobre la Ley Agr\u00edcola se public\u00f3 el 10 de diciembre, el texto completo es&nbsp;<a href=\"https:\/\/docs.house.gov\/billsthisweek\/20181210\/CRPT-115hrpt1072.pdf\" target=\"_blank\" rel=\"noopener noreferrer\">disponible aqu\u00ed<\/a>. Nuestra declaraci\u00f3n conjunta sobre el Informe con los defensores de la pol\u00edtica alimentaria de California, la Asociaci\u00f3n de directores de bienestar del condado y el Centro occidental sobre la pobreza y la ley es <a href=\"\/es\/blog\/farm-bill-update\/\">disponible aqu\u00ed<\/a>.<\/p>\n<\/li>\n<\/ul>\n<ul>\n<li dir=\"ltr\">\n<p dir=\"ltr\">(Septiembre) Los negociadores del proyecto de ley agr\u00edcola de la C\u00e1mara y el Senado han declarado que el Congreso no aprobar\u00e1 un proyecto de ley agr\u00edcola final antes de que expire el proyecto de ley actual este domingo 30 de septiembre. Si bien el personal continuar\u00e1 trabajando en las diferencias entre los dos proyectos de ley en octubre, los miembros de la C\u00e1mara se dirigir\u00e1n de regreso a sus distritos al final de esta semana y no se espera que un proyecto de ley final se una o se mueva hasta una sesi\u00f3n de pato cojo despu\u00e9s Elecciones de mitad de per\u00edodo de noviembre. SNAP, TEFAP, CSFP y FDPIR u otros programas de lucha contra el hambre continuar\u00e1n siendo financiados y operando como de costumbre. Adem\u00e1s, nuestro mensaje sobre la Ley Agr\u00edcola ser\u00e1 el mismo y tendremos que seguir el ritmo de SNAP mientras los negociadores de la Ley Agr\u00edcola se re\u00fanen en el oto\u00f1o. Busque m\u00e1s comunicaciones de CAFB y nuestros socios nacionales en FRAC, CBPP y Feeding America para obtener m\u00e1s actualizaciones de Farm Bill.<\/p>\n<\/li>\n<\/ul>","protected":false},"excerpt":{"rendered":"<p>The Farm Bill is the leading legislative driver of our nation\u2019s food and farming policy. The Farm Bill is reauthorized [&hellip;]<\/p>\n","protected":false},"author":1,"featured_media":0,"parent":0,"menu_order":0,"comment_status":"closed","ping_status":"closed","template":"","meta":{"_acf_changed":false,"_seopress_robots_primary_cat":"","_seopress_titles_title":"","_seopress_titles_desc":"","_seopress_robots_index":"","_searchwp_excluded":"","footnotes":""},"class_list":["post-3539","page","type-page","status-publish","hentry"],"acf":[],"_links":{"self":[{"href":"https:\/\/www.cafoodbanks.org\/es\/wp-json\/wp\/v2\/pages\/3539","targetHints":{"allow":["GET"]}}],"collection":[{"href":"https:\/\/www.cafoodbanks.org\/es\/wp-json\/wp\/v2\/pages"}],"about":[{"href":"https:\/\/www.cafoodbanks.org\/es\/wp-json\/wp\/v2\/types\/page"}],"author":[{"embeddable":true,"href":"https:\/\/www.cafoodbanks.org\/es\/wp-json\/wp\/v2\/users\/1"}],"replies":[{"embeddable":true,"href":"https:\/\/www.cafoodbanks.org\/es\/wp-json\/wp\/v2\/comments?post=3539"}],"version-history":[{"count":1,"href":"https:\/\/www.cafoodbanks.org\/es\/wp-json\/wp\/v2\/pages\/3539\/revisions"}],"predecessor-version":[{"id":3840,"href":"https:\/\/www.cafoodbanks.org\/es\/wp-json\/wp\/v2\/pages\/3539\/revisions\/3840"}],"wp:attachment":[{"href":"https:\/\/www.cafoodbanks.org\/es\/wp-json\/wp\/v2\/media?parent=3539"}],"curies":[{"name":"wp","href":"https:\/\/api.w.org\/{rel}","templated":true}]}}