{"id":3546,"date":"2018-07-09T20:37:46","date_gmt":"2018-07-09T20:37:46","guid":{"rendered":"http:\/\/localhost\/abawd\/"},"modified":"2025-10-09T12:55:39","modified_gmt":"2025-10-09T19:55:39","slug":"abawd","status":"publish","type":"page","link":"https:\/\/www.cafoodbanks.org\/es\/abawd\/","title":{"rendered":"ABAWD"},"content":{"rendered":"<h2 class=\"wp-block-heading\">Regla federal ABAWD<\/h2>\n\n\n\n<p><strong>UPDATE (02\/01\/2025)<\/strong>: USDA FNS approved California\u2019s one-year statewide ABAWD time limit waiver request starting February 1, 2025 through January 31, 2026.<\/p>\n\n\n\n<div class=\"wp-block-foursite-gutenberg-blocks-collapsible-block collapsible-content-block\"><h2 class=\"trigger label\">Federal ABAWD Rule (2019)<\/h2><div class=\"description wrapper\">Updates from 2019-2020 around the CalFresh ABAWD rule.<\/div><div class=\"content wrapper\">\n<p><strong>ACTUALIZACI\u00d3N (20\/10\/2020):<\/strong> El 18 de octubre, un juez federal del Distrito de Columbia <a href=\"https:\/\/www.washingtonpost.com\/local\/legal-issues\/trump-food-stamp-cuts\/2020\/10\/18\/7c124612-117a-11eb-ad6f-36c93e6e94fb_story.html\">derribado<\/a> la regla ABAWD. <a href=\"https:\/\/wclp.org\/joint-statement-federal-judge-strikes-down-trump-administrations-attempt-to-take-food-assistance-from-hundreds-of-thousands-of-unemployed-americans\/\">Puede leer una declaraci\u00f3n conjunta del Western Center on Law and Poverty, Impact Fund y Pillsbury aqu\u00ed.&nbsp;<\/a><\/p>\n\n\n\n<p><strong>ACTUALIZACI\u00d3N (21\/7\/2020): <\/strong>El 15 de julio <a href=\"\/wp-content\/uploads\/2020\/07\/2150019 CA ABAWD Statewide 07.20-06.21.pdf\">FNS aprob\u00f3 la solicitud de exenci\u00f3n de l\u00edmite de tiempo ABAWD en todo el estado de California.<\/a> Esto significa que ning\u00fan condado en California tendr\u00e1 que implementar la regla de l\u00edmite de tiempo ABAWD hasta el 30 de junio de 2020, o hasta la fecha en la que los nuevos est\u00e1ndares de exenci\u00f3n entren en vigencia bajo la nueva Regla Final. <a href=\"https:\/\/cdss.ca.gov\/Portals\/9\/Additional-Resources\/Letters-and-Notices\/ACLs\/2020\/20-90.pdf\">CDSS tambi\u00e9n public\u00f3 una gu\u00eda y m\u00e1s detalles el 20 de agosto de 2020.<\/a><\/p>\n\n\n\n<p><strong>ACTUALIZACI\u00d3N (18\/03\/2020):&nbsp;<\/strong>Hoy el <a href=\"https:\/\/www.congress.gov\/bill\/116th-congress\/house-bill\/6201\" target=\"_blank\" rel=\"noreferrer noopener\">Ley de respuesta al coronavirus de Families First (HR 6201)<\/a>, se convirti\u00f3 en ley. La legislaci\u00f3n otorga al USDA y a los estados una autoridad temporal para adaptar SNAP para abordar la mayor demanda de asistencia nutricional durante la pandemia de COVID-19. Los requisitos de trabajo para SNAP est\u00e1n temporalmente suspendidos, estamos anticipando m\u00e1s orientaci\u00f3n sobre exenciones y flexibilidades.<\/p>\n\n\n\n<p><strong>ACTUALIZACI\u00d3N (13\/03\/2020):&nbsp;<\/strong>Hoy, la jueza federal Beryl Howell con sede en Washington DC <a href=\"https:\/\/oag.dc.gov\/sites\/default\/files\/2020-03\/Order-Granting-Motion-PI-SNAP-ABAWD-Rule.pdf\" target=\"_blank\" rel=\"noreferrer noopener\">dictamin\u00f3 bloquear la regla ABAWD para que no entre en vigencia en todo el pa\u00eds el 1 de abril<\/a>.<\/p>\n\n\n\n<p><strong>ACTUALIZACI\u00d3N (16\/1\/2020): <\/strong>Hoy, 14 estados, incluido California, presentaron una demanda contra la administraci\u00f3n federal (California, Connecticut, Maryland, Massachusetts, Michigan, Minnesota, Nueva Jersey, Nueva York, Oreg\u00f3n, Pensilvania, Rhode Island, Vermont y Virginia, as\u00ed como la ciudad de Nueva York y el Distrito de Columbia).<\/p>\n\n\n\n<ul class=\"wp-block-list\">\n<li><a href=\"\/es\/blog\/abawd-lawsuit\/\">CAFB&#039;s<\/a> declaraci\u00f3n (16\/1\/2020)<\/li>\n\n\n\n<li><a href=\"https:\/\/oag.ca.gov\/news\/press-releases\/attorney-general-becerra-joins-multistate-lawsuit-challenging-federal-rule\">Declaraci\u00f3n del Procurador General de California Bacerra<\/a> (1\/16\/2020)<\/li>\n\n\n\n<li><a href=\"https:\/\/www.frac.org\/news\/frac-applauds-multi-state-litigation-to-stop-the-administration-from-taking-away-snap-benefits-for-nearly-700000-people?eType=EmailBlastContent&amp;eId=b5ec344e-c71d-4ded-8007-32bef79666e0\">FRAC<\/a> declaraci\u00f3n (16\/1\/2020)<\/li>\n\n\n\n<li>Centro Occidental de Derecho y Pobreza <a href=\"\/wp-content\/uploads\/2020\/02\/ABAWD-One-Page-Summary-WCLP-January2020-Final.docx\">hoja informativa de una p\u00e1gina<\/a> (2\/3\/2020)<\/li>\n<\/ul>\n\n\n\n<p><strong>ACTUALIZACI\u00d3N (4\/12\/2019):&nbsp;<\/strong>Hoy, el gobierno federal public\u00f3 una regla final que promulga recortes significativos al Programa de Asistencia Nutricional Suplementaria. Est\u00e1 previsto que la regla entre en vigor el 1 de abril de 2020.<\/p>\n\n\n\n<ul class=\"wp-block-list\">\n<li><a href=\"\/es\/abawd-final-statement\/\">CAFB&#039;s<\/a> declaraci\u00f3n (4\/12\/2019)<\/li>\n\n\n\n<li><a href=\"https:\/\/www.chhs.ca.gov\/blog\/2019\/12\/04\/statement-from-california-health-and-human-services-secretary-dr-mark-ghaly-on-the-federal-able-bodied-adults-without-dependents-time-limit-rule\/\">Agencia de Salud y Servicios Humanos de California<\/a> declaraci\u00f3n (4\/12\/2019)<\/li>\n\n\n\n<li><a href=\"https:\/\/www.frac.org\/news\/snap-rule-would-take-food-from-people-in-need-in-areas-with-too-few-jobs\">FRAC <\/a>declaraci\u00f3n (4\/12\/2019)<\/li>\n<\/ul>\n\n\n\n<p><strong>ANTECEDENTES: <\/strong>Esta <a href=\"https:\/\/www.federalregister.gov\/documents\/2019\/02\/01\/2018-28059\/supplemental-nutrition-assistance-program-requirements-for-able-bodied-adults-without-dependents\" target=\"_blank\" rel=\"noreferrer noopener\">regla<\/a> socavar\u00e1 la capacidad del estado de renunciar a la estricta regla sobre adultos capacitados sin dependientes, que requiere que casi todos los condados de California hagan cumplir los l\u00edmites de tiempo de 3 meses (la &quot;regla ABAWD&quot;) sobre la asistencia nutricional para adultos que trabajan menos de 20 horas cada semana, sin importar lo mucho que est\u00e9n buscando trabajo. Esta nueva regla quitar\u00eda la asistencia alimentaria a unos 755.000 estadounidenses que est\u00e1n luchando por encontrar trabajo y reducir\u00eda los beneficios de SNAP \/ CalFresh en $15 mil millones de d\u00f3lares en 10 a\u00f1os. La propuesta tambi\u00e9n subvierte la intenci\u00f3n del Congreso en la Ley Agr\u00edcola de 2018, ya que el Congreso acaba de debatir y rechazar tales propuestas sobre una base bipartidista.<\/p>\n\n\n\n<ul class=\"wp-block-list\">\n<li>A partir del 1 de abril de 2020, el Departamento de Servicios Sociales de California estima que <a href=\"https:\/\/infogram.com\/calfresh_trump_cuts-1hmr6gxvmzk84nl\">40 condados<\/a> tendr\u00e1 que implementar reglas ABAWD.<\/li>\n<\/ul>\n<\/div><\/div>\n\n\n<p>\u00a0<\/p>\n<hr \/>\n<h3><strong>ABAWD Outreach Toolkit (2019)<\/strong><\/h3>\n<p>In 2019, 6 counties in California (San Francisco, San Mateo, Santa Clara, Alameda, Marin, Contra Costa) are implementing ABAWD rules. People to whom the ABAWD time limit applies to, are only eligible for benefits for three full months out of a 36-month period unless they are exempt or meet the work requirement. The ABAWD Outreach Toolkit is intended to help CalFresh outreach workers in assisting people with an ABAWD time limit maintain their CalFresh.<\/p>\n<ol class=\"rteindent1\">\n<li><a href=\"\/wp-content\/uploads\/2018\/09\/1. ABAWD Outreach Handbook.pdf\" target=\"_blank\" rel=\"noopener noreferrer\">Manual de divulgaci\u00f3n ABAWD<\/a><\/li>\n<li><a href=\"\/wp-content\/uploads\/2018\/09\/2. Talking Points.pdf\" target=\"_blank\" rel=\"noopener noreferrer\">Puntos de conversaci\u00f3n<\/a><\/li>\n<li><a href=\"\/wp-content\/uploads\/2019\/04\/ABAWD FAQs\" target=\"_blank\" rel=\"noopener noreferrer\">Preguntas frecuentes del cliente<\/a><\/li>\n<li><a href=\"\/wp-content\/uploads\/2019\/04\/ABAWD Flowchart - FINAL.pdf\" target=\"_blank\" rel=\"noopener noreferrer\">Diagrama de flujo de l\u00edmite de tiempo<\/a><\/li>\n<li>Verificaciones para reglas ABAWD<\/li>\n<li><a href=\"\/wp-content\/uploads\/2019\/04\/ABAWD Client Survey - FINAL.pdf\" target=\"_blank\" rel=\"noopener noreferrer\">Cribador de admisi\u00f3n<\/a><\/li>\n<li><a href=\"\/wp-content\/uploads\/2019\/04\/ABAWD Application Receipt Form - FINAL.pdf\" target=\"_blank\" rel=\"noopener noreferrer\">Recibo de solicitudes de cliente<\/a><\/li>\n<li><a href=\"#In-Person Training Material\">Materiales de formaci\u00f3n presencial<\/a><\/li>\n<\/ol>\n<p><strong>Seminario web: L\u00edmite de tiempo ABAWD<\/strong><br \/><em>21 de junio de 2018 (<a href=\"\/wp-content\/uploads\/2018\/06\/ABAWD webinar slides 2018 06 21.pdf\">descargar diapositivas de presentaci\u00f3n aqu\u00ed<\/a>)<\/em><\/p>\n<p><iframe loading=\"lazy\" src=\"https:\/\/www.youtube.com\/embed\/ggHVKdceBYU\" width=\"560\" height=\"315\" frameborder=\"0\" scrolling=\"no\"><\/iframe><\/p>\n<p><strong>Seminario web: ABAWD (adultos capacitados sin dependientes) 101<\/strong><br \/><em>3 de junio de 2016 (<a href=\"\/wp-content\/uploads\/2016\/06\/ABAWD 101 slides.pdf\">descargar diapositivas de presentaci\u00f3n aqu\u00ed<\/a>)<\/em><\/p>\n<p><iframe loading=\"lazy\" src=\"https:\/\/www.youtube.com\/embed\/d8m7BZB125M\" width=\"560\" height=\"315\" frameborder=\"0\" scrolling=\"no\"><\/iframe><\/p>\n<p><strong>2019\u00a0Training materials for implementing counties:<\/strong><\/p>\n<ol class=\"rteindent1\">\n<li><span style=\"font-size: 14px;\">Trabajo previo: revisi\u00f3n de elegibilidad (<a href=\"https:\/\/docs.google.com\/presentation\/d\/1adBBcL_wFbon3V22H_nN3H2V-EJ9nidkcaSY0Gm4EqM\/edit?usp=sharing\" target=\"_blank\" rel=\"noopener noreferrer\">diapositivas de google<\/a>&#8211;\u00a0view in &#8220;Present&#8221; mode)<\/span><\/li>\n<li>Agenda del entrenador <a href=\"https:\/\/drive.google.com\/file\/d\/1BiLUjXRvBQo2XO3Sr07ZWJQoayp_uB97\/view?usp=sharing\" target=\"_blank\" rel=\"noopener noreferrer\">(Doc)<\/a><\/li>\n<li>Agenda <a href=\"https:\/\/drive.google.com\/file\/d\/10VgfOX8JrOh5pnugxKMzHdQOSBQ4HE6B\/view?usp=sharing\" target=\"_blank\" rel=\"noopener noreferrer\">(Doc)<\/a><\/li>\n<li>Diapositivas <a href=\"https:\/\/docs.google.com\/presentation\/d\/1tIZYp_r5CmWjslxfhS_9WJsRx9Vnkp3H1kjjBMTb4n4\/edit?usp=sharing\" target=\"_blank\" rel=\"noopener noreferrer\">(diapositivas de google<\/a>)<\/li>\n<li>Frases de actividad en el que la gente habla primero (<a href=\"\/wp-content\/uploads\/2020\/01\/Aug 7 ABAWD Training People first activity phrases.pdf\" target=\"_blank\" rel=\"noopener noreferrer\">Doc<\/a>)<\/li>\n<li>Preguntas y respuestas del juego de cara o cruz (<a href=\"https:\/\/drive.google.com\/file\/d\/11mb5OORDfCFQSl1TCyL7QeWNh6YmdTfd\/view?usp=sharing\" target=\"_blank\" rel=\"noopener noreferrer\">Doc<\/a>)<\/li>\n<li>Folleto web de elegibilidad para ABAWD (<a href=\"https:\/\/drive.google.com\/file\/d\/1Z30c6XD9TezOL8MIlBAZKTDp5-3Ux3dn\/view?usp=sharing\" target=\"_blank\" rel=\"noopener noreferrer\">Doc<\/a>)<\/li>\n<li>Escenarios de formaci\u00f3n 1 <a href=\"https:\/\/drive.google.com\/file\/d\/1uAPQCEkgVr7HNsNgkK9Axdm7LT5411PL\/view?usp=sharing\" target=\"_blank\" rel=\"noopener noreferrer\">(Doc)<\/a><\/li>\n<li>Escenarios de entrenamiento 2 (<a href=\"https:\/\/drive.google.com\/file\/d\/1ZsvMOyfMow2a0qQo6o2FDM6atcNoUN5a\/view?usp=sharing\" target=\"_blank\" rel=\"noopener noreferrer\">Doc<\/a>)<\/li>\n<li>Tarjetas de juego ABAWD Pyramid (<a href=\"https:\/\/drive.google.com\/file\/d\/1ifLC7DzNCi6kUYbZTx_JuhywD_wn_trE\/view?usp=sharing\" target=\"_blank\" rel=\"noopener noreferrer\">PowerPoint<\/a>)<\/li>\n<li>3-2-1 Folleto de reflexi\u00f3n del final del d\u00eda (<a href=\"https:\/\/drive.google.com\/file\/d\/1OOm2CfXIS6meNSrcZGzChldiaWlGVKtE\/view?usp=sharing\" target=\"_blank\" rel=\"noopener noreferrer\">Doc<\/a>)<\/li>\n<li>Evaluaci\u00f3n\u00a0<a href=\"https:\/\/drive.google.com\/file\/d\/17H02S5w7dF4eDRlXEmNIqqwtASl6cFn9\/view?usp=sharing\" target=\"_blank\" rel=\"noopener noreferrer\">(Doc)<\/a><\/li>\n<\/ol>\n<p><strong>2018 Materiales de capacitaci\u00f3n para los pa\u00edses implementadores:<\/strong><\/p>\n<ol class=\"rteindent1\">\n<li>Agenda del entrenador <a href=\"\/wp-content\/uploads\/2018\/10\/1. Trainer Agenda.docx\" target=\"_blank\" rel=\"noopener noreferrer\">(Doc)<\/a><\/li>\n<li>Agenda <a href=\"\/wp-content\/uploads\/2018\/10\/2. Agenda.docx\" target=\"_blank\" rel=\"noopener noreferrer\">(Doc)<\/a><\/li>\n<li>Diapositivas <a href=\"https:\/\/docs.google.com\/presentation\/d\/1WfBCoGurJ4qxT8pXrx5MvPRTaVtaJysmt1n3IZJ2WWU\/edit#slide=id.p1\" target=\"_blank\" rel=\"noopener noreferrer\">(ppt)<\/a><\/li>\n<li>ABAWD 101 respuestas <a href=\"\/wp-content\/uploads\/2018\/10\/4. ABAWD 101 answers.docx\" target=\"_blank\" rel=\"noopener noreferrer\">(Doc)<\/a><\/li>\n<li>Frases de actividad Words Matter <a href=\"\/wp-content\/uploads\/2018\/10\/5. Words Matter activity phrases.docx\" target=\"_blank\" rel=\"noopener noreferrer\">(Doc)<\/a><\/li>\n<li>Creative Teach in\u00a0Handout &#8211; 11&#8243; x 17&#8243; <a href=\"\/wp-content\/uploads\/2018\/10\/6. Creative Teach In Handout.docx\" target=\"_blank\" rel=\"noopener noreferrer\">(Doc)<\/a><\/li>\n<li>Creative Teach in\u00a0Handout answer key &#8211; 11&#8243; x 17&#8243; <a href=\"\/wp-content\/uploads\/2018\/10\/7. Creative Teach In Handout answer key.docx\" target=\"_blank\" rel=\"noopener noreferrer\">(Doc)<\/a><\/li>\n<li>Escenario modelo <a href=\"\/wp-content\/uploads\/2018\/10\/8. Model Scenario.docx\" target=\"_blank\" rel=\"noopener noreferrer\">(Doc)<\/a><\/li>\n<li>Escenarios de entrenamiento <a href=\"\/wp-content\/uploads\/2018\/10\/9. Training Scenarios.docx\" target=\"_blank\" rel=\"noopener noreferrer\">(Doc)<\/a><\/li>\n<li>Tarjetas de juego ABAWD <a href=\"\/wp-content\/uploads\/2018\/10\/10. ABAWD game cards (doc).docx\" target=\"_blank\" rel=\"noopener noreferrer\">(Doc)<\/a> <a href=\"\/wp-content\/uploads\/2018\/10\/10. ABAWD game cards (pdf).PDF\" target=\"_blank\" rel=\"noopener noreferrer\">(pdf)<\/a><\/li>\n<li>Clave de respuestas del juego ABAWD <a href=\"\/wp-content\/uploads\/2018\/10\/11. ABAWD Game answer key.docx\" target=\"_blank\" rel=\"noopener noreferrer\">(Doc)<\/a><\/li>\n<li>Evaluaci\u00f3n <a href=\"\/wp-content\/uploads\/2018\/10\/12. Evaluation.docx\" target=\"_blank\" rel=\"noopener noreferrer\">(Doc)<\/a><\/li>\n<\/ol>\n<p><strong>2018 Materiales de capacitaci\u00f3n para condados que no implementan:<\/strong><\/p>\n<ol class=\"rteindent1\">\n<li>Agenda del entrenador <a href=\"\/wp-content\/uploads\/2018\/10\/1. Trainer Agenda nic.docx\" target=\"_blank\" rel=\"noopener noreferrer\">(Doc)<\/a><\/li>\n<li>Agenda <a href=\"\/wp-content\/uploads\/2018\/10\/2. Agenda nic.docx\" target=\"_blank\" rel=\"noopener noreferrer\">(Doc)<\/a><\/li>\n<li>Diapositivas <a href=\"https:\/\/docs.google.com\/presentation\/d\/13JZ-6LGEiuthhmZcNgQqEI7OFdkoS8-EKBUBI2Iyj40\/edit?usp=sharing\" target=\"_blank\" rel=\"noopener noreferrer\">(ppt)<\/a><\/li>\n<li>ABAWD 101 respuestas <a href=\"\/wp-content\/uploads\/2018\/10\/4. ABAWD 101 answers nic.docx\" target=\"_blank\" rel=\"noopener noreferrer\">(Doc)<\/a><\/li>\n<li>Frases de actividad Words Matter <a href=\"\/wp-content\/uploads\/2018\/10\/5. Words Matter activity phrases nic.docx\" target=\"_blank\" rel=\"noopener noreferrer\">(Doc)<\/a><\/li>\n<li>Creative Teach in\u00a0Handout &#8211; 11&#8243; x 17&#8243; <a href=\"\/wp-content\/uploads\/2018\/10\/6. Creative Teach In Handout nic.docx\" target=\"_blank\" rel=\"noopener noreferrer\">(Doc)<\/a><\/li>\n<li>Creative Teach in\u00a0Handout answer key &#8211; 11&#8243; x 17&#8243; <a href=\"\/wp-content\/uploads\/2018\/10\/7. Creative Teach In Handout answer key nic.docx\" target=\"_blank\" rel=\"noopener noreferrer\">(Doc)<\/a><\/li>\n<li>Escenario modelo <a href=\"\/wp-content\/uploads\/2018\/10\/8. Model Scenario nic.docx\" target=\"_blank\" rel=\"noopener noreferrer\">(Doc)<\/a><\/li>\n<li>Escenarios de entrenamiento <a href=\"\/wp-content\/uploads\/2018\/10\/9. Training Scenarios nic.docx\" target=\"_blank\" rel=\"noopener noreferrer\">(Doc)<\/a><\/li>\n<li>Tarjetas de juego ABAWD <a href=\"\/wp-content\/uploads\/2018\/10\/10. ABAWD game cards (doc) nic.docx\" target=\"_blank\" rel=\"noopener noreferrer\">(Doc)<\/a> <a href=\"\/wp-content\/uploads\/2018\/10\/10. ABAWD game cards (pdf) nic.PDF\" target=\"_blank\" rel=\"noopener noreferrer\">(pdf)<\/a><\/li>\n<li>Clave de respuestas del juego ABAWD <a href=\"\/wp-content\/uploads\/2018\/10\/11. ABAWD Game answer key nic.docx\" target=\"_blank\" rel=\"noopener noreferrer\">(Doc)<\/a><\/li>\n<li>Evaluaci\u00f3n <a href=\"\/wp-content\/uploads\/2018\/10\/12. Evaluation nic.docx\" target=\"_blank\" rel=\"noopener noreferrer\">(Doc)<\/a><\/li>\n<\/ol>\n<hr \/>\n<h3>Recursos de planificaci\u00f3n y promoci\u00f3n de ABAWD<\/h3>\n<p><strong>Materiales de antecedentes ABAWD:<\/strong><\/p>\n<ul>\n<li>Recursos del Departamento de Servicios Sociales de California (CDSS):\n<ul>\n<li>Pol\u00edtica ABAWD 101 - <a href=\"https:\/\/attendee.gotowebinar.com\/register\/7217060587937373186\">grabaci\u00f3n de seminarios web<\/a> y <a href=\"\/wp-content\/uploads\/2020\/02\/ABAWD Policy 101 - CDSS webinar 2.4.2020.pdf\">Cubierta de PPT<\/a>\u00a0(2\/4\/2020)<\/li>\n<li><a href=\"https:\/\/www.cdss.ca.gov\/inforesources\/calfresh\/abawd\">Recursos ABAWD<\/a><\/li>\n<li><a href=\"https:\/\/www.cdss.ca.gov\/inforesources\/calfresh-resource-center\/webinars\/abawd\">Seminarios web ABAWD<\/a><\/li>\n<\/ul>\n<\/li>\n<li><a href=\"https:\/\/www.youtube.com\/watch?v=dEv54MCr8VU&amp;feature=youtu.be\">Video ABAWD del condado de Contra Costa<\/a><\/li>\n<\/ul>\n<p><strong>Herramientas para la promoci\u00f3n:<\/strong><\/p>\n<ul>\n<li><a href=\"https:\/\/docs.google.com\/document\/d\/1acFd8Km14BNqfgZgUAQvF7MQzUQRfwYTYUHOChoepMw\/edit\">Gu\u00eda de discusi\u00f3n<\/a> para CBO y condados<\/li>\n<\/ul>\n<p><strong>Recursos del condado de Contra Costa:<\/strong><\/p>\n<ul>\n<li><a href=\"https:\/\/www.foodbankccs.org\/wp-content\/uploads\/2019\/09\/2019-ABAWD-Volunteer-Hours-Verification-Form.pdf\">Hoja de seguimiento de horas de voluntariado<\/a><\/li>\n<li><a href=\"https:\/\/www.foodbankccs.org\/wp-content\/uploads\/2019\/08\/Simplified-ABAWD-Screener.pdf\">Cuestionario de selecci\u00f3n para trabajadores de extensi\u00f3n<\/a><\/li>\n<li><a href=\"https:\/\/www.foodbankccs.org\/wp-content\/uploads\/2019\/06\/ABAWD-Verifications-Cheat-Sheet.pdf\">C\u00f3mo verificar las exenciones de la regla ABAWD<\/a><\/li>\n<li><a href=\"https:\/\/www.foodbankccs.org\/wp-content\/uploads\/2019\/06\/Medical-Exemption-Form.pdf\">Formulario de verificaci\u00f3n de exenciones m\u00e9dicas<\/a><\/li>\n<li><a href=\"https:\/\/www.foodbankccs.org\/wp-content\/uploads\/2019\/11\/Contra-Costa-ABAWD-Client-Screening-tool.pdf\">Inspector oficial del condado<\/a><\/li>\n<li><a href=\"https:\/\/volunteer.foodbankccs.org\/abawd\">P\u00e1gina de voluntarios del banco de alimentos para personas sujetas a la regla ABAWD<\/a><\/li>\n<li><a href=\"https:\/\/ehsd.org\/wp-content\/uploads\/2020\/02\/ImpactBrief_ABAWD_Feb2020_FINAL_interactive.pdf\">Informe de impacto ABAWD<\/a><\/li>\n<\/ul>\n<p><strong>Recursos del condado de Alameda:<\/strong><\/p>\n<ul>\n<li><a href=\"https:\/\/alamedasocialservices.org\/public\/services\/employment_and_training\/CalFreshEmploymentTraining.cfm\">Con\u00e9ctese a E&amp;T<\/a><\/li>\n<li>Encuesta de requisitos laborales de CalFresh (<a href=\"https:\/\/acsearch.acgov.org\/s\/redirect?collection=ssa&amp;url=https%3A%2F%2Fwww.alamedasocialservices.org%2Fpublic%2Fservices%2Ffood_assistance%2Fdocs%2FAble-Bodied_Adult_Without_Dependents_Client_Exemption_Survey%281%29.docx&amp;auth=ix1hwcNPCvZMaPEp646gSg&amp;profile=ssa&amp;rank=6&amp;query=abawd\">Ingl\u00e9s<\/a>, <a href=\"https:\/\/acsearch.acgov.org\/s\/redirect?collection=ssa&amp;url=https%3A%2F%2Fwww.alamedasocialservices.org%2Fpublic%2Fservices%2Ffood_assistance%2Fdocs%2FSpanish_Able-Bodied_Adult_Without_Dependents_Client_Exemption_Survey.docx&amp;auth=FmaAl9IfcHA7vvdNvhTbIg&amp;profile=ssa&amp;rank=7&amp;query=abawd\">Espa\u00f1ol<\/a>, <a href=\"https:\/\/acsearch.acgov.org\/s\/redirect?collection=ssa&amp;url=https%3A%2F%2Fwww.alamedasocialservices.org%2Fpublic%2Fservices%2Ffood_assistance%2Fdocs%2FFarsi_Able-Bodied_Adult_Without_Dependents_Client_Exemption_Survey.docx&amp;auth=Mob%2BWRKsFAfRi5DA3W1evw&amp;profile=ssa&amp;rank=8&amp;query=abawd\">Farsi<\/a>, <a href=\"https:\/\/acsearch.acgov.org\/s\/redirect?collection=ssa&amp;url=https%3A%2F%2Fwww.alamedasocialservices.org%2Fpublic%2Fservices%2Ffood_assistance%2Fdocs%2FTagalog_Able-Bodied_Adult_Without_Dependents_Client_Exemption_Survey.docx&amp;auth=kLiIj5QtgE52%2FaergWcVzg&amp;profile=ssa&amp;rank=9&amp;query=abawd\">Tagalo<\/a>, <a href=\"https:\/\/acsearch.acgov.org\/s\/redirect?collection=ssa&amp;url=https%3A%2F%2Fwww.alamedasocialservices.org%2Fpublic%2Fservices%2Ffood_assistance%2Fdocs%2FVietnamese_Able-Bodied_Adult_Without_Dependents_Client_Exemption_Survey.doc&amp;auth=lE9aMNoA7LCsSKF9Gfd6PQ&amp;profile=ssa&amp;rank=10&amp;query=abawd\">Vietnamita<\/a>, <a href=\"https:\/\/acsearch.acgov.org\/s\/redirect?collection=ssa&amp;url=https%3A%2F%2Fwww.alamedasocialservices.org%2Fpublic%2Fservices%2Ffood_assistance%2Fdocs%2FTraditionalChinese_Able-Bodied_Adult_Without_Dependents_Client_Exemption_Survey.docx&amp;auth=fPUKeOBoDxK%2BL1p4ifVRPw&amp;profile=ssa&amp;rank=13&amp;query=abawd\">Chino tradicional<\/a>)<\/li>\n<\/ul>\n<p><strong>Recursos del condado de Santa Clara:<\/strong><\/p>\n<ul>\n<li><a href=\"https:\/\/www.sccgov.org\/sites\/ssa\/debs\/Pages\/abawd.aspx\">Sitio web de County ABAWD<\/a><\/li>\n<li><a href=\"https:\/\/www.sccgov.org\/sites\/ssa\/debs\/Pages\/cfet.aspx\">Sitio web de CalFresh E&amp;T<\/a><\/li>\n<li><a href=\"https:\/\/www.sccgov.org\/sites\/ssa\/debs\/Pages\/abawd_client_survey.aspx\">Encuesta de clientes para la exenci\u00f3n de ABAWD<\/a><\/li>\n<\/ul>\n<p><strong>Recursos del condado de San Francisco:<\/strong><\/p>\n<ul>\n<li><a href=\"https:\/\/www.sfhsa.org\/calfresh\/keeping-calfresh-benefits\/CalFresh-work-rules\/calfresh-work-rules-resources\">P\u00e1gina de recursos ABAWD del condado de SF<\/a><\/li>\n<li><a href=\"http:\/\/mackcenter.berkeley.edu\/sites\/default\/files\/san_francisco_human_service_agencys_calfresh_employment_and_training_program_1.pdf\">Documento sobre CalFresh E&amp;T\u00a0<\/a><\/li>\n<\/ul>","protected":false},"excerpt":{"rendered":"<p>Federal ABAWD Rule UPDATE (02\/01\/2025): USDA FNS approved California\u2019s one-year statewide ABAWD time limit waiver request starting February 1, 2025 [&hellip;]<\/p>\n","protected":false},"author":1,"featured_media":0,"parent":0,"menu_order":0,"comment_status":"closed","ping_status":"closed","template":"","meta":{"_acf_changed":false,"_seopress_robots_primary_cat":"","_seopress_titles_title":"","_seopress_titles_desc":"","_seopress_robots_index":"","_searchwp_excluded":"","footnotes":""},"class_list":["post-3546","page","type-page","status-publish","hentry"],"acf":[],"_links":{"self":[{"href":"https:\/\/www.cafoodbanks.org\/es\/wp-json\/wp\/v2\/pages\/3546","targetHints":{"allow":["GET"]}}],"collection":[{"href":"https:\/\/www.cafoodbanks.org\/es\/wp-json\/wp\/v2\/pages"}],"about":[{"href":"https:\/\/www.cafoodbanks.org\/es\/wp-json\/wp\/v2\/types\/page"}],"author":[{"embeddable":true,"href":"https:\/\/www.cafoodbanks.org\/es\/wp-json\/wp\/v2\/users\/1"}],"replies":[{"embeddable":true,"href":"https:\/\/www.cafoodbanks.org\/es\/wp-json\/wp\/v2\/comments?post=3546"}],"version-history":[{"count":6,"href":"https:\/\/www.cafoodbanks.org\/es\/wp-json\/wp\/v2\/pages\/3546\/revisions"}],"predecessor-version":[{"id":52504,"href":"https:\/\/www.cafoodbanks.org\/es\/wp-json\/wp\/v2\/pages\/3546\/revisions\/52504"}],"wp:attachment":[{"href":"https:\/\/www.cafoodbanks.org\/es\/wp-json\/wp\/v2\/media?parent=3546"}],"curies":[{"name":"wp","href":"https:\/\/api.w.org\/{rel}","templated":true}]}}