{"id":3550,"date":"2018-04-12T19:50:29","date_gmt":"2018-04-12T19:50:29","guid":{"rendered":"http:\/\/localhost\/california-association-of-food-banks-opposes-snap-cuts-in-house-farm-bill\/"},"modified":"2020-11-18T18:45:20","modified_gmt":"2020-11-18T18:45:20","slug":"california-association-food-banks-opposes-snap-cuts-house-farm-bill","status":"publish","type":"page","link":"https:\/\/www.cafoodbanks.org\/es\/california-association-food-banks-opposes-snap-cuts-house-farm-bill\/","title":{"rendered":"La Asociaci\u00f3n de Bancos de Alimentos de California se opone a los recortes de SNAP en la ley agr\u00edcola de la casa"},"content":{"rendered":"<p>PARA PUBLICACI\u00d3N INMEDIATA<br \/>\n12 de abril de 2018<\/p>\n<p>Contacto con los medios: <a href=\"mailto:daniela@cafoodbanks.org?subject=Media%20Inquiry\">Daniela Ogden<\/a>, (510) 350-9919<\/p>\n<p>El presidente del Comit\u00e9 de Agricultura de la C\u00e1mara de Representantes, Michael Conaway (R-TX), public\u00f3 hoy su propuesta de Ley Agr\u00edcola 2018. El texto incluye varias propuestas que recortar\u00e1n o reducir\u00e1n los beneficios del Programa de Asistencia Nutricional Suplementaria para las familias de bajos ingresos, las personas mayores y los trabajadores con bajos salarios de California y trasladar\u00e1n esos d\u00f3lares de los hogares de bajos ingresos con dificultades para pagar una costosa burocracia requerida para hacer cumplir el trabajo duro. requisitos que aumentar\u00e1n el hambre y las penurias. La Asociaci\u00f3n de Bancos de Alimentos de California insta encarecidamente a todos los miembros de la Delegaci\u00f3n del Congreso de California a oponerse a cualquier recorte a SNAP y otros programas que ayuden a sacar a millones de californianos de la pobreza.<\/p>\n<p>SNAP (conocido como CalFresh en California) es la primera l\u00ednea de defensa de California contra el hambre, sacando a m\u00e1s de cuatro millones de californianos de la pobreza, incluidos dos millones de ni\u00f1os. A nivel nacional, SNAP y los dem\u00e1s programas de nutrici\u00f3n federales proporcionan 19 de las 20 comidas de emergencia. Los bancos de alimentos ya no satisfacen la necesidad restante de alimentos en California, y los recortes contenidos en este borrador empeorar\u00edan el hambre y la pobreza y sobrecargar\u00edan a\u00fan m\u00e1s el sistema de alimentos de caridad.<\/p>\n<p><span style=\"font-size:12pt\"><span style=\"font-family:&quot;Times New Roman&quot;,serif\"><span style=\"font-family:&quot;Calibri&quot;,sans-serif\">los <\/span><span style=\"font-family:&quot;Calibri&quot;,sans-serif\"><span style=\"color:black\">El proyecto de ley incluye varias propuestas que socavan o eliminan la fuerza, la eficiencia y el alcance de lo que hace que SNAP sea un \u00e9xito en California hoy:<\/span><\/span><\/span><\/span><\/p>\n<ul>\n<li><span style=\"font-size:12pt\"><span style=\"font-family:&quot;Times New Roman&quot;,serif\"><span style=\"font-family:&quot;Calibri&quot;,sans-serif\"><span style=\"color:black\">Limitar\u00eda dr\u00e1sticamente la elegibilidad categ\u00f3rica y alterar\u00eda la estructura del programa SNAP, una medida que eliminar\u00eda los beneficios de las familias trabajadoras de bajos ingresos con ni\u00f1os, exacerbar\u00eda el efecto de acantilado de expulsar r\u00e1pidamente a los hogares del programa cuando los hogares logran ingresos incluso modestos y eliminar\u00eda los ingresos directos de sus hijos. conexi\u00f3n con comidas escolares gratuitas;<\/span><\/span><\/span><\/span><\/li>\n<li><span style=\"font-size:12pt\"><span style=\"font-family:&quot;Times New Roman&quot;,serif\"><span style=\"font-family:&quot;Calibri&quot;,sans-serif\"><span style=\"color:black\">Reducir\u00eda los beneficios para los hogares de SNAP que luchan por &quot;calentar y comer&quot;, para pagar tanto los servicios p\u00fablicos como los alimentos; <\/span><\/span><\/span><\/span><\/li>\n<li><span style=\"font-size:12pt\"><span style=\"font-family:&quot;Times New Roman&quot;,serif\"><span style=\"font-family:&quot;Calibri&quot;,sans-serif\"><span style=\"color:black\">Incluir\u00eda requisitos onerosos y costosos para los minoristas; y <\/span><\/span><\/span><\/span><\/li>\n<li><span style=\"font-size:12pt\"><span style=\"font-family:&quot;Times New Roman&quot;,serif\"><span style=\"font-family:&quot;Calibri&quot;,sans-serif\"><span style=\"color:black\">Extender\u00eda los estrictos l\u00edmites de tiempo de tres meses para las personas que est\u00e1n desempleadas o subempleadas al extender la limitaci\u00f3n de los beneficios a los trabajadores mayores y los padres con hijos dependientes.<\/span><\/span><\/span><\/span><\/li>\n<\/ul>\n<p>&nbsp;<\/p>\n<p>Mientras millones de californianos luchan por cubrir sus necesidades b\u00e1sicas, la pobreza ser\u00eda mucho peor si no fuera por SNAP y otros programas de nutrici\u00f3n. Los programas federales contra el hambre son esenciales para prevenir el hambre, pero tambi\u00e9n para apoyar la vitalidad econ\u00f3mica de California, en particular las \u00e1reas rurales, ya que los beneficios se gastan y circulan en la comunidad.<\/p>\n<p>Est\u00e1 mal sacar comida de los refrigeradores y de las mesas de la cocina de los hogares de SNAP para pagar una burocracia costosa e impracticable para hacer cumplir las reglas estrictas que har\u00e1n que el empleo sea m\u00e1s dif\u00edcil de conseguir ya que los ex beneficiarios de SNAP pasan hambre. Ninguna reinversi\u00f3n en una burocracia de empleo y capacitaci\u00f3n u otros servicios \/ subvenciones pueden compensar este asalto a los presupuestos alimentarios de los californianos hambrientos.<\/p>\n<p>La propuesta del presidente tambi\u00e9n amenaza la exitosa y eficiente asociaci\u00f3n p\u00fablico-privada de SNAP que impuls\u00f3 aproximadamente $12 mil millones en actividad econ\u00f3mica el a\u00f1o pasado, todo mientras alimentaba a millones de californianos en apuros. SNAP, no la caridad privada, es la primera l\u00ednea contra el hambre. Por estas razones, la Asociaci\u00f3n de Bancos de Alimentos de California insta a los legisladores a rechazar cualquier recorte, subvenci\u00f3n en bloque o cambios estructurales a SNAP y otros programas b\u00e1sicos que ayudan a sacar a la gente de la pobreza y trabajar juntos para producir una Ley Agr\u00edcola unificada.<\/p>\n<p><strong>Acerca de la Asociaci\u00f3n de Bancos de Alimentos de California<\/strong><\/p>\n<p>La Asociaci\u00f3n de Bancos de Alimentos de California se asocia con 41 bancos de alimentos y m\u00e1s de 6,000 agencias locales. Nuestra misi\u00f3n es acabar con el hambre en California, y nuestra visi\u00f3n es una California bien nutrida y sin hambre, donde todas las personas tengan suficiente comida para llevar una vida saludable. Obtenga m\u00e1s informaci\u00f3n en&nbsp;<a href=\"\/es\/\">www.cafoodbanks.org<\/a>.<\/p>","protected":false},"excerpt":{"rendered":"<p>FOR IMMEDIATE RELEASE April 12, 2018 Media Contact: Daniela Ogden, (510) 350-9919 House Agriculture Committee Chairman Michael Conaway (R-TX) released [&hellip;]<\/p>\n","protected":false},"author":1,"featured_media":0,"parent":0,"menu_order":0,"comment_status":"closed","ping_status":"closed","template":"","meta":{"_acf_changed":false,"_seopress_robots_primary_cat":"","_seopress_titles_title":"","_seopress_titles_desc":"","_seopress_robots_index":"","_searchwp_excluded":"","footnotes":""},"class_list":["post-3550","page","type-page","status-publish","hentry"],"acf":[],"_links":{"self":[{"href":"https:\/\/www.cafoodbanks.org\/es\/wp-json\/wp\/v2\/pages\/3550","targetHints":{"allow":["GET"]}}],"collection":[{"href":"https:\/\/www.cafoodbanks.org\/es\/wp-json\/wp\/v2\/pages"}],"about":[{"href":"https:\/\/www.cafoodbanks.org\/es\/wp-json\/wp\/v2\/types\/page"}],"author":[{"embeddable":true,"href":"https:\/\/www.cafoodbanks.org\/es\/wp-json\/wp\/v2\/users\/1"}],"replies":[{"embeddable":true,"href":"https:\/\/www.cafoodbanks.org\/es\/wp-json\/wp\/v2\/comments?post=3550"}],"version-history":[{"count":1,"href":"https:\/\/www.cafoodbanks.org\/es\/wp-json\/wp\/v2\/pages\/3550\/revisions"}],"predecessor-version":[{"id":3844,"href":"https:\/\/www.cafoodbanks.org\/es\/wp-json\/wp\/v2\/pages\/3550\/revisions\/3844"}],"wp:attachment":[{"href":"https:\/\/www.cafoodbanks.org\/es\/wp-json\/wp\/v2\/media?parent=3550"}],"curies":[{"name":"wp","href":"https:\/\/api.w.org\/{rel}","templated":true}]}}