{"id":3552,"date":"2018-04-11T19:55:36","date_gmt":"2018-04-11T19:55:36","guid":{"rendered":"http:\/\/localhost\/kianna-and-colins-story\/"},"modified":"2018-04-11T19:55:36","modified_gmt":"2018-04-11T19:55:36","slug":"kianna-and-colins-story","status":"publish","type":"page","link":"https:\/\/www.cafoodbanks.org\/es\/kianna-and-colins-story\/","title":{"rendered":"La historia de Kianna y Colin"},"content":{"rendered":"<p><img decoding=\"async\" alt=\"\" src=\"\/ckfinder\/userfiles\/images\/kianna.jpg\" style=\"height:301px; width:450px\" \/><\/p>\n<p><span style=\"font-size:11pt\"><span style=\"font-family:Calibri,sans-serif\">Kianna y Colin descubrieron recientemente Food for People&#039;s Mobile Produce Pantry. Cuando los conoc\u00ed me dijeron \u201cEl motor de nuestra camioneta explot\u00f3. No hemos comido verduras frescas en dos semanas &quot;. Las sonrisas en sus rostros muestran su agradecimiento. Kianna trabaja para una organizaci\u00f3n local de rescate de animales y se gradu\u00f3 recientemente de la universidad con planes de obtener un t\u00edtulo de t\u00e9cnico farmac\u00e9utico en el oto\u00f1o. Colin tiene ansiedad social y trastorno de ansiedad generalizada, as\u00ed como depresi\u00f3n, por lo que no puede trabajar mucho o asistir a la escuela, ya que esto desencadena estas condiciones. Con la ayuda de CalFresh, por lo general, pueden comer lo suficiente para estar saludables, pero la reparaci\u00f3n de un autom\u00f3vil los oblig\u00f3 a elegir entre alimentos saludables y transporte. Viven en una comunidad rural con transporte p\u00fablico limitado (pr\u00e1cticamente inexistente) y una tienda de comestibles ubicada a 2 millas de la ciudad.<\/span><\/span><\/p>\n<p><span style=\"font-size:11pt\"><span style=\"font-family:Calibri,sans-serif\"><strong>Historia cortes\u00eda de <a href=\"https:\/\/www.foodforpeople.org\/\">Alimentos para la gente<\/a><\/strong><\/span><\/span><\/p>","protected":false},"excerpt":{"rendered":"<p>Kianna and Colin recently discovered Food for People&#8217;s Mobile Produce Pantry. When I met them they told me &#8220;The engine [&hellip;]<\/p>\n","protected":false},"author":1,"featured_media":0,"parent":0,"menu_order":0,"comment_status":"closed","ping_status":"closed","template":"","meta":{"_acf_changed":false,"_seopress_robots_primary_cat":"","_seopress_titles_title":"","_seopress_titles_desc":"","_seopress_robots_index":"","_searchwp_excluded":"","footnotes":""},"class_list":["post-3552","page","type-page","status-publish","hentry"],"acf":[],"_links":{"self":[{"href":"https:\/\/www.cafoodbanks.org\/es\/wp-json\/wp\/v2\/pages\/3552","targetHints":{"allow":["GET"]}}],"collection":[{"href":"https:\/\/www.cafoodbanks.org\/es\/wp-json\/wp\/v2\/pages"}],"about":[{"href":"https:\/\/www.cafoodbanks.org\/es\/wp-json\/wp\/v2\/types\/page"}],"author":[{"embeddable":true,"href":"https:\/\/www.cafoodbanks.org\/es\/wp-json\/wp\/v2\/users\/1"}],"replies":[{"embeddable":true,"href":"https:\/\/www.cafoodbanks.org\/es\/wp-json\/wp\/v2\/comments?post=3552"}],"version-history":[{"count":0,"href":"https:\/\/www.cafoodbanks.org\/es\/wp-json\/wp\/v2\/pages\/3552\/revisions"}],"wp:attachment":[{"href":"https:\/\/www.cafoodbanks.org\/es\/wp-json\/wp\/v2\/media?parent=3552"}],"curies":[{"name":"wp","href":"https:\/\/api.w.org\/{rel}","templated":true}]}}