{"id":3554,"date":"2018-02-06T17:40:26","date_gmt":"2018-02-06T17:40:26","guid":{"rendered":"http:\/\/localhost\/psa-for-ventura-and-santa-barbara-disaster-calfresh\/"},"modified":"2020-11-18T18:52:49","modified_gmt":"2020-11-18T18:52:49","slug":"psa-ventura-and-santa-barbara-disaster-calfresh","status":"publish","type":"page","link":"https:\/\/www.cafoodbanks.org\/es\/psa-ventura-and-santa-barbara-disaster-calfresh\/","title":{"rendered":"PSA para Ventura y Santa Barbara Disaster CalFresh"},"content":{"rendered":"<p>Martes 6 de febrero de 2018<\/p>\n<p class=\"rteright\">Contacto de prensa: Daniela Ogden, (510) 350-9919<br \/>\ndaniela@cafoodbanks.org<\/p>\n<h2 class=\"rtecenter\">Anuncio de servicio p\u00fablico de CalFresh para desastres de 60 segundos<\/h2>\n<p>\u00bfFue afectado por los incendios o deslizamientos de tierra? Si es as\u00ed, puede calificar para Disaster CalFresh, que brinda asistencia alimentaria temporal a las personas que se recuperan de los desastres. Las personas que califican reciben una tarjeta de d\u00e9bito con fondos que pueden usarse para comprar alimentos. Los beneficios est\u00e1n disponibles para cualquier persona que viva o trabaje en los condados de Ventura o Santa B\u00e1rbara y que experiment\u00f3 una p\u00e9rdida debido a Thomas Fire en diciembre o al deslizamiento de tierra en enero. Las personas que generalmente no son elegibles para CalFresh pueden calificar para CalFresh en caso de desastre. Para recibir los beneficios, debe solicitarlos antes del 14 de febrero. Para solicitarlos, visite la oficina de servicios sociales de su localidad. Este mensaje lo recibe la Asociaci\u00f3n de Bancos de Alimentos de California.<\/p>\n<h2 class=\"rtecenter\">Anuncio de servicio p\u00fablico de CalFresh para desastres de 30 segundos<\/h2>\n<p>\u00bfFue afectado por los incendios o deslizamientos de tierra? Entonces, puede calificar para Disaster CalFresh, que brinda asistencia alimentaria temporal a las personas que se recuperan de los desastres. Solicite en su oficina local de servicios sociales antes del 14 de febrero. Este mensaje lo recibe la Asociaci\u00f3n de Bancos de Alimentos de California.<\/p>\n<p><a href=\"\/wp-content\/uploads\/2018\/02\/D-CalFresh-OutreachFlyerTemplateEnglish-FINAL.PDF\">Folleto informativo en ingl\u00e9s<\/a><\/p>\n<p><a href=\"\/wp-content\/uploads\/2018\/02\/D-CalFresh-OutreachFlyerTemplateSpanish-FINAL.pdf\">Folleto informativo en espa\u00f1ol<\/a><\/p>","protected":false},"excerpt":{"rendered":"<p>Tuesday, February 6, 2018 Media contact: Daniela Ogden, (510) 350-9919 daniela@cafoodbanks.org 60-second Disaster CalFresh PSA Were you affected by the [&hellip;]<\/p>\n","protected":false},"author":1,"featured_media":0,"parent":0,"menu_order":0,"comment_status":"closed","ping_status":"closed","template":"","meta":{"_acf_changed":false,"_seopress_robots_primary_cat":"","_seopress_titles_title":"","_seopress_titles_desc":"","_seopress_robots_index":"","_searchwp_excluded":"","footnotes":""},"class_list":["post-3554","page","type-page","status-publish","hentry"],"acf":[],"_links":{"self":[{"href":"https:\/\/www.cafoodbanks.org\/es\/wp-json\/wp\/v2\/pages\/3554","targetHints":{"allow":["GET"]}}],"collection":[{"href":"https:\/\/www.cafoodbanks.org\/es\/wp-json\/wp\/v2\/pages"}],"about":[{"href":"https:\/\/www.cafoodbanks.org\/es\/wp-json\/wp\/v2\/types\/page"}],"author":[{"embeddable":true,"href":"https:\/\/www.cafoodbanks.org\/es\/wp-json\/wp\/v2\/users\/1"}],"replies":[{"embeddable":true,"href":"https:\/\/www.cafoodbanks.org\/es\/wp-json\/wp\/v2\/comments?post=3554"}],"version-history":[{"count":1,"href":"https:\/\/www.cafoodbanks.org\/es\/wp-json\/wp\/v2\/pages\/3554\/revisions"}],"predecessor-version":[{"id":3874,"href":"https:\/\/www.cafoodbanks.org\/es\/wp-json\/wp\/v2\/pages\/3554\/revisions\/3874"}],"wp:attachment":[{"href":"https:\/\/www.cafoodbanks.org\/es\/wp-json\/wp\/v2\/media?parent=3554"}],"curies":[{"name":"wp","href":"https:\/\/api.w.org\/{rel}","templated":true}]}}