{"id":3557,"date":"2017-11-21T17:27:54","date_gmt":"2017-11-21T17:27:54","guid":{"rendered":"http:\/\/localhost\/san-diego-food-bank-ceo-james-floros-elected-board-chair-of-california-association-of-food-banks\/"},"modified":"2020-11-18T18:53:01","modified_gmt":"2020-11-18T18:53:01","slug":"san-diego-food-bank-ceo-james-floros-elected-board-chair-california-association-food-banks","status":"publish","type":"page","link":"https:\/\/www.cafoodbanks.org\/es\/san-diego-food-bank-ceo-james-floros-elected-board-chair-california-association-food-banks\/","title":{"rendered":"Director ejecutivo de San Diego Food Bank, James Floros, presidente electo de la junta de la Asociaci\u00f3n de Bancos de Alimentos de California"},"content":{"rendered":"<p><strong>PARA PUBLICACI\u00d3N INMEDIATA<\/strong><br \/>\n7 de noviembre de 2017<\/p>\n<h2 align=\"center\">Director ejecutivo de San Diego Food Bank, James Floros, presidente electo de la junta de la Asociaci\u00f3n de Bancos de Alimentos de California<\/h2>\n<p align=\"center\"><span style=\"font-size:14px;\"><em>Floros liderar\u00e1 la asociaci\u00f3n de miembros a nivel estatal compuesta por 41 bancos de alimentos de California.<br \/>\nCAFB lidera la promoci\u00f3n estatal en Sacramento y distribuye anualmente 160 millones de libras de productos frescos a los bancos de alimentos de California.<\/em><\/span><\/p>\n<p><em>Oakland<\/em> - El director ejecutivo de Jacobs &amp; Cushman San Diego Food Bank, James Floros, fue elegido presidente de la junta directiva de la Asociaci\u00f3n de Bancos de Alimentos de California en una reuni\u00f3n de su junta directiva.<\/p>\n<p>La Asociaci\u00f3n de Bancos de Alimentos de California (CAFB) es una asociaci\u00f3n de 41 bancos de alimentos miembros en todo el estado de California. CAFB ofrece a sus bancos de alimentos miembros una variedad de servicios de apoyo, programas de servicio directo y defensores de los bancos de alimentos de California a nivel estatal y federal.<\/p>\n<p>Cada a\u00f1o, CAFB distribuye m\u00e1s de 160 millones de libras de productos frescos a su red de bancos de alimentos miembros en todo el estado a trav\u00e9s de su programa insignia De la granja a la familia. El programa evita que los llamados &quot;productos feos&quot;, que no cumplen con las estrictas pautas de tama\u00f1o y apariencia de los minoristas de alimentos, se desperdicien al redirigirlos a los bancos de alimentos del estado para su distribuci\u00f3n a los californianos necesitados.<\/p>\n<p>CAFB defiende activamente a nivel estatal y federal la legislaci\u00f3n contra el hambre y los programas de alivio del hambre. Entre sus recientes \u00e9xitos legislativos, CAFB lider\u00f3 los esfuerzos para crear el Programa CalFood del estado que proporciona decenas de millones de libras de alimentos producidos en California a los bancos de alimentos del estado. CAFB abog\u00f3 con \u00e9xito por pol\u00edticas para agilizar la administraci\u00f3n y la inscripci\u00f3n de CalFresh, y copatrocin\u00f3 la legislaci\u00f3n para prevenir el desperdicio de alimentos al establecer protecciones de responsabilidad estatal para los donantes de alimentos.<\/p>\n<p>La directora ejecutiva de CAFB, Sue Sigler, dijo: \u201cComo director ejecutivo de una organizaci\u00f3n sin fines de lucro con 33 a\u00f1os de experiencia, Jim trae consigo una gran cantidad de experiencia en administraci\u00f3n estrat\u00e9gica, recaudaci\u00f3n de fondos, operaciones y desarrollo de directorios. Estamos encantados de que Jim lidere nuestra Junta Directiva a medida que continuamos expandiendo nuestros programas y servicios a nuestros bancos de alimentos miembros y abogando a nivel estatal y federal \u201d. &nbsp;&nbsp;&nbsp;<\/p>\n<p>Al comentar sobre su nombramiento, James Floros dijo: \u201cMillones de californianos que enfrentan inseguridad alimentaria conf\u00edan en CAFB y sus bancos de alimentos miembros para poner comida en la mesa. CAFB desempe\u00f1a un papel de apoyo fundamental para los bancos de alimentos en todo el estado a trav\u00e9s de su programa Farm to Family y su labor de promoci\u00f3n. Me siento honrado y honrado de asumir un rol de liderazgo tan importante en CAFB y espero poder ayudar a CAFB a continuar operando desde una posici\u00f3n de fortaleza \u201d.<\/p>\n<p>Desde que fue nombrado CEO del Banco de Alimentos de San Diego, Floros ha presidido una importante expansi\u00f3n de los programas del Banco de Alimentos, mejoras de vanguardia en las instalaciones y un aumento en la cantidad de personas atendidas por el Banco de Alimentos cada mes de 320,000 a 370,000.<\/p>\n<p>En 2015, Floros dirigi\u00f3 la adquisici\u00f3n del Banco de Alimentos del Norte del Condado de San Diego, que desde entonces ha duplicado la cantidad de alimentos que distribuye a las comunidades del Norte del Condado y alimenta a miles de familias m\u00e1s necesitadas cada mes.&nbsp;&nbsp;&nbsp;&nbsp;&nbsp;&nbsp;&nbsp;&nbsp;&nbsp;&nbsp;&nbsp;&nbsp;&nbsp;&nbsp;&nbsp;&nbsp;&nbsp;&nbsp;&nbsp;&nbsp;&nbsp;&nbsp;&nbsp;&nbsp;&nbsp;&nbsp;&nbsp;&nbsp;&nbsp;&nbsp;&nbsp;&nbsp;&nbsp;&nbsp;&nbsp;&nbsp;&nbsp;&nbsp;&nbsp;&nbsp;&nbsp;&nbsp;&nbsp;&nbsp;&nbsp;&nbsp;&nbsp;<\/p>\n<p>En 2016, Floros recibi\u00f3 el premio al director ejecutivo sin fines de lucro del a\u00f1o del San Diego Business Journal. Y actualmente se desempe\u00f1a como vicepresidente de la Junta Asesora de Servicios Sociales del Condado de San Diego.<\/p>\n<p>Floros dirigir\u00e1 la Junta Directiva en el mantenimiento de la supervisi\u00f3n de las operaciones de CAFB y ayudar\u00e1 a su CEO y equipo de pol\u00edticas a representar a sus miembros a nivel estatal y federal.<\/p>\n<p><strong>Acerca de la Asociaci\u00f3n de Bancos de Alimentos de California<\/strong><\/p>\n<p>La Asociaci\u00f3n de Bancos de Alimentos de California se asocia con 41 bancos de alimentos y m\u00e1s de 6,000 agencias locales. Nuestra misi\u00f3n es acabar con el hambre en California, y nuestra visi\u00f3n es una California bien nutrida y sin hambre, donde todas las personas tengan suficiente comida para llevar una vida saludable. Obtenga m\u00e1s informaci\u00f3n en&nbsp;<a href=\"\/es\/\">www.cafoodbanks.org<\/a>.<\/p>\n<p class=\"rtecenter\">###<\/p>","protected":false},"excerpt":{"rendered":"<p>FOR IMMEDIATE RELEASE November 7, 2017 San Diego Food Bank CEO, James Floros, Elected Board Chair of California Association of [&hellip;]<\/p>\n","protected":false},"author":1,"featured_media":0,"parent":0,"menu_order":0,"comment_status":"closed","ping_status":"closed","template":"","meta":{"_acf_changed":false,"_seopress_robots_primary_cat":"","_seopress_titles_title":"","_seopress_titles_desc":"","_seopress_robots_index":"","_searchwp_excluded":"","footnotes":""},"class_list":["post-3557","page","type-page","status-publish","hentry"],"acf":[],"_links":{"self":[{"href":"https:\/\/www.cafoodbanks.org\/es\/wp-json\/wp\/v2\/pages\/3557","targetHints":{"allow":["GET"]}}],"collection":[{"href":"https:\/\/www.cafoodbanks.org\/es\/wp-json\/wp\/v2\/pages"}],"about":[{"href":"https:\/\/www.cafoodbanks.org\/es\/wp-json\/wp\/v2\/types\/page"}],"author":[{"embeddable":true,"href":"https:\/\/www.cafoodbanks.org\/es\/wp-json\/wp\/v2\/users\/1"}],"replies":[{"embeddable":true,"href":"https:\/\/www.cafoodbanks.org\/es\/wp-json\/wp\/v2\/comments?post=3557"}],"version-history":[{"count":1,"href":"https:\/\/www.cafoodbanks.org\/es\/wp-json\/wp\/v2\/pages\/3557\/revisions"}],"predecessor-version":[{"id":3875,"href":"https:\/\/www.cafoodbanks.org\/es\/wp-json\/wp\/v2\/pages\/3557\/revisions\/3875"}],"wp:attachment":[{"href":"https:\/\/www.cafoodbanks.org\/es\/wp-json\/wp\/v2\/media?parent=3557"}],"curies":[{"name":"wp","href":"https:\/\/api.w.org\/{rel}","templated":true}]}}