{"id":3559,"date":"2017-10-09T19:54:26","date_gmt":"2017-10-09T19:54:26","guid":{"rendered":"http:\/\/localhost\/statement-on-the-house-fy-2018-budget-resolution\/"},"modified":"2020-11-18T18:53:22","modified_gmt":"2020-11-18T18:53:22","slug":"statement-house-fy-2018-budget-resolution","status":"publish","type":"page","link":"https:\/\/www.cafoodbanks.org\/es\/statement-house-fy-2018-budget-resolution\/","title":{"rendered":"Declaraci\u00f3n sobre la resoluci\u00f3n del presupuesto de la C\u00e1mara para el a\u00f1o fiscal 2018"},"content":{"rendered":"<p style=\"margin: 0px 0px 14px; padding: 0px; border: 0px; outline: 0px; font-size: 14px; vertical-align: baseline; background-image: initial; background-position: initial; background-size: initial; background-repeat: initial; background-attachment: initial; background-origin: initial; background-clip: initial; color: rgb(111, 111, 111); font-family: Ubuntu, sans-serif;\"><strong>PARA PUBLICACI\u00d3N INMEDIATA<\/strong><br \/>\n9 de octubre de 2017<\/p>\n<p style=\"margin: 0px 0px 14px; padding: 0px; border: 0px; outline: 0px; font-size: 14px; vertical-align: baseline; background-image: initial; background-position: initial; background-size: initial; background-repeat: initial; background-attachment: initial; background-origin: initial; background-clip: initial; color: rgb(111, 111, 111); font-family: Ubuntu, sans-serif;\"><em style=\"margin: 0px; padding: 0px; border: 0px; outline: 0px; vertical-align: baseline; background: transparent;\">De Sue Sigler, directora ejecutiva<\/em><\/p>\n<p style=\"margin: 0px 0px 14px; padding: 0px; border: 0px; outline: 0px; font-size: 14px; vertical-align: baseline; background-image: initial; background-position: initial; background-size: initial; background-repeat: initial; background-attachment: initial; background-origin: initial; background-clip: initial; color: rgb(111, 111, 111); font-family: Ubuntu, sans-serif;\">La semana pasada, la C\u00e1mara de Representantes de EE. UU. Aprob\u00f3 una Resoluci\u00f3n de presupuesto para el a\u00f1o fiscal federal 2018, incluido el apoyo de la delegaci\u00f3n de California. La Asociaci\u00f3n de Bancos de Alimentos de California est\u00e1 profundamente decepcionada por esta votaci\u00f3n y se opone a cualquier recorte a SNAP y otros programas de redes de seguridad que ayudan a cumplir con nuestra misi\u00f3n de acabar con el hambre en California.<\/p>\n<p style=\"margin: 0px 0px 14px; padding: 0px; border: 0px; outline: 0px; font-size: 14px; vertical-align: baseline; background-image: initial; background-position: initial; background-size: initial; background-repeat: initial; background-attachment: initial; background-origin: initial; background-clip: initial; color: rgb(111, 111, 111); font-family: Ubuntu, sans-serif;\">Si se promulga como ley, este presupuesto recortar\u00eda el Programa de Asistencia Nutricional Suplementaria (CalFresh en California), la Disposici\u00f3n de Elegibilidad Comunitaria de comidas escolares, Medicaid, Seguridad de Ingreso Suplementario y otros programas de red de seguridad social vitales para acabar con el hambre y la pobreza. Al mismo tiempo, la Resoluci\u00f3n establecer\u00eda un proceso de recortes de impuestos inclinado a los estadounidenses m\u00e1s ricos. Estas medidas radicales castigar\u00e1n a millones de los residentes m\u00e1s vulnerables de California, incluidos ni\u00f1os, ancianos y personas con discapacidades.<\/p>\n<p style=\"margin: 0px 0px 14px; padding: 0px; border: 0px; outline: 0px; font-size: 14px; vertical-align: baseline; background-image: initial; background-position: initial; background-size: initial; background-repeat: initial; background-attachment: initial; background-origin: initial; background-clip: initial; color: rgb(111, 111, 111); font-family: Ubuntu, sans-serif;\">En un momento en que California tiene la tasa de pobreza suplementaria m\u00e1s alta de la naci\u00f3n de uno de cada cinco, que aumenta a uno de cada cuatro ni\u00f1os, y uno de cada ocho hogares enfrenta inseguridad alimentaria, es inconcebible que recort\u00e1ramos los programas probados para promover una California saludable.<\/p>\n<p style=\"margin: 0px 0px 14px; padding: 0px; border: 0px; outline: 0px; font-size: 14px; vertical-align: baseline; background-image: initial; background-position: initial; background-size: initial; background-repeat: initial; background-attachment: initial; background-origin: initial; background-clip: initial; color: rgb(111, 111, 111); font-family: Ubuntu, sans-serif;\">En 2016, SNAP solo sac\u00f3 de la pobreza a 800.000 californianos. SNAP trajo m\u00e1s de $7 mil millones en beneficios financiados por el gobierno federal al estado, lo que respalda unos 70,000 empleos a medida que estos beneficios se gastan y circulan en nuestras comunidades.<\/p>\n<p style=\"margin: 0px 0px 14px; padding: 0px; border: 0px; outline: 0px; font-size: 14px; vertical-align: baseline; background-image: initial; background-position: initial; background-size: initial; background-repeat: initial; background-attachment: initial; background-origin: initial; background-clip: initial; color: rgb(111, 111, 111); font-family: Ubuntu, sans-serif;\">No cometer errores; Estos recortes propuestos a los fondos federales abrumar\u00edan la infraestructura caritativa para aliviar el hambre. 19 de cada 20 comidas de emergencia provienen de los programas federales de nutrici\u00f3n, mientras que solo una de cada 20 proviene de bancos de alimentos y otros proveedores caritativos. Nunca podr\u00edamos llenar el vac\u00edo si estos programas fueran eliminados. En \u00faltima instancia, tendr\u00edamos que dar la espalda a nuestros vecinos cuando m\u00e1s nos necesiten.<\/p>\n<p style=\"margin: 0px 0px 14px; padding: 0px; border: 0px; outline: 0px; font-size: 14px; vertical-align: baseline; background-image: initial; background-position: initial; background-size: initial; background-repeat: initial; background-attachment: initial; background-origin: initial; background-clip: initial; color: rgb(111, 111, 111); font-family: Ubuntu, sans-serif;\">A medida que avanza el Presupuesto, hacemos un llamado a todos los miembros del Congreso de California para que rechacen las propuestas para cortar estos caminos comprobados para combatir el hambre y la pobreza. En cambio, debemos proteger y fortalecer estos programas vitales.<\/p>","protected":false},"excerpt":{"rendered":"<p>FOR IMMEDIATE RELEASE October 9, 2017 From Sue Sigler, Executive Director Last week, the U.S. House of Representatives passed a [&hellip;]<\/p>\n","protected":false},"author":1,"featured_media":0,"parent":0,"menu_order":0,"comment_status":"closed","ping_status":"closed","template":"","meta":{"_acf_changed":false,"_seopress_robots_primary_cat":"","_seopress_titles_title":"","_seopress_titles_desc":"","_seopress_robots_index":"","_searchwp_excluded":"","footnotes":""},"class_list":["post-3559","page","type-page","status-publish","hentry"],"acf":[],"_links":{"self":[{"href":"https:\/\/www.cafoodbanks.org\/es\/wp-json\/wp\/v2\/pages\/3559","targetHints":{"allow":["GET"]}}],"collection":[{"href":"https:\/\/www.cafoodbanks.org\/es\/wp-json\/wp\/v2\/pages"}],"about":[{"href":"https:\/\/www.cafoodbanks.org\/es\/wp-json\/wp\/v2\/types\/page"}],"author":[{"embeddable":true,"href":"https:\/\/www.cafoodbanks.org\/es\/wp-json\/wp\/v2\/users\/1"}],"replies":[{"embeddable":true,"href":"https:\/\/www.cafoodbanks.org\/es\/wp-json\/wp\/v2\/comments?post=3559"}],"version-history":[{"count":1,"href":"https:\/\/www.cafoodbanks.org\/es\/wp-json\/wp\/v2\/pages\/3559\/revisions"}],"predecessor-version":[{"id":3877,"href":"https:\/\/www.cafoodbanks.org\/es\/wp-json\/wp\/v2\/pages\/3559\/revisions\/3877"}],"wp:attachment":[{"href":"https:\/\/www.cafoodbanks.org\/es\/wp-json\/wp\/v2\/media?parent=3559"}],"curies":[{"name":"wp","href":"https:\/\/api.w.org\/{rel}","templated":true}]}}