{"id":3562,"date":"2017-09-13T00:32:12","date_gmt":"2017-09-13T00:32:12","guid":{"rendered":"http:\/\/localhost\/advocates-celebrate-40th-anniversary-of-food-stamp-act\/"},"modified":"2020-11-18T18:53:57","modified_gmt":"2020-11-18T18:53:57","slug":"advocates-celebrate-40th-anniversary-food-stamp-act","status":"publish","type":"page","link":"https:\/\/www.cafoodbanks.org\/es\/advocates-celebrate-40th-anniversary-food-stamp-act\/","title":{"rendered":"Los defensores celebran el 40 aniversario de la Ley de Cupones para Alimentos"},"content":{"rendered":"<p><strong>PARA PUBLICACI\u00d3N INMEDIATA<\/strong><br \/>\nMartes 12 de agosto de 2017<\/p>\n<p align=\"right\"><strong>Contacto con los medios:<\/strong><br \/>\nDaniela Ogden, <a href=\"mailto:daniela@cafoodbanks.org\">daniela@cafoodbanks.org<\/a><br \/>\nTel\u00e9fono celular (646) 756-9887<\/p>\n<p align=\"center\"><strong>Los defensores celebran los 40<sup>th<\/sup> Aniversario de la Ley de Cupones para Alimentos<\/strong><\/p>\n<p align=\"center\"><em>Banqueros de alimentos y defensores del hambre organizan una fiesta de cumplea\u00f1os en el Capitolio del estado<\/em><\/p>\n<p><em>Sacramento<\/em>- Hoy se est\u00e1 celebrando un tipo diferente de fiesta de cumplea\u00f1os en el c\u00e9sped de la capital del estado de California. Los banqueros de alimentos y los defensores del hambre est\u00e1n celebrando el 40 aniversario del programa moderno de cupones de alimentos en el jard\u00edn norte. Los cupones de alimentos, ahora llamado Programa de Asistencia de Nutrici\u00f3n Suplementaria o CalFresh en California, se convirti\u00f3 en ley el 29 de septiembre de 1977. El Acta de Cupones de Alimentos tuvo un apoyo bipartidista significativo y es un testimonio del \u00e9xito en la formulaci\u00f3n de pol\u00edticas p\u00fablicas.<\/p>\n<p>El evento contar\u00e1 con todo lo que debe tener una fiesta de cumplea\u00f1os cl\u00e1sica; que incluye pastel, globos, canciones de cumplea\u00f1os y un fotomat\u00f3n. El p\u00fablico puede pasar para celebrar el \u00e9xito del programa en sacar a la gente de la pobreza tomando una selfie en la cabina de fotos o grabando un testimonio de su conexi\u00f3n con el programa.<\/p>\n<p style=\"margin-left:.5in;\">QU\u00c9: Fiesta de cumplea\u00f1os n\u00famero 40 de SNAP \/ CalFresh<\/p>\n<p style=\"margin-left:.5in;\">CU\u00c1NDO: Mi\u00e9rcoles 13 de septiembre de 2017, de 9:00 a 11:00 a. M.<\/p>\n<p style=\"margin-left:.5in;\">D\u00d3NDE: c\u00e9sped del lado norte, Capitolio del Estado de California<\/p>\n<p style=\"margin-left:.5in;\">QUI\u00c9N: Asociaci\u00f3n de Bancos de Alimentos de California y Western Center on Law &amp; Poverty<\/p>\n<p style=\"margin-left:.5in;\">OPORTUNIDAD DE LOS MEDIOS: Andrew Cheyne, Director de Asuntos Gubernamentales de la Asociaci\u00f3n de Bancos de Alimentos de California, es un experto en pol\u00edticas contra el hambre y estar\u00e1 en el lugar para las entrevistas. Jessica Bartholow, exclienta y defensora principal del Western Center on Law &amp; Poverty, tambi\u00e9n estar\u00e1 disponible durante el evento. <strong>Se pueden proporcionar videos y fotograf\u00edas despu\u00e9s del evento llamando a Daniela Ogden al (646) 756-9887.<\/strong><\/p>\n<p><strong>Acerca de la Asociaci\u00f3n de Bancos de Alimentos de California: <\/strong><br \/>\nLa Asociaci\u00f3n de Bancos de Alimentos de California se asocia con 41 bancos de alimentos y m\u00e1s de 6,000 agencias locales. Nuestra misi\u00f3n es acabar con el hambre en California, y nuestra visi\u00f3n es una California bien alimentada y sin hambre, donde todas las personas tengan suficiente comida para llevar una vida saludable. Obtenga m\u00e1s informaci\u00f3n en www.cafoodbanks.org.<\/p>\n<p align=\"center\">###<\/p>","protected":false},"excerpt":{"rendered":"<p>FOR IMMEDIATE RELEASE Tuesday, August 12, 2017 Media Contact: Daniela Ogden, daniela@cafoodbanks.org Cell phone (646) 756-9887 Advocates Celebrate 40th Anniversary [&hellip;]<\/p>\n","protected":false},"author":1,"featured_media":0,"parent":0,"menu_order":0,"comment_status":"closed","ping_status":"closed","template":"","meta":{"_acf_changed":false,"_seopress_robots_primary_cat":"","_seopress_titles_title":"","_seopress_titles_desc":"","_seopress_robots_index":"","_searchwp_excluded":"","footnotes":""},"class_list":["post-3562","page","type-page","status-publish","hentry"],"acf":[],"_links":{"self":[{"href":"https:\/\/www.cafoodbanks.org\/es\/wp-json\/wp\/v2\/pages\/3562","targetHints":{"allow":["GET"]}}],"collection":[{"href":"https:\/\/www.cafoodbanks.org\/es\/wp-json\/wp\/v2\/pages"}],"about":[{"href":"https:\/\/www.cafoodbanks.org\/es\/wp-json\/wp\/v2\/types\/page"}],"author":[{"embeddable":true,"href":"https:\/\/www.cafoodbanks.org\/es\/wp-json\/wp\/v2\/users\/1"}],"replies":[{"embeddable":true,"href":"https:\/\/www.cafoodbanks.org\/es\/wp-json\/wp\/v2\/comments?post=3562"}],"version-history":[{"count":1,"href":"https:\/\/www.cafoodbanks.org\/es\/wp-json\/wp\/v2\/pages\/3562\/revisions"}],"predecessor-version":[{"id":3880,"href":"https:\/\/www.cafoodbanks.org\/es\/wp-json\/wp\/v2\/pages\/3562\/revisions\/3880"}],"wp:attachment":[{"href":"https:\/\/www.cafoodbanks.org\/es\/wp-json\/wp\/v2\/media?parent=3562"}],"curies":[{"name":"wp","href":"https:\/\/api.w.org\/{rel}","templated":true}]}}