{"id":3566,"date":"2017-08-04T21:46:41","date_gmt":"2017-08-04T21:46:41","guid":{"rendered":"http:\/\/localhost\/food-bankers-advocate-for-the-hungry-at-farm-bill-listening-session\/"},"modified":"2020-11-18T18:58:23","modified_gmt":"2020-11-18T18:58:23","slug":"food-bankers-advocate-hungry-farm-bill-listening-session","status":"publish","type":"page","link":"https:\/\/www.cafoodbanks.org\/es\/food-bankers-advocate-hungry-farm-bill-listening-session\/","title":{"rendered":"Los banqueros de alimentos abogan por los hambrientos en la sesi\u00f3n de escucha de la ley agr\u00edcola"},"content":{"rendered":"<p><strong>PARA PUBLICACI\u00d3N INMEDIATA<\/strong><br \/>\nViernes 4 de agosto de 2017<\/p>\n<p align=\"right\"><strong>Contacto con los medios:<\/strong><br \/>\nDaniela Ogden, <a href=\"mailto:daniela@cafoodbanks.org\">daniela@cafoodbanks.org<\/a><br \/>\nTel\u00e9fono celular (646) 756-9887<\/p>\n<h1 align=\"center\"><strong>Los banqueros de alimentos abogan por los hambrientos en la sesi\u00f3n de escucha de la ley agr\u00edcola<\/strong><\/h1>\n<p align=\"center\"><span style=\"font-size:14px;\"><em>CAFB asiste a la sesi\u00f3n de escucha del Comit\u00e9 de Agricultura de la C\u00e1mara en Modesto este s\u00e1bado<\/em><\/span><\/p>\n<p><em>Sacramento<\/em> - La gira nacional de escucha de Farm Bill hace una parada en Modesto el s\u00e1bado 5 de agosto y la Asociaci\u00f3n de Bancos de Alimentos de California, el representante estatal de los bancos de alimentos de California, est\u00e1 brindando testimonio sobre la importancia de los programas de nutrici\u00f3n en el proyecto de ley. El enfoque principal de su testimonio es apoyar la preservaci\u00f3n del Programa de Asistencia de Nutrici\u00f3n Suplementaria, conocido como CalFresh en California.<\/p>\n<p>\u201cEsperamos brindarles a los miembros del Comit\u00e9 una imagen real del \u00e9xito de CalFresh en California\u201d, dijo Rachel Tucker, asociada senior de pol\u00edticas de la Asociaci\u00f3n de Bancos de Alimentos de California. &quot;Este programa es la mejor protecci\u00f3n que tenemos para evitar que las personas vivan una vida sin alimentos nutritivos&quot;.<\/p>\n<p>El hambre y la falta de nutrici\u00f3n representan una amenaza significativa para el futuro de California. Para los 4.5 millones de californianos que luchan contra la inseguridad alimentaria, se deben tomar decisiones dif\u00edciles entre comprar alimentos y satisfacer necesidades b\u00e1sicas como vivienda, medicamentos, transporte o cuidado de ni\u00f1os. Cuando los recursos de amigos y familiares se agotan, las familias con dificultades deben recurrir a programas como CalFresh.<\/p>\n<p>\u201cSi bien los bancos de alimentos brindan un servicio incre\u00edble a sus comunidades, no pueden absorber las consecuencias que ocurrir\u00edan si la estructura del programa SNAP cambia o los beneficios se recortan en la Ley Agr\u00edcola\u201d, explic\u00f3 Tucker.<\/p>\n<p>La Ley Agr\u00edcola se origin\u00f3 en 1933 como parte de la legislaci\u00f3n del New Deal del presidente Roosevelt como una forma de apoyar a los agricultores, garantizar que las personas tengan acceso a alimentos a buen precio y proteger los recursos naturales. Ahora tiene un papel fundamental en el sistema alimentario de Estados Unidos; apoyando todo, desde la nutrici\u00f3n hasta las econom\u00edas locales y la salud.<\/p>\n<p>El proyecto de ley tiene un ciclo de cinco a\u00f1os. Una vez que expira el proyecto de ley actual, pasa por las revisiones propuestas que luego son debatidas y aprobadas en el Congreso antes de ser promulgadas por el presidente.<\/p>\n<p><strong>Acerca de la Asociaci\u00f3n de Bancos de Alimentos de California:<\/strong><br \/>\nLa Asociaci\u00f3n de Bancos de Alimentos de California se asocia con 41 bancos de alimentos y m\u00e1s de 6,000 agencias locales. Nuestra misi\u00f3n es acabar con el hambre en California, y nuestra visi\u00f3n es una California bien alimentada y sin hambre, donde todas las personas tengan suficiente comida para llevar una vida saludable. Obtenga m\u00e1s informaci\u00f3n en www.cafoodbanks.org.<\/p>\n<p align=\"center\">###<\/p>","protected":false},"excerpt":{"rendered":"<p>FOR IMMEDIATE RELEASE Friday, August 4, 2017 Media Contact: Daniela Ogden, daniela@cafoodbanks.org Cell phone (646) 756-9887 Food Bankers Advocate for [&hellip;]<\/p>\n","protected":false},"author":1,"featured_media":0,"parent":0,"menu_order":0,"comment_status":"closed","ping_status":"closed","template":"","meta":{"_acf_changed":false,"_seopress_robots_primary_cat":"","_seopress_titles_title":"","_seopress_titles_desc":"","_seopress_robots_index":"","_searchwp_excluded":"","footnotes":""},"class_list":["post-3566","page","type-page","status-publish","hentry"],"acf":[],"_links":{"self":[{"href":"https:\/\/www.cafoodbanks.org\/es\/wp-json\/wp\/v2\/pages\/3566","targetHints":{"allow":["GET"]}}],"collection":[{"href":"https:\/\/www.cafoodbanks.org\/es\/wp-json\/wp\/v2\/pages"}],"about":[{"href":"https:\/\/www.cafoodbanks.org\/es\/wp-json\/wp\/v2\/types\/page"}],"author":[{"embeddable":true,"href":"https:\/\/www.cafoodbanks.org\/es\/wp-json\/wp\/v2\/users\/1"}],"replies":[{"embeddable":true,"href":"https:\/\/www.cafoodbanks.org\/es\/wp-json\/wp\/v2\/comments?post=3566"}],"version-history":[{"count":1,"href":"https:\/\/www.cafoodbanks.org\/es\/wp-json\/wp\/v2\/pages\/3566\/revisions"}],"predecessor-version":[{"id":3889,"href":"https:\/\/www.cafoodbanks.org\/es\/wp-json\/wp\/v2\/pages\/3566\/revisions\/3889"}],"wp:attachment":[{"href":"https:\/\/www.cafoodbanks.org\/es\/wp-json\/wp\/v2\/media?parent=3566"}],"curies":[{"name":"wp","href":"https:\/\/api.w.org\/{rel}","templated":true}]}}