{"id":3569,"date":"2017-07-31T22:48:23","date_gmt":"2017-07-31T22:48:23","guid":{"rendered":"http:\/\/localhost\/vickys-story\/"},"modified":"2017-07-31T22:48:23","modified_gmt":"2017-07-31T22:48:23","slug":"vickys-story","status":"publish","type":"page","link":"https:\/\/www.cafoodbanks.org\/es\/vickys-story\/","title":{"rendered":"La historia de Vicky"},"content":{"rendered":"<p><img decoding=\"async\" alt=\"\" src=\"\/sites\/default\/files\/Vicky%202.jpg\" style=\"width: 450px; height: 430px;\" \/><\/p>\n<p>Vicky, quien les saluda a todos con una c\u00e1lida sonrisa, vive en la ciudad de Gardena, ubicada en el sur de la bah\u00eda del condado de Los \u00c1ngeles. Vicky resisti\u00f3 la mayor parte de la Gran Recesi\u00f3n aferr\u00e1ndose a un trabajo de medio tiempo que le permiti\u00f3 llegar a fin de mes. Pero un accidente automovil\u00edstico en marzo de 2009 le impidi\u00f3 trabajar y ya no pod\u00eda permitirse comprar alimentos. Registrarse en los beneficios de SNAP (CalFresh en California) cambi\u00f3 eso. Vicky estaba encantada de volver a comprar alimentos saludables, especialmente cuando descubri\u00f3 que pod\u00edan llevarle comidas calientes a su casa porque la artritis dolorosa le dificulta ir de compras y pararse frente a la estufa mientras cocina. Como resultado, la entrega a domicilio mejor\u00f3 su nutrici\u00f3n y su bienestar general.<\/p>\n<p>Debido a que Vicky cree en la importancia de los programas de redes de seguridad nutricional, viaja desde el condado de Los \u00c1ngeles a Sacramento para el D\u00eda de Acci\u00f3n contra el Hambre anual. Ella alza la voz con cientos de personas m\u00e1s para hablar en contra de los recortes a programas vitales como SNAP. Quiere que los legisladores lo sepan, ya que presionan los n\u00fameros en la p\u00e1gina para reforzar otros programas; los beneficios de SNAP ayudan a Vicky ya muchos otros a sobrevivir.&nbsp;<\/p>","protected":false},"excerpt":{"rendered":"<p>Vicky, who offers everyone a warm smile in greeting,&nbsp;lives in the town of Gardena, located in the South Bay of [&hellip;]<\/p>\n","protected":false},"author":1,"featured_media":0,"parent":0,"menu_order":0,"comment_status":"closed","ping_status":"closed","template":"","meta":{"_acf_changed":false,"_seopress_robots_primary_cat":"","_seopress_titles_title":"","_seopress_titles_desc":"","_seopress_robots_index":"","_searchwp_excluded":"","footnotes":""},"class_list":["post-3569","page","type-page","status-publish","hentry"],"acf":[],"_links":{"self":[{"href":"https:\/\/www.cafoodbanks.org\/es\/wp-json\/wp\/v2\/pages\/3569","targetHints":{"allow":["GET"]}}],"collection":[{"href":"https:\/\/www.cafoodbanks.org\/es\/wp-json\/wp\/v2\/pages"}],"about":[{"href":"https:\/\/www.cafoodbanks.org\/es\/wp-json\/wp\/v2\/types\/page"}],"author":[{"embeddable":true,"href":"https:\/\/www.cafoodbanks.org\/es\/wp-json\/wp\/v2\/users\/1"}],"replies":[{"embeddable":true,"href":"https:\/\/www.cafoodbanks.org\/es\/wp-json\/wp\/v2\/comments?post=3569"}],"version-history":[{"count":0,"href":"https:\/\/www.cafoodbanks.org\/es\/wp-json\/wp\/v2\/pages\/3569\/revisions"}],"wp:attachment":[{"href":"https:\/\/www.cafoodbanks.org\/es\/wp-json\/wp\/v2\/media?parent=3569"}],"curies":[{"name":"wp","href":"https:\/\/api.w.org\/{rel}","templated":true}]}}