{"id":3570,"date":"2017-07-19T00:00:16","date_gmt":"2017-07-19T00:00:16","guid":{"rendered":"http:\/\/localhost\/federal-policy-resource-page-2\/"},"modified":"2020-11-18T18:57:58","modified_gmt":"2020-11-18T18:57:58","slug":"federal-policy-resource-page","status":"publish","type":"page","link":"https:\/\/www.cafoodbanks.org\/es\/federal-policy-resource-page\/","title":{"rendered":"P\u00e1gina de recursos de pol\u00edtica federal"},"content":{"rendered":"<h2><strong>Propuestas administrativas federales activas:<\/strong><\/h2>\n<p>&nbsp;<\/p>\n<h3><strong>Permiso est\u00e1ndar para servicios p\u00fablicos (SUA):<\/strong><\/h3>\n<p><span style=\"background-color:#ffff99\">El 3 de octubre de 2019, la administraci\u00f3n Trump <\/span><a href=\"https:\/\/www.regulations.gov\/document?D=FNS-2019-0009-0001\"><span style=\"background-color:#ffff99\">propuso una regla<\/span><\/a><span style=\"background-color:#ffff99\"> eso har\u00eda que las familias eligieran entre poner comida en la mesa y pagar sus servicios. El per\u00edodo de comentarios p\u00fablicos de SUA estar\u00e1 abierto hasta el 2 de diciembre de 2019. <a href=\"https:\/\/frac.salsalabs.org\/snap-sua\/index.html\" target=\"_blank\" rel=\"noopener noreferrer\">Haz un comentario ahora<\/a>.<\/span><\/p>\n<ul>\n<li><a href=\"https:\/\/docs.google.com\/document\/d\/1EMhgNwwFyRkKYqGIMg16j6mCNA25ZnGhO4UF84QNr9A\/edit\">Recursos de promoci\u00f3n y p\u00e1gina de campa\u00f1a<\/a><\/li>\n<li><a href=\"https:\/\/frac.salsalabs.org\/snap-sua\/index.html\">FRAC<\/a>&nbsp;p\u00e1gina de recursos p\u00fablicos<\/li>\n<li><a href=\"https:\/\/feedingamerica.sharepoint.com\/advocacy\/latestfromgrteam\/Pages\/Proposed-SNAP-SUA-Rule.aspx\">Alimentando a America&#039;s<\/a>&nbsp;P\u00e1gina de recursos de Sharepoint (solo para el personal del banco de alimentos)<\/li>\n<li><a href=\"\/wp-content\/uploads\/2019\/10\/2019_SUA_Postcard-Web.pdf\">Plantilla de postal de comentario p\u00fablico<\/a><\/li>\n<\/ul>\n<p>&nbsp;<\/p>\n<p><strong>Declaraci\u00f3n:<\/strong><\/p>\n<ul>\n<li><a href=\"\/es\/blog\/statement-most-recent-proposal-cut-snap-food-benefits-standard-utility-allowance\/\">Declaraci\u00f3n sobre la propuesta m\u00e1s reciente para reducir los beneficios de alimentos SNAP a trav\u00e9s de la asignaci\u00f3n est\u00e1ndar de servicios p\u00fablicos<\/a>&nbsp;por CAFB, WCLP, CFPA (2 de octubre de 2019)<\/li>\n<\/ul>\n<p>&nbsp;<\/p>\n<h3><strong><strong>Cargo p\u00fablico:<\/strong><\/strong><\/h3>\n<p>Actualizaci\u00f3n (22\/10\/19): poco antes de que entrara en vigencia el 15 de octubre, cinco tribunales de distritos federales, en California, Washington, Baltimore, el condado de Cook y la ciudad de Nueva York, emitieron medidas cautelares preliminares contra la Administraci\u00f3n Trump&nbsp;<a href=\"https:\/\/www.federalregister.gov\/documents\/2019\/08\/14\/2019-17142\/inadmissibility-on-public-charge-grounds\">regla de carga p\u00fablica<\/a>, deteniendo al menos por ahora una regla que se esperaba que redujera el acceso a los beneficios p\u00fablicos para las comunidades de inmigrantes. Puede leer el comentario de CAFB enviado en oposici\u00f3n a esta propuesta&nbsp;<a href=\"\/wp-content\/uploads\/2018\/12\/CAFB Public Charge Comments FINAL.pdf\" target=\"_blank\" rel=\"noopener noreferrer\">aqu\u00ed<\/a>.<\/p>\n<p><span style=\"background-color:#ffff99\">A la fecha, las reglas para los beneficios p\u00fablicos y la carga p\u00fablica no han cambiado - las familias inmigrantes deben seguir solicitando y recibiendo asistencia a trav\u00e9s de beneficios p\u00fablicos sin miedo. <\/span><\/p>\n<p><strong>Recursos y herramientas de comunicaci\u00f3n:<\/strong><\/p>\n<ul>\n<li><a href=\"https:\/\/docs.google.com\/spreadsheets\/d\/e\/2PACX-1vTIHxPL3tRDeRYEG3ORXRVZkk11MZRtkM-HszfAs7l8D02KO5T5T3qeM1j4lFvWEPRK2KAAY8uvd2Vj\/pubhtml?widget=true&amp;amp;headers=false\">Rastreador de litigios de carga p\u00fablica<\/a>&nbsp;(actualizado continuamente)<\/li>\n<li><a href=\"https:\/\/www.chhs.ca.gov\/wp-content\/uploads\/2019\/10\/CHHS-Public-Charge-Guide-UPDATED.pdf\" target=\"_blank\" rel=\"noopener noreferrer\">Gu\u00eda de carga p\u00fablica de CA Health &amp; Human Services<\/a> (Octubre de 2019)<\/li>\n<li><a href=\"https:\/\/docs.google.com\/document\/d\/1fbPuxkyf3oV5Zphor_uEyFunG_MOVjQ2vfuxzSWX13Q\/edit\">Public Charge Udate: Lo que los defensores deben saber ahora<\/a> (Octubre de 2019)<\/li>\n<li><a href=\"http:\/\/Should I Keep my Kids Enrolled in Health and Nutrition Programs? (October 2019)\">\u00bfDebo mantener a mis hijos inscritos en programas de salud y nutrici\u00f3n?<\/a> (Octubre de 2019)<\/li>\n<li><a href=\"https:\/\/protectingimmigrantfamilies.org\/wp-content\/uploads\/2019\/09\/Getting-the-Help-You-Need-Updated-September-2019-ENGLISH.pdf\">Carga p\u00fablica: obtener la ayuda que necesita<\/a> (Septiembre de 2019)<\/li>\n<li><a href=\"https:\/\/docs.google.com\/document\/d\/1zHLRaciDqIZfkI_icRGVJWKWcinP6cAwvkuAeae8eog\/edit\">An\u00e1lisis de carga p\u00fablica y preguntas frecuentes<\/a> (Septiembre de 2019)<\/li>\n<li><a href=\"https:\/\/docs.google.com\/document\/d\/1lIJuj4hq38eD00jC0a9E6qUl5s7XLUJ6U3_Thj6bmLs\/edit\">Kit de herramientas de concienciaci\u00f3n sobre beneficios p\u00fablicos<\/a><\/li>\n<li><a href=\"https:\/\/protectingimmigrantfamilies.org\/wp-content\/uploads\/2019\/09\/Examples.pdf\">\u00bfA qui\u00e9n se aplica la \u201cPrueba de carga p\u00fablica\u201d?<\/a>&nbsp;(Septiembre de 2019)<\/li>\n<\/ul>\n<p>&nbsp;<\/p>\n<p><strong>Declaraciones:<\/strong><\/p>\n<ul>\n<li><a href=\"https:\/\/mailchi.mp\/cafoodbanks\/ca-response-public-charge\" target=\"_blank\" rel=\"noopener noreferrer\">CAFB felicita al gobernador Newsom mientras CA rechaza la regla de carga p\u00fablica<\/a> (16 de agosto de 2019)<\/li>\n<li><a href=\"\/es\/blog\/public-charge-rule-will-worsen-hunger-poverty-america\/\" target=\"_blank\" rel=\"noopener noreferrer\">La regla de la carga p\u00fablica empeorar\u00e1 el hambre y la pobreza en Estados Unidos <\/a>(14 de agosto de 2019)<\/li>\n<li><a href=\"\/es\/blog\/california-food-banks-highlight-harm-public-charge-over-public-comment-period\/\" target=\"_blank\" rel=\"noopener noreferrer\">Los bancos de alimentos de California destacan el da\u00f1o de la carga p\u00fablica durante el per\u00edodo de comentarios p\u00fablicos<\/a> (12 de diciembre de 2018)<\/li>\n<li><a href=\"\/es\/blog\/family-or-food-california-food-banks-respond-public-charge\/\" target=\"_blank\" rel=\"noopener noreferrer\">\u00bfFamilia o comida? Los bancos de alimentos de California responden a la carga p\u00fablica<\/a> (11 de octubre de 2018)<\/li>\n<li><a href=\"\/wp-content\/uploads\/2018\/09\/Joint_Hunger_PublicChargeStatement_Updated_Final.pdf\" target=\"_blank\" rel=\"noopener noreferrer\">Declaraci\u00f3n conjunta sobre la propuesta de regla de carga p\u00fablica<\/a>&nbsp;(Septiembre de 2018)<\/li>\n<\/ul>\n<p>&nbsp;<\/p>\n<p><em>El per\u00edodo de comentarios p\u00fablicos sobre la Regla de Carga P\u00fablica ya est\u00e1 cerrado; gracias a todos los que enviaron un comentario oficial, \u00a1generamos colectivamente 200,000 comentarios en todo el pa\u00eds!<\/em><\/p>\n<ul>\n<li><em><a href=\"\/wp-content\/uploads\/2018\/11\/Public Charge Sample Social Media.docx\" target=\"_blank\" rel=\"noopener noreferrer\">Tweets del modelo de carga p\u00fablica<\/a><\/em><\/li>\n<li><em><a href=\"\/wp-content\/uploads\/2018\/10\/Public Charge Organizational Template.docx\" target=\"_blank\" rel=\"noopener noreferrer\">Plantilla de comentario organizacional de carga p\u00fablica<\/a><\/em><\/li>\n<li><em><a href=\"\/wp-content\/uploads\/2018\/10\/Food or Family_ Help Protect California Families from Going Hungry with submission disclaimer.pdf\" target=\"_blank\" rel=\"noopener noreferrer\">Postal digital de carga p\u00fablica<\/a><\/em><\/li>\n<li><em><a href=\"\/wp-content\/uploads\/2018\/10\/Public Charge Comment Card Script and Instructions.pdf\">Hoja de instrucciones y gui\u00f3n de comentarios sobre carga p\u00fablica<\/a><\/em><\/li>\n<li><em><a href=\"\/wp-content\/uploads\/2018\/10\/public-charge-toolkit.pdf\" target=\"_blank\" rel=\"noopener noreferrer\">Kit de herramientas de comentarios sobre carga p\u00fablica de FRAC<\/a><\/em><\/li>\n<\/ul>\n<p>&nbsp;<\/p>\n<hr \/>\n<p>&nbsp;<\/p>\n<h2><strong>Propuestas administrativas federales adicionales:<\/strong><\/h2>\n<p>&nbsp;<\/p>\n<h3>TEFAP (Programa de asistencia alimentaria de emergencia):<\/h3>\n<ul>\n<li>\n<p><a href=\"\/wp-content\/uploads\/2017\/07\/2017 TEFAP in America.pdf\">Ficha informativa de TEFAP en Am\u00e9rica<\/a><\/p>\n<\/li>\n<\/ul>\n<h3>&nbsp;<\/h3>\n<h3>La Ley Agr\u00edcola:<\/h3>\n<p>La Ley Agr\u00edcola es el principal impulsor legislativo de la pol\u00edtica alimentaria y agr\u00edcola de nuestra naci\u00f3n. La Ley Agr\u00edcola se reautoriza aproximadamente cada 5 a\u00f1os y establece una pol\u00edtica agr\u00edcola y alimentaria que proporciona una red de seguridad para los productores agr\u00edcolas de nuestro pa\u00eds y ayuda a nuestras comunidades de bajos ingresos a poner alimentos en la mesa.&nbsp;<\/p>\n<p><a href=\"\/es\/farm-bill\/\">Visite nuestra p\u00e1gina Farm Bill aqu\u00ed<\/a>y descargue el congreso y el condado <a href=\"\/es\/congressional-and-county-snap-factsheets\/\">Hojas informativas de SNAP<\/a>.<\/p>\n<ul>\n<li>Declaraciones:<\/li>\n<li><a href=\"\/wp-content\/uploads\/2019\/02\/FarmBillSignature_DraftSNAPRule_JointStatement_12.20.18.docx\" target=\"_blank\" rel=\"noopener noreferrer\">Declaraci\u00f3n conjunta sobre la firma de la ley agr\u00edcola y el anuncio de la regla SNAP propuesta<\/a> (Diciembre de 2018)<\/li>\n<li><a href=\"\/wp-content\/uploads\/2018\/09\/September Farm Bill Statement CAFB CFPA WCLP FINAL.pdf\" target=\"_blank\" rel=\"noopener noreferrer\">Declaraci\u00f3n conjunta de la ley agr\u00edcola de septiembre<\/a>&nbsp;(Septiembre de 2018)<\/li>\n<li><a href=\"\/wp-content\/uploads\/2018\/08\/2018FarmBill_ConferenceCommitteeLetter-SignOn-FINAL-8.24.18.pdf\" target=\"_blank\" rel=\"noopener noreferrer\">Declaraci\u00f3n conjunta al Comit\u00e9 de la Conferencia de la Ley Agr\u00edcola&nbsp;<\/a>(Agosto de 2018)<\/li>\n<li><a href=\"\/wp-content\/uploads\/2018\/07\/WCLP_CAFB_CFPA_Statement_HR2_SenateFarmBill_June29-1.pdf\" target=\"_blank\" rel=\"noopener noreferrer\">Declaraci\u00f3n conjunta sobre la aprobaci\u00f3n del proyecto de ley agr\u00edcola en el Senado<\/a>&nbsp;(Junio de 2018)<\/li>\n<li><a href=\"\/es\/blog\/california-association-food-banks-statement-passage-senate-farm-bill-sue-sigler-executive\/\">Declaraci\u00f3n de CAFB sobre el proyecto de ley agr\u00edcola del Senado<\/a>&nbsp;(Junio de 2018)<\/li>\n<li><a href=\"\/wp-content\/uploads\/2018\/05\/CA_Oppose_HR2FarmBill_CutsToSNAP.pdf\" target=\"_blank\" rel=\"noopener noreferrer\">Carta estatal de oposici\u00f3n a la ley agr\u00edcola de la casa&nbsp;<\/a>(Junio de 2018)<\/li>\n<li><a href=\"\/es\/blog\/cafb-statement-passing-house-farm-bill\/\">Declaraci\u00f3n de CAFB sobre el proyecto de ley agr\u00edcola de la casa<\/a>&nbsp;(Mayo de 2018)<\/li>\n<\/ul>\n<p>&nbsp;<\/p>\n<hr \/>\n<h3>&nbsp;<\/h3>\n<h3>Declaraciones p\u00fablicas de CAFB:<\/h3>\n<ul>\n<li><a href=\"\/es\/blog\/statement-most-recent-proposal-cut-snap-food-benefits-standard-utility-allowance\/\">Declaraci\u00f3n conjunta sobre la regla propuesta de concesi\u00f3n de servicios p\u00fablicos est\u00e1ndar <\/a>(Octubre de 2019)<\/li>\n<li><a href=\"\/wp-content\/uploads\/2019\/07\/CA Joint Statement on Cat El Proposed Rule 072319.pdf\" target=\"_blank\" rel=\"noopener noreferrer\">Declaraci\u00f3n conjunta sobre la regla de elegibilidad categ\u00f3rica propuesta<\/a> (Julio de 2019)<\/li>\n<li><a href=\"\/wp-content\/uploads\/2019\/03\/Joint Statement FY2020 President%27s Budget_CAFB_WCLP_CFPA.pdf\" target=\"_blank\" rel=\"noopener noreferrer\">Declaraci\u00f3n conjunta sobre el presupuesto del presidente para el a\u00f1o fiscal 2020<\/a> (Marzo de 2019)<\/li>\n<li><a href=\"\/wp-content\/uploads\/2019\/02\/FarmBillSignature_DraftSNAPRule_JointStatement_12.20.18.docx\" target=\"_blank\" rel=\"noopener noreferrer\">Declaraci\u00f3n conjunta sobre la firma de la ley agr\u00edcola y el anuncio de la regla SNAP propuesta<\/a> (Diciembre de 2018)<\/li>\n<li><a href=\"\/wp-content\/uploads\/2018\/09\/Joint_Hunger_PublicChargeStatement_Updated_Final.pdf\" target=\"_blank\" rel=\"noopener noreferrer\">Declaraci\u00f3n conjunta sobre la propuesta de regla de carga p\u00fablica<\/a>&nbsp;(Septiembre de 2018)<\/li>\n<li><a href=\"\/wp-content\/uploads\/2018\/09\/September Farm Bill Statement CAFB CFPA WCLP FINAL.pdf\" target=\"_blank\" rel=\"noopener noreferrer\">Declaraci\u00f3n conjunta de la ley agr\u00edcola de septiembre<\/a>&nbsp;(Septiembre de 2018)<\/li>\n<li><a href=\"\/wp-content\/uploads\/2018\/08\/2018FarmBill_ConferenceCommitteeLetter-SignOn-FINAL-8.24.18.pdf\" target=\"_blank\" rel=\"noopener noreferrer\">Declaraci\u00f3n conjunta al Comit\u00e9 de la Conferencia de la Ley Agr\u00edcola&nbsp;<\/a>(Agosto de 2018)<\/li>\n<li><a href=\"\/wp-content\/uploads\/2018\/07\/WCLP_CAFB_CFPA_Statement_HR2_SenateFarmBill_June29-1.pdf\" target=\"_blank\" rel=\"noopener noreferrer\">Declaraci\u00f3n conjunta sobre la aprobaci\u00f3n del proyecto de ley agr\u00edcola en el Senado<\/a>&nbsp;(Junio de 2018)<\/li>\n<li><a href=\"\/es\/blog\/california-association-food-banks-statement-passage-senate-farm-bill-sue-sigler-executive\/\">Declaraci\u00f3n de CAFB sobre el proyecto de ley agr\u00edcola del Senado<\/a>&nbsp;(Junio de 2018)<\/li>\n<li><a href=\"\/wp-content\/uploads\/2018\/05\/CA_Oppose_HR2FarmBill_CutsToSNAP.pdf\" target=\"_blank\" rel=\"noopener noreferrer\">Carta estatal de oposici\u00f3n a la ley agr\u00edcola de la casa&nbsp;<\/a>(Junio de 2018)<\/li>\n<li><a href=\"\/es\/blog\/cafb-statement-passing-house-farm-bill\/\">Declaraci\u00f3n de CAFB sobre el proyecto de ley agr\u00edcola de la casa<\/a>&nbsp;(Mayo de 2018)<\/li>\n<\/ul>\n<p>&nbsp;<\/p>\n<h3>Contenido de defensa de Digital SNAP:<\/h3>\n<ul>\n<li><a href=\"\/wp-content\/uploads\/2018\/10\/Images for Memes and Social Media Posts about SNAP.docx\">Im\u00e1genes para redes sociales, memes y tweets de muestra desarrollados por CAFB<\/a><\/li>\n<li>Declaraciones \/ cartas modelo:&nbsp;<a href=\"\/wp-content\/uploads\/2020\/11\/Template-SNAP-Support-Letter-for-Local-Elected-Officials.docx\">Carta de apoyo de SNAP para funcionarios locales electos<\/a>&nbsp;<\/li>\n<li><a href=\"https:\/\/www.jamesbeard.org\/blog\/unpacking-policy-what-is-the-farm-bill\">Pol\u00edtica de desembalaje: \u00bfQu\u00e9 es la Ley Agr\u00edcola? Patricia Griffin \/ blog de la Fundaci\u00f3n James Beard<\/a><\/li>\n<\/ul>\n<p>&nbsp;<\/p>","protected":false},"excerpt":{"rendered":"<p>Active Federal Administrative Proposals: &nbsp; Standard&nbsp;Utility Allowence (SUA): On October 3, 2019, The Trump Administration proposed a rule that would [&hellip;]<\/p>\n","protected":false},"author":1,"featured_media":0,"parent":0,"menu_order":0,"comment_status":"closed","ping_status":"closed","template":"","meta":{"_acf_changed":false,"_seopress_robots_primary_cat":"","_seopress_titles_title":"","_seopress_titles_desc":"","_seopress_robots_index":"","_searchwp_excluded":"","footnotes":""},"class_list":["post-3570","page","type-page","status-publish","hentry"],"acf":[],"_links":{"self":[{"href":"https:\/\/www.cafoodbanks.org\/es\/wp-json\/wp\/v2\/pages\/3570","targetHints":{"allow":["GET"]}}],"collection":[{"href":"https:\/\/www.cafoodbanks.org\/es\/wp-json\/wp\/v2\/pages"}],"about":[{"href":"https:\/\/www.cafoodbanks.org\/es\/wp-json\/wp\/v2\/types\/page"}],"author":[{"embeddable":true,"href":"https:\/\/www.cafoodbanks.org\/es\/wp-json\/wp\/v2\/users\/1"}],"replies":[{"embeddable":true,"href":"https:\/\/www.cafoodbanks.org\/es\/wp-json\/wp\/v2\/comments?post=3570"}],"version-history":[{"count":1,"href":"https:\/\/www.cafoodbanks.org\/es\/wp-json\/wp\/v2\/pages\/3570\/revisions"}],"predecessor-version":[{"id":3888,"href":"https:\/\/www.cafoodbanks.org\/es\/wp-json\/wp\/v2\/pages\/3570\/revisions\/3888"}],"wp:attachment":[{"href":"https:\/\/www.cafoodbanks.org\/es\/wp-json\/wp\/v2\/media?parent=3570"}],"curies":[{"name":"wp","href":"https:\/\/api.w.org\/{rel}","templated":true}]}}