{"id":3571,"date":"2017-07-18T23:53:59","date_gmt":"2017-07-18T23:53:59","guid":{"rendered":"http:\/\/localhost\/cafb-statement-on-draft-house-fy-18-budget-resolution\/"},"modified":"2020-11-18T18:57:21","modified_gmt":"2020-11-18T18:57:21","slug":"cafb-statement-draft-house-fy-18-budget-resolution","status":"publish","type":"page","link":"https:\/\/www.cafoodbanks.org\/es\/cafb-statement-draft-house-fy-18-budget-resolution\/","title":{"rendered":"CAFB Statement on Draft House FY 18 Budget Resolution"},"content":{"rendered":"<p style=\"margin: 0px 0px 14px; padding: 0px; border: 0px; outline: 0px; font-size: 14px; vertical-align: baseline; background-image: initial; background-position: initial; background-size: initial; background-repeat: initial; background-attachment: initial; background-origin: initial; background-clip: initial; color: rgb(111, 111, 111); font-family: Ubuntu, sans-serif;\"><strong style=\"margin: 0px; padding: 0px; border: 0px; outline: 0px; vertical-align: baseline; background: transparent;\">Para publicaci\u00f3n inmediata<\/strong><br \/>\nJuly 18, 2017<\/p>\n<p class=\"rteright\" style=\"margin: 0px 0px 14px; padding: 0px; border: 0px; outline: 0px; font-size: 14px; vertical-align: baseline; background-image: initial; background-position: initial; background-size: initial; background-repeat: initial; background-attachment: initial; background-origin: initial; background-clip: initial; color: rgb(111, 111, 111); font-family: Ubuntu, sans-serif;\"><strong style=\"margin: 0px; padding: 0px; border: 0px; outline: 0px; vertical-align: baseline; background: transparent;\">Contacto de prensa:&nbsp;<\/strong><br \/>\nDaniela Ogden,&nbsp;<a href=\"mailto:daniela@cafoodbanks.org\" style=\"color: rgb(248, 91, 48); outline: none; text-decoration-line: none; -webkit-tap-highlight-color: rgb(70, 167, 226);\">daniela@cafoodbanks.org<\/a>, (510) 350-9919<\/p>\n<p>El Comit\u00e9 de Presupuesto de la C\u00e1mara de Representantes aprob\u00f3 hoy una resoluci\u00f3n presupuestaria que propone recortes profundos a los programas que son el sustento de los californianos de bajos ingresos. Esto incluye un potencial de $10 mil millones en recortes al Programa de Asistencia de Nutrici\u00f3n Suplementaria, llamado CalFresh en California, que es nuestra herramienta principal para combatir el hambre. Como bancos de alimentos, conocemos muy bien los l\u00edmites de la red de caridad para satisfacer incluso la necesidad actual de alimentos y otros apoyos de ingresos b\u00e1sicos. Estos recortes empeorar\u00edan las dificultades de las personas a las que servimos y abandonar\u00edan el compromiso bipartidista de nuestra naci\u00f3n de acabar con el hambre. La Asociaci\u00f3n de Bancos de Alimentos de California pide a todos los miembros del Congreso de California que rechacen estos recortes o cualquier acci\u00f3n que afecte la red de seguridad. En cambio, debemos proteger y fortalecer los programas que han demostrado sacar a nuestras familias del hambre y la pobreza.&nbsp;<\/p>\n<p style=\"margin: 0px 0px 14px; padding: 0px; border: 0px; outline: 0px; font-size: 14px; vertical-align: baseline; background-image: initial; background-position: initial; background-size: initial; background-repeat: initial; background-attachment: initial; background-origin: initial; background-clip: initial; color: rgb(111, 111, 111); font-family: Ubuntu, sans-serif;\"><strong style=\"margin: 0px; padding: 0px; border: 0px; outline: 0px; vertical-align: baseline; background: transparent;\">Acerca de la Asociaci\u00f3n de Bancos de Alimentos de California<\/strong><\/p>\n<p style=\"margin: 0px 0px 14px; padding: 0px; border: 0px; outline: 0px; font-size: 14px; vertical-align: baseline; background-image: initial; background-position: initial; background-size: initial; background-repeat: initial; background-attachment: initial; background-origin: initial; background-clip: initial; color: rgb(111, 111, 111); font-family: Ubuntu, sans-serif;\"><span style=\"margin: 0px; padding: 0px; border: 0px; outline: 0px; vertical-align: baseline; background: transparent;\">La Asociaci\u00f3n de Bancos de Alimentos de California se asocia con 41 bancos de alimentos y m\u00e1s de 6,000 agencias locales. Nuestra misi\u00f3n es acabar con el hambre en California, y nuestra visi\u00f3n es una California bien nutrida y sin hambre, donde todas las personas tengan suficiente comida para llevar una vida saludable. Obtenga m\u00e1s informaci\u00f3n en&nbsp;<\/span><a href=\"\/es\/\" style=\"color: rgb(248, 91, 48); outline: none; text-decoration-line: none; -webkit-tap-highlight-color: rgb(70, 167, 226);\">www.cafoodbanks.org<\/a><span style=\"margin: 0px; padding: 0px; border: 0px; outline: 0px; vertical-align: baseline; background: transparent;\">.<\/span><\/p>","protected":false},"excerpt":{"rendered":"<p>For Immediate Release July 18, 2017 Press Contact:&nbsp; Daniela Ogden,&nbsp;daniela@cafoodbanks.org, (510) 350-9919 The House Budget Committee passed a budget resolution [&hellip;]<\/p>\n","protected":false},"author":1,"featured_media":0,"parent":0,"menu_order":0,"comment_status":"closed","ping_status":"closed","template":"","meta":{"_acf_changed":false,"_seopress_robots_primary_cat":"","_seopress_titles_title":"","_seopress_titles_desc":"","_seopress_robots_index":"","_searchwp_excluded":"","footnotes":""},"class_list":["post-3571","page","type-page","status-publish","hentry"],"acf":[],"_links":{"self":[{"href":"https:\/\/www.cafoodbanks.org\/es\/wp-json\/wp\/v2\/pages\/3571","targetHints":{"allow":["GET"]}}],"collection":[{"href":"https:\/\/www.cafoodbanks.org\/es\/wp-json\/wp\/v2\/pages"}],"about":[{"href":"https:\/\/www.cafoodbanks.org\/es\/wp-json\/wp\/v2\/types\/page"}],"author":[{"embeddable":true,"href":"https:\/\/www.cafoodbanks.org\/es\/wp-json\/wp\/v2\/users\/1"}],"replies":[{"embeddable":true,"href":"https:\/\/www.cafoodbanks.org\/es\/wp-json\/wp\/v2\/comments?post=3571"}],"version-history":[{"count":1,"href":"https:\/\/www.cafoodbanks.org\/es\/wp-json\/wp\/v2\/pages\/3571\/revisions"}],"predecessor-version":[{"id":3887,"href":"https:\/\/www.cafoodbanks.org\/es\/wp-json\/wp\/v2\/pages\/3571\/revisions\/3887"}],"wp:attachment":[{"href":"https:\/\/www.cafoodbanks.org\/es\/wp-json\/wp\/v2\/media?parent=3571"}],"curies":[{"name":"wp","href":"https:\/\/api.w.org\/{rel}","templated":true}]}}