{"id":3574,"date":"2017-06-28T23:14:37","date_gmt":"2017-06-28T23:14:37","guid":{"rendered":"http:\/\/localhost\/advocates-celebrate-the-expansion-of-the-california-earned-income-tax-credit-to-reach-more-than-one-million-additional-low-income-working-families\/"},"modified":"2020-11-18T18:57:09","modified_gmt":"2020-11-18T18:57:09","slug":"advocates-celebrate-expansion-california-earned-income-tax-credit-reach-more-one-million-additional","status":"publish","type":"page","link":"https:\/\/www.cafoodbanks.org\/es\/advocates-celebrate-expansion-california-earned-income-tax-credit-reach-more-one-million-additional\/","title":{"rendered":"Los defensores celebran la expansi\u00f3n del Cr\u00e9dito Tributario por Ingreso del Trabajo de California para llegar a m\u00e1s de un mill\u00f3n de familias trabajadoras de bajos ingresos adicionales"},"content":{"rendered":"<p><strong>Para publicaci\u00f3n inmediata:&nbsp;&nbsp;&nbsp;&nbsp;&nbsp;&nbsp;&nbsp;&nbsp;&nbsp;&nbsp;&nbsp;<\/strong>&nbsp;&nbsp;&nbsp;&nbsp;&nbsp;&nbsp;&nbsp;&nbsp;&nbsp;&nbsp;&nbsp;&nbsp;&nbsp;&nbsp;&nbsp;&nbsp;&nbsp;&nbsp;&nbsp;&nbsp;&nbsp;<br \/>\n28 de junio de 2017<\/p>\n<p class=\"rteright\">Contacto: Cadonna Dory, (213) 355\u20138790<\/p>\n<h2 align=\"center\"><strong>Los defensores celebran la expansi\u00f3n del Cr\u00e9dito Tributario por Ingreso del Trabajo de California para llegar a m\u00e1s de un mill\u00f3n de familias trabajadoras de bajos ingresos adicionales<\/strong><\/h2>\n<h3 align=\"center\"><em>El gobernador firma un presupuesto para ampliar el cr\u00e9dito para incluir a los trabajadores con ingresos de trabajo por cuenta propia y familias con ingresos de hasta $22,300<\/em><\/h3>\n<p><em>Sacramento<\/em>- Ayer, el gobernador Jerry Brown firm\u00f3 un presupuesto que ampl\u00eda significativamente el Cr\u00e9dito Tributario por Ingreso del Trabajo de California (CalEITC), un cr\u00e9dito fiscal estatal reembolsable que aumenta la seguridad econ\u00f3mica de las familias trabajadoras de bajos ingresos. A partir del a\u00f1o fiscal 2017, los trabajadores de bajos ingresos con ingresos de trabajo por cuenta propia y familias trabajadoras con ingresos de hasta aproximadamente $22,300 podr\u00e1n beneficiarse del cr\u00e9dito. Las estimaciones iniciales del Instituto de Pol\u00edtica Fiscal y Econ\u00f3mica indican que m\u00e1s de un mill\u00f3n de familias adicionales podr\u00edan beneficiarse de la expansi\u00f3n.<\/p>\n<p>\u201cLa expansi\u00f3n del Cr\u00e9dito Tributario por Ingreso del Trabajo de California es un paso fundamental para poner fin a la pobreza infantil en California al permitir que m\u00e1s familias trabajadoras pobres se queden con m\u00e1s de lo que ganan. El EITC no solo es un programa eficaz contra la pobreza, sino que las investigaciones muestran que el cr\u00e9dito tambi\u00e9n mejora la salud infantil y materna y promueve el \u00e9xito educativo \u201d, dijo Michele Stillwell-Parvensky, gerente senior de pol\u00edticas y asuntos gubernamentales en Children&#039;s Defense Fund-California. \u201cApreciamos al gobernador y la legislatura de California por hacer de las familias trabajadoras una prioridad, y esperamos trabajar con ellos para avanzar hacia un futuro en el que ning\u00fan ni\u00f1o de California viva en la pobreza\u201d.<\/p>\n<p>El CalEITC, creado en 2015, se basa en el \u00e9xito del Cr\u00e9dito Tributario por Ingreso del Trabajo creado hace m\u00e1s de 40 a\u00f1os, que es el programa federal contra la pobreza m\u00e1s grande. Solo en 2015, el EITC federal, junto con el Cr\u00e9dito Tributario por Hijos, sac\u00f3 de la pobreza a 9,8 millones de personas, incluidos 5,1 millones de ni\u00f1os, e hizo que millones m\u00e1s de estadounidenses fueran menos pobres. Las familias de California con ni\u00f1os pueden recibir hasta $2,700 del CalEITC, adem\u00e1s del aumento de ingresos que reciben del EITC federal.<\/p>\n<p>El presupuesto aumentar\u00e1 significativamente el umbral de elegibilidad de ingresos para el CalEITC. Las familias con cualquier n\u00famero de hijos dependientes que tengan un ingreso anual de menos de aproximadamente $22,300 ser\u00e1n elegibles para el cr\u00e9dito, lo que permitir\u00e1 que se beneficie una familia con un trabajo de tiempo completo con salario m\u00ednimo. Anteriormente, el cr\u00e9dito solo estaba disponible para familias con ingresos anuales inferiores a $10,078 para una familia con un hijo o $14,161 para una familia con dos o m\u00e1s hijos. El umbral de elegibilidad de ingresos anuales para adultos sin hijos calificados aumentar\u00e1 de $6,717 a aproximadamente $15,000.<\/p>\n<p>\u201cLa expansi\u00f3n para incluir a los trabajadores por cuenta propia es grande y alinea el EITC de California con los EITC federales y estatales. California est\u00e1 impulsando la econom\u00eda de los aut\u00f3nomos. Es hora de que comencemos a recompensar a los aut\u00f3nomos con los mismos beneficios que obtiene el resto de la fuerza laboral \u201d, dijo Judy Darnell, vicepresidenta de pol\u00edticas p\u00fablicas de United Ways of California. \u201cSi usted es un conductor de Uber o Lyft u otro contratista independiente y su familia gana menos de $22,300 por a\u00f1o, obtener un cr\u00e9dito fiscal es como obtener una bonificaci\u00f3n. Va a marcar una gran diferencia para mucha gente &quot;.<\/p>\n<p>La expansi\u00f3n de CalEITC entrar\u00e1 en vigencia cuando las familias presenten sus impuestos el pr\u00f3ximo a\u00f1o para el a\u00f1o fiscal 2017. Y eso es clave: muchas familias elegibles no est\u00e1n obligadas a declarar impuestos, pero deben hacerlo para reclamar los cr\u00e9ditos que se les adeuda. Las organizaciones que atienden a familias de bajos ingresos subrayaron la necesidad de centrarse en la divulgaci\u00f3n para asegurarse de que las familias elegibles conozcan el CalEITC y tengan acceso a servicios gratuitos de preparaci\u00f3n de impuestos para reclamar su cr\u00e9dito. Una encuesta realizada por el Centro de Pol\u00edticas y Presupuestos de California encontr\u00f3 que menos de 1 de cada 5 personas que probablemente eran elegibles para el CalEITC hab\u00edan o\u00eddo hablar del cr\u00e9dito, lo que destaca la necesidad de la promoci\u00f3n del CalEITC. El presupuesto estatal 2017-18 incluy\u00f3 $2 millones en subvenciones de financiamiento a organizaciones sin fines de lucro para actividades de divulgaci\u00f3n y concientizaci\u00f3n sobre el CalEITC, pero los defensores sugieren que se necesitar\u00e1n recursos adicionales para satisfacer las necesidades, en particular expandiendo los servicios gratuitos de preparaci\u00f3n de impuestos para garantizar que los Las familias con ingresos econ\u00f3micos obtienen la mayor cantidad de dinero en sus bolsillos durante la \u00e9poca de impuestos.&nbsp;&nbsp;<\/p>\n<p>\u201cEn todo el estado, United Ways apoya a m\u00e1s de 600 sitios VITA que brindan asistencia gratuita con el impuesto sobre la renta de voluntarios capacitados, para ayudar a las familias a ahorrar dinero y acceder a los cr\u00e9ditos. United Way Bay Area lidera el programa Earn It! \u00a1Qu\u00e9datelo! \u00a1Gu\u00e1rdalo! coalici\u00f3n que incluye m\u00e1s de 250 sitios de impuestos libres que sirven a 8 condados en el \u00c1rea de la Bah\u00eda. Nuestra misi\u00f3n es ayudar a los residentes del \u00c1rea de la Bah\u00eda a ser m\u00e1s estables financieramente brind\u00e1ndoles servicios gratuitos de preparaci\u00f3n de impuestos y ayud\u00e1ndolos a reclamar cr\u00e9ditos importantes como el Cr\u00e9dito Tributario por Hijos, el EITC federal y el CalEITC. La reciente extensi\u00f3n del CalEITC ayudar\u00e1 a muchas de las m\u00e1s de 70,000 personas de bajos ingresos a las que servimos y ayudar\u00e1 en nuestra misi\u00f3n de reducir la pobreza en el \u00c1rea de la Bah\u00eda.<em>&quot; <\/em>dice Anne Wilson, directora ejecutiva de United Way Bay Area.<\/p>\n<p>Una amplia coalici\u00f3n de organizaciones en todo el estado se uni\u00f3 para apoyar la expansi\u00f3n del CalEITC para ayudar a las familias trabajadoras, incluidos los defensores de la educaci\u00f3n, la salud, la seguridad econ\u00f3mica y la justicia racial, los sindicatos, los grupos de peque\u00f1as empresas, los bancos de alimentos y los pediatras. El presidente del presupuesto de la Asamblea, Phil Ting, fue un defensor clave para la expansi\u00f3n del CalEITC, y el tema obtuvo el apoyo de varios otros legisladores estatales de ambos partidos pol\u00edticos. Los defensores est\u00e1n comprometidos a continuar trabajando con el Gobernador y la Legislatura para fortalecer y expandir el alcance de CalEITC en a\u00f1os futuros.<\/p>\n<p>\u201cLa CWDA elogia al Gobernador ya la Legislatura por su expansi\u00f3n significativa del EITC estatal, una de las estrategias contra la pobreza m\u00e1s efectivas jam\u00e1s empleadas. La pobreza no solo debilita a los ni\u00f1os y las familias, sino que tambi\u00e9n es un drenaje significativo para la econom\u00eda estatal. La expansi\u00f3n del EITC incluida en el presupuesto es un paso importante en la lucha de nuestro estado para eliminar la pobreza \u201d. - Frank Mecca, Director Ejecutivo, Asociaci\u00f3n de Directores de Bienestar del Condado de California.<\/p>\n<p>&quot;La expansi\u00f3n de CalEITC representa un paso significativo hacia la creaci\u00f3n de una California m\u00e1s equitativa, una en la que todos los californianos, sin importar raza, g\u00e9nero o estatus socioecon\u00f3mico, puedan prosperar y alcanzar su m\u00e1ximo potencial&quot;. - Lewis Brown, asociado s\u00e9nior, PolicyLink<\/p>\n<p>\u201cEl Banco de Alimentos de la Comunidad del Condado de Alameda atiende a m\u00e1s de 300,000 residentes del Condado de Alameda anualmente, la mayor\u00eda de los cuales tienen un miembro que trabaja en su hogar. La expansi\u00f3n de CalEITC ayudar\u00e1 a miles de personas m\u00e1s en nuestra comunidad a poner comida en la mesa y sacar a m\u00e1s personas de la pobreza \u201d. - Stephen Knight, Director de Pol\u00edticas y Asociaciones, Banco de Alimentos Comunitario del Condado de Alameda<\/p>\n<p>\u201cCasi el 80% de los californianos de bajos ingresos viven en una casa con ingresos. La expansi\u00f3n del EITC de la Ley de Presupuesto 2017-18 brindar\u00e1 a sus familias algo de alivio de la rutina diaria de la pobreza laboral \u201d. \u2013Mike Herald, Director de Defensa, Western Center on Law and Poverty.<\/p>\n<p>\u201cMuchas familias de bajos ingresos luchan por la autosuficiencia y deben depender de los bancos de alimentos para poner las comidas en la mesa. El cr\u00e9dito fiscal ampliado ayudar\u00e1 a m\u00e1s familias a salir de la pobreza, un paso clave para acabar con el hambre en California \u201d. - Andrew Cheyne, Director de Asuntos Gubernamentales, Asociaci\u00f3n de Bancos de Alimentos de California<\/p>\n<p>&nbsp;\u201cLa expansi\u00f3n de CalEITC a los trabajadores aut\u00f3nomos y el aumento del umbral de ingresos ayudar\u00e1 a millones m\u00e1s de californianos a acumular los recursos necesarios para salir de la pobreza. Nuestra Coalici\u00f3n est\u00e1 comprometida a ayudar a correr la voz sobre la nueva ley para que todos los que obtuvieron el cr\u00e9dito conserven el cr\u00e9dito y m\u00e1s familias de bajos ingresos tengan acceso a las herramientas financieras que necesitan para lograr el Sue\u00f1o de California \u201d. - Jessica Bartholow, presidenta de la Coalici\u00f3n de construcci\u00f3n de activos de California<\/p>\n<p>&nbsp;&quot;California lidera la naci\u00f3n con el n\u00famero de trabajadores aut\u00f3nomos en nuestro estado, por lo que ampliar el CalEITC para incluirlos significa que ahora m\u00e1s californianos tendr\u00e1n acceso a este importante cr\u00e9dito fiscal y al importante impulso financiero que brinda&quot;. - Paulina Gonz\u00e1lez, Directora Ejecutiva, Coalici\u00f3n de Reinversi\u00f3n de California<\/p>\n<p>\u201cLas peque\u00f1as empresas siempre est\u00e1n buscando formas de aumentar los ingresos de sus empleados, especialmente aquellos con ingresos m\u00e1s bajos. El Cr\u00e9dito Tributario por Ingreso del Trabajo federal ha demostrado ser incre\u00edblemente exitoso en aumentar los ingresos de las familias de bajos ingresos y estamos especialmente complacidos de ver la inclusi\u00f3n de trabajadores aut\u00f3nomos en el EITC de California. Aplaudimos al gobernador por firmar un presupuesto que incluye la expansi\u00f3n del EITC y apoyamos firmemente un alcance s\u00f3lido para asegurarnos de que las personas elegibles conozcan este valioso programa que les ayudar\u00e1 a cubrir sus gastos b\u00e1sicos de vida &quot;. - Scott Hauge, presidente, Small Business California<\/p>\n<p>\u201cLos presupuestos son m\u00e1s que planes fiscales, reflejan nuestros valores como estado. Y en California este valor deber\u00eda ser cierto: si trabaja duro, vive con seguridad financiera. Sin embargo, la realidad es que la mayor\u00eda de los californianos que trabajan duro todav\u00eda luchan: no pueden soportar un gasto sorpresa de $700, est\u00e1n a una mu\u00f1eca rota de la crisis financiera. Este presupuesto demuestra un compromiso renovado para mejorar la vida de millones de familias trabajadoras al expandir el Cr\u00e9dito Tributario por Ingreso del Trabajo de California, una forma comprobada de sacar a los trabajadores y a sus hijos de la pobreza. Gracias al gobernador y la legislatura por forjar un futuro m\u00e1s brillante para millones de ni\u00f1os al defender el CalEITC \u201d. Joseph Sanberg, presidente de CalEITC4me.&nbsp;<\/p>\n<p>\u201cCon la expansi\u00f3n del EITC, California est\u00e1 dando otro paso clave hacia la construcci\u00f3n de la seguridad financiera de las mujeres de California, nuestras familias y nuestras comunidades. \u00a1Gracias a todos los que lo hicieron posible! &quot; - Heather McCulloch, fundadora y directora, Asset Building Strategies<\/p>\n<p>&quot;La ampliaci\u00f3n del cr\u00e9dito del impuesto sobre la renta del trabajo de California para incluir las ganancias del trabajo por cuenta propia recompensar\u00e1 el trabajo realizado por empresarios y contratistas independientes, y les permitir\u00e1 conservar una mayor parte del dinero que tanto les cost\u00f3 ganar&quot;. - Mark Herbert, Director de California, Mayor\u00eda de peque\u00f1as empresas<\/p>\n<p align=\"center\">###<\/p>\n<p>Children&#039;s Defense Fund-California es la oficina de California del Children&#039;s Defense Fund, una organizaci\u00f3n de defensa infantil sin fines de lucro que ha trabajado sin descanso durante m\u00e1s de 40 a\u00f1os para garantizar la igualdad de condiciones para todos los ni\u00f1os. La misi\u00f3n de Children&#039;s Defense Fund Leave No Child Behind\u00ae es asegurar que cada ni\u00f1o tenga un Comienzo Saludable, un Head Start, un comienzo justo, un comienzo seguro y un comienzo moral en la vida y un paso exitoso a la edad adulta con la ayuda de familias y comunidades solidarias. <a href=\"http:\/\/www.cdfca.org\/\">www.cdfca.org<\/a><\/p>\n<p>United Ways of California es la organizaci\u00f3n de membres\u00eda estatal para los 32 United Ways locales en todo el estado y parte de una red nacional de 1200 United Ways. Mejoramos la salud, la educaci\u00f3n y la estabilidad financiera de los ni\u00f1os y las familias de bajos ingresos al mejorar y coordinar el trabajo de incidencia y de impacto comunitario de United Ways de California. En todo California, United Ways brinda oportunidades para que las personas de ingresos bajos y moderados lleven una vida exitosa al enfocarse en nuestras tres \u00e1reas prioritarias: salud, educaci\u00f3n y estabilidad financiera. United Way administra, se asocia con o financia 17 programas de Asistencia Voluntaria de Impuestos sobre la Renta con m\u00e1s de 600 sitios en todo California y ofrece asistencia tributaria gratuita en l\u00ednea a trav\u00e9s de myfreetaxes.org.&nbsp; <a href=\"http:\/\/www.unitedwaysca.org\/\">www.unitedwaysca.org<\/a><\/p>","protected":false},"excerpt":{"rendered":"<p>For Immediate Release:&nbsp;&nbsp;&nbsp;&nbsp;&nbsp;&nbsp;&nbsp;&nbsp;&nbsp;&nbsp;&nbsp;&nbsp;&nbsp;&nbsp;&nbsp;&nbsp;&nbsp;&nbsp;&nbsp;&nbsp;&nbsp;&nbsp;&nbsp;&nbsp;&nbsp;&nbsp;&nbsp;&nbsp;&nbsp;&nbsp;&nbsp;&nbsp; June 28, 2017 Contact: Cadonna Dory, (213) 355\u20138790 Advocates Celebrate the Expansion of the California Earned Income [&hellip;]<\/p>\n","protected":false},"author":1,"featured_media":0,"parent":0,"menu_order":0,"comment_status":"closed","ping_status":"closed","template":"","meta":{"_acf_changed":false,"_seopress_robots_primary_cat":"","_seopress_titles_title":"","_seopress_titles_desc":"","_seopress_robots_index":"","_searchwp_excluded":"","footnotes":""},"class_list":["post-3574","page","type-page","status-publish","hentry"],"acf":[],"_links":{"self":[{"href":"https:\/\/www.cafoodbanks.org\/es\/wp-json\/wp\/v2\/pages\/3574","targetHints":{"allow":["GET"]}}],"collection":[{"href":"https:\/\/www.cafoodbanks.org\/es\/wp-json\/wp\/v2\/pages"}],"about":[{"href":"https:\/\/www.cafoodbanks.org\/es\/wp-json\/wp\/v2\/types\/page"}],"author":[{"embeddable":true,"href":"https:\/\/www.cafoodbanks.org\/es\/wp-json\/wp\/v2\/users\/1"}],"replies":[{"embeddable":true,"href":"https:\/\/www.cafoodbanks.org\/es\/wp-json\/wp\/v2\/comments?post=3574"}],"version-history":[{"count":1,"href":"https:\/\/www.cafoodbanks.org\/es\/wp-json\/wp\/v2\/pages\/3574\/revisions"}],"predecessor-version":[{"id":3886,"href":"https:\/\/www.cafoodbanks.org\/es\/wp-json\/wp\/v2\/pages\/3574\/revisions\/3886"}],"wp:attachment":[{"href":"https:\/\/www.cafoodbanks.org\/es\/wp-json\/wp\/v2\/media?parent=3574"}],"curies":[{"name":"wp","href":"https:\/\/api.w.org\/{rel}","templated":true}]}}