{"id":3575,"date":"2017-06-28T20:55:36","date_gmt":"2017-06-28T20:55:36","guid":{"rendered":"http:\/\/localhost\/california-state-budget-gives-food-banks-eight-million-reasons-to-celebrate\/"},"modified":"2020-11-18T18:56:57","modified_gmt":"2020-11-18T18:56:57","slug":"california-state-budget-gives-food-banks-eight-million-reasons-celebrate","status":"publish","type":"page","link":"https:\/\/www.cafoodbanks.org\/es\/california-state-budget-gives-food-banks-eight-million-reasons-celebrate\/","title":{"rendered":"El presupuesto del estado de California da a los bancos de alimentos ocho millones de razones para celebrar"},"content":{"rendered":"<p><strong>PARA PUBLICACI\u00d3N INMEDIATA<\/strong><br \/>\nMi\u00e9rcoles, 28 de junio de 2017<\/p>\n<p align=\"right\">Contacto con los medios:<br \/>\nDaniela Ogden, Asociaci\u00f3n de Bancos de Alimentos de California<br \/>\n&nbsp;(510) 350-9919, <a href=\"mailto:daniela@cafoodbanks.org\">daniela@cafoodbanks.org<\/a><\/p>\n<h1 align=\"center\"><strong>El presupuesto del estado de California da a los bancos de alimentos ocho millones de razones para celebrar<\/strong><\/h1>\n<h3 align=\"center\"><em>El gobernador Brown y la legislatura destinan $8 millones al programa CalFood<\/em><\/h3>\n<p><i>Oakland<\/i> - El gobernador Jerry Brown firm\u00f3 ayer el Presupuesto del Estado de California 2017-18, y los banqueros de alimentos de California est\u00e1n satisfechos con los $8 millones que incluye para CalFood, un programa que permite a los bancos de alimentos usar su poder adquisitivo colectivo para comprar alimentos producidos en California para alimentar a los hambriento. El presupuesto proporciona $2 millones en fondos \u00fanicos y $6 millones de apoyo anual continuo. Debido a que los bancos de alimentos aprovechan las grandes econom\u00edas de escala, cada d\u00f3lar asignado les permite proporcionar aproximadamente cinco comidas.&nbsp;<\/p>\n<p>Para uno de cada ocho californianos, incluidos m\u00e1s de 2 millones de ni\u00f1os, los bancos de alimentos son una fuente fundamental de nutrici\u00f3n. Incluso entre los beneficiarios de CalFresh (cupones de alimentos), un tercio depende de los alimentos de los bancos de alimentos. CalFood fortalece la red de alimentos de emergencia al permitir que los bancos de alimentos de California compren alimentos cultivados en California.<\/p>\n<p>\u201cEste es un d\u00eda hist\u00f3rico. Nunca antes se hab\u00eda hecho un compromiso tan grande para acabar con el hambre en California \u201d, dijo Sue Sigler, Directora Ejecutiva de la Asociaci\u00f3n de Bancos de Alimentos de California. &quot;Los banqueros de alimentos y los defensores del hambre agradecen al gobernador y a la legislatura por defender a los residentes m\u00e1s vulnerables de nuestro estado&quot;.<\/p>\n<p>CalFood tambi\u00e9n es una gran ayuda para la econom\u00eda de California. Los fondos deben usarse para comprar y distribuir alimentos cultivados o producidos en California, beneficiando al sector agr\u00edcola del estado. Los fondos de CalFood tambi\u00e9n aumentan la actividad econ\u00f3mica al proporcionar alimentos a las familias necesitadas que pueden gastar d\u00f3lares en art\u00edculos no alimentarios en sus comunidades.<\/p>\n<p><strong>Acerca de la Asociaci\u00f3n de Bancos de Alimentos de California<\/strong><\/p>\n<p>La Asociaci\u00f3n de Bancos de Alimentos de California se asocia con 41 bancos de alimentos y m\u00e1s de 6,000 agencias locales. Nuestra misi\u00f3n es acabar con el hambre en California, y nuestra visi\u00f3n es una California bien alimentada y sin hambre, donde todas las personas tengan suficiente comida para llevar una vida saludable. Obtenga m\u00e1s informaci\u00f3n en www.cafoodbanks.org.<\/p>\n<p align=\"center\">&nbsp;<\/p>","protected":false},"excerpt":{"rendered":"<p>FOR IMMEDIATE RELEASE Wednesday, June 28, 2017 Media Contact: Daniela Ogden, California Association of Food Banks &nbsp;(510) 350-9919, daniela@cafoodbanks.org California [&hellip;]<\/p>\n","protected":false},"author":1,"featured_media":0,"parent":0,"menu_order":0,"comment_status":"closed","ping_status":"closed","template":"","meta":{"_acf_changed":false,"_seopress_robots_primary_cat":"","_seopress_titles_title":"","_seopress_titles_desc":"","_seopress_robots_index":"","_searchwp_excluded":"","footnotes":""},"class_list":["post-3575","page","type-page","status-publish","hentry"],"acf":[],"_links":{"self":[{"href":"https:\/\/www.cafoodbanks.org\/es\/wp-json\/wp\/v2\/pages\/3575","targetHints":{"allow":["GET"]}}],"collection":[{"href":"https:\/\/www.cafoodbanks.org\/es\/wp-json\/wp\/v2\/pages"}],"about":[{"href":"https:\/\/www.cafoodbanks.org\/es\/wp-json\/wp\/v2\/types\/page"}],"author":[{"embeddable":true,"href":"https:\/\/www.cafoodbanks.org\/es\/wp-json\/wp\/v2\/users\/1"}],"replies":[{"embeddable":true,"href":"https:\/\/www.cafoodbanks.org\/es\/wp-json\/wp\/v2\/comments?post=3575"}],"version-history":[{"count":1,"href":"https:\/\/www.cafoodbanks.org\/es\/wp-json\/wp\/v2\/pages\/3575\/revisions"}],"predecessor-version":[{"id":3885,"href":"https:\/\/www.cafoodbanks.org\/es\/wp-json\/wp\/v2\/pages\/3575\/revisions\/3885"}],"wp:attachment":[{"href":"https:\/\/www.cafoodbanks.org\/es\/wp-json\/wp\/v2\/media?parent=3575"}],"curies":[{"name":"wp","href":"https:\/\/api.w.org\/{rel}","templated":true}]}}