{"id":3581,"date":"2017-05-12T15:50:31","date_gmt":"2017-05-12T15:50:31","guid":{"rendered":"http:\/\/localhost\/cafb-statement-on-governor-browns-may-revise\/"},"modified":"2020-11-18T18:59:03","modified_gmt":"2020-11-18T18:59:03","slug":"cafb-statement-governor-browns-may-revise","status":"publish","type":"page","link":"https:\/\/www.cafoodbanks.org\/es\/cafb-statement-governor-browns-may-revise\/","title":{"rendered":"Declaraci\u00f3n de CAFB sobre la revisi\u00f3n de mayo del gobernador Brown"},"content":{"rendered":"<p><strong>Para publicaci\u00f3n inmediata<\/strong><br \/>\n12 de mayo de 2017<\/p>\n<p class=\"rteright\"><strong>Contacto de prensa: <\/strong><br \/>\nDaniela Ogden, daniela@cafoodbanks.org, (510) 350-9919<\/p>\n<p>Agradecemos al gobernador Brown por incluir $2 millones para CalFood en su revisi\u00f3n presupuestaria de mayo. La financiaci\u00f3n de Calfood es fundamental para los bancos de alimentos de California porque uno de cada ocho californianos, incluido uno de cada cuatro ni\u00f1os, depende de los bancos de alimentos para su nutrici\u00f3n. Si bien apreciamos esta inversi\u00f3n \u00fanica en el presupuesto, esperamos que el Gobernador reconozca que esta cantidad no sostiene el sistema de alimentos de emergencia de nuestro estado, que requiere el total de $17.5 millones en apoyo continuo que hemos solicitado. Como dijo el gobernador, estamos lidiando con la incertidumbre que se avecina sobre el gobierno federal, y lo alentamos a que piense en los millones de californianos que est\u00e1n tan asustados por el futuro que CalFresh no es viable para ellos y los bancos de alimentos son su \u00fanico lugar seguro para obtener la nutrici\u00f3n que necesitan para vivir vidas saludables y productivas.<\/p>\n<p><strong>Acerca de la Asociaci\u00f3n de Bancos de Alimentos de California<\/strong><\/p>\n<p><span style=\"color: rgb(111, 111, 111); font-family: Ubuntu, sans-serif; font-size: 14px;\">La Asociaci\u00f3n de Bancos de Alimentos de California se asocia con 43 bancos de alimentos y m\u00e1s de 6,000 agencias locales. Nuestra misi\u00f3n es acabar con el hambre en California, y nuestra visi\u00f3n es una California bien nutrida y sin hambre, donde todas las personas tengan suficiente comida para llevar una vida saludable. Obtenga m\u00e1s informaci\u00f3n en&nbsp;<\/span><a href=\"\/es\/\" style=\"color: rgb(248, 91, 48); outline: none; text-decoration-line: none; -webkit-tap-highlight-color: rgb(70, 167, 226); font-family: Ubuntu, sans-serif; font-size: 14px;\">www.cafoodbanks.org<\/a><span style=\"color: rgb(111, 111, 111); font-family: Ubuntu, sans-serif; font-size: 14px;\">.<\/span><\/p>\n<p class=\"rtecenter\"><font color=\"#6f6f6f\" face=\"Ubuntu, sans-serif\"><span style=\"font-size: 14px;\">###<\/span><\/font><\/p>","protected":false},"excerpt":{"rendered":"<p>For Immediate Release May 12, 2017 Press Contact: Daniela Ogden, daniela@cafoodbanks.org, (510) 350-9919 We thank Governor Brown for including $2 [&hellip;]<\/p>\n","protected":false},"author":1,"featured_media":0,"parent":0,"menu_order":0,"comment_status":"closed","ping_status":"closed","template":"","meta":{"_acf_changed":false,"_seopress_robots_primary_cat":"","_seopress_titles_title":"","_seopress_titles_desc":"","_seopress_robots_index":"","_searchwp_excluded":"","footnotes":""},"class_list":["post-3581","page","type-page","status-publish","hentry"],"acf":[],"_links":{"self":[{"href":"https:\/\/www.cafoodbanks.org\/es\/wp-json\/wp\/v2\/pages\/3581","targetHints":{"allow":["GET"]}}],"collection":[{"href":"https:\/\/www.cafoodbanks.org\/es\/wp-json\/wp\/v2\/pages"}],"about":[{"href":"https:\/\/www.cafoodbanks.org\/es\/wp-json\/wp\/v2\/types\/page"}],"author":[{"embeddable":true,"href":"https:\/\/www.cafoodbanks.org\/es\/wp-json\/wp\/v2\/users\/1"}],"replies":[{"embeddable":true,"href":"https:\/\/www.cafoodbanks.org\/es\/wp-json\/wp\/v2\/comments?post=3581"}],"version-history":[{"count":1,"href":"https:\/\/www.cafoodbanks.org\/es\/wp-json\/wp\/v2\/pages\/3581\/revisions"}],"predecessor-version":[{"id":3891,"href":"https:\/\/www.cafoodbanks.org\/es\/wp-json\/wp\/v2\/pages\/3581\/revisions\/3891"}],"wp:attachment":[{"href":"https:\/\/www.cafoodbanks.org\/es\/wp-json\/wp\/v2\/media?parent=3581"}],"curies":[{"name":"wp","href":"https:\/\/api.w.org\/{rel}","templated":true}]}}