{"id":3583,"date":"2017-05-11T17:13:03","date_gmt":"2017-05-11T17:13:03","guid":{"rendered":"http:\/\/localhost\/governor-brown-will-release-budget-revise-on-thursday\/"},"modified":"2020-11-18T18:59:19","modified_gmt":"2020-11-18T18:59:19","slug":"governor-brown-will-release-budget-revise-thursday","status":"publish","type":"page","link":"https:\/\/www.cafoodbanks.org\/es\/governor-brown-will-release-budget-revise-thursday\/","title":{"rendered":"El gobernador Brown publicar\u00e1 la revisi\u00f3n del presupuesto el jueves"},"content":{"rendered":"<p><strong>PARA PUBLICACI\u00d3N INMEDIATA<\/strong><br \/>\nJueves, 11 de mayo de 2017<\/p>\n<p align=\"right\">Contacto con los medios:<br \/>\nDaniela Ogden, Asociaci\u00f3n de Bancos de Alimentos de California<br \/>\n&nbsp;(510) 350-9919, <a href=\"mailto:daniela@cafoodbanks.org\">daniela@cafoodbanks.org<\/a><\/p>\n<p align=\"center\"><strong>El gobernador Brown publicar\u00e1 la revisi\u00f3n del presupuesto el jueves<\/strong><\/p>\n<p align=\"center\"><em>Los banqueros de alimentos esperan ver mejores cifras de CalFood<\/em><\/p>\n<p><em>Sacramento<\/em> - El gobernador Jerry Brown publica hoy su revisi\u00f3n presupuestaria 2017-18 y los banqueros de alimentos de California esperan que incluya fondos para CalFood. Los banqueros de alimentos y los defensores del hambre est\u00e1n solicitando que se agreguen $17.5 millones al presupuesto. Una inversi\u00f3n de este tama\u00f1o proporcionar\u00eda unos 87,5 millones de comidas a los californianos hambrientos.<\/p>\n<p>\u201cEsperamos que el gobernador d\u00e9 prioridad a acabar con el hambre en el presupuesto estatal\u201d, dijo Andrew Cheyne, Director de Asuntos Gubernamentales de la Asociaci\u00f3n de Bancos de Alimentos de California. \u201cFinanciar CalFood en nuestra solicitud de $17.5 millones proporciona aproximadamente $3.25 por californiano con inseguridad alimentaria, lo que a\u00fan es mucho menos que varios de nuestros estados pares que tienen una participaci\u00f3n mucho m\u00e1s alta en SNAP\u201d.<\/p>\n<p>Para uno de cada ocho californianos, incluidos m\u00e1s de 2 millones de ni\u00f1os, los bancos de alimentos son una fuente fundamental de nutrici\u00f3n. Incluso entre los beneficiarios de CalFresh, un tercio depende de los alimentos de los bancos de alimentos. CalFood fortalece la red de alimentos de emergencia al permitir que los bancos de alimentos de California compren alimentos cultivados en California. Debido a que los bancos de alimentos aprovechan las grandes econom\u00edas de escala, cada d\u00f3lar asignado les permite proporcionar aproximadamente cinco comidas.&nbsp;&nbsp;&nbsp;&nbsp;&nbsp;&nbsp;&nbsp;&nbsp;&nbsp;&nbsp;&nbsp;<\/p>\n<p>CalFood tambi\u00e9n es una gran ayuda para la econom\u00eda de California. Los fondos deben usarse para comprar y distribuir alimentos cultivados o producidos en California, beneficiando al sector agr\u00edcola del estado. Los fondos de CalFood tambi\u00e9n aumentan la actividad econ\u00f3mica al proporcionar alimentos a las familias necesitadas que pueden gastar d\u00f3lares en art\u00edculos no alimentarios en sus comunidades.<\/p>\n<p style=\"margin-left:.5in;\"><strong>CUANDO:<\/strong> Jueves, 11 de mayo de 2017 a las 10:00 am<\/p>\n<p style=\"margin-left:.5in;\"><strong>D\u00d3NDE:<\/strong> Capitolio del estado de California, sala de conferencias de prensa del gobernador, sala 1190, Sacramento, CA 95814<\/p>\n<p style=\"margin-left:.5in;\"><strong>POR QU\u00c9:<\/strong> Andrew Cheyne, Director de Asuntos Gubernamentales y otros representantes de los Bancos de Alimentos de California est\u00e1n disponibles para entrevistas. Llame al (510) 350-9919 para conectarse.<\/p>\n<p><strong>Acerca de la Asociaci\u00f3n de Bancos de Alimentos de California<\/strong><\/p>\n<p>La Asociaci\u00f3n de Bancos de Alimentos de California se asocia con 43 bancos de alimentos y m\u00e1s de 6,000 agencias locales. Nuestra misi\u00f3n es acabar con el hambre en California, y nuestra visi\u00f3n es una California bien nutrida y sin hambre, donde todas las personas tengan suficiente comida para llevar una vida saludable. Obtenga m\u00e1s informaci\u00f3n en www.cafoodbanks.org.<\/p>\n<p align=\"center\"><em>###<\/em><\/p>","protected":false},"excerpt":{"rendered":"<p>FOR IMMEDIATE RELEASE Thursday, May 11, 2017 Media Contact: Daniela Ogden, California Association of Food Banks &nbsp;(510) 350-9919, daniela@cafoodbanks.org Governor [&hellip;]<\/p>\n","protected":false},"author":1,"featured_media":0,"parent":0,"menu_order":0,"comment_status":"closed","ping_status":"closed","template":"","meta":{"_acf_changed":false,"_seopress_robots_primary_cat":"","_seopress_titles_title":"","_seopress_titles_desc":"","_seopress_robots_index":"","_searchwp_excluded":"","footnotes":""},"class_list":["post-3583","page","type-page","status-publish","hentry"],"acf":[],"_links":{"self":[{"href":"https:\/\/www.cafoodbanks.org\/es\/wp-json\/wp\/v2\/pages\/3583","targetHints":{"allow":["GET"]}}],"collection":[{"href":"https:\/\/www.cafoodbanks.org\/es\/wp-json\/wp\/v2\/pages"}],"about":[{"href":"https:\/\/www.cafoodbanks.org\/es\/wp-json\/wp\/v2\/types\/page"}],"author":[{"embeddable":true,"href":"https:\/\/www.cafoodbanks.org\/es\/wp-json\/wp\/v2\/users\/1"}],"replies":[{"embeddable":true,"href":"https:\/\/www.cafoodbanks.org\/es\/wp-json\/wp\/v2\/comments?post=3583"}],"version-history":[{"count":1,"href":"https:\/\/www.cafoodbanks.org\/es\/wp-json\/wp\/v2\/pages\/3583\/revisions"}],"predecessor-version":[{"id":3892,"href":"https:\/\/www.cafoodbanks.org\/es\/wp-json\/wp\/v2\/pages\/3583\/revisions\/3892"}],"wp:attachment":[{"href":"https:\/\/www.cafoodbanks.org\/es\/wp-json\/wp\/v2\/media?parent=3583"}],"curies":[{"name":"wp","href":"https:\/\/api.w.org\/{rel}","templated":true}]}}