{"id":3588,"date":"2017-02-21T21:35:24","date_gmt":"2017-02-21T21:35:24","guid":{"rendered":"http:\/\/localhost\/assemblymember-susan-eggman-introduces-california-good-samaritan-food-donation-act\/"},"modified":"2017-02-21T21:35:24","modified_gmt":"2017-02-21T21:35:24","slug":"assemblymember-susan-eggman-introduces-california-good-samaritan-food-donation-act","status":"publish","type":"page","link":"https:\/\/www.cafoodbanks.org\/es\/assemblymember-susan-eggman-introduces-california-good-samaritan-food-donation-act\/","title":{"rendered":"La asamble\u00edsta Susan Eggman presenta la Ley de donaci\u00f3n de alimentos del Buen Samaritano de California"},"content":{"rendered":"<p>PARA PUBLICACI\u00d3N INMEDIATA<br \/>\n21 de febrero de 2017<\/p>\n<p style=\"margin:0in;margin-bottom:.0001pt\"><b><span style=\"font-size:11.0pt;color:black\">CONTACTOS: <\/span><\/b><br \/>\n<span style=\"font-size:11.0pt;color:black\">Christian Burkin, Oficina de la asamble\u00edsta Susan Eggman (916) 319-2013<br \/>\nDaniela Ogden, Asociaci\u00f3n de Bancos de Alimentos de CA (510) 272-4435 x919<\/span><\/p>\n<p style=\"margin:0in;margin-bottom:.0001pt\"><span style=\"font-size:11.0pt;color:black\">Melissa Romero, Californianos contra el desperdicio (916) 443-5422<\/span><\/p>\n<p style=\"margin:0in;margin-bottom:.0001pt\">&nbsp;<\/p>\n<h1 align=\"center\"><strong>La asamble\u00edsta Susan Eggman presenta<br \/>\nLey de donaci\u00f3n de alimentos del buen samaritano de California<\/strong><\/h1>\n<p><strong>SACRAMENTO\u2013 <\/strong>La asamble\u00edsta Susan Eggman (D-Stockton) present\u00f3 hoy el Proyecto de Ley de la Asamblea 1219, la Ley de Donaci\u00f3n de Alimentos del Buen Samaritano de California, que actualizar\u00e1 la ley de 1977, una medida audaz que har\u00e1 de California un l\u00edder en la naci\u00f3n en donaci\u00f3n de alimentos. California fue el primer estado del pa\u00eds en promulgar una legislaci\u00f3n que protege a los donantes de alimentos de buena fe de la responsabilidad con el fin de alentar las donaciones de alimentos, y esta fue posteriormente adoptada como legislaci\u00f3n nacional.<\/p>\n<p>Los minoristas, restaurantes, consumidores y otros de California descartan millones de toneladas de excedentes de alimentos saludables, a menudo citando temores de ser demandados como su principal raz\u00f3n para no donar los alimentos a los bancos de alimentos, despensas de alimentos y otras organizaciones que redistribuyen alimentos a personas necesitadas. Mientras tanto, el estado enfrenta una crisis de hambre que afecta a uno de cada ocho californianos, incluido uno de cada cuatro ni\u00f1os.<\/p>\n<p>&quot;Esta legislaci\u00f3n proporciona una claridad muy necesaria para los grupos que quieren ayudar a alimentar a las personas que padecen hambre&quot;, dijo <strong>Andrew Cheyne<\/strong>, Director de Asuntos Gubernamentales de la Asociaci\u00f3n de Bancos de Alimentos de California, uno de los patrocinadores del proyecto de ley. \u201cEste es particularmente el caso de los donantes que tienen fuentes valiosas de prote\u00ednas pero que dudan en donar porque no tienen certeza sobre la pol\u00edtica del estado, al aclarar esto podemos llevar m\u00e1s alimentos a las personas que m\u00e1s los necesitan\u201d.<\/p>\n<p>Si bien nunca se ha demandado a ninguna empresa por donar alimentos, muchas empresas o bien no conocen las protecciones existentes o citan disposiciones legales confusas o ambiguas.<\/p>\n<p>La Ley de Donaci\u00f3n de Alimentos del Buen Samaritano de California, que fortalecer\u00eda las leyes estatales de protecci\u00f3n de los donantes de alimentos para maximizar la donaci\u00f3n de alimentos. AB 1219 har\u00e1 aclaraciones, como que los alimentos donados despu\u00e9s de la etiqueta de fecha impresa en el producto no es una negligencia grave, esto se debe al hecho de que muchas etiquetas de fecha en los alimentos no tienen nada que ver con la seguridad y son simplemente una indicaci\u00f3n de la m\u00e1xima frescura. AB 1219 tambi\u00e9n extiende las protecciones a los donantes de buena fe, por ejemplo, el proyecto de ley proporciona protecciones para aquellos que donan alimentos directamente a las personas, lo que puede ayudar a permitir el uso oportuno de alimentos perecederos, as\u00ed como a hacer que las donaciones de cantidades m\u00e1s peque\u00f1as sean m\u00e1s eficientes.<\/p>\n<p>&quot;El desperdicio de alimentos comestibles no solo perjudica a quienes padecen inseguridad alimentaria, sino que tambi\u00e9n desperdicia todos los recursos naturales que se han utilizado para cultivar y transportar esos alimentos&quot;. <strong>Nick Lapis<\/strong>, Directora de Defensa de Californian&#039;s Against Waste, copatrocinadora del proyecto de ley, dijo: &quot;Felicitamos a la asamble\u00edsta Eggman por su compromiso continuo de garantizar que los alimentos que cultivamos alimenten a las personas, no a los vertederos&quot;.<\/p>\n<p><strong>Sitio web de la Asociaci\u00f3n de Bancos de Alimentos de California: <\/strong><a href=\"\/es\/\">\/<\/a><\/p>\n<p><strong>Sitio web de Californians Against Waste:<\/strong> <a href=\"http:\/\/www.cawrecycles.org\/\">http:\/\/www.cawrecycles.org\/<\/a><\/p>\n<p class=\"rtecenter\">###<\/p>","protected":false},"excerpt":{"rendered":"<p>FOR IMMEDIATE RELEASE February 21, 2017 CONTACTS: Christian Burkin, Office of Assemblymember Susan Eggman &nbsp;(916) 319-2013 Daniela Ogden, CA Association [&hellip;]<\/p>\n","protected":false},"author":1,"featured_media":0,"parent":0,"menu_order":0,"comment_status":"closed","ping_status":"closed","template":"","meta":{"_acf_changed":false,"_seopress_robots_primary_cat":"","_seopress_titles_title":"","_seopress_titles_desc":"","_seopress_robots_index":"","_searchwp_excluded":"","footnotes":""},"class_list":["post-3588","page","type-page","status-publish","hentry"],"acf":[],"_links":{"self":[{"href":"https:\/\/www.cafoodbanks.org\/es\/wp-json\/wp\/v2\/pages\/3588","targetHints":{"allow":["GET"]}}],"collection":[{"href":"https:\/\/www.cafoodbanks.org\/es\/wp-json\/wp\/v2\/pages"}],"about":[{"href":"https:\/\/www.cafoodbanks.org\/es\/wp-json\/wp\/v2\/types\/page"}],"author":[{"embeddable":true,"href":"https:\/\/www.cafoodbanks.org\/es\/wp-json\/wp\/v2\/users\/1"}],"replies":[{"embeddable":true,"href":"https:\/\/www.cafoodbanks.org\/es\/wp-json\/wp\/v2\/comments?post=3588"}],"version-history":[{"count":0,"href":"https:\/\/www.cafoodbanks.org\/es\/wp-json\/wp\/v2\/pages\/3588\/revisions"}],"wp:attachment":[{"href":"https:\/\/www.cafoodbanks.org\/es\/wp-json\/wp\/v2\/media?parent=3588"}],"curies":[{"name":"wp","href":"https:\/\/api.w.org\/{rel}","templated":true}]}}