{"id":3590,"date":"2017-02-07T18:29:29","date_gmt":"2017-02-07T18:29:29","guid":{"rendered":"http:\/\/localhost\/rural-and-remote-food-bank-resources\/"},"modified":"2024-09-12T14:14:56","modified_gmt":"2024-09-12T21:14:56","slug":"rural-and-remote-food-bank-resources","status":"publish","type":"page","link":"https:\/\/www.cafoodbanks.org\/es\/rural-and-remote-food-bank-resources\/","title":{"rendered":"Rural &amp; Remote Food Bank Resources"},"content":{"rendered":"<h3 class=\"wp-block-heading\"><strong>Remote Rural Food Bank (RRFB) Modules&nbsp;<\/strong><\/h3>\n\n\n\n<p>Los m\u00f3dulos del Banco de alimentos rurales remotos (RRFB) proporcionan un marco para el intercambio de informaci\u00f3n valiosa exclusiva de las comunidades rurales remotas. Estos m\u00f3dulos ofrecen un punto de partida para aquellos que buscan desarrollar servicios donde no existen y tambi\u00e9n material actualizado para l\u00edderes experimentados que desean avanzar en \u00e1reas espec\u00edficas. Adem\u00e1s de que nuestras comunidades est\u00e1n aisladas, los l\u00edderes tambi\u00e9n pueden estarlo. Las relaciones formadas con colegas a trav\u00e9s de estas conversaciones en otras comunidades remotas son fundamentales para el crecimiento y la viabilidad.<\/p>\n\n\n\n<p><strong>Fuentes de comida<\/strong><\/p>\n\n\n\n<p>Federal Food Sources (USDA, EFAP and CSFP)\u2026Purchased Food (Farm to Family, private vendors and group buys)\u2026Corporate Donations (Feeding America, local corporate)\u2026Food Reclamation, Gleaning, Growing\u2026 Local Food Drives\u2026Advocacy Issues<\/p>\n\n\n\n<p><strong>Personal y voluntarios<\/strong><\/p>\n\n\n\n<p>Paid Staff Hiring\u2026Volunteer Staff Recruitment and Retention\u2026Advocacy Issues<\/p>\n\n\n\n<p><strong>Desarrollo de fondos<\/strong><\/p>\n\n\n\n<p>Government Grants (federal, state, pass-through to local)\u2026 Fund Development Plans\u2026Private Funders (Sources\/Approach, Donor Relations, Wills &amp; Bequests, Donor Software)\u2026Advocacy Issues<\/p>\n\n\n\n<p><strong>Desarrollo de la Junta<\/strong><\/p>\n\n\n\n<p>Board Number, Structure and Representation\u2026 Board Functioning &amp; Responsibilities\u2026Alternative Structures: Advisory Councils\u2026 Advocacy Issues<\/p>\n\n\n\n<p><strong>Desarrollo del programa<\/strong><\/p>\n\n\n\n<p>Community Needs &amp; Assets Assessment<br>Direct Services\u2013Food Distribution<br>Special Events <br>Homebound Delivery Program<br>Food Delivery to Community Locations<br>Nutrition Education and Outreach<br><\/p>\n\n\n\n<p><strong>Asociaciones comunitarias y mensajer\u00eda eficaz<\/strong><\/p>\n\n\n\n<p>Building Community Partnerships &amp; Effective Messaging&nbsp;&nbsp;<\/p>\n\n\n\n<p><strong>Planificaci\u00f3n de desastres<\/strong><\/p>\n\n\n\n<p>Disaster Planning\u2026Lessons Learned about Effective Response\u2026&nbsp;<\/p>\n\n\n\n<p>Post Disaster Issues\u2026Advocacy Issues&nbsp;<\/p>\n\n\n\n<p>Flota, equipos grandes, instalaciones, infraestructura<\/p>\n\n\n\n<p>Food Transport Vehicles\u2026Large Equipment\u2026Facilities and Infrastructure\u2026<\/p>\n\n\n\n<p><strong>Problemas de promoci\u00f3n\u00a0<\/strong><\/p>\n\n\n\n<p>Licencias, certificaciones, auditor\u00edas<\/p>\n\n\n\n<p>Food Handling Safety\u2026Workplace Safety\u2026Audits, Monitoring\u2026<\/p>\n\n\n\n<p><\/p>\n\n\n\n<p>Any leader who does this work knows it is multifaceted and the information is constantly changing.\u00a0Creating a network of leaders savvy to such complexities will strengthen the community.\u00a0The nine modules are focused on different areas of food bank operations and include unique remote rural challenges, best practices, and useful contacts and resources.\u00a0The modules were completed in July 2016, following a year of collaborative effort by four California food bank directors.<\/p>\n\n\n\n<div>&nbsp;<\/div>\n\n\n\n<h3 class=\"wp-block-heading\"><strong>Necesita valoraci\u00f3n&nbsp;<\/strong><\/h3>\n\n\n\n<p><a href=\"\/wp-content\/uploads\/2017\/12\/CAFB_RRFB_Needs Assessment_FINAL_FULL Report.pdf\" target=\"_blank\" rel=\"noopener noreferrer\">Rural and Remote Needs Assessment<\/a><\/p>\n\n\n\n<p><a href=\"\/wp-content\/uploads\/2017\/12\/CAFB_RRFB Needs Assessment Executive Summary.pdf\" target=\"_blank\" rel=\"noopener noreferrer\">Needs Assessment Executive Summary&nbsp;<\/a><\/p>\n\n\n\n<div>&nbsp;<\/div>\n\n\n\n<div>\n<h3>Webinars \/ In-person Events<\/h3>\n<p><a href=\"https:\/\/www.cafoodbanks.org\/es\/member-portal\/events\/\"><strong>Check Here<\/strong><\/a> For Upcoming Events<\/p>\n<p>&nbsp;<\/p>\n<p><iframe loading=\"lazy\" src=\"https:\/\/www.youtube.com\/embed\/sPYG2VR4m5s\" width=\"560\" height=\"315\" frameborder=\"0\"><\/iframe><\/p>\n<h3>&nbsp;<\/h3>\n<\/div>\n\n\n\n<div>&nbsp;<\/div>","protected":false},"excerpt":{"rendered":"<p>Remote Rural Food Bank (RRFB) Modules&nbsp; The Remote Rural Food Bank (RRFB) modules provide a framework for an exchange of [&hellip;]<\/p>\n","protected":false},"author":1,"featured_media":0,"parent":0,"menu_order":0,"comment_status":"closed","ping_status":"closed","template":"","meta":{"_acf_changed":false,"_seopress_robots_primary_cat":"","_seopress_titles_title":"","_seopress_titles_desc":"","_seopress_robots_index":"","_searchwp_excluded":"","footnotes":""},"class_list":["post-3590","page","type-page","status-publish","hentry"],"acf":[],"_links":{"self":[{"href":"https:\/\/www.cafoodbanks.org\/es\/wp-json\/wp\/v2\/pages\/3590","targetHints":{"allow":["GET"]}}],"collection":[{"href":"https:\/\/www.cafoodbanks.org\/es\/wp-json\/wp\/v2\/pages"}],"about":[{"href":"https:\/\/www.cafoodbanks.org\/es\/wp-json\/wp\/v2\/types\/page"}],"author":[{"embeddable":true,"href":"https:\/\/www.cafoodbanks.org\/es\/wp-json\/wp\/v2\/users\/1"}],"replies":[{"embeddable":true,"href":"https:\/\/www.cafoodbanks.org\/es\/wp-json\/wp\/v2\/comments?post=3590"}],"version-history":[{"count":11,"href":"https:\/\/www.cafoodbanks.org\/es\/wp-json\/wp\/v2\/pages\/3590\/revisions"}],"predecessor-version":[{"id":47830,"href":"https:\/\/www.cafoodbanks.org\/es\/wp-json\/wp\/v2\/pages\/3590\/revisions\/47830"}],"wp:attachment":[{"href":"https:\/\/www.cafoodbanks.org\/es\/wp-json\/wp\/v2\/media?parent=3590"}],"curies":[{"name":"wp","href":"https:\/\/api.w.org\/{rel}","templated":true}]}}