{"id":3600,"date":"2016-03-24T22:16:05","date_gmt":"2016-03-24T22:16:05","guid":{"rendered":"http:\/\/localhost\/farm-to-family-see-how-it-works\/"},"modified":"2016-03-24T22:16:05","modified_gmt":"2016-03-24T22:16:05","slug":"farm-to-family-see-how-it-works","status":"publish","type":"page","link":"https:\/\/www.cafoodbanks.org\/es\/farm-to-family-see-how-it-works\/","title":{"rendered":"De la granja a la familia: vea c\u00f3mo funciona"},"content":{"rendered":"<p>California produce m\u00e1s de la mitad de las frutas, nueces y verduras del pa\u00eds, pero millones de californianos no saben de d\u00f3nde vendr\u00e1 su pr\u00f3xima comida. Farm to Family conecta a los productores y empacadores del estado con los bancos de alimentos para entregar alimentos frescos y nutritivos a las familias necesitadas.<\/p>\n<p><strong>Los productos se cosechan frescos en los campos<\/strong><br \/>\nTodo comienza en los campos. El equipo Farm to Family de la Asociaci\u00f3n de Bancos de Alimentos de California est\u00e1 presente en todo el estado. Encuentran productores y empacadores con un exceso de productos que no es adecuado para el momento del mercado o que podr\u00edan no cumplir con los est\u00e1ndares del mercado en cuanto a belleza, tama\u00f1o o forma. Este alimento sigue siendo nutritivo y merece sacarlo del campo a las personas que lo necesiten.<\/p>\n<p><img decoding=\"async\" alt=\"\" id=\"picborder\" src=\"\/sites\/default\/files\/field_nectarines.jpg\" style=\"height:426px; width:640px\" \/><\/p>\n<p>&nbsp;<\/p>\n<p><strong>Los productos frescos se clasifican en la sala de empaque<\/strong><br \/>\nEn las empacadoras, el producto se divide en grupos para las tiendas de abarrotes, Farm to Family u otros mercados secundarios, como jugos, alimentos para ganado o tiendas de d\u00f3lar. En muchos casos, el producto se dona a Farm to Family; en otros casos, CAFB compra las frutas y verduras por centavos de libra.<\/p>\n<p><img decoding=\"async\" alt=\"\" id=\"picborder\" src=\"\/sites\/default\/files\/packing_house_apricots.jpg\" style=\"height:480px; width:640px\" \/><\/p>\n<p>&nbsp;<\/p>\n<p><strong>De la granja a la familia traslada sus productos a los bancos de alimentos<\/strong><br \/>\nEl programa Farm to Family env\u00eda alrededor de 50 camiones por semana a los bancos de alimentos de todo el estado. La mayor\u00eda de los productos se env\u00edan semanalmente durante cada temporada. CAFB organiza la log\u00edstica para alentar a los bancos de alimentos de la misma zona a compartir camiones de un solo producto. Esto permite a CAFB transportar productos de manera eficiente y entregarlos a bancos de alimentos que de otra manera no podr\u00edan acceder a estas frutas y verduras frescas.<\/p>\n<p><img decoding=\"async\" alt=\"\" src=\"\/sites\/default\/files\/tractor_trailer.jpg\" style=\"height:427px; width:640px\" \/><\/p>\n<p>&nbsp;<\/p>\n<p><strong>Los bancos de alimentos reempacan las frutas y verduras<\/strong><br \/>\nLos productos a menudo llegan en contenedores de pl\u00e1stico que contienen varios cientos de libras de frutas y verduras, o en sacos de 50 libras. Se necesitan miles de voluntarios en los bancos de alimentos para volver a empaquetar el producto antes de distribuirlo en las despensas de alimentos, los comedores de beneficencia y otras agencias comunitarias.<\/p>\n<p><img decoding=\"async\" alt=\"\" src=\"\/sites\/default\/files\/Plums_Pallet%20Jack_website.JPG\" style=\"height:480px; width:640px\" \/><\/p>\n<p>&nbsp;<\/p>\n<p><strong>Las agencias comunitarias distribuyen las frutas y verduras<\/strong><br \/>\nLos bancos de alimentos tienen muchas formas diferentes de distribuir los productos agr\u00edcolas de la familia a las familias de bajos ingresos. Esto puede incluir distribuciones estilo Farmer&#039;s Market y despensas de alimentos m\u00f3viles.<\/p>\n<p><img decoding=\"async\" alt=\"\" src=\"\/sites\/default\/files\/produce-distribution.jpg\" style=\"height:480px; width:640px\" \/><\/p>\n<p>&nbsp;<\/p>\n<h3>Recursos<\/h3>\n<p><a href=\"\/es\/farm-to-family-donor\/\" target=\"_blank\" rel=\"noopener noreferrer\">Informaci\u00f3n del donante <\/a> <\/em><\/p>\n<p><a href=\"\/es\/f2f-produce-list\/\" target=\"_blank\" rel=\"noopener noreferrer\">Lista de productos <\/a> <\/em><\/p>\n<p><a href=\"\/es\/farm-family-concurrent-harvesting-report\/\" target=\"_blank\" rel=\"noopener noreferrer\">Informe de recolecci\u00f3n concurrente<\/a><\/p>\n<p><a href=\"\/es\/farm-family-out-door\/\" target=\"_blank\" rel=\"noopener noreferrer\">Out the Door: una gu\u00eda para la distribuci\u00f3n de productos agr\u00edcolas en California<\/a><\/p>","protected":false},"excerpt":{"rendered":"<p>California produces over half of the nation\u2019s fruits, nuts, and vegetables yet millions of Californians don\u2019t know where their next [&hellip;]<\/p>\n","protected":false},"author":1,"featured_media":0,"parent":0,"menu_order":0,"comment_status":"closed","ping_status":"closed","template":"","meta":{"_acf_changed":false,"_seopress_robots_primary_cat":"","_seopress_titles_title":"","_seopress_titles_desc":"","_seopress_robots_index":"","_searchwp_excluded":"","footnotes":""},"class_list":["post-3600","page","type-page","status-publish","hentry"],"acf":[],"_links":{"self":[{"href":"https:\/\/www.cafoodbanks.org\/es\/wp-json\/wp\/v2\/pages\/3600","targetHints":{"allow":["GET"]}}],"collection":[{"href":"https:\/\/www.cafoodbanks.org\/es\/wp-json\/wp\/v2\/pages"}],"about":[{"href":"https:\/\/www.cafoodbanks.org\/es\/wp-json\/wp\/v2\/types\/page"}],"author":[{"embeddable":true,"href":"https:\/\/www.cafoodbanks.org\/es\/wp-json\/wp\/v2\/users\/1"}],"replies":[{"embeddable":true,"href":"https:\/\/www.cafoodbanks.org\/es\/wp-json\/wp\/v2\/comments?post=3600"}],"version-history":[{"count":0,"href":"https:\/\/www.cafoodbanks.org\/es\/wp-json\/wp\/v2\/pages\/3600\/revisions"}],"wp:attachment":[{"href":"https:\/\/www.cafoodbanks.org\/es\/wp-json\/wp\/v2\/media?parent=3600"}],"curies":[{"name":"wp","href":"https:\/\/api.w.org\/{rel}","templated":true}]}}