{"id":3605,"date":"2015-05-12T18:08:02","date_gmt":"2015-05-12T18:08:02","guid":{"rendered":"http:\/\/localhost\/thank-you-for-joining-us-at-cafb-conference-2015\/"},"modified":"2020-11-18T18:50:22","modified_gmt":"2020-11-18T18:50:22","slug":"2015-conference-materials","status":"publish","type":"page","link":"https:\/\/www.cafoodbanks.org\/es\/2015-conference-materials\/","title":{"rendered":"\u00a1Gracias por acompa\u00f1arnos en la Conferencia CAFB 2015!"},"content":{"rendered":"<table border=\"0\" cellpadding=\"1\" cellspacing=\"1\" style=\"width:100%\">\n<tbody>\n<tr>\n<td style=\"background-color:rgb(133, 178, 83)\">\n<p>&nbsp;<\/p>\n<p>\n\t\t\t<span style=\"color:#FFFFFF\"><strong><span style=\"font-size:20px\">Ahora es el momento:<\/span><br \/>\n\t\t\t<span style=\"font-size:26px\">Nuevas visiones para acabar con el hambre<\/span><\/strong><\/span><\/p>\n<p><span style=\"color:#FFFFFF\"><strong><span style=\"font-size:26px\">4-5 de mayo de 2015 Sacramento<\/span><\/strong><\/span><\/p>\n<\/td>\n<\/tr>\n<\/tbody>\n<\/table>\n<p>Consulte a continuaci\u00f3n todos los excelentes materiales compartidos en la Conferencia CAFB 2015. Haga clic en el nombre del taller o en el presentador del taller (si corresponde) para descargar las diapositivas.<\/p>\n<p><em>Se agregar\u00e1n diapositivas adicionales a medida que se reciban.<\/em><\/p>\n<p><strong><em><a href=\"https:\/\/www.surveymonkey.com\/r\/SPW7666\" target=\"_blank\" rel=\"noopener noreferrer\">Participa en la conferencia CAFB&nbsp;<\/a><\/em><\/strong><strong><em><a href=\"https:\/\/www.surveymonkey.com\/r\/SPW7666\" target=\"_blank\" rel=\"noopener noreferrer\">2015&nbsp;<\/a><\/em><\/strong><strong><em><a href=\"https:\/\/www.surveymonkey.com\/r\/SPW7666\" target=\"_blank\" rel=\"noopener noreferrer\">S<\/a><\/em><\/strong><strong><a href=\"https:\/\/www.surveymonkey.com\/r\/SPW7666\" target=\"_blank\" rel=\"noopener noreferrer\"><em>urvey!<\/em><\/a><\/strong><\/p>\n<p><strong>Documentos de los asistentes<\/strong><br \/>\n<a href=\"\/wp-content\/uploads\/2015\/05\/cafbconferenceprogram.pdf\" target=\"_blank\" rel=\"noopener noreferrer\">Programa de conferencias<img decoding=\"async\" alt=\"\" src=\"\/oldsite\/images\/pdf%20icon.png\" style=\"height:15px; width:15px\" \/><\/a><br \/>\n<a href=\"\/wp-content\/uploads\/2015\/05\/CAFB-2015-Attendees-List.pdf\" target=\"_blank\" rel=\"noopener noreferrer\">Lista de asistentes a la conferencia<\/a><a href=\"\/wp-content\/uploads\/2015\/05\/cafbconferenceprogram.pdf\" style=\"line-height: 20.7999992370605px;\" target=\"_blank\" rel=\"noopener noreferrer\"><img decoding=\"async\" alt=\"\" src=\"\/oldsite\/images\/pdf%20icon.png\" style=\"height:15px; opacity:0.9; width:15px\" \/><\/a><\/p>\n<hr \/>\n<p><span style=\"font-size:16px\"><strong><u>Sesi\u00f3n uno<\/u><\/strong><\/span><\/p>\n<table border=\"1\" cellpadding=\"1\" cellspacing=\"1\" style=\"width:650px\">\n<tbody>\n<tr>\n<td><a href=\"\/wp-content\/uploads\/2015\/05\/Food-Bank-Nutrition-Policies-UC-MAZON-Campbell-Feldman-Ross.pdf\" target=\"_blank\" rel=\"noopener noreferrer\"><strong>Pol\u00edticas de nutrici\u00f3n de los bancos de alimentos: provocando cambios organizativos<\/strong><\/a><\/td>\n<\/tr>\n<tr>\n<td><em>Presentadores:<\/em><br \/>\n\t\t\tElizabeth Campbell, especialista en investigaci\u00f3n, Centro para el peso y la salud, Universidad de California, Berkeley<br \/>\n\t\t\tMarla Feldman, directora de programa, MAZON: una respuesta jud\u00eda al hambre<br \/>\n\t\t\tMichelle Ross, especialista en investigaci\u00f3n, Centro para el peso y la salud, Universidad de California, Berkeley<\/td>\n<\/tr>\n<tr>\n<td>&nbsp;<\/td>\n<\/tr>\n<tr>\n<td><a href=\"\/wp-content\/uploads\/2015\/05\/Digital-Fundraising-Russ-Reid-Kim-Taylor.pdf\" target=\"_blank\" rel=\"noopener noreferrer\"><strong>Tendencias y perspectivas de la recaudaci\u00f3n de fondos digitales &nbsp;<\/strong><\/a><\/td>\n<\/tr>\n<tr>\n<td><em>Presentador:&nbsp;<\/em><br \/>\n\t\t\tKim Taylor, supervisora de estrategia digital, Russ Reid<\/td>\n<\/tr>\n<tr>\n<td>&nbsp;<\/td>\n<\/tr>\n<tr>\n<td><a href=\"\/wp-content\/uploads\/2015\/05\/Community-Collaborations-FB-Santa-Barbara-Erik-Talkin.pdf\" target=\"_blank\" rel=\"noopener noreferrer\"><strong>Colaboraciones comunitarias: abordar las causas y consecuencias del hambre<\/strong><\/a><\/td>\n<\/tr>\n<tr>\n<td><em>Presentadores:<\/em><br \/>\n\t\t\tEileen Hyde, directora de participaci\u00f3n en la red, colaboraci\u00f3n para clientes, Feeding America<br \/>\n\t\t\tErik Talkin, director ejecutivo del banco de alimentos del condado de Santa B\u00e1rbara<br \/>\n\t\t\tBonnie Weigel, presidenta y directora ejecutiva de FOOD Share<\/td>\n<\/tr>\n<tr>\n<td>&nbsp;<\/td>\n<\/tr>\n<tr>\n<td><a href=\"\/wp-content\/uploads\/2015\/05\/Messaging-for-Success-FRAC-Ellen Vollinger.pdf\" target=\"_blank\" rel=\"noopener noreferrer\"><strong>Mensajes para el \u00e9xito<\/strong><\/a><\/td>\n<\/tr>\n<tr>\n<td><em>Presentadores:<\/em><br \/>\n\t\t\tDavid Lee, director ejecutivo de Feeding Wisconsin<br \/>\n\t\t\tEllen Vollinger, directora jur\u00eddica, Centro de investigaci\u00f3n y acci\u00f3n alimentaria<\/td>\n<\/tr>\n<tr>\n<td>&nbsp;<\/td>\n<\/tr>\n<tr>\n<td><strong>Creaci\u00f3n de capacidad para la promoci\u00f3n 101<\/strong><\/td>\n<\/tr>\n<tr>\n<td><em>Presentadores:<\/em><br \/>\n\t\t\tLisa Houston, directora ejecutiva y presidenta de FIND Food Bank<br \/>\n\t\t\tHeidi McHugh, Coordinadora de educaci\u00f3n comunitaria y extensi\u00f3n, Food for People, Inc. El banco de alimentos del condado de Humboldt<br \/>\n\t\t\tBrett Weisel, director de promoci\u00f3n, Feeding America<br \/>\n\t\t\tSusan Acker, Gerente de Comunicaciones, Banco Regional de Alimentos de Los \u00c1ngeles<\/td>\n<\/tr>\n<tr>\n<td>&nbsp;<\/td>\n<\/tr>\n<tr>\n<td><a href=\"\/wp-content\/uploads\/2015\/05\/How-to-Increase-Distribution-Presentation-2015.pdf\" target=\"_blank\" rel=\"noopener noreferrer\"><strong>Todo sobre los productos: c\u00f3mo aumentar la distribuci\u00f3n y gestionar la calidad<\/strong><\/a><\/td>\n<\/tr>\n<tr>\n<td><em>Presentadores:<\/em><br \/>\n\t\t\tBarbara Abbott, Directora de Abastecimiento y Asignaci\u00f3n de Alimentos, SF- Marin Food Ban<br \/>\n\t\t\tGary Maxworthy, Desarrollo de recursos alimentarios, SF-Marin Food Bank<br \/>\n\t\t\tSteve Linkhart, Director de la granja a la familia, Asociaci\u00f3n de Bancos de Alimentos de California<\/td>\n<\/tr>\n<tr>\n<td>&nbsp;<\/td>\n<\/tr>\n<\/tbody>\n<\/table>\n<p><strong><span style=\"font-size:16px\"><u>Sesi\u00f3n dos<\/u><\/span><\/strong><\/p>\n<table border=\"1\" cellpadding=\"1\" cellspacing=\"1\" style=\"width:650px\">\n<tbody>\n<tr>\n<td><a href=\"\/wp-content\/uploads\/2015\/05\/Food-Banks-Growers-IVFB-Sara-Griffen.pdf\" target=\"_blank\" rel=\"noopener noreferrer\"><strong>Los bancos de alimentos como productores: \u00bfun modelo viable?<\/strong><\/a><\/td>\n<\/tr>\n<tr>\n<td><em>Presentador:<\/em><br \/>\n\t\t\tSara Griffen, directora ejecutiva, Imperial Valley Food Bank<\/td>\n<\/tr>\n<tr>\n<td>&nbsp;<\/td>\n<\/tr>\n<tr>\n<td><strong>Siguiente nivel en seguridad alimentaria: un primer vistazo a la auditor\u00eda de AIB International<\/strong><\/td>\n<\/tr>\n<tr>\n<td><em>Presentador:<\/em><br \/>\n\t\t\tAfua Darkwa, coordinadora de seguridad alimentaria, Feeding America<\/td>\n<\/tr>\n<tr>\n<td>&nbsp;<\/td>\n<\/tr>\n<tr>\n<td><a href=\"\/wp-content\/uploads\/2015\/05\/Harnessing-Power-Get-Out-The-Vote.pdf\" target=\"_blank\" rel=\"noopener noreferrer\"><strong>Aprovechar el poder de su banco de alimentos para obtener el voto<\/strong><\/a><\/td>\n<\/tr>\n<tr>\n<td><em>Presentadores:<\/em><br \/>\n\t\t\tKeisha Nzewi, Gerente de Defensa, Banco Comunitario de Alimentos del Condado de Alameda<br \/>\n\t\t\tShanti Prasad, Coordinadora de Movilizaci\u00f3n Comunitaria, Banco Comunitario de Alimentos del Condado de Alameda<\/td>\n<\/tr>\n<tr>\n<td>&nbsp;<\/td>\n<\/tr>\n<tr>\n<td><a href=\"\/wp-content\/uploads\/2015\/05\/New-to-Food-Banking.pdf\" target=\"_blank\" rel=\"noopener noreferrer\"><strong>Nuevo en la banca de alimentos<\/strong><\/a><\/td>\n<\/tr>\n<tr>\n<td><em>Presentadores:<\/em><br \/>\n\t\t\tPersonal de la Asociaci\u00f3n de Bancos de Alimentos de California<\/td>\n<\/tr>\n<tr>\n<td>&nbsp;<\/td>\n<\/tr>\n<tr>\n<td><strong>Alliance to Transform CalFresh: Capacitaci\u00f3n de defensores del condado 101<\/strong><\/td>\n<\/tr>\n<tr>\n<td><em>Presentador:<\/em><br \/>\n\t\t\tDiana Jensen, analista s\u00e9nior de pol\u00edticas y promoci\u00f3n, San Francisco-Marin Food Bank<br \/>\n\t\t\tSarah Palmer, Asociada de Pol\u00edticas, Asociaci\u00f3n de Bancos de Alimentos de California<\/td>\n<\/tr>\n<tr>\n<td>&nbsp;<\/td>\n<\/tr>\n<\/tbody>\n<\/table>\n<p><span style=\"font-size:16px\"><strong><u>Sesi\u00f3n tres<\/u><\/strong><\/span><\/p>\n<table border=\"1\" cellpadding=\"1\" cellspacing=\"1\" style=\"width:650px\">\n<tbody>\n<tr>\n<td><a href=\"\/wp-content\/uploads\/2015\/05\/Rethink-Your-Approach-SHSCSM-Keezer-Lewis-Chang.pdf\" target=\"_blank\" rel=\"noopener noreferrer\"><strong>Reconsidere su enfoque de las relaciones con agencias<\/strong><\/a><\/td>\n<\/tr>\n<tr>\n<td><em>Presentadores:<\/em><br \/>\n\t\t\tAlisha Keezer-Lewis, gerente de asociaciones, Second Harvest Food Bank de los condados de Santa Clara y San Mateo<br \/>\n\t\t\tShirley Chang, Gerente de Asociaciones, Second Harvest Food Bank de los condados de Santa Clara y San Mateo<\/td>\n<\/tr>\n<tr>\n<td>&nbsp;<\/td>\n<\/tr>\n<tr>\n<td><a href=\"\/wp-content\/uploads\/2015\/05\/Public-Works-CAFB-How-to-Change-the-Conversation-about-Hunger-and-Food-Insecurity.pdf\" target=\"_blank\" rel=\"noopener noreferrer\"><strong>C\u00f3mo cambiar la conversaci\u00f3n sobre el hambre y la inseguridad alimentaria&nbsp;<\/strong><\/a><\/td>\n<\/tr>\n<tr>\n<td><em>Presentadores:<\/em><br \/>\n\t\t\tElaine Mejia, Vicepresidente de Obras P\u00fablicas: El Centro para el Sector P\u00fablico<br \/>\n\t\t\tMarcia Kinsey, Directora de Investigaci\u00f3n y Compromiso, Obras P\u00fablicas: el Centro para el Sector P\u00fablico<\/td>\n<\/tr>\n<tr>\n<td>&nbsp;<\/td>\n<\/tr>\n<tr>\n<td><a href=\"\/wp-content\/uploads\/2015\/05\/Waste-Not-OC-Coalition.pdf\"><strong>C\u00f3mo involucrar a su oficial de salud p\u00fablica local para acabar con el hambre<\/strong><\/a><\/td>\n<\/tr>\n<tr>\n<td><em>Presentadores:<\/em><br \/>\n\t\t\tDr. Eric G. Handler, oficial de salud del condado de Orange<br \/>\n\t\t\tMark Lowry, Director, Banco de Alimentos del Condado de Orange, Asociaci\u00f3n de Acci\u00f3n Comunitaria del Condado de Orange<\/td>\n<\/tr>\n<tr>\n<td>&nbsp;<\/td>\n<\/tr>\n<tr>\n<td><strong>\u00bfTienes nutrici\u00f3n? C\u00f3mo involucrar a las despensas, agencias y consumidores<\/strong><\/td>\n<\/tr>\n<tr>\n<td><em>Presentadores:<\/em><br \/>\n\t\t\t<a href=\"\/wp-content\/uploads\/2015\/05\/Eat-Fresh-Leahs-Pantry.pdf\" target=\"_blank\" rel=\"noopener noreferrer\">Erin Franey, coordinadora del programa, EatFresh.org, Leah&#039;s Pantry<\/a><br \/>\n\t\t\t<a href=\"\/wp-content\/uploads\/2015\/05\/Nutrition-Spectrum-Agency-Engagement-CAFB-Conference-2015.pdf\" target=\"_blank\" rel=\"noopener noreferrer\">Amy Schaner, directora de programas, Redwood Empire Food Bank<\/a><br \/>\n\t\t\tJessica Silldorff, coordinadora s\u00e9nior del programa, EatFresh.org, Leah&#039;s Pantry<br \/>\n\t\t\tCody Dunitz, Coordinador de educaci\u00f3n nutricional, Asociaci\u00f3n de Bancos de Alimentos de California<\/td>\n<\/tr>\n<tr>\n<td>&nbsp;<\/td>\n<\/tr>\n<tr>\n<td><strong>Hacer que CalFresh cuente para las personas mayores<\/strong><\/td>\n<\/tr>\n<tr>\n<td><em>Presentadores:<\/em><br \/>\n\t\t\tLura Barber, Directora, Iniciativas contra el Hambre, Consejo Nacional sobre el Envejecimiento<br \/>\n\t\t\tAndrea Bricker, Consultora de Nutrici\u00f3n de Salud P\u00fablica III, Departamento de Envejecimiento de California<br \/>\n\t\t\tTy Jones, analista de pol\u00edticas, Centro de prioridades presupuestarias y pol\u00edticas<\/td>\n<\/tr>\n<tr>\n<td>&nbsp;<\/td>\n<\/tr>\n<\/tbody>\n<\/table>\n<p><span style=\"font-size:16px\"><strong><u>Sesi\u00f3n cuatro<\/u><\/strong><\/span><\/p>\n<table border=\"1\" cellpadding=\"1\" cellspacing=\"1\" style=\"width:650px\">\n<tbody>\n<tr>\n<td><strong>Alcance de CalFresh y el principio Ricitos de oro<\/strong><\/td>\n<\/tr>\n<tr>\n<td><em>Presentadores:&nbsp;<\/em>&nbsp;<br \/>\n\t\t\t<a href=\"\/wp-content\/uploads\/2015\/05\/CalFresh-Outreach-Goldilocks-Resource-Connection-Hayward.pdf\" target=\"_blank\" rel=\"noopener noreferrer\">Jeannie Hayward, directora, Banco de alimentos, The Resource Connection&nbsp;<\/a><br \/>\n\t\t\t<a href=\"\/wp-content\/uploads\/2015\/05\/CalFresh-Outreach-FOOD-Share.pdf\" target=\"_blank\" rel=\"noopener noreferrer\">Martha Montesinos, Coordinadora Asistente de Alcance de CalFresh, FOOD Share<\/a><br \/>\n\t\t\t<a href=\"\/wp-content\/uploads\/2015\/05\/Goldilocks-SFMFB-Liliana Sandoval.pdf\" target=\"_blank\" rel=\"noopener noreferrer\">Liliana Sandoval, Gerente del Programa de Alcance de CalFresh, SF-Marin Food Bank<\/a><\/td>\n<\/tr>\n<tr>\n<td>&nbsp;<\/td>\n<\/tr>\n<tr>\n<td><strong>Ejecuci\u00f3n de una operaci\u00f3n din\u00e1mica: mant\u00e9ngase abierto, ahorre dinero y aumente el peso<\/strong><\/td>\n<\/tr>\n<tr>\n<td><em>Presentadores:<\/em><br \/>\n\t\t\tPat Ybarra, Director de Distribuci\u00f3n y Log\u00edstica, Second Harvest Food Bank condados de Santa Clara y San Mateo<br \/>\n\t\t\tSteve Linkhart, Director de la granja a la familia, Asociaci\u00f3n de Bancos de Alimentos de California<\/td>\n<\/tr>\n<tr>\n<td>&nbsp;<\/td>\n<\/tr>\n<tr>\n<td><strong>Abordar el hambre de los estudiantes: la iniciativa mundial de alimentos de la UC y los defensores de CalFresh<\/strong><\/td>\n<\/tr>\n<tr>\n<td><em>Presentadores:<\/em><br \/>\n\t\t\tJessica Bartholow, defensora legislativa, Western Center on Law and Poverty<br \/>\n\t\t\tWilly Elliot-McCrea, director ejecutivo, Second Harvest Food Bank del condado de Santa Cruz<br \/>\n\t\t\t<a href=\"\/wp-content\/uploads\/2015\/05\/Addressing-Student-Hunger-Galarneau_2015.pdf\">Tim Galarneau, especialista en investigaci\u00f3n y educaci\u00f3n en sistemas alimentarios, Universidad de California Santa Cruz<\/a><br \/>\n\t\t\t<a href=\"\/wp-content\/uploads\/2015\/05\/Addressing-Student-Hunger-USDA-Dennis Stewart.pdf\" target=\"_blank\" rel=\"noopener noreferrer\">Dennis Stewart, Director de SNAP, Regi\u00f3n Occidental, Departamento de Agricultura de los Estados Unidos<\/a><\/td>\n<\/tr>\n<tr>\n<td>&nbsp;<\/td>\n<\/tr>\n<tr>\n<td><a href=\"\/wp-content\/uploads\/2015\/05\/Get Ready for Child Reauthorization - Feeding America SD - Erin.pdf\" target=\"_blank\" rel=\"noopener noreferrer\"><strong>Prep\u00e1rese para la reautorizaci\u00f3n de la nutrici\u00f3n infantil: \u00e9xitos, desaf\u00edos y oportunidades para alimentar a los ni\u00f1os y j\u00f3venes cuando no hay clases<\/strong><\/a><\/td>\n<\/tr>\n<tr>\n<td><em>Presentadores:<\/em><br \/>\n\t\t\tPatrice Chamberlain, director de la Coalici\u00f3n de comidas de verano de California, un programa del Instituto de Gobierno Local<br \/>\n\t\t\tCrystal FitzSimons, directora de programas de horario escolar y extraescolar, Centro de investigaci\u00f3n y acci\u00f3n alimentaria<br \/>\n\t\t\tItzul Guti\u00e9rrez, Gerente de Programa, Redwood Empire Food Bank<br \/>\n\t\t\tErin Hogeboom, directora de programas, Feeding America San Diego<\/td>\n<\/tr>\n<tr>\n<td>&nbsp;<\/td>\n<\/tr>\n<tr>\n<td><a href=\"\/wp-content\/uploads\/2015\/05\/The-California-Endowment-Insider%27s-Guide-to-Working-with-Foundations.pdf\" target=\"_blank\" rel=\"noopener noreferrer\"><strong>Persona enterada<\/strong><strong>&#039;<\/strong><strong>s Gu\u00eda para trabajar con fundaciones: tendencias en la filantrop\u00eda de la atenci\u00f3n m\u00e9dica<\/strong><\/a><\/td>\n<\/tr>\n<tr>\n<td><em>Moderador y presentadores:<\/em><br \/>\n\t\t\tEllen La Pointe, Directora Ejecutiva, Donantes del Norte de California<br \/>\n\t\t\tChristine Tien, directora de programas, The California Endowment<br \/>\n\t\t\tKathryn Boyle, Programas de Beneficios Comunitarios, Regi\u00f3n del Norte de California, Kaiser Permanente<br \/>\n\t\t\tChristina Sunley, directora de desarrollo, CAFB<\/td>\n<\/tr>\n<tr>\n<td>&nbsp;<\/td>\n<\/tr>\n<\/tbody>\n<\/table>\n<p><span style=\"font-size:16px\"><strong><u>Sesi\u00f3n cinco<\/u><\/strong><\/span><\/p>\n<table border=\"1\" cellpadding=\"1\" cellspacing=\"1\" style=\"width:650px\">\n<tbody>\n<tr>\n<td><strong>Mesa redonda de nutrici\u00f3n<\/strong><\/td>\n<\/tr>\n<tr>\n<td><em>Moderador:<\/em><br \/>\n\t\t\tNatalie Caples, Supervisora de programas, Community Food Bank, Fresno<\/td>\n<\/tr>\n<tr>\n<td>&nbsp;<\/td>\n<\/tr>\n<tr>\n<td><strong>Alliance to Transform CalFresh: Capacitaci\u00f3n de defensores del condado 102<\/strong><\/td>\n<\/tr>\n<tr>\n<td><em>Presentadores:<\/em><br \/>\n\t\t\tKim McCoy Wade, consultora, Alliance to Transform CalFresh<br \/>\n\t\t\tAlexis Fernandez, Director de Legislaci\u00f3n, Defensores de las pol\u00edticas alimentarias de California<br \/>\n\t\t\tAmanda Schultz, directora de alcance de CalFresh, San Diego Hunger Coalition<br \/>\n\t\t\tJo\u00ebl McClurg, Gerente de Alcance de CalFresh, Banco de Alimentos de Contra Costa y Solano<\/td>\n<\/tr>\n<tr>\n<td>&nbsp;<\/td>\n<\/tr>\n<tr>\n<td><strong>Mesa Redonda de Desarrollo<\/strong><\/td>\n<\/tr>\n<tr>\n<td><em>Moderador:<\/em><br \/>\n\t\t\tNicole Suydam, directora ejecutiva, Second Harvest Food Bank del condado de Orange<\/td>\n<\/tr>\n<tr>\n<td>&nbsp;<\/td>\n<\/tr>\n<\/tbody>\n<\/table>\n<p><span style=\"font-size:16px\"><strong><u>Sesi\u00f3n seis<\/u><\/strong><\/span><\/p>\n<table border=\"1\" cellpadding=\"1\" cellspacing=\"1\" style=\"width:650px\">\n<tbody>\n<tr>\n<td><strong>Subiendo la escalera: Incidencia 201<\/strong><\/td>\n<\/tr>\n<tr>\n<td><em>Presentadores:<\/em><br \/>\n\t\t\tChris Carter, vicepresidente de comunicaciones, marketing y asuntos p\u00fablicos, Jacob and Cushman San Diego Food Bank<br \/>\n\t\t\t<a href=\"\/wp-content\/uploads\/2015\/05\/Moving-Up-the-Ladder-SHSCSM-Cindy-McCown.pdf\" target=\"_blank\" rel=\"noopener noreferrer\">Cindy McCown, vicepresidenta de programas y servicios, Second Harvest Food Bank de los condados de Santa Clara y San Mateo<\/a><br \/>\n\t\t\t<a href=\"\/wp-content\/uploads\/2015\/05\/Moving-Up-the-Ladder-Teri-Olle.pdf\" target=\"_blank\" rel=\"noopener noreferrer\">Teri Olle, Directora de Pol\u00edticas y Servicios, SF -Marin Food Bank<\/a><br \/>\n\t\t\tAllison Pratt, Directora de Pol\u00edticas y Servicios, Banco Comunitario de Alimentos del Condado de Alameda<\/td>\n<\/tr>\n<tr>\n<td>&nbsp;<\/td>\n<\/tr>\n<tr>\n<td><a href=\"\/wp-content\/uploads\/2015\/05\/Public-Works-CAFB-How-to-Change-the-Conversation-about-Hunger-and-Food-Insecurity-Session-6.pdf\" target=\"_blank\" rel=\"noopener noreferrer\"><strong>C\u00f3mo cambiar la conversaci\u00f3n sobre el hambre y la inseguridad alimentaria (taller)<\/strong><\/a><\/td>\n<\/tr>\n<tr>\n<td><em>Presentadores:<\/em><br \/>\n\t\t\tElaine Mejia, Vicepresidente de Obras P\u00fablicas: El Centro para el Sector P\u00fablico<br \/>\n\t\t\tMarcia Kinsey, Directora de Investigaci\u00f3n y Compromiso, Obras P\u00fablicas: el Centro para el Sector P\u00fablico<\/td>\n<\/tr>\n<tr>\n<td>&nbsp;<\/td>\n<\/tr>\n<tr>\n<td><strong>Mesa Redonda Rural y Remota<\/strong><\/td>\n<\/tr>\n<tr>\n<td><em>Moderadores:<\/em><br \/>\n\t\t\tAnne Holcomb, directora ejecutiva de Alimentos para las personas, Banco de alimentos del condado de Humboldt<br \/>\n\t\t\tLee Kimball, Director, Banco de Alimentos, Agencia de Acci\u00f3n Comunitaria Amador Tuolumne<\/td>\n<\/tr>\n<tr>\n<td>&nbsp;<\/td>\n<\/tr>\n<\/tbody>\n<\/table>\n<p class=\"rteright\">&nbsp;<\/p>\n<p class=\"rteright\"><span style=\"font-size:12px\"><strong>Actualizado 5-19-2015<\/strong><\/span><\/p>","protected":false},"excerpt":{"rendered":"<p>&nbsp; Now is the Time: New Visions Toward Ending Hunger May 4-5, 2015 &nbsp;Sacramento Check below for all of the [&hellip;]<\/p>\n","protected":false},"author":1,"featured_media":0,"parent":0,"menu_order":0,"comment_status":"closed","ping_status":"closed","template":"","meta":{"_acf_changed":false,"_seopress_robots_primary_cat":"","_seopress_titles_title":"","_seopress_titles_desc":"","_seopress_robots_index":"","_searchwp_excluded":"","footnotes":""},"class_list":["post-3605","page","type-page","status-publish","hentry"],"acf":[],"_links":{"self":[{"href":"https:\/\/www.cafoodbanks.org\/es\/wp-json\/wp\/v2\/pages\/3605","targetHints":{"allow":["GET"]}}],"collection":[{"href":"https:\/\/www.cafoodbanks.org\/es\/wp-json\/wp\/v2\/pages"}],"about":[{"href":"https:\/\/www.cafoodbanks.org\/es\/wp-json\/wp\/v2\/types\/page"}],"author":[{"embeddable":true,"href":"https:\/\/www.cafoodbanks.org\/es\/wp-json\/wp\/v2\/users\/1"}],"replies":[{"embeddable":true,"href":"https:\/\/www.cafoodbanks.org\/es\/wp-json\/wp\/v2\/comments?post=3605"}],"version-history":[{"count":1,"href":"https:\/\/www.cafoodbanks.org\/es\/wp-json\/wp\/v2\/pages\/3605\/revisions"}],"predecessor-version":[{"id":3863,"href":"https:\/\/www.cafoodbanks.org\/es\/wp-json\/wp\/v2\/pages\/3605\/revisions\/3863"}],"wp:attachment":[{"href":"https:\/\/www.cafoodbanks.org\/es\/wp-json\/wp\/v2\/media?parent=3605"}],"curies":[{"name":"wp","href":"https:\/\/api.w.org\/{rel}","templated":true}]}}