{"id":3619,"date":"2014-09-23T00:43:25","date_gmt":"2014-09-23T00:43:25","guid":{"rendered":"http:\/\/localhost\/innovative-program-food-for-peoples-choice-pantry\/"},"modified":"2020-11-18T18:49:20","modified_gmt":"2020-11-18T18:49:20","slug":"innovative-program-food-people-choice-pantry","status":"publish","type":"page","link":"https:\/\/www.cafoodbanks.org\/es\/innovative-program-food-people-choice-pantry\/","title":{"rendered":"Programa innovador: despensa de alimentos para la elecci\u00f3n de las personas"},"content":{"rendered":"<figure class=\"wp-block-image size-large\"><img loading=\"lazy\" decoding=\"async\" width=\"1024\" height=\"264\" src=\"\/wp-content\/uploads\/2014\/09\/food for people3-1024x264.jpg\" alt=\"\" class=\"wp-image-1428\" srcset=\"https:\/\/www.cafoodbanks.org\/wp-content\/uploads\/2014\/09\/food%20for%20people3-1024x264.jpg 1024w, https:\/\/www.cafoodbanks.org\/wp-content\/uploads\/2014\/09\/food%20for%20people3-300x77.jpg 300w, https:\/\/www.cafoodbanks.org\/wp-content\/uploads\/2014\/09\/food%20for%20people3-768x198.jpg 768w, https:\/\/www.cafoodbanks.org\/wp-content\/uploads\/2014\/09\/food%20for%20people3-16x4.jpg 16w, https:\/\/www.cafoodbanks.org\/wp-content\/uploads\/2014\/09\/food%20for%20people3.jpg 1159w\" sizes=\"auto, (max-width: 1024px) 100vw, 1024px\" \/><\/figure>\r\n\t\t\t\t\t\t\r\n\t\t\t\t\t<table border=\"1\" cellpadding=\"20\" cellspacing=\"1\" style=\"width: 100%;\">\r\n\t<tbody>\r\n\t\t<tr>\r\n\t\t\t<td class=\"rtejustify\" style=\"border-color: rgb(130, 180, 83); background-color: rgb(130, 180, 83);\"><br \/>\r\n\t\t\t<strong><span style=\"font-size:16px;\"><em><span style=\"color:#FFFFFF;\">Choice Pantry permite a las personas &quot;comprar&quot; a trav\u00e9s de un proceso de selecci\u00f3n de alimentos, como lo har\u00edan en una tienda de comestibles, en lugar de recibir bolsas empaquetadas. Choice Pantry crea una experiencia digna que fomenta la selecci\u00f3n de alimentos saludables.&nbsp;<\/span><\/em><\/span><\/strong><br \/>\r\n\t\t\t&nbsp;<\/td>\r\n\t\t<\/tr>\r\n\t<\/tbody>\r\n<\/table>\r\n\r\n<p><strong>Programa innovador:&nbsp;<\/strong>Elecci\u00f3n de despensa<\/p>\r\n\r\n<p><strong>Banco de comida:&nbsp;<\/strong>Alimentos para la gente (condado de Humboldt)<\/p>\r\n\r\n<p><strong>Objetivo del programa: <\/strong>Crear una experiencia de compra c\u00f3moda, familiar y digna similar a la que experimentan las personas en una tienda minorista y fomentar la elecci\u00f3n de alimentos saludables.<\/p>\r\n\r\n<p><strong>Descripci\u00f3n del programa:&nbsp;<\/strong>Food for People cambi\u00f3 a un modelo de distribuci\u00f3n de alimentos Choice Pantry a partir de octubre de 2009. Hasta entonces, Food for People operaba como la mayor\u00eda de las despensas de alimentos tradicionales, proporcionando a los clientes cajas de alimentos empaquetadas con una asignaci\u00f3n predeterminada de art\u00edculos. Por el contrario, y como sugiere el nombre, las despensas de elecci\u00f3n permiten un cierto nivel de selecci\u00f3n con respecto a los alimentos que reciben los clientes o compradores. A menudo tambi\u00e9n se les conoce como &quot;despensas estilo supermercado&quot; porque est\u00e1n dise\u00f1adas para reflejar una experiencia de compra m\u00e1s tradicional. Las despensas Choice suelen tener estanter\u00edas similares a las que se ver\u00edan en una tienda de comestibles, carritos de compras que se pueden maniobrar a trav\u00e9s del \u00e1rea de compras y un sistema de caja que se asemeja mucho al pasillo de caja de una tienda de comestibles.<\/p>\r\n\r\n<div class=\"rtecenter\" style=\"float: right; width: 266.390625px; margin-left: 0px; margin-right: 20px; margin-bottom: 10px;\"><img decoding=\"async\" src=\"\/wp-content\/uploads\/2014\/09\/Food for People - shoppers helper whitney.JPG\" style=\"width: 250px;\" \/><br \/>\r\n<span style=\"font-size: 12px;\"><em>Whitney, asistente de compradores de Food for People, Inc., trabaja con un cliente.<\/em><\/span><\/div>\r\n\r\n<p>Food for People&#039;s Choice Pantry comienza con una entrevista inicial que determina el tama\u00f1o del hogar y las necesidades diet\u00e9ticas. A continuaci\u00f3n, el cliente recibe una Gu\u00eda de compras personalizada y comienza el proceso de compra.&nbsp;<\/p>\r\n\r\n<p>En lugar de dinero, a los clientes se les asignan puntos de acuerdo con el sistema de puntos Rainbow of Choice. Los puntos se asignan seg\u00fan el tama\u00f1o del hogar. Cada alimento donado o comprado en los estantes de Choice Pantry es un punto. El n\u00famero de puntos asignados a un hogar en cada grupo de alimentos depende de la oferta y la demanda actuales de los productos en la despensa. Los productos b\u00e1sicos del USDA no tienen puntos y, en cambio, se asignan de acuerdo con las reglas del USDA para el tama\u00f1o del hogar. Las frutas y verduras frescas se asignan seg\u00fan el n\u00famero de bolsas que se pueden llenar en cada categor\u00eda, que se ajusta diaria y estacionalmente seg\u00fan la oferta. Los alimentos se agrupan en categor\u00edas codificadas por colores (p. Ej., L\u00e1cteos, frutas, verduras, cereales, prote\u00ednas, combinaci\u00f3n, varios) seg\u00fan el Sistema de orientaci\u00f3n alimentaria MyPlate del USDA.<\/p>\r\n\r\n<p>El uso del c\u00f3digo de colores de los grupos de alimentos tiene como objetivo reforzar la alimentaci\u00f3n saludable y fomentar la alimentaci\u00f3n de una variedad de grupos de alimentos. Este sistema de puntos tambi\u00e9n crea oportunidades gratificantes para que los voluntarios del banco de alimentos aprendan y promuevan conceptos clave de nutrici\u00f3n.<\/p>\r\n\r\n<p><strong>Beneficios:&nbsp;<\/strong>La transici\u00f3n a un sistema Choice Pantry tiene muchos beneficios, que incluyen:<\/p>\r\n\r\n<ul>\r\n\t<li>Mayor respeto: Ofrecer a los clientes una variedad de opciones proporciona un servicio m\u00e1s significativo que permite a los compradores adaptar sus selecciones en funci\u00f3n de sus preferencias y necesidades culturales o diet\u00e9ticas.<\/li>\r\n\t<li>Mayor dignidad: una atm\u00f3sfera de participaci\u00f3n y elecci\u00f3n da dignidad a un proceso que es dif\u00edcil y humillante para muchos de nuestros vecinos y amigos.&nbsp;<\/li>\r\n\t<li>Medios refinados para la adquisici\u00f3n de alimentos: el seguimiento de los alimentos que tienen mayor demanda y los que se dejan en el estante ayuda a Food for People a ajustar los pedidos de productos b\u00e1sicos del USDA y enfocar las campa\u00f1as de alimentos en consecuencia.<\/li>\r\n\t<li>Mayor eficiencia: los compradores se van solo con lo que han elegido. Esto crea un uso m\u00e1s eficiente de los recursos alimentarios limitados que no se desperdiciar\u00e1n ni se regalar\u00e1n.<\/li>\r\n\t<li>Una experiencia de compra basada en una nutrici\u00f3n equilibrada: el sistema de puntos Rainbow of Choice ense\u00f1a a los compradores sobre la nutrici\u00f3n a medida que hacen selecciones para un equilibrio adecuado de alimentos de cada grupo de alimentos.&nbsp;<\/li>\r\n\t<li>Mayor oportunidad para la educaci\u00f3n nutricional: demostraciones de cocina, pruebas de sabor y tarjetas de recetas gratuitas con productos frescos disponibles y art\u00edculos de la estanter\u00eda Choice Pantry presentan a los compradores ideas saludables y consejos de cocina para una buena nutrici\u00f3n<\/li>\r\n<\/ul>\r\n\r\n<p>&nbsp;<\/p>\r\n\r\n<p><strong>Informaci\u00f3n detallada del programa:<\/strong><br \/>\r\n<a href=\"http:\/\/www.foodforpeople.org\/programs\/choice-pantry\" target=\"_blank\" rel=\"noopener noreferrer\">Instrucciones del programa Choice Pantry<\/a><br \/>\r\n<a href=\"\/wp-content\/uploads\/2014\/09\/FFP Choice Pantry Fact Sheet.pdf\" target=\"_blank\" rel=\"noopener noreferrer\">Hoja de datos de Choice Pantry<\/a><br \/>\r\n<a href=\"http:\/\/www.humboldt.edu\/ccrp\/wp-content\/uploads\/2014\/05\/Power-of-Choice.pdf\" target=\"_blank\" rel=\"noopener noreferrer\">Estudio de caso de Food for People&#039;s Choice Pantry<\/a> - por el Centro de Pol\u00edtica Rural de CA<\/p>\r\n\r\n<p><strong>Modelo de financiaci\u00f3n:<\/strong><br \/>\r\nSubsidios<\/p>\r\n\r\n<p><strong>Persona de contacto:<\/strong><br \/>\r\nDeborah Waxman, directora de programas de maestr\u00eda<br \/>\r\n<a href=\"mailto:dwaxman@foodforpeople.org?subject=Food%20For%20People%E2%80%99s%20Choice%20Pantry\" style=\"line-height: 20.7999992370605px;\">dwaxman@foodforpeople.org<\/a><\/p>\r\n\r\n<p><strong>Informaci\u00f3n del contacto:<\/strong><br \/>\r\nAlimentos para la gente, Inc.<br \/>\r\n307 W.14th Street<br \/>\r\nEureka, CA 95501<br \/>\r\n<a href=\"http:\/\/www.foodforpeople.org\" target=\"_blank\" rel=\"noopener noreferrer\">www.foodforpeople.org<\/a><br \/>\r\n707-445-3166 x314<br \/>\r\n707-445-5946 (fax)<\/p>\r\n<a href=\"http:\/\/www.foodforpeople.org\/\" target=\"_blank\" rel=\"noopener noreferrer\"><img decoding=\"async\" alt=\"\" src=\"\/wp-content\/uploads\/2014\/09\/food-for-people.png\" style=\"width: 113px;\" \/><\/a>\r\n\r\n<div>&nbsp;<\/div>","protected":false},"excerpt":{"rendered":"<p>The Choice Pantry enables people to \u201cshop\u201d through a food selection process, much like they would in a grocery store, [&hellip;]<\/p>\n","protected":false},"author":1,"featured_media":0,"parent":0,"menu_order":0,"comment_status":"closed","ping_status":"closed","template":"","meta":{"_acf_changed":false,"_seopress_robots_primary_cat":"","_seopress_titles_title":"","_seopress_titles_desc":"","_seopress_robots_index":"","_searchwp_excluded":"","footnotes":""},"class_list":["post-3619","page","type-page","status-publish","hentry"],"acf":[],"_links":{"self":[{"href":"https:\/\/www.cafoodbanks.org\/es\/wp-json\/wp\/v2\/pages\/3619","targetHints":{"allow":["GET"]}}],"collection":[{"href":"https:\/\/www.cafoodbanks.org\/es\/wp-json\/wp\/v2\/pages"}],"about":[{"href":"https:\/\/www.cafoodbanks.org\/es\/wp-json\/wp\/v2\/types\/page"}],"author":[{"embeddable":true,"href":"https:\/\/www.cafoodbanks.org\/es\/wp-json\/wp\/v2\/users\/1"}],"replies":[{"embeddable":true,"href":"https:\/\/www.cafoodbanks.org\/es\/wp-json\/wp\/v2\/comments?post=3619"}],"version-history":[{"count":1,"href":"https:\/\/www.cafoodbanks.org\/es\/wp-json\/wp\/v2\/pages\/3619\/revisions"}],"predecessor-version":[{"id":3857,"href":"https:\/\/www.cafoodbanks.org\/es\/wp-json\/wp\/v2\/pages\/3619\/revisions\/3857"}],"wp:attachment":[{"href":"https:\/\/www.cafoodbanks.org\/es\/wp-json\/wp\/v2\/media?parent=3619"}],"curies":[{"name":"wp","href":"https:\/\/api.w.org\/{rel}","templated":true}]}}