{"id":3620,"date":"2014-09-19T21:19:30","date_gmt":"2014-09-19T21:19:30","guid":{"rendered":"http:\/\/localhost\/farm-to-family-donor-faq\/"},"modified":"2025-07-16T17:00:18","modified_gmt":"2025-07-17T00:00:18","slug":"farm-to-family-donor-faq","status":"publish","type":"page","link":"https:\/\/www.cafoodbanks.org\/es\/farm-to-family-donor-faq\/","title":{"rendered":"\u00a1Ups!"},"content":{"rendered":"<h3 class=\"wp-block-heading\">Parece que tienes un enlace antiguo.<\/h3>\n\n\n\n<p>Hemos actualizado nuestro sitio web. La p\u00e1gina que est\u00e1 buscando ahora se encuentra aqu\u00ed: <a href=\"https:\/\/www.cafoodbanks.org\/es\/what-we-do\/farm-family\/\">cafoodbanks.org\/what-we-do\/farm-family<\/a><\/p>\n\n\n\n<div style=\"height:100px\" aria-hidden=\"true\" class=\"wp-block-spacer\"><\/div>","protected":false},"excerpt":{"rendered":"<p>It looks like you have an old link. We have updated our website. The page you\u2019re looking for is now [&hellip;]<\/p>\n","protected":false},"author":1,"featured_media":0,"parent":0,"menu_order":0,"comment_status":"closed","ping_status":"closed","template":"","meta":{"_acf_changed":false,"_seopress_robots_primary_cat":"","_seopress_titles_title":"","_seopress_titles_desc":"","_seopress_robots_index":"","_searchwp_excluded":"","footnotes":""},"class_list":["post-3620","page","type-page","status-publish","hentry"],"acf":[],"_links":{"self":[{"href":"https:\/\/www.cafoodbanks.org\/es\/wp-json\/wp\/v2\/pages\/3620","targetHints":{"allow":["GET"]}}],"collection":[{"href":"https:\/\/www.cafoodbanks.org\/es\/wp-json\/wp\/v2\/pages"}],"about":[{"href":"https:\/\/www.cafoodbanks.org\/es\/wp-json\/wp\/v2\/types\/page"}],"author":[{"embeddable":true,"href":"https:\/\/www.cafoodbanks.org\/es\/wp-json\/wp\/v2\/users\/1"}],"replies":[{"embeddable":true,"href":"https:\/\/www.cafoodbanks.org\/es\/wp-json\/wp\/v2\/comments?post=3620"}],"version-history":[{"count":2,"href":"https:\/\/www.cafoodbanks.org\/es\/wp-json\/wp\/v2\/pages\/3620\/revisions"}],"predecessor-version":[{"id":51828,"href":"https:\/\/www.cafoodbanks.org\/es\/wp-json\/wp\/v2\/pages\/3620\/revisions\/51828"}],"wp:attachment":[{"href":"https:\/\/www.cafoodbanks.org\/es\/wp-json\/wp\/v2\/media?parent=3620"}],"curies":[{"name":"wp","href":"https:\/\/api.w.org\/{rel}","templated":true}]}}