{"id":3625,"date":"2014-09-05T17:31:39","date_gmt":"2014-09-05T17:31:39","guid":{"rendered":"http:\/\/localhost\/the-affordable-care-act-aca-opportunity-for-calfresh\/"},"modified":"2020-11-18T18:47:34","modified_gmt":"2020-11-18T18:47:34","slug":"aca-opportunity-for-calfresh","status":"publish","type":"page","link":"https:\/\/www.cafoodbanks.org\/es\/aca-opportunity-for-calfresh\/","title":{"rendered":"La Oportunidad de la Ley del Cuidado de Salud a Bajo Precio (ACA) para CalFresh"},"content":{"rendered":"<figure class=\"wp-block-image size-large\"><img loading=\"lazy\" decoding=\"async\" width=\"1024\" height=\"264\" src=\"\/wp-content\/uploads\/2014\/09\/kids-running-banner-1024x264.png\" alt=\"\" class=\"wp-image-1212\" srcset=\"https:\/\/www.cafoodbanks.org\/wp-content\/uploads\/2014\/09\/kids-running-banner-1024x264.png 1024w, https:\/\/www.cafoodbanks.org\/wp-content\/uploads\/2014\/09\/kids-running-banner-300x77.png 300w, https:\/\/www.cafoodbanks.org\/wp-content\/uploads\/2014\/09\/kids-running-banner-768x198.png 768w, https:\/\/www.cafoodbanks.org\/wp-content\/uploads\/2014\/09\/kids-running-banner-16x4.png 16w, https:\/\/www.cafoodbanks.org\/wp-content\/uploads\/2014\/09\/kids-running-banner.png 1159w\" sizes=\"auto, (max-width: 1024px) 100vw, 1024px\" \/><\/figure>\r\n\t\t\t\t\t\t\r\n\t\t\t\t\t<p>California lidera la naci\u00f3n en la inscripci\u00f3n de familias elegibles en cobertura m\u00e9dica. Por el contrario, California contin\u00faa a la zaga de otros estados en cuanto a inscripci\u00f3n en CalFresh, la primera y mejor defensa del pa\u00eds contra el hambre. Este documento, &quot;Una parada para una buena salud y nutrici\u00f3n para las familias de California&quot;, publicado por <a href=\"\/es\/alliance-transform-calfresh\/\" target=\"_blank\" rel=\"noopener noreferrer\">La Alianza para Transformar CalFresh<\/a>, analiza una gran oportunidad para cambiar eso.<\/p>","protected":false},"excerpt":{"rendered":"<p>California leads the nation in enrolling eligible families in health coverage. By contrast, California&nbsp;continues to lag behind other states in [&hellip;]<\/p>\n","protected":false},"author":1,"featured_media":0,"parent":0,"menu_order":0,"comment_status":"closed","ping_status":"closed","template":"","meta":{"_acf_changed":false,"_seopress_robots_primary_cat":"","_seopress_titles_title":"","_seopress_titles_desc":"","_seopress_robots_index":"","_searchwp_excluded":"","footnotes":""},"class_list":["post-3625","page","type-page","status-publish","hentry"],"acf":[],"_links":{"self":[{"href":"https:\/\/www.cafoodbanks.org\/es\/wp-json\/wp\/v2\/pages\/3625","targetHints":{"allow":["GET"]}}],"collection":[{"href":"https:\/\/www.cafoodbanks.org\/es\/wp-json\/wp\/v2\/pages"}],"about":[{"href":"https:\/\/www.cafoodbanks.org\/es\/wp-json\/wp\/v2\/types\/page"}],"author":[{"embeddable":true,"href":"https:\/\/www.cafoodbanks.org\/es\/wp-json\/wp\/v2\/users\/1"}],"replies":[{"embeddable":true,"href":"https:\/\/www.cafoodbanks.org\/es\/wp-json\/wp\/v2\/comments?post=3625"}],"version-history":[{"count":1,"href":"https:\/\/www.cafoodbanks.org\/es\/wp-json\/wp\/v2\/pages\/3625\/revisions"}],"predecessor-version":[{"id":3853,"href":"https:\/\/www.cafoodbanks.org\/es\/wp-json\/wp\/v2\/pages\/3625\/revisions\/3853"}],"wp:attachment":[{"href":"https:\/\/www.cafoodbanks.org\/es\/wp-json\/wp\/v2\/media?parent=3625"}],"curies":[{"name":"wp","href":"https:\/\/api.w.org\/{rel}","templated":true}]}}