{"id":3632,"date":"2014-08-06T18:25:58","date_gmt":"2014-08-06T18:25:58","guid":{"rendered":"http:\/\/localhost\/opening-new-doors-to-ending-hunger\/"},"modified":"2020-11-18T18:46:28","modified_gmt":"2020-11-18T18:46:28","slug":"opening-new-doors-ending-hunger","status":"publish","type":"page","link":"https:\/\/www.cafoodbanks.org\/es\/opening-new-doors-ending-hunger\/","title":{"rendered":"Abriendo nuevas puertas para acabar con el hambre"},"content":{"rendered":"<figure class=\"wp-block-image size-large\"><img loading=\"lazy\" decoding=\"async\" width=\"1024\" height=\"176\" src=\"\/wp-content\/uploads\/2014\/09\/Carrots banner-1024x176.jpg\" alt=\"\" class=\"wp-image-1281\" srcset=\"https:\/\/www.cafoodbanks.org\/wp-content\/uploads\/2014\/09\/Carrots%20banner-1024x176.jpg 1024w, https:\/\/www.cafoodbanks.org\/wp-content\/uploads\/2014\/09\/Carrots%20banner-300x52.jpg 300w, https:\/\/www.cafoodbanks.org\/wp-content\/uploads\/2014\/09\/Carrots%20banner-768x132.jpg 768w, https:\/\/www.cafoodbanks.org\/wp-content\/uploads\/2014\/09\/Carrots%20banner-16x3.jpg 16w, https:\/\/www.cafoodbanks.org\/wp-content\/uploads\/2014\/09\/Carrots%20banner.jpg 1159w\" sizes=\"auto, (max-width: 1024px) 100vw, 1024px\" \/><\/figure>\r\n\t\t\t\t\t\t\r\n\t\t\t\t\t<p>Este informe documenta c\u00f3mo los bancos de alimentos, las organizaciones comunitarias y las agencias del condado de California est\u00e1n trabajando juntos para mejorar el acceso y aumentar la inscripci\u00f3n en el Programa de Cupones para Alimentos ofreciendo a los clientes m\u00e1s alternativas y asistencia en el proceso de solicitud.<\/p>\r\n\r\n<p>Este informe representa el esfuerzo conjunto del Congressional Hunger Center y la Asociaci\u00f3n de Bancos de Alimentos de California. Este proyecto fue financiado por el Programa de Cupones para Alimentos del USDA a trav\u00e9s del Plan de Alcance y Acceso a Cupones para Alimentos del Departamento de Servicios Sociales de California administrado por la Red para una California Saludable del Departamento de Salud P\u00fablica de California.&nbsp;<\/p>","protected":false},"excerpt":{"rendered":"<p>This report documents how food banks, community organizations, and county agencies in California are working together to improve access and [&hellip;]<\/p>\n","protected":false},"author":1,"featured_media":0,"parent":0,"menu_order":0,"comment_status":"closed","ping_status":"closed","template":"","meta":{"_acf_changed":false,"_seopress_robots_primary_cat":"","_seopress_titles_title":"","_seopress_titles_desc":"","_seopress_robots_index":"","_searchwp_excluded":"","footnotes":""},"class_list":["post-3632","page","type-page","status-publish","hentry"],"acf":[],"_links":{"self":[{"href":"https:\/\/www.cafoodbanks.org\/es\/wp-json\/wp\/v2\/pages\/3632","targetHints":{"allow":["GET"]}}],"collection":[{"href":"https:\/\/www.cafoodbanks.org\/es\/wp-json\/wp\/v2\/pages"}],"about":[{"href":"https:\/\/www.cafoodbanks.org\/es\/wp-json\/wp\/v2\/types\/page"}],"author":[{"embeddable":true,"href":"https:\/\/www.cafoodbanks.org\/es\/wp-json\/wp\/v2\/users\/1"}],"replies":[{"embeddable":true,"href":"https:\/\/www.cafoodbanks.org\/es\/wp-json\/wp\/v2\/comments?post=3632"}],"version-history":[{"count":1,"href":"https:\/\/www.cafoodbanks.org\/es\/wp-json\/wp\/v2\/pages\/3632\/revisions"}],"predecessor-version":[{"id":3848,"href":"https:\/\/www.cafoodbanks.org\/es\/wp-json\/wp\/v2\/pages\/3632\/revisions\/3848"}],"wp:attachment":[{"href":"https:\/\/www.cafoodbanks.org\/es\/wp-json\/wp\/v2\/media?parent=3632"}],"curies":[{"name":"wp","href":"https:\/\/api.w.org\/{rel}","templated":true}]}}