{"id":3658,"date":"2013-11-25T11:18:25","date_gmt":"2013-11-25T11:18:25","guid":{"rendered":"http:\/\/localhost\/find-food-assistance\/"},"modified":"2021-01-04T19:49:39","modified_gmt":"2021-01-04T19:49:39","slug":"find-food-assistance","status":"publish","type":"page","link":"https:\/\/www.cafoodbanks.org\/es\/find-food-assistance\/","title":{"rendered":"\u00a1Ups!"},"content":{"rendered":"<h3 class=\"wp-block-heading\">Parece que tienes un enlace antiguo.<\/h3>\n\n\n\n<p>Hemos actualizado nuestro sitio web. La p\u00e1gina que est\u00e1 buscando ahora se encuentra aqu\u00ed: <a href=\"https:\/\/www.cafoodbanks.org\/es\/find-food\/\">cafoodbanks.org\/find-food<\/a><\/p>\n\n\n\n<div style=\"height:30px\" aria-hidden=\"true\" class=\"wp-block-spacer\"><\/div>","protected":false},"excerpt":{"rendered":"<p>It looks like you have an old link. We have updated our website. The page you&#8217;re looking for is now [&hellip;]<\/p>\n","protected":false},"author":1,"featured_media":0,"parent":0,"menu_order":0,"comment_status":"closed","ping_status":"closed","template":"","meta":{"_acf_changed":false,"_seopress_robots_primary_cat":"","_seopress_titles_title":"","_seopress_titles_desc":"","_seopress_robots_index":"","_searchwp_excluded":"","footnotes":""},"class_list":["post-3658","page","type-page","status-publish","hentry"],"acf":[],"_links":{"self":[{"href":"https:\/\/www.cafoodbanks.org\/es\/wp-json\/wp\/v2\/pages\/3658","targetHints":{"allow":["GET"]}}],"collection":[{"href":"https:\/\/www.cafoodbanks.org\/es\/wp-json\/wp\/v2\/pages"}],"about":[{"href":"https:\/\/www.cafoodbanks.org\/es\/wp-json\/wp\/v2\/types\/page"}],"author":[{"embeddable":true,"href":"https:\/\/www.cafoodbanks.org\/es\/wp-json\/wp\/v2\/users\/1"}],"replies":[{"embeddable":true,"href":"https:\/\/www.cafoodbanks.org\/es\/wp-json\/wp\/v2\/comments?post=3658"}],"version-history":[{"count":1,"href":"https:\/\/www.cafoodbanks.org\/es\/wp-json\/wp\/v2\/pages\/3658\/revisions"}],"predecessor-version":[{"id":8605,"href":"https:\/\/www.cafoodbanks.org\/es\/wp-json\/wp\/v2\/pages\/3658\/revisions\/8605"}],"wp:attachment":[{"href":"https:\/\/www.cafoodbanks.org\/es\/wp-json\/wp\/v2\/media?parent=3658"}],"curies":[{"name":"wp","href":"https:\/\/api.w.org\/{rel}","templated":true}]}}