{"id":3662,"date":"2013-11-25T11:10:58","date_gmt":"2013-11-25T11:10:58","guid":{"rendered":"http:\/\/localhost\/cafb-member-food-banks\/"},"modified":"2021-01-04T20:47:04","modified_gmt":"2021-01-04T20:47:04","slug":"cafb-member-food-banks","status":"publish","type":"page","link":"https:\/\/www.cafoodbanks.org\/es\/cafb-member-food-banks\/","title":{"rendered":"\u00a1Ups!"},"content":{"rendered":"<h3 class=\"wp-block-heading\">Parece que tienes un enlace antiguo.<\/h3>\n\n\n\n<p>Hemos actualizado nuestro sitio web. La p\u00e1gina que est\u00e1 buscando ahora se encuentra aqu\u00ed:\u00a0<a href=\"https:\/\/www.cafoodbanks.org\/es\/our-members\/\">cafoodbanks.org\/our-members<\/a><\/p>\n\n\n\n<div style=\"height:35px\" aria-hidden=\"true\" class=\"wp-block-spacer\"><\/div>","protected":false},"excerpt":{"rendered":"<p>It looks like you have an old link. We have updated our website. The page you\u2019re looking for is now [&hellip;]<\/p>\n","protected":false},"author":1,"featured_media":0,"parent":0,"menu_order":0,"comment_status":"closed","ping_status":"closed","template":"","meta":{"_acf_changed":false,"_seopress_robots_primary_cat":"","_seopress_titles_title":"","_seopress_titles_desc":"","_seopress_robots_index":"","_searchwp_excluded":"","footnotes":""},"class_list":["post-3662","page","type-page","status-publish","hentry"],"acf":[],"_links":{"self":[{"href":"https:\/\/www.cafoodbanks.org\/es\/wp-json\/wp\/v2\/pages\/3662","targetHints":{"allow":["GET"]}}],"collection":[{"href":"https:\/\/www.cafoodbanks.org\/es\/wp-json\/wp\/v2\/pages"}],"about":[{"href":"https:\/\/www.cafoodbanks.org\/es\/wp-json\/wp\/v2\/types\/page"}],"author":[{"embeddable":true,"href":"https:\/\/www.cafoodbanks.org\/es\/wp-json\/wp\/v2\/users\/1"}],"replies":[{"embeddable":true,"href":"https:\/\/www.cafoodbanks.org\/es\/wp-json\/wp\/v2\/comments?post=3662"}],"version-history":[{"count":2,"href":"https:\/\/www.cafoodbanks.org\/es\/wp-json\/wp\/v2\/pages\/3662\/revisions"}],"predecessor-version":[{"id":8630,"href":"https:\/\/www.cafoodbanks.org\/es\/wp-json\/wp\/v2\/pages\/3662\/revisions\/8630"}],"wp:attachment":[{"href":"https:\/\/www.cafoodbanks.org\/es\/wp-json\/wp\/v2\/media?parent=3662"}],"curies":[{"name":"wp","href":"https:\/\/api.w.org\/{rel}","templated":true}]}}