{"id":3668,"date":"2013-11-25T11:01:05","date_gmt":"2013-11-25T11:01:05","guid":{"rendered":"http:\/\/localhost\/donate\/"},"modified":"2021-01-04T19:46:32","modified_gmt":"2021-01-04T19:46:32","slug":"donate","status":"publish","type":"page","link":"https:\/\/www.cafoodbanks.org\/es\/donate\/","title":{"rendered":"\u00a1Ups!"},"content":{"rendered":"<h3>Parece que tienes un enlace antiguo.<\/h3>\n<p>Hemos actualizado nuestro sitio web. La p\u00e1gina que est\u00e1 buscando ahora se encuentra aqu\u00ed: <a href=\"https:\/\/www.cafoodbanks.org\/es\/support\/\">cafoodbanks.org\/support<\/a><\/p>\n<p>\u00a0<\/p>\n\n\n<div style=\"height:30px\" aria-hidden=\"true\" class=\"wp-block-spacer\"><\/div>","protected":false},"excerpt":{"rendered":"<p>It looks like you have an old link. We have updated our website. The page you&#8217;re looking for is now [&hellip;]<\/p>\n","protected":false},"author":1,"featured_media":0,"parent":0,"menu_order":0,"comment_status":"closed","ping_status":"closed","template":"","meta":{"_acf_changed":false,"_seopress_robots_primary_cat":"","_seopress_titles_title":"","_seopress_titles_desc":"","_seopress_robots_index":"","_searchwp_excluded":"","footnotes":""},"class_list":["post-3668","page","type-page","status-publish","hentry"],"acf":[],"_links":{"self":[{"href":"https:\/\/www.cafoodbanks.org\/es\/wp-json\/wp\/v2\/pages\/3668","targetHints":{"allow":["GET"]}}],"collection":[{"href":"https:\/\/www.cafoodbanks.org\/es\/wp-json\/wp\/v2\/pages"}],"about":[{"href":"https:\/\/www.cafoodbanks.org\/es\/wp-json\/wp\/v2\/types\/page"}],"author":[{"embeddable":true,"href":"https:\/\/www.cafoodbanks.org\/es\/wp-json\/wp\/v2\/users\/1"}],"replies":[{"embeddable":true,"href":"https:\/\/www.cafoodbanks.org\/es\/wp-json\/wp\/v2\/comments?post=3668"}],"version-history":[{"count":6,"href":"https:\/\/www.cafoodbanks.org\/es\/wp-json\/wp\/v2\/pages\/3668\/revisions"}],"predecessor-version":[{"id":8603,"href":"https:\/\/www.cafoodbanks.org\/es\/wp-json\/wp\/v2\/pages\/3668\/revisions\/8603"}],"wp:attachment":[{"href":"https:\/\/www.cafoodbanks.org\/es\/wp-json\/wp\/v2\/media?parent=3668"}],"curies":[{"name":"wp","href":"https:\/\/api.w.org\/{rel}","templated":true}]}}