{"id":3669,"date":"2013-11-25T10:59:45","date_gmt":"2013-11-25T10:59:45","guid":{"rendered":"http:\/\/localhost\/take-action\/"},"modified":"2013-11-25T10:59:45","modified_gmt":"2013-11-25T10:59:45","slug":"take-action","status":"publish","type":"page","link":"https:\/\/www.cafoodbanks.org\/es\/take-action\/","title":{"rendered":"Tomar acci\u00f3n"},"content":{"rendered":"<figure class=\"wp-block-image size-large\"><img loading=\"lazy\" decoding=\"async\" width=\"1024\" height=\"264\" src=\"\/wp-content\/uploads\/2014\/09\/Take-Action-Banner-1024x264.png\" alt=\"\" class=\"wp-image-1415\" srcset=\"https:\/\/www.cafoodbanks.org\/wp-content\/uploads\/2014\/09\/Take-Action-Banner-1024x264.png 1024w, https:\/\/www.cafoodbanks.org\/wp-content\/uploads\/2014\/09\/Take-Action-Banner-300x77.png 300w, https:\/\/www.cafoodbanks.org\/wp-content\/uploads\/2014\/09\/Take-Action-Banner-768x198.png 768w, https:\/\/www.cafoodbanks.org\/wp-content\/uploads\/2014\/09\/Take-Action-Banner-16x4.png 16w, https:\/\/www.cafoodbanks.org\/wp-content\/uploads\/2014\/09\/Take-Action-Banner.png 1158w\" sizes=\"auto, (max-width: 1024px) 100vw, 1024px\" \/><\/figure>\r\n\t\t\t\t\t\t\r\n\t\t\t\t\t<h1><strong>\u00a1Tomar medidas ahora!&nbsp;<\/strong><\/h1>\r\n\r\n<p><strong>Programa CalFood<\/strong><\/p>\r\n\r\n<p>Necesitamos su ayuda para incluir CalFood en el presupuesto estatal de California. Hemos reunido recursos para que sea m\u00e1s f\u00e1cil para su banco de alimentos o agencia abogar por una mayor financiaci\u00f3n. <a href=\"\/es\/calfood-toolkit\/\">Haga clic aqu\u00ed para verlo.<\/a><\/p>\r\n\r\n<p><strong>Esfuerzo de colecci\u00f3n de historias<\/strong><\/p>\r\n\r\n<p>Con el pr\u00f3ximo cambio en la administraci\u00f3n, necesitamos que nuestros socios intensifiquen sus esfuerzos de recopilaci\u00f3n de historias destacando los programas de nutrici\u00f3n p\u00fablica como CalFresh, CalFoods y los programas de nutrici\u00f3n infantil. Tendremos que demostrar el impacto positivo que estos programas tienen en el bienestar general de nuestros clientes y las comunidades a las que servimos.&nbsp;<\/p>\r\n\r\n<p>Considere pedir a los voluntarios que puedan tener experiencia directa con la recopilaci\u00f3n de historias: fotograf\u00eda, documentales o habilidades period\u00edsticas que ayuden en todo lo que puedan. Considere aprovechar las vacaciones, como un momento en el que hay tantos involucrados e interesados en nuestro trabajo; esto podr\u00eda ser un cliente, un defensor, un donante o un socio corporativo. \u00a1Necesitamos una abundante evoluci\u00f3n de la comunidad!&nbsp;<\/p>\r\n\r\n<p>Mientras tanto por favor&nbsp;<a href=\"http:\/\/www.house.gov\/representatives\/find\/\">contacte a su representante<\/a>&nbsp;y d\u00edgales que se opone a cualquier plan que desmantele nuestra red de seguridad como SNAP, Nutrici\u00f3n Infantil y otros programas vitales que brindan a los estadounidenses oportunidades para salir de la pobreza. Comparte esta solicitud con tus redes<\/p>\r\n\r\n<p>&nbsp;<\/p>\r\n\r\n<p><strong>Visitas al sitio durante las vacaciones<\/strong><\/p>\r\n\r\n<p>Recuerde que el receso de la C\u00e1mara y el Senado se considera un \u201cper\u00edodo de trabajo del estado \/ distrito\u201d y es una oportunidad perfecta para pedir a sus representantes que realicen una visita a su banco de alimentos. Env\u00ede sus solicitudes de visita al sitio junto con el <a href=\"\/wp-content\/uploads\/2016\/09\/2016 CAFB Anti-Hunger Candidate Briefing Book.pdf\">Libro informativo para candidatos<\/a> tanto a representantes de larga data como a representantes reci\u00e9n elegidos. Es imperativo fomentar relaciones s\u00f3lidas y una comprensi\u00f3n profunda de nuestros numerosos programas contra el hambre con nuestros representantes; recuerde que <strong>t\u00fa <\/strong>eres el experto!&nbsp;<\/p>\r\n\r\n<p>&nbsp;<\/p>\r\n\r\n<p><strong>En marcha la promoci\u00f3n<\/strong><\/p>\r\n\r\n<p>Ya sea que sea miembro del personal de un banco de alimentos, un ciudadano preocupado o un financiador que busca apoyar la defensa contra el hambre, puede ayudar a CAFB a combatir la inseguridad alimentaria y la pobreza en su comunidad.<\/p>\r\n\r\n<p>Entendemos que ciertas actividades de promoci\u00f3n requieren m\u00e1s tiempo y recursos que otras. Al considerar sus opciones para tomar medidas, tiene sentido elegir las actividades que mejor se adapten a su capacidad. &nbsp;<\/p>\r\n\r\n<p>Si est\u00e1 listo para participar en la promoci\u00f3n contra el hambre, aqu\u00ed hay algunos buenos primeros pasos hacia la participaci\u00f3n:<\/p>\r\n\r\n<ul>\r\n\t<li>Suscr\u00edbete a CAFB&#039;s <a href=\"http:\/\/visitor.r20.constantcontact.com\/manage\/optin?v=001J6Npdb-1OsmXlrJ7Sf96bX3htWNGktwR-c7oU3A9OKz1iJM6IdhYa7Nvdz5jJ8RYP2sLp65UzGvSKZAQ_7ZHSTQMU8ZFU4K_375U861aIFM%3D\" target=\"_blank\" rel=\"noopener noreferrer\">Alertas de acci\u00f3n<\/a> para obtener la informaci\u00f3n m\u00e1s reciente sobre la legislaci\u00f3n contra el hambre en California y seguir a nuestros socios de defensa nacionales y estatales:\r\n\r\n\t<ul style=\"list-style-type:circle\">\r\n\t\t<li><a href=\"http:\/\/org2.salsalabs.com\/o\/5118\/p\/salsa\/web\/common\/public\/signup?signup_page_KEY=2273\" target=\"_blank\" rel=\"noopener noreferrer\">Consejo de Investigaci\u00f3n y Acci\u00f3n Alimentaria<\/a><\/li>\r\n\t\t<li><a href=\"http:\/\/cfpa.net\/\" target=\"_blank\" rel=\"noopener noreferrer\">Defensores de la pol\u00edtica alimentaria de California<\/a><\/li>\r\n\t<\/ul>\r\n\t<\/li>\r\n\t<li>Hacer una contribuci\u00f3n financiera a CAFB para apoyar su trabajo de incidencia <a href=\"https:\/\/donatenow.networkforgood.org\/1407080\" target=\"_blank\" rel=\"noopener noreferrer\">aqu\u00ed<\/a>.<\/li>\r\n\t<li>Env\u00ede correos electr\u00f3nicos, correos y haga llamadas a legisladores en apoyo de la legislaci\u00f3n.<\/li>\r\n\t<li>Utilice Facebook y Twitter para solicitar el apoyo de los legisladores en la lucha contra el hambre.<\/li>\r\n<\/ul>\r\n\r\n<p>&nbsp;<\/p>\r\n\r\n<p>Para aquellos con objetivos de promoci\u00f3n m\u00e1s importantes, eche un vistazo a las actividades descritas en el CAFB <a href=\"\/es\/food-bank-guide-policy-advocacy\/\">Gu\u00eda del banco de alimentos para la promoci\u00f3n de pol\u00edticas<\/a>. Por favor contactar <a href=\"mailto:andrew@cafoodbanks.org?subject=Advocacy%20Action%20Question\">Andr\u00e9s<\/a>&nbsp;en nuestro departamento de Defensa con cualquier pregunta que pueda tener.<\/p>","protected":false},"excerpt":{"rendered":"<p>Take Action Now!&nbsp; CalFood Program We need your help getting CalFood in the California State Budget. We&#8217;ve put together resources [&hellip;]<\/p>\n","protected":false},"author":1,"featured_media":0,"parent":0,"menu_order":0,"comment_status":"closed","ping_status":"closed","template":"","meta":{"_acf_changed":false,"_seopress_robots_primary_cat":"","_seopress_titles_title":"","_seopress_titles_desc":"","_seopress_robots_index":"","_searchwp_excluded":"","footnotes":""},"class_list":["post-3669","page","type-page","status-publish","hentry"],"acf":[],"_links":{"self":[{"href":"https:\/\/www.cafoodbanks.org\/es\/wp-json\/wp\/v2\/pages\/3669","targetHints":{"allow":["GET"]}}],"collection":[{"href":"https:\/\/www.cafoodbanks.org\/es\/wp-json\/wp\/v2\/pages"}],"about":[{"href":"https:\/\/www.cafoodbanks.org\/es\/wp-json\/wp\/v2\/types\/page"}],"author":[{"embeddable":true,"href":"https:\/\/www.cafoodbanks.org\/es\/wp-json\/wp\/v2\/users\/1"}],"replies":[{"embeddable":true,"href":"https:\/\/www.cafoodbanks.org\/es\/wp-json\/wp\/v2\/comments?post=3669"}],"version-history":[{"count":0,"href":"https:\/\/www.cafoodbanks.org\/es\/wp-json\/wp\/v2\/pages\/3669\/revisions"}],"wp:attachment":[{"href":"https:\/\/www.cafoodbanks.org\/es\/wp-json\/wp\/v2\/media?parent=3669"}],"curies":[{"name":"wp","href":"https:\/\/api.w.org\/{rel}","templated":true}]}}