{"id":3672,"date":"2013-11-25T10:55:22","date_gmt":"2013-11-25T10:55:22","guid":{"rendered":"http:\/\/localhost\/cafb-publications\/"},"modified":"2020-11-18T18:39:19","modified_gmt":"2020-11-18T18:39:19","slug":"publications","status":"publish","type":"page","link":"https:\/\/www.cafoodbanks.org\/es\/publications\/","title":{"rendered":"CAFB Publications"},"content":{"rendered":"<figure class=\"wp-block-image size-large\"><img loading=\"lazy\" decoding=\"async\" width=\"1024\" height=\"264\" src=\"\/wp-content\/uploads\/2014\/09\/Publications-Banner-1024x264.png\" alt=\"\" class=\"wp-image-1417\" srcset=\"https:\/\/www.cafoodbanks.org\/wp-content\/uploads\/2014\/09\/Publications-Banner-1024x264.png 1024w, https:\/\/www.cafoodbanks.org\/wp-content\/uploads\/2014\/09\/Publications-Banner-300x77.png 300w, https:\/\/www.cafoodbanks.org\/wp-content\/uploads\/2014\/09\/Publications-Banner-768x198.png 768w, https:\/\/www.cafoodbanks.org\/wp-content\/uploads\/2014\/09\/Publications-Banner-16x4.png 16w, https:\/\/www.cafoodbanks.org\/wp-content\/uploads\/2014\/09\/Publications-Banner.png 1158w\" sizes=\"auto, (max-width: 1024px) 100vw, 1024px\" \/><\/figure>\r\n\t\t\t\t\t\t\r\n\t\t\t\t\t<h3><span style=\"line-height: 1.2em;\">End of Year Report<\/span><\/h3>\r\n\r\n<p><a href=\"\/es\/docs\/CAFB%20End%20of%20Year%20Report%202013.pdf\/\"><strong>2013<\/strong><\/a><\/p>\r\n\r\n<p>&nbsp;<\/p>\r\n\r\n<h3>Programa de 'Farm to Family'<\/h3>\r\n\r\n<p><a href=\"\/es\/utilizing-new-methods-of-crop-harvesting\/\"><strong>Utilizing New Methods of Crops Harvesting to Introduce Nutrient Dense Special Crops to&nbsp;Low-Income Consumers<\/strong><\/a><br \/>\r\nThis report describes the project carried out by CAFB in partnership with the California Department of Food and Agriculture. The goal was to work with California growers to obtain nutrient-dense, field-packed cull row crops for distribution to food banks and food insecure people.<\/p>\r\n\r\n<p><a href=\"\/es\/farm-family-concurrent-harvesting-report\/\"><strong>Informe de recolecci\u00f3n concurrente<\/strong><\/a><br \/>\r\nRead about CAFB&#8217;s partnership with Pacific International Marketing to pilot a concurrent harvesting program to bring low-calorie, nutrient-dense foods to Californians in need.&nbsp;<\/p>\r\n\r\n<p>&nbsp;<\/p>\r\n\r\n<h3>Abogac\u00eda<\/h3>\r\n\r\n<p><a href=\"\/es\/food-bank-guide-policy-advocacy\/\"><strong>Gu\u00eda del banco de alimentos para la promoci\u00f3n de pol\u00edticas<\/strong><\/a><br \/>\r\nEsta gu\u00eda sirve como introducci\u00f3n a las mejores pr\u00e1cticas e ideas de acci\u00f3n para influir en las pol\u00edticas p\u00fablicas para acabar con el hambre.<\/p>\r\n\r\n<p>&nbsp;<\/p>\r\n\r\n<h3>Alcance de CalFresh<\/h3>\r\n\r\n<p><a href=\"\/es\/opening-new-doors-ending-hunger\/\"><strong>Opening New Doors to Ending Hunger: A Case Study on Food Stamp Out-of-Office Applications in California<\/strong><\/a><br \/>\r\nThis report documents how food banks, community organizations, and county agencies are working together to improve access and increase enrollment in the Food Stamp Program.<\/p>\r\n\r\n<p>&nbsp;<\/p>\r\n\r\n<h3>Nutrici\u00f3n<\/h3>\r\n\r\n<p><a href=\"\/es\/banking-better-health-report\/\"><strong>Banking on Better Health: California Association of Food Banks\u2019 Nutrition Education Program<\/strong><\/a><br \/>\r\nA case study report on the experience of CAFB\u2019s Network for a Healthy California nutrition education project.<\/p>\r\n\r\n<p><a href=\"\/es\/produce-toolbox-evaluation-report\/\"><strong>Produce Toolbox Evaluation Report<\/strong><\/a><br \/>\r\nThis report evaluates the impact of brief nutrition education interventions on food bank clients participating in produce distributions.<\/p>","protected":false},"excerpt":{"rendered":"<p>End of Year Report 2013 &nbsp; Farm to Family Utilizing New Methods of Crops Harvesting to Introduce Nutrient Dense Special [&hellip;]<\/p>\n","protected":false},"author":1,"featured_media":0,"parent":0,"menu_order":0,"comment_status":"closed","ping_status":"closed","template":"","meta":{"_acf_changed":false,"_seopress_robots_primary_cat":"","_seopress_titles_title":"","_seopress_titles_desc":"","_seopress_robots_index":"","_searchwp_excluded":"","footnotes":""},"class_list":["post-3672","page","type-page","status-publish","hentry"],"acf":[],"_links":{"self":[{"href":"https:\/\/www.cafoodbanks.org\/es\/wp-json\/wp\/v2\/pages\/3672","targetHints":{"allow":["GET"]}}],"collection":[{"href":"https:\/\/www.cafoodbanks.org\/es\/wp-json\/wp\/v2\/pages"}],"about":[{"href":"https:\/\/www.cafoodbanks.org\/es\/wp-json\/wp\/v2\/types\/page"}],"author":[{"embeddable":true,"href":"https:\/\/www.cafoodbanks.org\/es\/wp-json\/wp\/v2\/users\/1"}],"replies":[{"embeddable":true,"href":"https:\/\/www.cafoodbanks.org\/es\/wp-json\/wp\/v2\/comments?post=3672"}],"version-history":[{"count":1,"href":"https:\/\/www.cafoodbanks.org\/es\/wp-json\/wp\/v2\/pages\/3672\/revisions"}],"predecessor-version":[{"id":3819,"href":"https:\/\/www.cafoodbanks.org\/es\/wp-json\/wp\/v2\/pages\/3672\/revisions\/3819"}],"wp:attachment":[{"href":"https:\/\/www.cafoodbanks.org\/es\/wp-json\/wp\/v2\/media?parent=3672"}],"curies":[{"name":"wp","href":"https:\/\/api.w.org\/{rel}","templated":true}]}}