{"id":3674,"date":"2013-11-25T10:51:06","date_gmt":"2013-11-25T10:51:06","guid":{"rendered":"http:\/\/localhost\/news\/"},"modified":"2013-11-25T10:51:06","modified_gmt":"2013-11-25T10:51:06","slug":"news","status":"publish","type":"page","link":"https:\/\/www.cafoodbanks.org\/es\/news\/","title":{"rendered":"News"},"content":{"rendered":"<p>Whether we\u2019re weighing in on state legislation or finding new ways to deliver food to a community in need, CAFB and its member food banks are often featured in the news.<\/p>\n<p>For more regular updates on the work of CAFB and its members, be sure to follow us on&nbsp;<a href=\"https:\/\/www.facebook.com\/CaliforniaAssociationofFoodBanks\">Facebook<\/a>&nbsp;y&nbsp;<a href=\"https:\/\/twitter.com\/CAFoodBanks\">Gorjeo<\/a>.<\/p>\n<p><strong>For press inquiries<\/strong>&nbsp;<br \/>\nLauren Reid, Director of Communications<br \/>\n(510) 350-9910<br \/>\nlauren@cafoodbanks.org<\/p>\n<p><strong>Press Releases:<\/strong><\/p>\n<p><a href=\"\/es\/blog\/cafb-statement-passing-house-farm-bill\/\">CAFB Statement on Passage of House Farm Bill<\/a>, June 21, 2018<\/p>\n<p><a href=\"\/es\/cafb-and-western-center-law-and-poverty-statement-senate-farm-bill\/\">Declaraci\u00f3n de CAFB y Western Center on Law and Poverty sobre la ley agr\u00edcola del Senado<\/a>, June 14, 2018<\/p>\n<p><a href=\"\/es\/press-release-hunger-action-day-state-capitol-wednesday-may-16\/\">Hunger Action Day at State Capitol on Wednesday, May 16 <\/a><\/p>\n<p><a href=\"\/es\/blog\/california-association-food-banks-statement-governor-browns-may-state-budget-revise\/\">Statement on Governor Brown&#8217;s May Revise of the State Budget<\/a>, May 14, 2018<\/p>\n<p><a href=\"\/es\/california-association-food-banks-capitol-action-day-focus-funding-california-grown-food-and\/\">El D\u00eda de Acci\u00f3n del Capitolio de la Asociaci\u00f3n de Bancos de Alimentos de California se enfocar\u00e1 en el financiamiento para la inversi\u00f3n en infraestructura y alimentos cultivados en California<\/a>, April 17, 2018<\/p>\n<p><a href=\"\/es\/california-association-food-banks-opposes-snap-cuts-house-farm-bill\/\">Statement on House Farm Bill<\/a>, April 12, 2018<\/p>\n<p><a href=\"\/es\/san-diego-food-bank-ceo-james-floros-elected-board-chair-california-association-food-banks\/\">Director ejecutivo de San Diego Food Bank, James Floros, presidente electo de la junta de la Asociaci\u00f3n de Bancos de Alimentos de California<\/a>, November 7, 2017<\/p>\n<p><a href=\"\/es\/statement-house-fy-2018-budget-resolution\/\">Statement on the House FY 2018 Budget Resolution,<\/a> 9 de octubre de 2017<\/p>\n<p><a href=\"\/es\/governor-signs-assemblymember-gloria%E2%80%99s-disaster-assistance-bill-protect-vulnerable-californians\/\">Governor signs Disaster Assistance Bill to protect vulnerable Californians<\/a>, October 6, 2017<\/p>\n<p><a href=\"\/es\/house-budget-will-leave-millions-poor-californians-below-poverty-line\/\">House Budget Makes Cruel Cuts to SNAP and Other Safety-Net Programs Will Leave Millions of Poor Californians Below the Poverty Line, <\/a>October 5, 2017<\/p>\n<p><a href=\"\/es\/blog\/cruel-cuts-outlined-house-budget-snap-and-other-safety-net-programs-will-leave-millions-poor\/\">Cruel Cuts Outlined in House Budget to SNAP and Other Safety-Net Programs Will Leave Millions of Poor Californians Below the Poverty Line<\/a>, October 4, 2017<\/p>\n<p><a href=\"\/es\/advocates-celebrate-40th-anniversary-food-stamp-act\/\">Advocates Celebrate the 40th Anniversary of the Food Stamp Act<\/a>, September 12, 2017<\/p>\n<p><a href=\"\/es\/press-release-food-bankers-advocate-hungry-farm-bill-listening-session-salinas\/\">Food Bankers Advocate for the Hungry at Farm Bill Listening Session in Salinas<\/a>, August 9, 2017<\/p>\n<p><a href=\"\/es\/food-bankers-advocate-hungry-farm-bill-listening-session\/\">Los banqueros de alimentos abogan por los hambrientos en la sesi\u00f3n de escucha de la ley agr\u00edcola<\/a>, August 4, 2017<\/p>\n<p><a href=\"\/es\/cafb-statement-draft-house-fy-18-budget-resolution\/\">CAFB Statement on Draft&nbsp;House FY 18 Budget Resolution<\/a>, July 18, 2017<\/p>\n<p><a href=\"\/es\/california-state-budget-gives-food-banks-eight-million-reasons-celebrate\/\">California State Budget Gives Food Bankers Eight Million Reasons to Celebrate<\/a>, June 28, 2017<br \/>\nEl gobernador Brown y la legislatura destinan $8 millones al programa CalFood<\/p>\n<p><a href=\"\/es\/advocates-celebrate-expansion-california-earned-income-tax-credit-reach-more-one-million-additional\/\">Los defensores celebran la expansi\u00f3n del Cr\u00e9dito Tributario por Ingreso del Trabajo de California para llegar a m\u00e1s de un mill\u00f3n de familias trabajadoras de bajos ingresos adicionales<\/a>, June 28, 2017<\/p>\n<p><a href=\"\/es\/cafb-statement-governor-browns-may-revise\/\">Declaraci\u00f3n de CAFB sobre la revisi\u00f3n de mayo del gobernador Brown<\/a>, May 12, 2017<\/p>\n<p><a href=\"\/es\/governor-brown-will-release-budget-revise-thursday\/\">Governor Brown Releases Revised Budget on Thursday<\/a>, May 11, 2017<br \/>\nFood bankers hope to see improved CalFood numbers<\/p>\n<p><a href=\"\/es\/food-bankers-join-together-end-hunger-sacramento\/\">Food Bankers Join Together to End Hunger<\/a>, May 1, 2017<br \/>\nTwo day conference is West Coast\u2019s premiere anti-hunger event<\/p>\n<p><a href=\"\/es\/assemblymember-susan-eggman-introduces-california-good-samaritan-food-donation-act\/\">La asamble\u00edsta Susan Eggman presenta la Ley de donaci\u00f3n de alimentos del Buen Samaritano de California<\/a>, February 21, 2017<\/p>\n<p><a href=\"\/es\/hertzberg-introduces-legislation-extend-tax-checkoff-food-banks\/\">Hertzberg presenta legislaci\u00f3n para ampliar la verificaci\u00f3n fiscal para los bancos de alimentos<\/a>,&nbsp;December 22,&nbsp;2016<\/p>\n<p><strong>PSAs<\/strong><\/p>\n<p><a href=\"\/es\/psa-ventura-and-santa-barbara-disaster-calfresh\/\">Disaster CalFresh Available in Ventura and Santa Barbara,<\/a> February 6, 2018<\/p>\n<p><strong>Stay up-to-date with what\u2019s happening in the food banking and anti-hunger world:<\/strong><\/p>\n<p><strong><a href=\"\/es\/Blog\/\">Blog &gt;&gt;<\/a><\/strong><\/p>\n<p><strong><a href=\"\/es\/action-alerts\/\">Action Alerts &gt;&gt;<\/a><\/strong><\/p>\n<p><strong><a href=\"\/es\/publications\/\">Publications &gt;&gt;<\/a><\/strong><\/p>","protected":false},"excerpt":{"rendered":"<p>Whether we\u2019re weighing in on state legislation or finding new ways to deliver food to a community in need, CAFB [&hellip;]<\/p>\n","protected":false},"author":1,"featured_media":0,"parent":0,"menu_order":0,"comment_status":"closed","ping_status":"closed","template":"","meta":{"_acf_changed":false,"_seopress_robots_primary_cat":"","_seopress_titles_title":"","_seopress_titles_desc":"","_seopress_robots_index":"","_searchwp_excluded":"","footnotes":""},"class_list":["post-3674","page","type-page","status-publish","hentry"],"acf":[],"_links":{"self":[{"href":"https:\/\/www.cafoodbanks.org\/es\/wp-json\/wp\/v2\/pages\/3674","targetHints":{"allow":["GET"]}}],"collection":[{"href":"https:\/\/www.cafoodbanks.org\/es\/wp-json\/wp\/v2\/pages"}],"about":[{"href":"https:\/\/www.cafoodbanks.org\/es\/wp-json\/wp\/v2\/types\/page"}],"author":[{"embeddable":true,"href":"https:\/\/www.cafoodbanks.org\/es\/wp-json\/wp\/v2\/users\/1"}],"replies":[{"embeddable":true,"href":"https:\/\/www.cafoodbanks.org\/es\/wp-json\/wp\/v2\/comments?post=3674"}],"version-history":[{"count":0,"href":"https:\/\/www.cafoodbanks.org\/es\/wp-json\/wp\/v2\/pages\/3674\/revisions"}],"wp:attachment":[{"href":"https:\/\/www.cafoodbanks.org\/es\/wp-json\/wp\/v2\/media?parent=3674"}],"curies":[{"name":"wp","href":"https:\/\/api.w.org\/{rel}","templated":true}]}}