{"id":3679,"date":"2013-11-25T10:09:54","date_gmt":"2013-11-25T10:09:54","guid":{"rendered":"http:\/\/localhost\/member-food-banks\/"},"modified":"2022-02-08T00:25:49","modified_gmt":"2022-02-08T00:25:49","slug":"member-food-banks","status":"publish","type":"page","link":"https:\/\/www.cafoodbanks.org\/es\/member-food-banks\/","title":{"rendered":"Bancos de alimentos miembros"},"content":{"rendered":"<figure class=\"wp-block-image size-large\"><img loading=\"lazy\" decoding=\"async\" width=\"1024\" height=\"264\" src=\"\/wp-content\/uploads\/2014\/09\/Member-Food-Banks-1024x264.png\" alt=\"\" class=\"wp-image-1419\" srcset=\"https:\/\/www.cafoodbanks.org\/wp-content\/uploads\/2014\/09\/Member-Food-Banks-1024x264.png 1024w, https:\/\/www.cafoodbanks.org\/wp-content\/uploads\/2014\/09\/Member-Food-Banks-300x77.png 300w, https:\/\/www.cafoodbanks.org\/wp-content\/uploads\/2014\/09\/Member-Food-Banks-768x198.png 768w, https:\/\/www.cafoodbanks.org\/wp-content\/uploads\/2014\/09\/Member-Food-Banks-16x4.png 16w, https:\/\/www.cafoodbanks.org\/wp-content\/uploads\/2014\/09\/Member-Food-Banks.png 1158w\" sizes=\"auto, (max-width: 1024px) 100vw, 1024px\" \/><\/figure>\n\n\n\n<p>CAFB es una organizaci\u00f3n de miembros de m\u00e1s de 40 bancos de alimentos de todo el estado con la misi\u00f3n de crear una California bien nutrida y un compromiso con el liderazgo de vanguardia en la comunidad contra el hambre. Nuestros programas principales incluyen Farm to Family, que trabaja con productores y empacadores para proporcionar productos frescos a los bancos de alimentos; programas estatales para el alcance y la inscripci\u00f3n de cupones de alimentos y educaci\u00f3n nutricional; defensa de pol\u00edticas estatales y federales; y servicios para miembros, incluidos proyectos especiales y asistencia t\u00e9cnica. CAFB brinda a nuestros bancos de alimentos miembros desarrollo de capacidades, financiamiento para programas y desarrollo de habilidades, al mismo tiempo que conecta al p\u00fablico con los servicios vitales que brindan. \u00bfTienes curiosidad por saber qu\u00e9 puede ofrecer CAFB a tu banco de alimentos? Comun\u00edquese con Terry Garner, Director de Servicios para Miembros, en <a href=\"mailto:terry@cafoodbanks.org\">terry@cafoodbanks.org<\/a> o 510-350-9911.<\/p>\n\n\n\n<h3 class=\"wp-block-heading\">Para miembros de CAFB:<\/h3>\n\n\n\n<p><a href=\"\/es\/member-resources\/\">Consulte los recursos de CAFB para los bancos de alimentos miembros &gt;&gt;<\/a><\/p>\n\n\n\n<p><a href=\"\/es\/innovative-programs\/\">Vea lo \u00faltimo en los programas innovadores de banca de alimentos de nuestros miembros &gt;&gt;<\/a><\/p>\n\n\n\n<p><a href=\"\/es\/staff\/\">Comun\u00edquese con los miembros del personal de CAFB con sus preguntas &gt;&gt;<\/a><\/p>\n\n\n\n<h3 class=\"wp-block-heading\">Para visitantes:<\/h3>\n\n\n\n<p><a href=\"\/es\/find-food-bank\/\">Encuentre su banco de alimentos local &gt;&gt;<\/a><\/p>\n\n\n\n<p><a href=\"https:\/\/www.cafoodbanks.org\/es\/our-members\/\">See a complete list of CAFB members >><\/a><\/p>\n\n\n\n<p><a href=\"\/es\/food-banking-faq\/\">Obtenga respuestas a sus preguntas sobre el banco de alimentos &gt;&gt;<\/a><\/p>\n\n\n\n<p><a href=\"\/es\/pantries-and-agencies\/\">Descubra c\u00f3mo su despensa o agencia puede trabajar con CAFB y sus miembros &gt;&gt;<\/a><\/p>","protected":false},"excerpt":{"rendered":"<p>CAFB is a membership organization of over 40&nbsp;food banks from throughout the state with a mission to create a well-nourished [&hellip;]<\/p>\n","protected":false},"author":1,"featured_media":0,"parent":0,"menu_order":0,"comment_status":"closed","ping_status":"closed","template":"","meta":{"_acf_changed":false,"_seopress_robots_primary_cat":"","_seopress_titles_title":"","_seopress_titles_desc":"","_seopress_robots_index":"","_searchwp_excluded":"","footnotes":""},"class_list":["post-3679","page","type-page","status-publish","hentry"],"acf":[],"_links":{"self":[{"href":"https:\/\/www.cafoodbanks.org\/es\/wp-json\/wp\/v2\/pages\/3679","targetHints":{"allow":["GET"]}}],"collection":[{"href":"https:\/\/www.cafoodbanks.org\/es\/wp-json\/wp\/v2\/pages"}],"about":[{"href":"https:\/\/www.cafoodbanks.org\/es\/wp-json\/wp\/v2\/types\/page"}],"author":[{"embeddable":true,"href":"https:\/\/www.cafoodbanks.org\/es\/wp-json\/wp\/v2\/users\/1"}],"replies":[{"embeddable":true,"href":"https:\/\/www.cafoodbanks.org\/es\/wp-json\/wp\/v2\/comments?post=3679"}],"version-history":[{"count":3,"href":"https:\/\/www.cafoodbanks.org\/es\/wp-json\/wp\/v2\/pages\/3679\/revisions"}],"predecessor-version":[{"id":25453,"href":"https:\/\/www.cafoodbanks.org\/es\/wp-json\/wp\/v2\/pages\/3679\/revisions\/25453"}],"wp:attachment":[{"href":"https:\/\/www.cafoodbanks.org\/es\/wp-json\/wp\/v2\/media?parent=3679"}],"curies":[{"name":"wp","href":"https:\/\/api.w.org\/{rel}","templated":true}]}}