{"id":3705,"date":"2013-11-25T08:24:10","date_gmt":"2013-11-25T08:24:10","guid":{"rendered":"http:\/\/localhost\/hunger-in-ca\/"},"modified":"2021-01-04T20:28:12","modified_gmt":"2021-01-04T20:28:12","slug":"hunger-in-ca","status":"publish","type":"page","link":"https:\/\/www.cafoodbanks.org\/es\/hunger-in-ca\/","title":{"rendered":"\u00a1Ups!"},"content":{"rendered":"<h3 class=\"wp-block-heading\">Parece que tienes un enlace antiguo.<\/h3>\n\n\n\n<p>Hemos actualizado nuestro sitio web. La p\u00e1gina que est\u00e1 buscando ahora se encuentra aqu\u00ed: <a href=\"https:\/\/www.cafoodbanks.org\/es\/hunger-data\/\">cafoodbanks.org\/hunger-data\/<\/a><\/p>\n\n\n\n<div style=\"height:35px\" aria-hidden=\"true\" class=\"wp-block-spacer\"><\/div>","protected":false},"excerpt":{"rendered":"<p>It looks like you have an old link. We have updated our website. The page you\u2019re looking for is now [&hellip;]<\/p>\n","protected":false},"author":1,"featured_media":0,"parent":0,"menu_order":0,"comment_status":"closed","ping_status":"closed","template":"","meta":{"_acf_changed":false,"_seopress_robots_primary_cat":"","_seopress_titles_title":"","_seopress_titles_desc":"","_seopress_robots_index":"","_searchwp_excluded":"","footnotes":""},"class_list":["post-3705","page","type-page","status-publish","hentry"],"acf":[],"_links":{"self":[{"href":"https:\/\/www.cafoodbanks.org\/es\/wp-json\/wp\/v2\/pages\/3705","targetHints":{"allow":["GET"]}}],"collection":[{"href":"https:\/\/www.cafoodbanks.org\/es\/wp-json\/wp\/v2\/pages"}],"about":[{"href":"https:\/\/www.cafoodbanks.org\/es\/wp-json\/wp\/v2\/types\/page"}],"author":[{"embeddable":true,"href":"https:\/\/www.cafoodbanks.org\/es\/wp-json\/wp\/v2\/users\/1"}],"replies":[{"embeddable":true,"href":"https:\/\/www.cafoodbanks.org\/es\/wp-json\/wp\/v2\/comments?post=3705"}],"version-history":[{"count":1,"href":"https:\/\/www.cafoodbanks.org\/es\/wp-json\/wp\/v2\/pages\/3705\/revisions"}],"predecessor-version":[{"id":8622,"href":"https:\/\/www.cafoodbanks.org\/es\/wp-json\/wp\/v2\/pages\/3705\/revisions\/8622"}],"wp:attachment":[{"href":"https:\/\/www.cafoodbanks.org\/es\/wp-json\/wp\/v2\/media?parent=3705"}],"curies":[{"name":"wp","href":"https:\/\/api.w.org\/{rel}","templated":true}]}}