{"id":3923,"date":"2020-11-25T21:58:05","date_gmt":"2020-11-25T21:58:05","guid":{"rendered":"https:\/\/live-cafb.pantheonsite.io\/?page_id=3923"},"modified":"2026-04-14T08:16:49","modified_gmt":"2026-04-14T15:16:49","slug":"policy","status":"publish","type":"page","link":"https:\/\/www.cafoodbanks.org\/es\/what-we-do\/policy\/","title":{"rendered":"Pol\u00edtica p\u00fablica"},"content":{"rendered":"<p><!-- Google tag (gtag.js) --><br \/>\n<script async src=\"https:\/\/www.googletagmanager.com\/gtag\/js?id=G-1JBLYPE369\"><\/script><br \/>\n<script><br \/>\n  window.dataLayer = window.dataLayer || [];<br \/>\n  function gtag(){dataLayer.push(arguments);}<br \/>\n  gtag('js', new Date());<\/p>\n<p>  gtag('config', 'G-1JBLYPE369');<br \/>\n<\/script><\/p>\n\n\n<div style=\"height:64px\" aria-hidden=\"true\" class=\"wp-block-spacer\"><\/div>\n\n\n<div class=\"wp-block-image is-style-default\">\n<figure class=\"alignleft size-large is-resized\"><img loading=\"lazy\" decoding=\"async\" width=\"1024\" height=\"683\" src=\"https:\/\/live-cafb.pantheonsite.io\/wp-content\/uploads\/2020\/12\/2019_CAD_6253-1024x683.jpg\" alt=\"\" class=\"wp-image-5488\" style=\"width:391px;height:261px\" srcset=\"https:\/\/www.cafoodbanks.org\/wp-content\/uploads\/2020\/12\/2019_CAD_6253-1024x683.jpg 1024w, https:\/\/www.cafoodbanks.org\/wp-content\/uploads\/2020\/12\/2019_CAD_6253-300x200.jpg 300w, https:\/\/www.cafoodbanks.org\/wp-content\/uploads\/2020\/12\/2019_CAD_6253-768x512.jpg 768w, https:\/\/www.cafoodbanks.org\/wp-content\/uploads\/2020\/12\/2019_CAD_6253-1536x1024.jpg 1536w, https:\/\/www.cafoodbanks.org\/wp-content\/uploads\/2020\/12\/2019_CAD_6253-2048x1365.jpg 2048w, https:\/\/www.cafoodbanks.org\/wp-content\/uploads\/2020\/12\/2019_CAD_6253-16x12.jpg 16w\" sizes=\"auto, (max-width: 1024px) 100vw, 1024px\" \/><\/figure>\n<\/div>\n\n\n<p>Luchar contra el hambre no se trata solo de proporcionar alimentos de emergencia a las personas que lo necesitan, sino que tambi\u00e9n significa tomar medidas para abordar las causas fundamentales del hambre, incluida la pobreza y el racismo sist\u00e9mico.<\/p>\n\n\n\n<p>El hambre es omnipresente en toda California, agravada por la pandemia de COVID-19, pero tambi\u00e9n se puede prevenir. A trav\u00e9s de nuestro trabajo de pol\u00edtica p\u00fablica, buscamos proporcionar los recursos necesarios a los bancos de alimentos, mejorar la red de seguridad nutricional y crear un acceso equitativo a los alimentos para todos los californianos.<\/p>\n\n\n\n<p>Los bancos de alimentos de California fueron de los primeros del pa\u00eds en incluir el trabajo de promoci\u00f3n y pol\u00edticas como parte central de sus esfuerzos contra el hambre. Ayudamos a nuestros bancos de alimentos miembros proporcion\u00e1ndoles espacios para comunicarse con los legisladores.<\/p>\n\n\n\n<div style=\"height:60px\" aria-hidden=\"true\" class=\"wp-block-spacer\"><\/div>\n\n\n\n<div class=\"wp-block-media-text alignfull has-media-on-the-right is-stacked-on-mobile is-vertically-aligned-center has-mango-background-color has-background\" style=\"grid-template-columns:auto 42%\" id=\"foucus-areas\"><div class=\"wp-block-media-text__content\">\n<h2 class=\"wp-block-heading has-text-align-left has-white-color has-text-color\" id=\"focus-areas\">Nuestro trabajo de pol\u00edticas p\u00fablicas se concentra en estas \u00e1reas de enfoque clave:<\/h2>\n\n\n\n<div class=\"wp-block-columns is-layout-flex wp-container-core-columns-is-layout-9d6595d7 wp-block-columns-is-layout-flex\">\n<div class=\"wp-block-column is-layout-flow wp-block-column-is-layout-flow\">\n<ul class=\"wp-block-list\">\n<li>Apoyo al banco de alimentos<\/li>\n\n\n\n<li>Resiliencia ante desastres<\/li>\n\n\n\n<li>Nutrici\u00f3n infantil<\/li>\n<\/ul>\n<\/div>\n\n\n\n<div class=\"wp-block-column is-layout-flow wp-block-column-is-layout-flow\">\n<ul class=\"wp-block-list\">\n<li>CalFresh \/ SNAP<\/li>\n\n\n\n<li>Desechos alimentarios<\/li>\n\n\n\n<li>Pobreza<\/li>\n<\/ul>\n<\/div>\n<\/div>\n\n\n<style>\r\n\t#button-69e23f0b7ccaa .cta-button {\r\n\t\tcolor: #ffffff; border-color: #ffffff; background-color:#ffb223;\t}\r\n\t#button-69e23f0b7ccaa .cta-button:before, #button-69e23f0b7ccaa .cta-button:after {\r\n\t\tbackground-color: #ffb223; border-color: #ffb223;\t}\r\n\t#button-69e23f0b7ccaa .cta-button:hover {\r\n\t\tcolor: #ffb223; border-color: #ffb223; background-color:#ffffff;\t}\r\n<\/style>\r\n<div class=\"button-variant-1 alignleft\" id=\"button-69e23f0b7ccaa\">\r\n\t<a href='\/es\/what-we-do\/policy\/policy-focus-areas\/' target=''  class='cta-button'>\u00c1reas de enfoque de pol\u00edticas<\/a><\/div>\n\n\n<div style=\"height:50px\" aria-hidden=\"true\" class=\"wp-block-spacer\"><\/div>\n\n\n\n<p><\/p>\n<\/div><figure class=\"wp-block-media-text__media\"><img loading=\"lazy\" decoding=\"async\" width=\"600\" height=\"541\" src=\"\/wp-content\/uploads\/2020\/12\/noun_capitol_whiteborder3.png\" alt=\"\" class=\"wp-image-5423 size-full\" srcset=\"https:\/\/www.cafoodbanks.org\/wp-content\/uploads\/2020\/12\/noun_capitol_whiteborder3.png 600w, https:\/\/www.cafoodbanks.org\/wp-content\/uploads\/2020\/12\/noun_capitol_whiteborder3-300x271.png 300w, https:\/\/www.cafoodbanks.org\/wp-content\/uploads\/2020\/12\/noun_capitol_whiteborder3-13x12.png 13w\" sizes=\"auto, (max-width: 600px) 100vw, 600px\" \/><\/figure><\/div>\n\n\n\n<div style=\"height:60px\" aria-hidden=\"true\" class=\"wp-block-spacer\"><\/div>\n\n\n<div class=\"wp-block-image\">\n<figure class=\"aligncenter size-large\"><img loading=\"lazy\" decoding=\"async\" width=\"57\" height=\"66\" src=\"\/wp-content\/uploads\/2020\/11\/fl.svg\" alt=\"\" class=\"wp-image-3938\"\/><\/figure>\n<\/div>\n\n\n<h2 class=\"wp-block-heading has-text-align-center\" id=\"state-policy\">Pol\u00edtica estatal<\/h2>\n\n\n\n<div style=\"height:20px\" aria-hidden=\"true\" class=\"wp-block-spacer\"><\/div>\n\n\n\n<p>Junto con nuestros bancos de alimentos y nuestros socios legislativos y de pol\u00edticas, trabajamos para aprobar proyectos de ley estatales que ayudar\u00e1n a acabar con el hambre y aliviar la pobreza en California. Puede mantenerse actualizado con la legislaci\u00f3n estatal activa en nuestro <a href=\"\/es\/hunger-legislation-tracker\/\" data-type=\"page\" data-id=\"3693\">Rastreador de legislaci\u00f3n estatal<\/a>.<\/p>\n\n\n\n<p>Support and Learn More about our Budget Advocacy Priorities:<\/p>\n\n\n\n<ul class=\"wp-block-list\">\n<li><a href=\"https:\/\/www.cafoodbanks.org\/wp-content\/uploads\/2026\/04\/CalFood-Factsheet-2026-2-Pager-v2.pdf\">Hoja informativa sobre el presupuesto de CalFood<\/a> y <a href=\"https:\/\/www.cafoodbanks.org\/wp-content\/uploads\/2026\/04\/CAFB_2026_CalFood_OneSheet_V6.pdf\">CalFood One-Pager<\/a>\n<ul class=\"wp-block-list\">\n<li><a href=\"https:\/\/forms.gle\/zpHCCV2Pgg97MTeu6\">Organizational Sign-On Letter<\/a> y <a href=\"https:\/\/act.cafoodbanks.org\/component\/sbxactions\/30\">Individual action<\/a><\/li>\n<\/ul>\n<\/li>\n\n\n\n<li><a href=\"https:\/\/www.cafoodbanks.org\/wp-content\/uploads\/2026\/02\/CalFresh-Outreach-Budget-Factsheet-V1-Editable-2-1-2.pdf\">CalFresh Outreach Factsheet<\/a>\n<ul class=\"wp-block-list\">\n<li><a href=\"https:\/\/forms.gle\/Er3gqMr8yen6QSAy8\">Organizational Sign-On Letter<\/a> y <a href=\"https:\/\/act.cafoodbanks.org\/component\/sbxactions\/29\">Individual action<\/a><\/li>\n<\/ul>\n<\/li>\n\n\n\n<li><a href=\"https:\/\/www.cafoodbanks.org\/wp-content\/uploads\/2026\/04\/Budget-Factsheet-CFAP-Expansion.pdf\">Expand CFAP for time-limited individuals and humanitarian immigrants<\/a><\/li>\n\n\n\n<li>SUN Bucks Statewide Online Application &#8211; <a href=\"https:\/\/forms.gle\/d5bHEvkD4Rfk6F658\">Organizational Sign-On Letter<\/a><\/li>\n<\/ul>\n\n\n<style>\r\n\t#button-69e23f0b7d1b5 .cta-button {\r\n\t\tcolor: #ffffff; border-color: #ffffff; background-color:#ffb223;\t}\r\n\t#button-69e23f0b7d1b5 .cta-button:before, #button-69e23f0b7d1b5 .cta-button:after {\r\n\t\tbackground-color: #ffb223; border-color: #ffb223;\t}\r\n\t#button-69e23f0b7d1b5 .cta-button:hover {\r\n\t\tcolor: #ffb223; border-color: #ffb223; background-color:#ffffff;\t}\r\n<\/style>\r\n<div class=\"button-variant-1 aligncenter\" id=\"button-69e23f0b7d1b5\">\r\n\t<a href='https:\/\/www.cafoodbanks.org\/es\/2026-state-policy-agenda\/' target='_blank'  class='cta-button'>2026 State Policy Agenda<\/a><\/div>\n\n\n<div style=\"height:63px\" aria-hidden=\"true\" class=\"wp-block-spacer\"><\/div>\n\n\n<div class=\"wp-block-image\">\n<figure class=\"aligncenter size-large\" id=\"federal-advocacy\"><img loading=\"lazy\" decoding=\"async\" width=\"85\" height=\"52\" src=\"\/wp-content\/uploads\/2020\/11\/usa.svg\" alt=\"\" class=\"wp-image-3928\"\/><\/figure>\n<\/div>\n\n\n<div class=\"wp-block-group\"><div class=\"wp-block-group__inner-container is-layout-constrained wp-block-group-is-layout-constrained\">\n<h2 class=\"wp-block-heading has-text-align-center\" id=\"federal-policy\">Pol\u00edtica federal<\/h2>\n\n\n\n<p class=\"has-text-align-left\">Juntos, con nuestros bancos de alimentos y con nuestros aliados nacionales como Food Research &amp; Action Center y Feeding America, trabajamos para influir en la legislaci\u00f3n federal como la Ley Agr\u00edcola que impacta a los bancos de alimentos y las tasas de hambre en toda California. <\/p>\n\n\n\n<p>Nuestros recursos para 2025 incluyen<\/p>\n\n\n\n<ul class=\"wp-block-list\">\n<li><a href=\"https:\/\/www.cafoodbanks.org\/es\/congressional-and-county-snap-factsheets\/\">Congressional SNAP Factsheets<\/a><\/li>\n\n\n\n<li><a href=\"https:\/\/www.cafoodbanks.org\/es\/2025-tfp\/\" data-type=\"link\" data-id=\"https:\/\/www.cafoodbanks.org\/wp-content\/uploads\/2025\/02\/TFP-Factsheet.pdf-4.pdf\">Proteger y fortalecer la suficiencia de los beneficios del SNAP (Plan de alimentos econ\u00f3micos)<\/a><\/li>\n\n\n\n<li><a href=\"https:\/\/www.cafoodbanks.org\/es\/2025-SNAP-choice\/\">Protect and Strengthen SNAP Choice<\/a><\/li>\n\n\n\n<li><a href=\"https:\/\/www.cafoodbanks.org\/wp-content\/uploads\/2025\/05\/2025-Position-Paper-SNAP-Time-Limits-1.pdf\">End, Not Worsen Time Limits on SNAP Food Aid<\/a><\/li>\n\n\n\n<li><a href=\"https:\/\/www.cafoodbanks.org\/wp-content\/uploads\/2025\/05\/Oppose-SNAP-Cost-Shifts-to-States-Sign-On_Final_4.8.2025-5.pdf\" data-type=\"link\" data-id=\"https:\/\/www.cafoodbanks.org\/wp-content\/uploads\/2025\/05\/Oppose-SNAP-Cost-Shifts-to-States-Sign-On_Final_4.8.2025-5.pdf\">Oppose SNAP State Cost Shifts to States Letter<\/a><\/li>\n<\/ul>\n<\/div><\/div>\n\n\n<style>\r\n\t#button-69e23f0b7dd58 .cta-button {\r\n\t\tcolor: #ffffff; border-color: #ffffff; background-color:#ffb223;\t}\r\n\t#button-69e23f0b7dd58 .cta-button:before, #button-69e23f0b7dd58 .cta-button:after {\r\n\t\tbackground-color: #ffb223; border-color: #ffb223;\t}\r\n\t#button-69e23f0b7dd58 .cta-button:hover {\r\n\t\tcolor: #ffb223; border-color: #ffb223; background-color:#ffffff;\t}\r\n<\/style>\r\n<div class=\"button-variant-1 aligncenter\" id=\"button-69e23f0b7dd58\">\r\n\t<a href='https:\/\/www.cafoodbanks.org\/es\/2025-federal-policy-agenda\/' target='_blank'  class='cta-button'>Agenda de pol\u00edtica federal 2025<\/a><\/div>\n\n<style>\r\n\t#button-69e23f0b7de57 .cta-button {\r\n\t\tcolor: #ffffff; border-color: #ffffff; background-color:#ffb223;\t}\r\n\t#button-69e23f0b7de57 .cta-button:before, #button-69e23f0b7de57 .cta-button:after {\r\n\t\tbackground-color: #ffb223; border-color: #ffb223;\t}\r\n\t#button-69e23f0b7de57 .cta-button:hover {\r\n\t\tcolor: #ffb223; border-color: #ffb223; background-color:#ffffff;\t}\r\n<\/style>\r\n<div class=\"button-variant-1 aligncenter\" id=\"button-69e23f0b7de57\">\r\n\t<a href='https:\/\/www.cafoodbanks.org\/es\/2025-federal-cnr-agenda\/' target=''  class='cta-button'>Agenda de Nutrici\u00f3n Infantil 2025<\/a><\/div>\n\n<style>\r\n\t#button-69e23f0b7df4a .cta-button {\r\n\t\tcolor: #ffffff; border-color: #ffffff; background-color:#ffb223;\t}\r\n\t#button-69e23f0b7df4a .cta-button:before, #button-69e23f0b7df4a .cta-button:after {\r\n\t\tbackground-color: #ffb223; border-color: #ffb223;\t}\r\n\t#button-69e23f0b7df4a .cta-button:hover {\r\n\t\tcolor: #ffb223; border-color: #ffb223; background-color:#ffffff;\t}\r\n<\/style>\r\n<div class=\"button-variant-1 aligncenter\" id=\"button-69e23f0b7df4a\">\r\n\t<a href='\/es\/2023-farm-bill\/' target=''  class='cta-button'>Ley Agr\u00edcola de 2024<\/a><\/div>\n\n\n<div style=\"height:64px\" aria-hidden=\"true\" class=\"wp-block-spacer\"><\/div>\n\n\n\n<h3 class=\"wp-block-heading\" id=\"recent-wins\">Recent Policy Successes (2025)<\/h3>\n\n\n\n<ul class=\"wp-block-list\">\n<li>Secured $80M for CalFood to support the purchase of California-grown and produced food by California food banks.<br><\/li>\n\n\n\n<li>Achieved $43.8M in investments for SUN Bucks (Summer EBT) implementation to allow California to provide federal food assistance to an estimated 6M children in summer 2025.<br><\/li>\n\n\n\n<li>Secured $90.7 million to continue the School Meals for All program, ensuring children have access to free meals at school.<br><\/li>\n\n\n\n<li>Secured $7.4 million to fund local diaper distributions for low-income families with infants and toddlers, for 11 food banks and community organizations. <br><\/li>\n\n\n\n<li>Maintained the implementation timeline to expand the California Food Assistance Program (CFAP)&nbsp; for older adults 55+ regardless of immigration status, by October 2027.<br><\/li>\n\n\n\n<li>Supported $123.6 million to make critical CalFresh investments against immediate harms from H.R. 1.<br><\/li>\n\n\n\n<li><span style=\"margin: 0px; padding: 0px;\">Co-sponsored&nbsp;<a href=\"https:\/\/leginfo.legislature.ca.gov\/faces\/billNavClient.xhtml?bill_id=202520260AB79\" target=\"_blank\">AB 79 (Arambula)<\/a>, to raise awareness of public benefit programs among college students, and&nbsp;<a href=\"https:\/\/leginfo.legislature.ca.gov\/faces\/billNavClient.xhtml?bill_id=202520260AB777\" target=\"_blank\">AB 777 (C. Rodriguez)<\/a>, which improves CA&#8217;s ability to help people during disaster<\/span>s, which were both signed into law.<\/li>\n<\/ul>\n\n\n\n<div style=\"height:100px\" aria-hidden=\"true\" class=\"wp-block-spacer\"><\/div>","protected":false},"excerpt":{"rendered":"<p>Fighting hunger is not only about providing emergency food to people in need \u2014 it also means taking action to [&hellip;]<\/p>\n","protected":false},"author":1,"featured_media":0,"parent":51,"menu_order":0,"comment_status":"closed","ping_status":"closed","template":"","meta":{"_acf_changed":false,"_seopress_robots_primary_cat":"","_seopress_titles_title":"","_seopress_titles_desc":"","_seopress_robots_index":"","_searchwp_excluded":"","footnotes":""},"class_list":["post-3923","page","type-page","status-publish","hentry"],"acf":[],"_links":{"self":[{"href":"https:\/\/www.cafoodbanks.org\/es\/wp-json\/wp\/v2\/pages\/3923","targetHints":{"allow":["GET"]}}],"collection":[{"href":"https:\/\/www.cafoodbanks.org\/es\/wp-json\/wp\/v2\/pages"}],"about":[{"href":"https:\/\/www.cafoodbanks.org\/es\/wp-json\/wp\/v2\/types\/page"}],"author":[{"embeddable":true,"href":"https:\/\/www.cafoodbanks.org\/es\/wp-json\/wp\/v2\/users\/1"}],"replies":[{"embeddable":true,"href":"https:\/\/www.cafoodbanks.org\/es\/wp-json\/wp\/v2\/comments?post=3923"}],"version-history":[{"count":246,"href":"https:\/\/www.cafoodbanks.org\/es\/wp-json\/wp\/v2\/pages\/3923\/revisions"}],"predecessor-version":[{"id":53194,"href":"https:\/\/www.cafoodbanks.org\/es\/wp-json\/wp\/v2\/pages\/3923\/revisions\/53194"}],"up":[{"embeddable":true,"href":"https:\/\/www.cafoodbanks.org\/es\/wp-json\/wp\/v2\/pages\/51"}],"wp:attachment":[{"href":"https:\/\/www.cafoodbanks.org\/es\/wp-json\/wp\/v2\/media?parent=3923"}],"curies":[{"name":"wp","href":"https:\/\/api.w.org\/{rel}","templated":true}]}}