{"id":39325,"date":"2023-03-13T10:45:04","date_gmt":"2023-03-13T17:45:04","guid":{"rendered":"https:\/\/www.cafoodbanks.org\/?page_id=39325"},"modified":"2024-06-17T15:08:36","modified_gmt":"2024-06-17T22:08:36","slug":"2023-farm-bill","status":"publish","type":"page","link":"https:\/\/www.cafoodbanks.org\/es\/2023-farm-bill\/","title":{"rendered":"Ley Agr\u00edcola de 2024"},"content":{"rendered":"<h1 class=\"wp-block-heading has-medium-font-size\" id=\"about\"><strong>\u00bfQu\u00e9 es la Ley Agr\u00edcola?<\/strong><\/h1>\n\n\n\n<p class=\"has-text-align-left\">los <a href=\"https:\/\/www.usda.gov\/farmbill\">Factura agr\u00edcola<\/a> is a comprehensive piece of legislation that authorizes most federal policies governing food and agriculture programs, including the Supplemental Nutrition Assistance Program (SNAP), known as CalFresh in California. The Farm Bill is reauthorized approximately every five years and sets food and agricultural policy that provides a safety net for our country\u2019s agricultural producers and helps our low-income communities put food on the table. The 2023 Farm Bill expired on September 30, 2023, but the Continuing Resolution <a href=\"https:\/\/www.congress.gov\/bill\/118th-congress\/house-bill\/6363?eType=EmailBlastContent&amp;eId=4217e50c-a5e8-4d0a-8e82-2152da9cbaeb\">H.R. 6363<\/a>, passed in November of 2023, extended the Farm Bill until September 30, 2024. Discussions about the Farm Bill are taking place in D.C. and across the country.<\/p>\n\n\n\n<p>California produce casi la mitad de las frutas y verduras del pa\u00eds, pero <a href=\"https:\/\/www.ipr.northwestern.edu\/apps\/economicindicators.html\">1 de cada 5 californianos, eso es alrededor de 8 millones de personas<\/a> \u2014 luchan actualmente contra la inseguridad alimentaria. <a href=\"https:\/\/public.tableau.com\/app\/profile\/california.department.of.social.services\/viz\/CFdashboard-PUBLIC\/Home?publish=yes\">SNAP ayuda a apoyar a 5 millones de californianas<\/a><a href=\"https:\/\/www.cafoodbanks.org\/es\/citations\/\">, brings in about<\/a><a href=\"https:\/\/www.cafoodbanks.org\/es\/citations\/\"> $13 billion in federal food benefits, $23 billion in total economic activity, and 173,000 jobs statewide.<\/a><\/p>\n\n\n\n<p>Afortunadamente, siguiendo las instrucciones del Congreso, el USDA implement\u00f3 con \u00e9xito la Ley Agr\u00edcola de 2018, incluida una actualizaci\u00f3n largamente esperada del Plan de Alimentos Econ\u00f3micos (TFP).&nbsp;<\/p>\n\n\n\n<p><a href=\"https:\/\/www.cafoodbanks.org\/wp-content\/uploads\/2023\/03\/2023_Emergency-Allotments-PEBT_Factsheet.pdf\">But in 2023, California faced a catastrophic hunger crisis. <\/a>Con la firma del <a href=\"https:\/\/www.congress.gov\/bill\/117th-congress\/house-bill\/2617\/text\">Ley de Asignaciones Consolidadas de 2023<\/a> y <a href=\"https:\/\/www.hhs.gov\/about\/news\/2023\/02\/09\/fact-sheet-covid-19-public-health-emergency-transition-roadmap.html\">finalizaci\u00f3n de la Emergencia de Salud P\u00fablica federal el 11 de mayo de 2023<\/a>, two critical programs that helped to mitigate hunger over the last three years came to an end. <a href=\"https:\/\/cdss.ca.gov\/Portals\/9\/Additional-Resources\/Letters-and-Notices\/ACWDL\/2023\/CL_02-02-23.pdf?ver=2023-02-13-095208-110\">Los beneficiarios de SNAP recibieron sus \u00faltimas asignaciones de emergencia el 26 de marzo de 2023<\/a>, que hab\u00eda estado impulsando los beneficios de CalFresh desde el inicio de la pandemia de COVID-19, y el altamente efectivo <a href=\"https:\/\/www.fns.usda.gov\/snap\/state-guidance-coronavirus-pandemic-ebt-pebt\">Programa Pandemia-EBT<\/a> that has been providing food benefits to children ended after the 2022\u201323 school year. This has <a href=\"https:\/\/www.cafoodbanks.org\/es\/food-insecurity-data\/\">intensified widespread hardship<\/a> throughout California.&nbsp;<\/p>\n\n\n\n<p><\/p>\n\n\n\n<div class=\"wp-block-buttons is-content-justification-center is-layout-flex wp-container-core-buttons-is-layout-16018d1d wp-block-buttons-is-layout-flex\">\n<div class=\"wp-block-button has-custom-font-size is-style-outline has-medium-font-size is-style-outline--1\" id=\"priorities\"><a class=\"wp-block-button__link has-white-color has-nasty-green-background-color has-text-color has-background wp-element-button\" href=\"https:\/\/www.cafoodbanks.org\/wp-content\/uploads\/2024\/06\/CAFB-2024-Farm-Bill-Priorities-.pdf\" style=\"border-radius:7px\">Prioridades de la Ley Agr\u00edcola CAFB<\/a><\/div>\n\n\n\n<div class=\"wp-block-button has-custom-font-size is-style-outline has-medium-font-size is-style-outline--2\"><a class=\"wp-block-button__link has-white-color has-nasty-green-background-color has-text-color has-background wp-element-button\" href=\"https:\/\/www.cafoodbanks.org\/wp-content\/uploads\/2024\/06\/Farm-Bill-2024-WRAHC-Updated-6.17.24-1.pdf\" style=\"border-radius:7px\">Western Region Priorities<\/a><\/div>\n<\/div>\n\n\n\n<div class=\"wp-block-buttons is-content-justification-center is-layout-flex wp-container-core-buttons-is-layout-16018d1d wp-block-buttons-is-layout-flex\">\n<div class=\"wp-block-button has-custom-font-size is-style-outline has-medium-font-size is-style-outline--3\"><a class=\"wp-block-button__link has-white-color has-nasty-green-background-color has-text-color has-background wp-element-button\" href=\"https:\/\/www.cafoodbanks.org\/wp-content\/uploads\/2023\/05\/CA-Legislature-Farm-Bill-Priorities-Letter-to-CA-Congressional-Delegation.pdf\" style=\"border-radius:7px\">CA Legislature Letter<\/a><\/div>\n<\/div>\n\n\n\n<div style=\"height:61px\" aria-hidden=\"true\" class=\"wp-block-spacer\"><\/div>\n\n\n\n<div id=\"markerbills\" class=\"wp-block-foursite-gutenberg-blocks-collapsible-block collapsible-content-block\"><h2 class=\"trigger label\">Marker Bills que fortalecen SNAP y TEFAP:<\/h2><div class=\"description wrapper\">Debemos apoyar la legislaci\u00f3n que fortalece SNAP en la Ley Agr\u00edcola.<\/div><div class=\"content wrapper\">\n<ul class=\"wp-block-list\">\n<li><strong>Closing the Meal Gap Act &#8211; <strong><a href=\"https:\/\/www.congress.gov\/bill\/117th-congress\/house-bill\/4077?q=%7B%22search%22%3A%5B%224077%22%5D%7D&amp;s=3&amp;r=5\"><\/a><a href=\"https:\/\/www.congress.gov\/bill\/118th-congress\/house-bill\/3037?s=1&amp;r=42\"><strong>H.R. 3037<\/strong><\/a>(Adams)\/<a href=\"https:\/\/www.congress.gov\/bill\/117th-congress\/senate-bill\/2192\"><\/a><a href=\"https:\/\/www.congress.gov\/bill\/118th-congress\/senate-bill\/1336\"><strong>S. 1336<\/strong><\/a> (Gillibrand)<\/strong><\/strong>Mejorar la adecuaci\u00f3n de los beneficios de SNAP para ayudar a los participantes de SNAP a satisfacer las necesidades alimentarias, culturales y de otro tipo de su hogar mediante la adopci\u00f3n permanente del Plan de Alimentos de Bajo Costo, para reemplazar el inadecuado Plan de Alimentos Econ\u00f3micos.<\/li>\n\n\n\n<li><em>Aumentar la accesibilidad a SNAP para poblaciones cr\u00edticas:<\/em>\n\n\n\n\n\n\n\n\n\n\n\n\n\n\n\n\n\n\n\n\n\n\n\n\n\n\n\n\n\n\n\n\n\n\n\n\n\n\n\n\n\n\n\n\n\n\n\n\n\n\n\n\n\n\n\n\n\n\n\n\n\n\n\n\n\n\n\n\n\n\n\n\n\n\n\n\n\n\n\n\n\n\n\n\n\n\n<ul class=\"wp-block-list\">\n<li><strong>Improve Access to Nutrition Act &#8211; <strong><a href=\"https:\/\/www.congress.gov\/bill\/118th-congress\/house-bill\/1510?s=2&amp;r=13&amp;q=%7B%22search%22%3A%5B%22H.R.+1510%22%5D%7D\">H.R. 1510 <\/a>(Lee)<\/strong>\/ <a href=\"https:\/\/www.congress.gov\/bill\/118th-congress\/senate-bill\/2435?q=%7B%22search%22%3A%5B%22s+2435%22%5D%7D&amp;s=2&amp;r=1\">S. 2435<\/a> (Welch): <\/strong>Derogar el l\u00edmite de tiempo de tres meses en SNAP para ciertos adultos en edad laboral que luchan con barreras profundas para encontrar un empleo estable. <a href=\"https:\/\/frac.org\/wp-content\/uploads\/SNAP-Time-Limits_R3.pdf?eType=EmailBlastContent&amp;eId=9c1e223b-3f55-454b-b295-4890a83fac4e\">FRAC Brief<\/a><\/li>\n<\/ul>\n\n\n\n<ul class=\"wp-block-list\">\n<li><strong>EATS Act<\/strong> &#8211; <strong><a href=\"https:\/\/www.congress.gov\/bill\/118th-congress\/house-bill\/3183\">H.R. 3183<\/a> (Gomez)\/<\/strong><a href=\"https:\/\/www.congress.gov\/bill\/118th-congress\/senate-bill\/1488\"><strong>S. 1488<\/strong><\/a><strong>(Gillibrand):<\/strong> Poner fin a la regla injusta que impide el acceso a SNAP para estudiantes universitarios de bajos ingresos. <a href=\"https:\/\/www.cafoodbanks.org\/wp-content\/uploads\/2023\/05\/EATS-Act-One-Pager.pdf\">Rep. Gomez Factsheet<\/a><\/li>\n\n\n\n<li><strong>Restore Act<\/strong>&#8211;<a href=\"https:\/\/www.congress.gov\/bill\/118th-congress\/house-bill\/3479\/cosponsors?s=1&amp;r=1&amp;q=%7b%22search%22:%5b%22H.R.+3479%22%5d%7d&amp;pageSort=alphaByState&amp;eType=EmailBlastContent&amp;eId=d5199823-4b9e-4112-875a-73fd2114c3b2\"><strong>H.R. 3479<\/strong><\/a><strong> (Cohen)<\/strong>\/<strong><a href=\"https:\/\/www.congress.gov\/bill\/118th-congress\/senate-bill\/1753\/cosponsors?s=1&amp;r=1&amp;q=%7b%22search%22:%5b%22S.+1753%22%5d%7d&amp;pageSort=alphaByState&amp;eType=EmailBlastContent&amp;eId=d5199823-4b9e-4112-875a-73fd2114c3b2\">S. 1753<\/a> (Booker)<\/strong> Deroga la prohibici\u00f3n federal de por vida de que las personas con condenas por delitos graves de drogas reciban SNAP | <a href=\"https:\/\/drive.google.com\/file\/d\/1xR_2lfZk1zY8t2gTPhVwMw61mzBDhJ8_\/view?eType=EmailBlastContent&amp;eId=d5199823-4b9e-4112-875a-73fd2114c3b2\">FRAC Factsheet<\/a><\/li>\n\n\n\n<li><strong>LIFT the BAR Act<\/strong> &#8211; <a href=\"https:\/\/www.congress.gov\/bill\/118th-congress\/house-bill\/4170?q=%7B%22search%22%3A%5B%22%22%5D%7D&amp;s=1&amp;r=1\"><strong>H.R. 4170<\/strong><\/a><strong> (Jayapal)\/<\/strong><a href=\"https:\/\/www.congress.gov\/bill\/118th-congress\/senate-bill\/2038?q=%7B%22search%22%3A%5B%22HIRONO%22%5D%7D&amp;s=3&amp;r=1\"><strong>S. 2038<\/strong><\/a><strong> (Hirono):<\/strong> Revertir la pol\u00edtica racialmente discriminatoria de prohibir SNAP a los inmigrantes revocando la prohibici\u00f3n de cinco a\u00f1os para SNAP, TANF y Medicaid.<\/li>\n<\/ul>\n<\/li>\n\n\n\n<li><strong>Hot Foods Act &#8211; <a href=\"https:\/\/www.congress.gov\/bill\/118th-congress\/house-bill\/3519?s=1&amp;r=2\">H.R. 3519<\/a> (Meng)\/ <a href=\"https:\/\/www.congress.gov\/bill\/118th-congress\/senate-bill\/2258?loclr=cga-committee\">S. 2258<\/a> (Bennet):<\/strong> Ampliar la accesibilidad del uso de SNAP para comprar alimentos y comidas calientes y preparadas. Esto aumentar\u00e1 la accesibilidad a comidas nutritivas para las personas que tienen un espacio limitado para preparar alimentos o una capacidad f\u00edsica limitada.&nbsp;<\/li>\n\n\n\n<li><strong>Farmers Feeding America Act- <a href=\"https:\/\/www.congress.gov\/bill\/118th-congress\/house-bill\/6203?q=%7B%22search%22%3A%22hr+6203%22%7D&amp;s=5&amp;r=1\">H.R. 6203<\/a> (Salinas, Panetta)\/<\/strong> <strong><a href=\"https:\/\/www.congress.gov\/bill\/118th-congress\/senate-bill\/2713?q=%7B%22search%22%3A%22s+2713%22%7D&amp;s=4&amp;r=1\">S. 2713<\/a> (Casey)<\/strong>Aproximadamente duplicar la financiaci\u00f3n para las compras de alimentos del TEFAP para apoyar a los bancos de alimentos.<\/li>\n<\/ul>\n\n\n\n<p><em>Gracias a nuestros bancos de alimentos que destacaron estas prioridades contra el hambre en las sesiones de escucha de Farm Bill:<\/em><\/p>\n\n\n\n<p><a href=\"https:\/\/www.cafoodbanks.org\/es\/blog\/food-banks-provide-comments-at-tulare-farm-bill-listening-session-2-14-23\/\">Los bancos de alimentos brindan comentarios en la sesi\u00f3n de escucha de Tulare Farm Bill, 14\/2\/23<\/a><\/p>\n\n\n\n<p><a href=\"https:\/\/www.cafoodbanks.org\/es\/blog\/farm-bill-listening-session-july-6-2022\/\">Instant\u00e1neas de la sesi\u00f3n de escucha de la Ley Agr\u00edcola de California, 6 de julio de 2022<\/a><\/p>\n<\/div><\/div>\n\n\n\n<div class=\"wp-block-foursite-gutenberg-blocks-collapsible-block collapsible-content-block\"><h2 class=\"trigger label\">Obtenga m\u00e1s informaci\u00f3n sobre la Ley Agr\u00edcola:<\/h2><div class=\"description wrapper\">Consulte estos recursos para obtener m\u00e1s informaci\u00f3n sobre la Ley Agr\u00edcola.<\/div><div class=\"content wrapper\">\n<ul class=\"wp-block-list\">\n<li><strong>Seminario web de descripci\u00f3n general de CAFB Farm Bill (14\/9\/22):<\/strong>\n<ul class=\"wp-block-list\">\n<li><a href=\"https:\/\/vimeo.com\/750231012\/233ccfd303\">Grabaci\u00f3n de v\u00eddeo<\/a><\/li>\n\n\n\n<li><a href=\"https:\/\/www.cafoodbanks.org\/wp-content\/uploads\/2022\/09\/Farm-Bill-Webinar_9.14.22.pdf\">Presentaci\u00f3n de diapositivas<\/a><\/li>\n<\/ul>\n<\/li>\n\n\n\n<li><strong>Recursos del Centro de Investigaci\u00f3n y Acci\u00f3n Alimentaria:<\/strong>\n<ul class=\"wp-block-list\">\n<li><em>seminario web:<\/em> <a href=\"https:\/\/www.youtube.com\/watch?v=f7c0t0djlVo\">Farm Bill 101: Desmitificando la mayor parte de la legislaci\u00f3n que afecta directamente a SNAP<\/a><\/li>\n\n\n\n<li><em>Serie de seminarios web FRAC, Feeding America y Center on Budget and Policy Priorities:<\/em>\n<ul class=\"wp-block-list\">\n<li><a href=\"https:\/\/nam04.safelinks.protection.outlook.com\/?url=https%3A%2F%2Fyoutu.be%2FwDtlttnAFcg&amp;data=05%7C01%7CItzul.Gutierrez%40cafoodbanks.org%7Ceda6d24db319480c180208da9831c059%7C853054851b15458ebfc6b873ae94a546%7C0%7C0%7C637989636701118781%7CUnknown%7CTWFpbGZsb3d8eyJWIjoiMC4wLjAwMDAiLCJQIjoiV2luMzIiLCJBTiI6Ik1haWwiLCJXVCI6Mn0%3D%7C3000%7C%7C%7C&amp;sdata=ersx0tgwVYwcV5EvP%2FunNVqHbz%2B5axKKCyUt1gWQXzc%3D&amp;reserved=0\">Parte 1<\/a>, <a href=\"https:\/\/nam04.safelinks.protection.outlook.com\/?url=https%3A%2F%2Fyoutu.be%2FIUF09HIbwmk&amp;data=05%7C01%7CItzul.Gutierrez%40cafoodbanks.org%7Ceda6d24db319480c180208da9831c059%7C853054851b15458ebfc6b873ae94a546%7C0%7C0%7C637989636701118781%7CUnknown%7CTWFpbGZsb3d8eyJWIjoiMC4wLjAwMDAiLCJQIjoiV2luMzIiLCJBTiI6Ik1haWwiLCJXVCI6Mn0%3D%7C3000%7C%7C%7C&amp;sdata=3oOBCAYJ0jnNu1y3qZGNioGrJ8E%2BuEzGcj7G10aBHnc%3D&amp;reserved=0\">Part 2<\/a>, <a href=\"https:\/\/nam04.safelinks.protection.outlook.com\/?url=https%3A%2F%2Fyoutu.be%2FVhL4zs6xQI4&amp;data=05%7C01%7CItzul.Gutierrez%40cafoodbanks.org%7Ceda6d24db319480c180208da9831c059%7C853054851b15458ebfc6b873ae94a546%7C0%7C0%7C637989636701118781%7CUnknown%7CTWFpbGZsb3d8eyJWIjoiMC4wLjAwMDAiLCJQIjoiV2luMzIiLCJBTiI6Ik1haWwiLCJXVCI6Mn0%3D%7C3000%7C%7C%7C&amp;sdata=pCgGA%2B51EKTfKDgCMKmGRBDRaweLegfoZwvjKHC7U2Y%3D&amp;reserved=0\">Part 3<\/a><\/li>\n<\/ul>\n<\/li>\n\n\n\n<li><em>FRAC Chats:<\/em>\n<ul class=\"wp-block-list\">\n<li><a href=\"https:\/\/nam04.safelinks.protection.outlook.com\/?url=https%3A%2F%2Ffrac.org%2Fblog%2Fthe-road-to-the-2023-farm-bill&amp;data=05%7C01%7CItzul.Gutierrez%40cafoodbanks.org%7Ceda6d24db319480c180208da9831c059%7C853054851b15458ebfc6b873ae94a546%7C0%7C0%7C637989636701118781%7CUnknown%7CTWFpbGZsb3d8eyJWIjoiMC4wLjAwMDAiLCJQIjoiV2luMzIiLCJBTiI6Ik1haWwiLCJXVCI6Mn0%3D%7C3000%7C%7C%7C&amp;sdata=LYueJdlv7QmEoRVL4xj2pg%2Buv1MQT99bjOuw27GdC1g%3D&amp;reserved=0\">Farm Bill Alianza Rural Urbana<\/a><\/li>\n\n\n\n<li>Proteger y Fortalecer la Agenda SNAP: <a href=\"https:\/\/nam04.safelinks.protection.outlook.com\/?url=https%3A%2F%2Ffrac.org%2Fblog%2Fstrengthen-snap-agenda-part-1&amp;data=05%7C01%7CItzul.Gutierrez%40cafoodbanks.org%7Ceda6d24db319480c180208da9831c059%7C853054851b15458ebfc6b873ae94a546%7C0%7C0%7C637989636701118781%7CUnknown%7CTWFpbGZsb3d8eyJWIjoiMC4wLjAwMDAiLCJQIjoiV2luMzIiLCJBTiI6Ik1haWwiLCJXVCI6Mn0%3D%7C3000%7C%7C%7C&amp;sdata=hkESb03wkhivI7lBwxZLd2stKxe7D6qn7WAwO6N7xno%3D&amp;reserved=0\">Parte 1<\/a>, <a href=\"https:\/\/nam04.safelinks.protection.outlook.com\/?url=https%3A%2F%2Ffrac.org%2Fblog%2Fstrengthen-snap-agenda-part-2&amp;data=05%7C01%7CItzul.Gutierrez%40cafoodbanks.org%7Ceda6d24db319480c180208da9831c059%7C853054851b15458ebfc6b873ae94a546%7C0%7C0%7C637989636701118781%7CUnknown%7CTWFpbGZsb3d8eyJWIjoiMC4wLjAwMDAiLCJQIjoiV2luMzIiLCJBTiI6Ik1haWwiLCJXVCI6Mn0%3D%7C3000%7C%7C%7C&amp;sdata=4iavPoTWNtU0GBVKCA3tOGT0xQ8pkUbZDIRCLH4I0O8%3D&amp;reserved=0\">Part 2<\/a><\/li>\n<\/ul>\n<\/li>\n\n\n\n<li><a href=\"https:\/\/frac.org\/wp-content\/uploads\/Priority-SNAP-Legislation_R3.pdf?eType=EmailBlastContent&amp;eId=b85a46be-8445-4c65-bb36-1574b0a36d41&amp;eType=EmailBlastContent&amp;eId=29b0ceb5-b088-45a0-b664-1a340ad4b082\"><em>FRAC 2023 Farm Bill priorities<\/em><\/a><\/li>\n<\/ul>\n<\/li>\n\n\n\n<li><strong>Alimentando a Am\u00e9rica <\/strong><a href=\"https:\/\/feedingamericaaction.org\/learn\/legislation-watch\/farm-bill\/\">Farm Bill page<\/a><\/li>\n\n\n\n<li><strong>Departamento de Alimentos y Agricultura de California <\/strong><a href=\"https:\/\/www.cdfa.ca.gov\/Farm_Bill\/\">2023 Farm Bill priorities<\/a>&nbsp;<\/li>\n<\/ul>\n<\/div><\/div>\n\n\n\n<div id=\"takeaction\" class=\"wp-block-foursite-gutenberg-blocks-collapsible-block collapsible-content-block\"><h2 class=\"trigger label\">Tomar acci\u00f3n:<\/h2><div class=\"description wrapper\">Act\u00fae ahora para apoyar las iniciativas contra el hambre en la Ley Agr\u00edcola.<\/div><div class=\"content wrapper\">\n<ul class=\"wp-block-list\">\n<li><strong>Usa el <a href=\"https:\/\/docs.google.com\/document\/d\/1aTyTgKbdLupwnTWVzA5VejpfG5PBu_XKsm1NfqlDFCU\/edit?usp=sharing\">California Medios de comunicaci\u00f3n social para la Ley Agr\u00edcola <\/a><\/strong>para educar a su audiencia e instar a su miembro del Congreso (MOC) a apoyar el fortalecimiento de los programas de asistencia alimentaria y nutricional en la Ley Agr\u00edcola.<\/li>\n\n\n\n<li><strong>Email your member of congress to co-sponsor key marker bills.<\/strong>\n<ul class=\"wp-block-list\">\n<li><em>Paso 1: verifique si su miembro del Congreso ya es copatrocinador<\/em> <a href=\"https:\/\/www.congress.gov\/\">buscando el proyecto de ley en Congress.gov.<\/a> Si ya son copatrocinadores, \u00a1agrad\u00e9zcales! Si no son copatrocinadores, entonces;<\/li>\n\n\n\n<li><em>Paso 2: Env\u00ede un correo electr\u00f3nico a su miembro del congreso pidi\u00e9ndole que se convierta en copatrocinador. <\/em>Por ejemplo, <a href=\"https:\/\/docs.google.com\/document\/d\/1OstP76c7hphYdUpSI9k1phe3JOG6oUYwnE60sum4ZHQ\/edit?usp=sharing\">use esta plantilla de correo electr\u00f3nico<\/a> para enviar un correo electr\u00f3nico personalizado a sus miembros agradeci\u00e9ndoles las facturas que han copatrocinado y pidi\u00e9ndoles que copatrocinen las facturas prioritarias de SNAP que a\u00fan no han firmado. <a href=\"https:\/\/docs.google.com\/document\/d\/15s5JXJ4QqeqtRNEVMPUqO1pciYUMviYfW2Hd7eCIn0s\/edit?usp=sharing\">Use esta plantilla de correo electronico<\/a> para pedirles que copatrocinen un proyecto de ley prioritario del TEFAP.<\/li>\n<\/ul>\n<\/li>\n\n\n\n<li><strong>Los respaldos organizacionales para LIFT the BAR Act a\u00fan est\u00e1n en curso.<\/strong> Puedes&nbsp;<a href=\"https:\/\/pifcoalition.org\/ltba118\">compruebe si su organizaci\u00f3n ya se ha registrado<\/a>y si no,&nbsp;<a href=\"https:\/\/docs.google.com\/forms\/d\/e\/1FAIpQLSfzAC2QWXGNqBT_ELcl8c3cBqDP0DL9VoPRbXxK8Eto17VoIg\/viewform\">firma la carta aqu\u00ed<\/a>.<strong>&nbsp;<\/strong><\/li>\n\n\n\n<li><strong>P\u00eddale a su miembro del congreso que visite su banco de alimentos o programa de alimentos<\/strong> para que puedan aprender sobre el hambre y las comunidades a las que sirve.<\/li>\n<\/ul>\n<\/div><\/div>\n\n\n\n<p><strong>Preguntas? <\/strong>Itz\u00fal Gutierrez (<a href=\"mailto:itzul.gutierrez@cafoodbanks.org\">itzul.gutierrez@cafoodbanks.org<\/a>) or Becky Silva (<a href=\"mailto:becky@cafoodbanks.org\">becky@cafoodbanks.org<\/a>)<\/p>\n\n\n\n<p><em>*This page was last updated on June 17, 2024<\/em><\/p>\n\n\n\n<div style=\"height:100px\" aria-hidden=\"true\" class=\"wp-block-spacer\"><\/div>","protected":false},"excerpt":{"rendered":"<p>What is the Farm Bill? The Farm Bill is a comprehensive piece of legislation that authorizes most federal policies governing [&hellip;]<\/p>\n","protected":false},"author":4,"featured_media":0,"parent":0,"menu_order":0,"comment_status":"closed","ping_status":"closed","template":"","meta":{"_acf_changed":false,"_seopress_robots_primary_cat":"","_seopress_titles_title":"","_seopress_titles_desc":"","_seopress_robots_index":"","_searchwp_excluded":"","footnotes":""},"class_list":["post-39325","page","type-page","status-publish","hentry"],"acf":[],"_links":{"self":[{"href":"https:\/\/www.cafoodbanks.org\/es\/wp-json\/wp\/v2\/pages\/39325","targetHints":{"allow":["GET"]}}],"collection":[{"href":"https:\/\/www.cafoodbanks.org\/es\/wp-json\/wp\/v2\/pages"}],"about":[{"href":"https:\/\/www.cafoodbanks.org\/es\/wp-json\/wp\/v2\/types\/page"}],"author":[{"embeddable":true,"href":"https:\/\/www.cafoodbanks.org\/es\/wp-json\/wp\/v2\/users\/4"}],"replies":[{"embeddable":true,"href":"https:\/\/www.cafoodbanks.org\/es\/wp-json\/wp\/v2\/comments?post=39325"}],"version-history":[{"count":119,"href":"https:\/\/www.cafoodbanks.org\/es\/wp-json\/wp\/v2\/pages\/39325\/revisions"}],"predecessor-version":[{"id":52835,"href":"https:\/\/www.cafoodbanks.org\/es\/wp-json\/wp\/v2\/pages\/39325\/revisions\/52835"}],"wp:attachment":[{"href":"https:\/\/www.cafoodbanks.org\/es\/wp-json\/wp\/v2\/media?parent=39325"}],"curies":[{"name":"wp","href":"https:\/\/api.w.org\/{rel}","templated":true}]}}