{"id":3957,"date":"2020-11-25T22:19:28","date_gmt":"2020-11-25T22:19:28","guid":{"rendered":"https:\/\/live-cafb.pantheonsite.io\/?page_id=3957"},"modified":"2025-09-12T08:35:38","modified_gmt":"2025-09-12T15:35:38","slug":"my-calfresh","status":"publish","type":"page","link":"https:\/\/www.cafoodbanks.org\/es\/my-calfresh\/","title":{"rendered":"Sobre CalFresh"},"content":{"rendered":"<!-- Google tag (gtag.js) -->\n<script async src=\"https:\/\/www.googletagmanager.com\/gtag\/js?id=G-1JBLYPE369\"><\/script>\n<script>\n  window.dataLayer = window.dataLayer || [];\n  function gtag(){dataLayer.push(arguments);}\n  gtag('js', new Date());\n\n  gtag('config', 'G-1JBLYPE369');\n<\/script>\n\n<div class=\"wp-block-group\"><div class=\"wp-block-group__inner-container is-layout-flow wp-block-group-is-layout-flow\">\n<h3 class=\"wp-block-heading\" id=\"calfresh-basics\">Conceptos b\u00e1sicos de CalFresh<\/h3>\n\n\n\n<p>Households can apply to receive up to $292 a month per household member on an EBT card. An EBT card works like a debit card that can be used at most grocery stores and many farmers markets to purchase food.<\/p>\n\n\n\n<p>Solicitar CalFresh es gratis. En la mayor\u00eda de los casos, el condado tiene 30 d\u00edas despu\u00e9s de que entregue su solicitud para determinar si recibir\u00e1 CalFresh. Durante los 30 d\u00edas, el condado lo entrevistar\u00e1 para ver si es elegible para inscribirse en el programa. Puede comunicarse con la oficina de CalFresh de su condado llamando al 1-877-847-3663.<\/p>\n\n\n\n<p>Puede ser elegible incluso si:<\/p>\n\n\n\n<div class=\"wp-block-columns is-layout-flex wp-container-core-columns-is-layout-9d6595d7 wp-block-columns-is-layout-flex\">\n<div class=\"wp-block-column is-layout-flow wp-block-column-is-layout-flow\">\n<ul class=\"wp-block-list\">\n<li>Poseer un coche <\/li>\n\n\n\n<li>Poseer una casa<\/li>\n\n\n\n<li>Tener un trabajo<\/li>\n\n\n\n<li>No tienen un hogar permanente o no tienen vivienda (las personas sin hogar a menudo pueden obtener beneficios en tres d\u00edas)<\/li>\n<\/ul>\n<\/div>\n\n\n\n<div class=\"wp-block-column is-layout-flow wp-block-column-is-layout-flow\">\n<ul class=\"wp-block-list\">\n<li>Eres un individuo o tienes una familia<\/li>\n\n\n\n<li>Eres un veterano<\/li>\n\n\n\n<li>Eres estudiante <a rel=\"noreferrer noopener\" href=\"http:\/\/calfresh.guide\/special-rules-for-students\/\" target=\"_blank\">conocer las reglas especiales para estudiantes<\/a><\/li>\n\n\n\n<li>Eres un inmigrante - <a href=\"https:\/\/www.getcalfresh.org\/en\/immigrants#:~:text=Public%20charge%20is%20an%20individual,or%20apply%20for%20permanent%20residence.&amp;text=Even%20under%20this%20new%20definition,being%20considered%20a%20public%20charge.\" target=\"_blank\" rel=\"noreferrer noopener\">leer la gu\u00eda para inmigrantes<\/a><\/li>\n<\/ul>\n\n\n\n<p><\/p>\n<\/div>\n<\/div>\n\n\n<style>\r\n\t#button-69dcdb2bb10fe .cta-button {\r\n\t\tcolor: #ffffff; border-color: #ffffff; background-color:#7fb24a;\t}\r\n\t#button-69dcdb2bb10fe .cta-button:before, #button-69dcdb2bb10fe .cta-button:after {\r\n\t\tbackground-color: #7fb24a; border-color: #7fb24a;\t}\r\n\t#button-69dcdb2bb10fe .cta-button:hover {\r\n\t\tcolor: #7fb24a; border-color: #7fb24a; background-color:#ffffff;\t}\r\n<\/style>\r\n<div class=\"button-variant-1 aligncenter\" id=\"button-69dcdb2bb10fe\">\r\n\t<a href='http:\/\/getcalfresh.org' target='_blank'  class='cta-button'>Learn More &#038; Apply<\/a><\/div><\/div><\/div>\n\n\n\n<div style=\"height:100px\" aria-hidden=\"true\" class=\"wp-block-spacer\"><\/div>","protected":false},"excerpt":{"rendered":"","protected":false},"author":1,"featured_media":0,"parent":0,"menu_order":0,"comment_status":"closed","ping_status":"closed","template":"","meta":{"_acf_changed":false,"_seopress_robots_primary_cat":"","_seopress_titles_title":"","_seopress_titles_desc":"","_seopress_robots_index":"","_searchwp_excluded":"","footnotes":""},"class_list":["post-3957","page","type-page","status-publish","hentry"],"acf":[],"_links":{"self":[{"href":"https:\/\/www.cafoodbanks.org\/es\/wp-json\/wp\/v2\/pages\/3957","targetHints":{"allow":["GET"]}}],"collection":[{"href":"https:\/\/www.cafoodbanks.org\/es\/wp-json\/wp\/v2\/pages"}],"about":[{"href":"https:\/\/www.cafoodbanks.org\/es\/wp-json\/wp\/v2\/types\/page"}],"author":[{"embeddable":true,"href":"https:\/\/www.cafoodbanks.org\/es\/wp-json\/wp\/v2\/users\/1"}],"replies":[{"embeddable":true,"href":"https:\/\/www.cafoodbanks.org\/es\/wp-json\/wp\/v2\/comments?post=3957"}],"version-history":[{"count":6,"href":"https:\/\/www.cafoodbanks.org\/es\/wp-json\/wp\/v2\/pages\/3957\/revisions"}],"predecessor-version":[{"id":49989,"href":"https:\/\/www.cafoodbanks.org\/es\/wp-json\/wp\/v2\/pages\/3957\/revisions\/49989"}],"wp:attachment":[{"href":"https:\/\/www.cafoodbanks.org\/es\/wp-json\/wp\/v2\/media?parent=3957"}],"curies":[{"name":"wp","href":"https:\/\/api.w.org\/{rel}","templated":true}]}}