{"id":46256,"date":"2024-04-13T11:19:12","date_gmt":"2024-04-13T18:19:12","guid":{"rendered":"https:\/\/www.cafoodbanks.org\/?page_id=46256"},"modified":"2025-12-01T16:42:53","modified_gmt":"2025-12-01T23:42:53","slug":"sun-bucks","status":"publish","type":"page","link":"https:\/\/www.cafoodbanks.org\/es\/sun-bucks\/","title":{"rendered":"SUN Bucks"},"content":{"rendered":"<p><\/p>\n\n\n\n<p><\/p>\n\n\n\n<div class=\"wp-block-media-text is-stacked-on-mobile\" style=\"grid-template-columns:34% auto\"><figure class=\"wp-block-media-text__media\"><a href=\"https:\/\/www.cdss.ca.gov\/sun-bucks\"><img loading=\"lazy\" decoding=\"async\" width=\"837\" height=\"443\" src=\"https:\/\/www.cafoodbanks.org\/wp-content\/uploads\/2024\/04\/Screen-Shot-2024-04-15-at-8.48.29-AM.png\" alt=\"\" class=\"wp-image-46278 size-full\" srcset=\"https:\/\/www.cafoodbanks.org\/wp-content\/uploads\/2024\/04\/Screen-Shot-2024-04-15-at-8.48.29-AM.png 837w, https:\/\/www.cafoodbanks.org\/wp-content\/uploads\/2024\/04\/Screen-Shot-2024-04-15-at-8.48.29-AM-300x159.png 300w, https:\/\/www.cafoodbanks.org\/wp-content\/uploads\/2024\/04\/Screen-Shot-2024-04-15-at-8.48.29-AM-768x406.png 768w, https:\/\/www.cafoodbanks.org\/wp-content\/uploads\/2024\/04\/Screen-Shot-2024-04-15-at-8.48.29-AM-18x10.png 18w\" sizes=\"auto, (max-width: 837px) 100vw, 837px\" \/><\/a><\/figure><div class=\"wp-block-media-text__content\">\n<p><a href=\"https:\/\/www.cdss.ca.gov\/sun-bucks\" target=\"_blank\" rel=\"noreferrer noopener\"><mark style=\"background-color:rgba(0, 0, 0, 0)\" class=\"has-inline-color has-green-color\">SUN Bucks<\/mark><\/a> es un nuevo programa de alimentos que les dar\u00e1 a las familias $120 por ni\u00f1o elegible para comprar alimentos. Los ni\u00f1os que reciben SUN Bucks pueden seguir recibiendo otros programas de alimentos como CalFresh. Los SUN Bucks no afectar\u00e1n el estatus migratorio.<\/p>\n<\/div><\/div>\n\n\n\n<div style=\"height:42px\" aria-hidden=\"true\" class=\"wp-block-spacer\"><\/div>\n\n\n\n<h3 class=\"wp-block-heading has-text-color has-link-color wp-elements-f813c45f83db73b790f6649923262fb3\" id=\"can-sunbucks\" style=\"color:#eb6018\">\u00bfPuede mi hijo recibir SUN Bucks?<\/h3>\n\n\n\n<p><strong>Now is the best time to make sure your child gets SUN Bucks in 2026!<\/strong><\/p>\n\n\n\n<p class=\"has-black-color has-text-color has-link-color wp-elements-41258ef88cfb0f360178490fd3bc4ec4\"><strong>Su hijo recibir\u00e1 SUN Bucks autom\u00e1ticamente si:<\/strong><\/p>\n\n\n\n<ul class=\"wp-block-list\">\n<li>Your family got CalFresh, CalWORKS, or in most cases, Medi-Cal, during the 2025-26 school year.\n<ul class=\"wp-block-list\">\n<li>No todos los ni\u00f1os con Medi-Cal ser\u00e1n autom\u00e1ticamente eligible para SUN Bucks. Si su familia recibe Med-Cal y tiene ingresos mayores del 185% del nivel federal de pobreza, tendr\u00e1 que solicitar. Esto puede incluir a ni\u00f1os que reciben Ingreso de Seguridad Suplementario\/Pago Suplementario Estatal,  Supplemental Security Income\/ State Supplementary Payment (SSI\/SSP), o el Programa de Asistencia para la Adopci\u00f3n, Adoption Assistance Program.<\/li>\n<\/ul>\n<\/li>\n\n\n\n<li>No tiene hogar, vive en un hogar de cuidados temporales o es parte de una familia migrante.<\/li>\n<\/ul>\n\n\n\n<p class=\"has-black-color has-text-color has-link-color wp-elements-62b526d2c0a3cc28869dd16dfbeb1627\"><strong>\u00a1Aun si su familia no est\u00e1 inscrita en los programas mencionados, su hijo\/a podr\u00eda ser elegible!<\/strong><\/p>\n\n\n\n<ul class=\"wp-block-list\">\n<li>Debe asistir a una escuela que participe en los programas nacionales de almuerzos y\/o desayunos escolares y debe haber sido aprobado para recibir comida gratis o a precio reducido en base a los ingresos de su familia. Inculye ni\u00f1os en Head Start.<\/li>\n\n\n\n<li><strong>They need to submit a Universal Benefits Application by August 31, 2026<\/strong>\n<ul class=\"wp-block-list\">\n<li>Puedes comunicarte con tu escuela para obtener la Solicitud de Beneficios Universales y preguntar c\u00f3mo y d\u00f3nde debe enviarse.<\/li>\n<\/ul>\n<\/li>\n<\/ul>\n\n\n\n<div style=\"height:42px\" aria-hidden=\"true\" class=\"wp-block-spacer\"><\/div>\n\n\n\n<figure class=\"wp-block-table aligncenter\"><table><tbody><tr><td class=\"has-text-align-center\" data-align=\"center\">Su hijo puede ser elegible si sus <a href=\"https:\/\/aspe.hhs.gov\/sites\/default\/files\/documents\/dd73d4f00d8a819d10b2fdb70d254f7b\/detailed-guidelines-2025.pdf\" target=\"_blank\" rel=\"noreferrer noopener\"><mark style=\"background-color:rgba(0, 0, 0, 0)\" class=\"has-inline-color has-green-color\">ingresos familiares anualmente<\/mark><\/a> est\u00e1n por debajo de...<br><em>(Durante el a\u00f1o escolar 2024-25<\/em>)<\/td><\/tr><tr><td class=\"has-text-align-center\" data-align=\"center\">$39,127.50 en una familia de 2<\/td><\/tr><tr><td class=\"has-text-align-center\" data-align=\"center\">$49,302.50 en una familia de 3<\/td><\/tr><tr><td class=\"has-text-align-center\" data-align=\"center\">$59,477.50 en una familia de 4<\/td><\/tr><tr><td class=\"has-text-align-center\" data-align=\"center\">$69,652.50 en una familia de 5<\/td><\/tr><\/tbody><\/table><\/figure>\n\n\n\n<div style=\"height:42px\" aria-hidden=\"true\" class=\"wp-block-spacer\"><\/div>\n\n\n\n<h3 class=\"wp-block-heading has-text-color has-link-color wp-elements-17abd2d2aedbfd002f8a6549d325b2c7\" id=\"how-sunbucks\" style=\"color:#eb6018\">\u00bfComo utilizar SUN Bucks?<\/h3>\n\n\n\n<ul class=\"wp-block-list\">\n<li>Recibir\u00e1 sus SUN Bucks a trav\u00e9s de una tarjeta llamada \u201cS-EBT\u201d que ser\u00e1 enviada a su hogar o a la direcci\u00f3n postal designada.<\/li>\n\n\n\n<li>Cada ni\u00f1o elegible recibir\u00e1 una tarjeta SUN Bucks.<\/li>\n\n\n\n<li>La tarjeta S-EBT funciona como una tarjeta de d\u00e9bito. Puede usar sus SUN Bucks para comprar comida (excepto comida preparada o comida caliente) en supermercados, mercados agr\u00edcolas y otras <a href=\"https:\/\/www.ebt.ca.gov\/locator\/index.html#\/locator.page\" target=\"_blank\" rel=\"noreferrer noopener\"><mark style=\"background-color:rgba(0, 0, 0, 0)\" class=\"has-inline-color has-green-color\">tiendas que aceptan los beneficios EBT de CalFresh<\/mark><\/a>.<\/li>\n\n\n\n<li>Los SUN Bucks deben usarse dentro de los 122 d\u00edas a partir de la fecha en que se cargan los beneficios de S-EBT en la tarjeta. Si tiene CalFresh y SUN Bucks, \u00a1gaste primero sus beneficios de SUN Bucks!<\/li>\n<\/ul>\n\n\n\n<div style=\"height:37px\" aria-hidden=\"true\" class=\"wp-block-spacer\"><\/div>\n\n\n\n<h3 class=\"wp-block-heading has-text-color has-link-color wp-elements-06f4c4fae33fa2b055410e9af5ba5902\" id=\"flyers\" style=\"color:#eb6018\">M\u00e1s informaci\u00f3n:<\/h3>\n\n\n\n<ul class=\"wp-block-list\">\n<li><a href=\"https:\/\/www.cdss.ca.gov\/sun-bucks\" target=\"_blank\" rel=\"noreferrer noopener\"><mark style=\"background-color:rgba(0, 0, 0, 0)\" class=\"has-inline-color has-green-color\">Sitio web de SUN Bucks\/EBT de verano del Departamento de Servicios Sociales de California<\/mark><\/a><\/li>\n\n\n\n<li><a href=\"https:\/\/www.cde.ca.gov\/ls\/nu\/sunbucks.asp\"><mark style=\"background-color:rgba(0, 0, 0, 0)\" class=\"has-inline-color has-green-color\">Departamento de Educaci\u00f3n de California<\/mark><\/a><\/li>\n\n\n\n<li class=\"has-black-color has-text-color has-link-color wp-elements-1bbbef263fd267afa541a353afbd5c62\"><a href=\"https:\/\/www.fns.usda.gov\/sebt\" target=\"_blank\" rel=\"noreferrer noopener\"><mark style=\"background-color:rgba(0, 0, 0, 0)\" class=\"has-inline-color has-green-color\">Departamento de agricultura de los Estados Unidos<\/mark><\/a>\n<ul class=\"wp-block-list\">\n<li class=\"has-black-color has-text-color has-link-color wp-elements-a3eb518b116a2f5b1e03005ff0fa039c\"><a href=\"https:\/\/nam04.safelinks.protection.outlook.com\/?url=https%3A%2F%2Fwww.summerebt.org%2Fstates%2Fcalifornia&amp;data=05%7C02%7CGabriela.Davidson%40cafoodbanks.org%7C8623e30d3e8d4e49adb108dc919604d8%7C853054851b15458ebfc6b873ae94a546%7C0%7C0%7C638545320727328532%7CUnknown%7CTWFpbGZsb3d8eyJWIjoiMC4wLjAwMDAiLCJQIjoiV2luMzIiLCJBTiI6Ik1haWwiLCJXVCI6Mn0%3D%7C0%7C%7C%7C&amp;sdata=ePMrxsIhrZXZ5Q4XE4%2Bs%2B1r7KTbWTLRHo38aKJMlu8k%3D&amp;reserved=0\" target=\"_blank\" rel=\"noreferrer noopener\"><mark style=\"background-color:rgba(0, 0, 0, 0)\" class=\"has-inline-color has-green-color\">Herramienta de evaluaci\u00f3n de elegibilidad para EBT de verano (SUN Bucks) del USDA<\/mark><\/a><\/li>\n\n\n\n<li class=\"has-black-color has-text-color has-link-color wp-elements-59c5d479e0c24c57a270ff46d62570bd\"><a href=\"https:\/\/www.fns.usda.gov\/snap\/retailer-locator\" target=\"_blank\" rel=\"noreferrer noopener\"><mark style=\"background-color:rgba(0, 0, 0, 0)\" class=\"has-inline-color has-green-color\">Localizador de minoristas EBT del USDA<\/mark><\/a><\/li>\n<\/ul>\n<\/li>\n\n\n\n<li class=\"has-black-color has-text-color has-link-color wp-elements-a28df1cefd1c55468b6c1864eb87f072\"><a href=\"https:\/\/cdss.ca.gov\/Portals\/9\/Additional-Resources\/Letters-and-Notices\/ACWDL\/2024\/CL_05-28-24.pdf?ver=2024-05-28-070730-637\" target=\"_blank\" rel=\"noreferrer noopener\"><mark style=\"background-color:rgba(0, 0, 0, 0)\" class=\"has-inline-color has-green-color\">ACWDL sobre la implementaci\u00f3n de SUN Bucks<\/mark><\/a><\/li>\n<\/ul>\n\n\n\n<div style=\"height:37px\" aria-hidden=\"true\" class=\"wp-block-spacer\"><\/div>\n\n\n\n<h3 class=\"wp-block-heading has-text-color has-link-color wp-elements-1b3688d820d17f37a05d31fb10bf2ff3\" id=\"outreach\" style=\"color:#eb6018\">Ayuda a correr la voz:<\/h3>\n\n\n\n<ul class=\"wp-block-list\">\n<li><a href=\"https:\/\/docs.google.com\/document\/d\/1sPqLzgpRw5NnDj3niWi79fP-4C34gBjnZ2rxD6CvNRs\/edit?usp=sharing\" target=\"_blank\" rel=\"noreferrer noopener\"><mark style=\"background-color:rgba(0, 0, 0, 0)\" class=\"has-inline-color has-green-color\">Kit de herramientas de mensajer\u00eda para la divulgaci\u00f3n de CAFB<\/mark><\/a><\/li>\n\n\n\n<li>CAFB SUN Bucks flyers (for 2025):\n<ul class=\"wp-block-list\">\n<li><a href=\"https:\/\/www.cafoodbanks.org\/wp-content\/uploads\/2025\/06\/SUN-Bucks-Flyer-2025-English.pdf\"><mark style=\"background-color:rgba(0, 0, 0, 0)\" class=\"has-inline-color has-green-color\">Ingl\u00e9s<\/mark><\/a><\/li>\n\n\n\n<li><a href=\"https:\/\/www.cafoodbanks.org\/wp-content\/uploads\/2025\/06\/SUN-Bucks-Flyer-2025-Spanish.pdf\"><mark style=\"background-color:rgba(0, 0, 0, 0)\" class=\"has-inline-color has-green-color\">Espa\u00f1ol<\/mark><\/a><\/li>\n\n\n\n<li><a href=\"https:\/\/www.cafoodbanks.org\/wp-content\/uploads\/2025\/06\/SUN-Bucks-Flyer-2025-Chinese.pdf\"><mark style=\"background-color:rgba(0, 0, 0, 0)\" class=\"has-inline-color has-green-color\">Chino<\/mark><\/a><\/li>\n\n\n\n<li><a href=\"https:\/\/www.cafoodbanks.org\/wp-content\/uploads\/2025\/06\/SUN-Bucks-Flyer-2025-Arabic.pdf\"><mark style=\"background-color:rgba(0, 0, 0, 0)\" class=\"has-inline-color has-green-color\">Ar\u00e1bica<\/mark><\/a><\/li>\n\n\n\n<li><a href=\"https:\/\/www.cafoodbanks.org\/wp-content\/uploads\/2025\/06\/SUN-Bucks-Flyer-2025-Hmong.pdf\" data-type=\"link\" data-id=\"https:\/\/www.cafoodbanks.org\/wp-content\/uploads\/2025\/06\/SUN-Bucks-Flyer-2025-Hmong.pdf\"><mark style=\"background-color:rgba(0, 0, 0, 0)\" class=\"has-inline-color has-green-color\">Hmong<\/mark><\/a><\/li>\n\n\n\n<li><a href=\"https:\/\/www.cafoodbanks.org\/wp-content\/uploads\/2025\/06\/SUN-Bucks-Flyer-2025-Korean.pdf\"><mark style=\"background-color:rgba(0, 0, 0, 0)\" class=\"has-inline-color has-green-color\">Coreano<\/mark><\/a><\/li>\n\n\n\n<li><a href=\"https:\/\/www.cafoodbanks.org\/wp-content\/uploads\/2025\/06\/SUN-Bucks-Flyer-2025-Persian-Farsi.pdf\" data-type=\"link\" data-id=\"https:\/\/www.cafoodbanks.org\/wp-content\/uploads\/2025\/06\/SUN-Bucks-Flyer-2025-Persian-Farsi.pdf\"><mark style=\"background-color:rgba(0, 0, 0, 0)\" class=\"has-inline-color has-green-color\">Persian (Farsi)<\/mark><\/a><\/li>\n\n\n\n<li><a href=\"https:\/\/www.cafoodbanks.org\/wp-content\/uploads\/2025\/06\/SUN-Bucks-Flyer-2025-Portuguese.pdf\"><mark style=\"background-color:rgba(0, 0, 0, 0)\" class=\"has-inline-color has-green-color\">Portugu\u00e9s<\/mark><\/a><\/li>\n\n\n\n<li><a href=\"https:\/\/www.cafoodbanks.org\/wp-content\/uploads\/2025\/06\/SUN-Bucks-Flyer-2025-Punjabi.pdf\" data-type=\"link\" data-id=\"https:\/\/www.cafoodbanks.org\/wp-content\/uploads\/2025\/06\/SUN-Bucks-Flyer-2025-Punjabi.pdf\"><mark style=\"background-color:rgba(0, 0, 0, 0)\" class=\"has-inline-color has-green-color\">Punjabi<\/mark><\/a><\/li>\n\n\n\n<li><a href=\"https:\/\/www.cafoodbanks.org\/wp-content\/uploads\/2025\/06\/SUN-Bucks-Flyer-2025-Russian.pdf\"><mark style=\"background-color:rgba(0, 0, 0, 0)\" class=\"has-inline-color has-green-color\">Ruso<\/mark><\/a><\/li>\n\n\n\n<li><a href=\"https:\/\/www.cafoodbanks.org\/wp-content\/uploads\/2025\/06\/SUN-Bucks-Flyer-2025-Tagalog.pdf\"><mark style=\"background-color:rgba(0, 0, 0, 0)\" class=\"has-inline-color has-green-color\">Tagalo<\/mark><\/a><\/li>\n\n\n\n<li><a href=\"https:\/\/www.cafoodbanks.org\/wp-content\/uploads\/2025\/06\/SUN-Bucks-Flyer-2025-Vietnamese.pdf\"><mark style=\"background-color:rgba(0, 0, 0, 0)\" class=\"has-inline-color has-green-color\">Vietnamita<\/mark><\/a><\/li>\n<\/ul>\n<\/li>\n<\/ul>\n\n\n\n<p><\/p>\n\n\n\n<ul class=\"wp-block-list\">\n<li><mark style=\"background-color:rgba(0, 0, 0, 0)\" class=\"has-inline-color has-green-color\"><a href=\"https:\/\/www.cdss.ca.gov\/sun-bucks\/partners\">Kit de herramientas de extensi\u00f3n del Departamento de Servicios Sociales de California<\/a>:<\/mark>\n<ul class=\"wp-block-list\">\n<li><a href=\"https:\/\/www.cdss.ca.gov\/sun-bucks\/partners\/flyers\/flyers-2025\"><mark style=\"background-color:rgba(0, 0, 0, 0)\" class=\"has-inline-color has-green-color\">Flyers<\/mark><\/a><\/li>\n\n\n\n<li><a href=\"https:\/\/www.cdss.ca.gov\/sun-bucks\/partners\/infographics\/infographics-2025\/sun-bucks-2025\"><mark style=\"background-color:rgba(0, 0, 0, 0)\" class=\"has-inline-color has-green-color\">Infographics \/ Social Media<\/mark><\/a><\/li>\n<\/ul>\n<\/li>\n<\/ul>\n\n\n\n<div style=\"height:42px\" aria-hidden=\"true\" class=\"wp-block-spacer\"><\/div>\n\n\n\n<p class=\"has-text-align-center\"><em>This page was last updated on: June 30, 2025<\/em><\/p>\n\n\n\n<div style=\"height:100px\" aria-hidden=\"true\" class=\"wp-block-spacer\"><\/div>","protected":false},"excerpt":{"rendered":"<p>SUN Bucks is a new food program that will give families $120 per eligible child to buy groceries. Children who [&hellip;]<\/p>\n","protected":false},"author":4,"featured_media":0,"parent":0,"menu_order":0,"comment_status":"closed","ping_status":"closed","template":"","meta":{"_acf_changed":false,"_seopress_robots_primary_cat":"","_seopress_titles_title":"","_seopress_titles_desc":"","_seopress_robots_index":"","_searchwp_excluded":"","footnotes":""},"class_list":["post-46256","page","type-page","status-publish","hentry"],"acf":[],"_links":{"self":[{"href":"https:\/\/www.cafoodbanks.org\/es\/wp-json\/wp\/v2\/pages\/46256","targetHints":{"allow":["GET"]}}],"collection":[{"href":"https:\/\/www.cafoodbanks.org\/es\/wp-json\/wp\/v2\/pages"}],"about":[{"href":"https:\/\/www.cafoodbanks.org\/es\/wp-json\/wp\/v2\/types\/page"}],"author":[{"embeddable":true,"href":"https:\/\/www.cafoodbanks.org\/es\/wp-json\/wp\/v2\/users\/4"}],"replies":[{"embeddable":true,"href":"https:\/\/www.cafoodbanks.org\/es\/wp-json\/wp\/v2\/comments?post=46256"}],"version-history":[{"count":94,"href":"https:\/\/www.cafoodbanks.org\/es\/wp-json\/wp\/v2\/pages\/46256\/revisions"}],"predecessor-version":[{"id":52803,"href":"https:\/\/www.cafoodbanks.org\/es\/wp-json\/wp\/v2\/pages\/46256\/revisions\/52803"}],"wp:attachment":[{"href":"https:\/\/www.cafoodbanks.org\/es\/wp-json\/wp\/v2\/media?parent=46256"}],"curies":[{"name":"wp","href":"https:\/\/api.w.org\/{rel}","templated":true}]}}