{"id":51572,"date":"2025-07-01T12:34:45","date_gmt":"2025-07-01T19:34:45","guid":{"rendered":"https:\/\/www.cafoodbanks.org\/?page_id=51572"},"modified":"2025-07-01T15:08:24","modified_gmt":"2025-07-01T22:08:24","slug":"protect-snap","status":"publish","type":"page","link":"https:\/\/www.cafoodbanks.org\/es\/protect-snap\/","title":{"rendered":"Protect SNAP from the Largest Cuts in US History"},"content":{"rendered":"<div style=\"height:24px\" aria-hidden=\"true\" class=\"wp-block-spacer\"><\/div>\n\n\n\n<div class=\"wp-block-columns alignwide is-layout-flex wp-container-core-columns-is-layout-9d6595d7 wp-block-columns-is-layout-flex\">\n<div class=\"wp-block-column is-layout-flow wp-block-column-is-layout-flow\" style=\"flex-basis:33.33%\">\n<figure class=\"wp-block-image alignwide size-large\"><img loading=\"lazy\" decoding=\"async\" width=\"1024\" height=\"1024\" src=\"https:\/\/www.cafoodbanks.org\/wp-content\/uploads\/2025\/07\/Protect-SNAP-3-1024x1024.png\" alt=\"\" class=\"wp-image-51596\" srcset=\"https:\/\/www.cafoodbanks.org\/wp-content\/uploads\/2025\/07\/Protect-SNAP-3-1024x1024.png 1024w, https:\/\/www.cafoodbanks.org\/wp-content\/uploads\/2025\/07\/Protect-SNAP-3-300x300.png 300w, https:\/\/www.cafoodbanks.org\/wp-content\/uploads\/2025\/07\/Protect-SNAP-3-150x150.png 150w, https:\/\/www.cafoodbanks.org\/wp-content\/uploads\/2025\/07\/Protect-SNAP-3-768x768.png 768w, https:\/\/www.cafoodbanks.org\/wp-content\/uploads\/2025\/07\/Protect-SNAP-3-12x12.png 12w, https:\/\/www.cafoodbanks.org\/wp-content\/uploads\/2025\/07\/Protect-SNAP-3.png 1080w\" sizes=\"auto, (max-width: 1024px) 100vw, 1024px\" \/><\/figure>\n<\/div>\n\n\n\n<div class=\"wp-block-column is-layout-flow wp-block-column-is-layout-flow\" style=\"flex-basis:66.66%\">\n<p>The Senate just passed their Budget Reconciliation Bill with nearly $1 TRILLION in cuts to the Supplemental Nutrition Assistance Program (SNAP) and Medicaid. But it&#8217;s not too late. The bill heads to the House for a vote next, and we have a small window of opportunity to stop this bill from becoming a reality.<\/p>\n\n\n\n<p>More than 5.5 million Californians rely on SNAP to buy groceries, and over 15 million use Medicaid to get basic health care. Losing these benefits means more kids and families going without the nutritious food they need to thrive and losing critical access to doctors and nurses.<\/p>\n\n\n\n<p>This is an emergency\u2014and time is running out. Write to your Member of Congress right now and tell them: No cuts to SNAP or Medicaid!<\/p>\n\n\n\n<div style=\"height:21px\" aria-hidden=\"true\" class=\"wp-block-spacer\"><\/div>\n\n\n\n<div class=\"wp-block-buttons is-layout-flex wp-block-buttons-is-layout-flex\">\n<div class=\"wp-block-button is-style-outline is-style-outline--1\"><a class=\"wp-block-button__link has-white-color has-green-background-color has-text-color has-background has-link-color wp-element-button\" href=\"https:\/\/www.cafoodbanks.org\/es\/blog\/historic-snap-cuts\/\" style=\"border-radius:0px\" target=\"_blank\" rel=\"noreferrer noopener\">Read California Joint Statement on Senate Budget Bill<\/a><\/div>\n<\/div>\n<\/div>\n<\/div>\n\n\n\n<div style=\"height:43px\" aria-hidden=\"true\" class=\"wp-block-spacer\"><\/div>\n\n\n\n<figure class=\"wp-block-image size-full\"><img decoding=\"async\" src=\"https:\/\/www.cafoodbanks.org\/wp-content\/uploads\/2025\/01\/website-line-separator-calfood-page.svg\" alt=\"\" class=\"wp-image-48840\"\/><\/figure>\n\n\n\n<div style=\"height:40px\" aria-hidden=\"true\" class=\"wp-block-spacer\"><\/div>\n\n\n\n<h3 class=\"wp-block-heading has-text-align-center\">Email Your Representative:<\/h3>\n\n\n\n<div style=\"height:31px\" aria-hidden=\"true\" class=\"wp-block-spacer\"><\/div>\n\n\n\n<div class=\"wp-block-columns is-layout-flex wp-container-core-columns-is-layout-9d6595d7 wp-block-columns-is-layout-flex\">\n<div class=\"wp-block-column is-layout-flow wp-block-column-is-layout-flow\">\n<div class=\"wp-block-buttons is-content-justification-center is-layout-flex wp-container-core-buttons-is-layout-16018d1d wp-block-buttons-is-layout-flex\">\n<div class=\"wp-block-button is-style-outline is-style-outline--2\"><a class=\"wp-block-button__link has-white-color has-green-background-color has-text-color has-background has-link-color wp-element-button\" href=\"https:\/\/act.cafoodbanks.org\/endhunger\" style=\"border-radius:0px\" target=\"_blank\" rel=\"noreferrer noopener\">If You Live in California<\/a><\/div>\n\n\n\n<div class=\"wp-block-button is-style-outline is-style-outline--3\"><a class=\"wp-block-button__link has-white-color has-green-background-color has-text-color has-background has-link-color wp-element-button\" href=\"https:\/\/act.feedingamerica.org\/enjJydStDE6Rn1Ml32gy2w2\" style=\"border-radius:0px\" target=\"_blank\" rel=\"noreferrer noopener\">If You Do Not Live in California<\/a><\/div>\n<\/div>\n<\/div>\n<\/div>\n\n\n\n<div style=\"height:40px\" aria-hidden=\"true\" class=\"wp-block-spacer\"><\/div>\n\n\n\n<figure class=\"wp-block-image size-full\"><img decoding=\"async\" src=\"https:\/\/www.cafoodbanks.org\/wp-content\/uploads\/2025\/01\/website-line-separator-calfood-page.svg\" alt=\"\" class=\"wp-image-48840\"\/><\/figure>\n\n\n\n<div style=\"height:55px\" aria-hidden=\"true\" class=\"wp-block-spacer\"><\/div>\n\n\n\n<h3 class=\"wp-block-heading\" id=\"calfood-assets\">Learn More about CAFB&#8217;s 2025 Federal Policy Priorities &amp; Take Action:<\/h3>\n\n\n\n<div style=\"height:29px\" aria-hidden=\"true\" class=\"wp-block-spacer\"><\/div>\n\n\n\n<figure class=\"wp-block-embed aligncenter is-type-wp-embed is-provider-california-association-of-food-banks wp-block-embed-california-association-of-food-banks\"><div class=\"wp-block-embed__wrapper\">\n<blockquote class=\"wp-embedded-content\" data-secret=\"fOQD7tIEAE\"><a href=\"https:\/\/www.cafoodbanks.org\/es\/blog\/historic-snap-cuts\/\">Declaraci\u00f3n conjunta: Las partes interesadas de California condenan la amenaza hist\u00f3rica del proyecto de ley de presupuesto del Senado al SNAP y a las familias y trabajadores de California.<\/a><\/blockquote><iframe loading=\"lazy\" class=\"wp-embedded-content\" sandbox=\"allow-scripts\" security=\"restricted\" style=\"position: absolute; visibility: hidden;\" title=\"&#8220;Joint Statement: California Stakeholders Condemn Senate Budget Bill\u2019s Historic Threat to SNAP and California Families and Workers&#8221; &#8212; California Association of Food Banks\" src=\"https:\/\/www.cafoodbanks.org\/blog\/historic-snap-cuts\/embed\/#?secret=2RGUGEcm1p#?secret=fOQD7tIEAE\" data-secret=\"fOQD7tIEAE\" width=\"500\" height=\"282\" frameborder=\"0\" marginwidth=\"0\" marginheight=\"0\" scrolling=\"no\"><\/iframe>\n<\/div><\/figure>\n\n\n\n<div style=\"height:26px\" aria-hidden=\"true\" class=\"wp-block-spacer\"><\/div>\n\n\n\n<div style=\"height:79px\" aria-hidden=\"true\" class=\"wp-block-spacer\"><\/div>\n\n\n<div class=\"wp-block-image\">\n<figure class=\"aligncenter size-large\" id=\"federal-advocacy\"><img loading=\"lazy\" decoding=\"async\" width=\"85\" height=\"52\" src=\"\/wp-content\/uploads\/2020\/11\/usa.svg\" alt=\"\" class=\"wp-image-3928\"\/><\/figure>\n<\/div>\n\n\n<div class=\"wp-block-group\"><div class=\"wp-block-group__inner-container is-layout-constrained wp-block-group-is-layout-constrained\">\n<h2 class=\"wp-block-heading has-text-align-center\" id=\"federal-policy\">Pol\u00edtica federal<\/h2>\n\n\n\n<p class=\"has-text-align-left\">Juntos, con nuestros bancos de alimentos y con nuestros aliados nacionales como Food Research &amp; Action Center y Feeding America, trabajamos para influir en la legislaci\u00f3n federal como la Ley Agr\u00edcola que impacta a los bancos de alimentos y las tasas de hambre en toda California. <\/p>\n\n\n\n<p>Nuestros recursos para 2025 incluyen<\/p>\n\n\n\n<ul class=\"wp-block-list\">\n<li><a href=\"https:\/\/www.cafoodbanks.org\/es\/congressional-and-county-snap-factsheets\/\">Congressional SNAP Factsheets<\/a><\/li>\n\n\n\n<li><a href=\"https:\/\/www.cafoodbanks.org\/es\/2025-tfp\/\" data-type=\"link\" data-id=\"https:\/\/www.cafoodbanks.org\/wp-content\/uploads\/2025\/02\/TFP-Factsheet.pdf-4.pdf\">Proteger y fortalecer la suficiencia de los beneficios del SNAP (Plan de alimentos econ\u00f3micos)<\/a><\/li>\n\n\n\n<li><a href=\"https:\/\/www.cafoodbanks.org\/es\/2025-SNAP-choice\/\">Protect and Strengthen SNAP Choice<\/a><\/li>\n\n\n\n<li><a href=\"https:\/\/www.cafoodbanks.org\/wp-content\/uploads\/2025\/05\/2025-Position-Paper-SNAP-Time-Limits-1.pdf\">End, Not Worsen Time Limits on SNAP Food Aid<\/a><\/li>\n\n\n\n<li><a href=\"https:\/\/www.cafoodbanks.org\/wp-content\/uploads\/2025\/05\/Oppose-SNAP-Cost-Shifts-to-States-Sign-On_Final_4.8.2025-5.pdf\" data-type=\"link\" data-id=\"https:\/\/www.cafoodbanks.org\/wp-content\/uploads\/2025\/05\/Oppose-SNAP-Cost-Shifts-to-States-Sign-On_Final_4.8.2025-5.pdf\">Oppose SNAP State Cost Shifts to States Letter<\/a><\/li>\n<\/ul>\n<\/div><\/div>\n\n\n\n<div style=\"height:53px\" aria-hidden=\"true\" class=\"wp-block-spacer\"><\/div>\n\n\n\n<h3 class=\"wp-block-heading\" id=\"calfood-assets\">Read More:<\/h3>\n\n\n\n<div style=\"height:21px\" aria-hidden=\"true\" class=\"wp-block-spacer\"><\/div>\n\n\n\n<div class=\"wp-block-columns is-layout-flex wp-container-core-columns-is-layout-9d6595d7 wp-block-columns-is-layout-flex\">\n<div class=\"wp-block-column is-layout-flow wp-block-column-is-layout-flow\">\n<figure class=\"wp-block-embed is-type-wp-embed is-provider-california-association-of-food-banks wp-block-embed-california-association-of-food-banks\"><div class=\"wp-block-embed__wrapper\">\n<blockquote class=\"wp-embedded-content\" data-secret=\"7dH9iE3eGh\"><a href=\"https:\/\/www.cafoodbanks.org\/es\/statement\/proposed-cuts-food-insecurity-crisis\/\">El hambre es una decisi\u00f3n pol\u00edtica: los recortes propuestos a los programas sociales agravan la crisis de inseguridad alimentaria en California<\/a><\/blockquote><iframe loading=\"lazy\" class=\"wp-embedded-content\" sandbox=\"allow-scripts\" security=\"restricted\" style=\"position: absolute; visibility: hidden;\" title=\"&#8220;Hunger is a Policy Choice: Proposed Cuts to Social Programs Fuel California\u2019s Food Insecurity Crisis&#8221; &#8212; California Association of Food Banks\" src=\"https:\/\/www.cafoodbanks.org\/statement\/proposed-cuts-food-insecurity-crisis\/embed\/#?secret=EtVH1EKy8y#?secret=7dH9iE3eGh\" data-secret=\"7dH9iE3eGh\" width=\"500\" height=\"282\" frameborder=\"0\" marginwidth=\"0\" marginheight=\"0\" scrolling=\"no\"><\/iframe>\n<\/div><\/figure>\n<\/div>\n\n\n\n<div class=\"wp-block-column is-layout-flow wp-block-column-is-layout-flow\">\n<figure class=\"wp-block-embed is-type-wp-embed is-provider-california-association-of-food-banks wp-block-embed-california-association-of-food-banks\"><div class=\"wp-block-embed__wrapper\">\n<blockquote class=\"wp-embedded-content\" data-secret=\"nyhaVWl19b\"><a href=\"https:\/\/www.cafoodbanks.org\/es\/blog\/hr1-historic-snap-cuts\/\">Los interesados en el programa SNAP de California denuncian la votaci\u00f3n de la C\u00e1mara de Representantes sobre la HR 1, que supone recortes hist\u00f3ricos a la asistencia alimentaria federal.<\/a><\/blockquote><iframe loading=\"lazy\" class=\"wp-embedded-content\" sandbox=\"allow-scripts\" security=\"restricted\" style=\"position: absolute; visibility: hidden;\" title=\"&#8220;California SNAP Stakeholders Denounce House H.R. 1 Vote that Makes Historic Cuts to Federal Food Assistance&#8221; &#8212; California Association of Food Banks\" src=\"https:\/\/www.cafoodbanks.org\/blog\/hr1-historic-snap-cuts\/embed\/#?secret=3odmPKHLTM#?secret=nyhaVWl19b\" data-secret=\"nyhaVWl19b\" width=\"500\" height=\"282\" frameborder=\"0\" marginwidth=\"0\" marginheight=\"0\" scrolling=\"no\"><\/iframe>\n<\/div><\/figure>\n<\/div>\n<\/div>\n\n\n\n<div style=\"height:100px\" aria-hidden=\"true\" class=\"wp-block-spacer\"><\/div>","protected":false},"excerpt":{"rendered":"<p>The Senate just passed their Budget Reconciliation Bill with nearly $1 TRILLION in cuts to the Supplemental Nutrition Assistance Program [&hellip;]<\/p>\n","protected":false},"author":4,"featured_media":51573,"parent":0,"menu_order":0,"comment_status":"closed","ping_status":"closed","template":"","meta":{"_acf_changed":false,"_seopress_robots_primary_cat":"","_seopress_titles_title":"","_seopress_titles_desc":"","_seopress_robots_index":"","_searchwp_excluded":"","footnotes":""},"class_list":["post-51572","page","type-page","status-publish","has-post-thumbnail","hentry"],"acf":[],"_links":{"self":[{"href":"https:\/\/www.cafoodbanks.org\/es\/wp-json\/wp\/v2\/pages\/51572","targetHints":{"allow":["GET"]}}],"collection":[{"href":"https:\/\/www.cafoodbanks.org\/es\/wp-json\/wp\/v2\/pages"}],"about":[{"href":"https:\/\/www.cafoodbanks.org\/es\/wp-json\/wp\/v2\/types\/page"}],"author":[{"embeddable":true,"href":"https:\/\/www.cafoodbanks.org\/es\/wp-json\/wp\/v2\/users\/4"}],"replies":[{"embeddable":true,"href":"https:\/\/www.cafoodbanks.org\/es\/wp-json\/wp\/v2\/comments?post=51572"}],"version-history":[{"count":21,"href":"https:\/\/www.cafoodbanks.org\/es\/wp-json\/wp\/v2\/pages\/51572\/revisions"}],"predecessor-version":[{"id":51608,"href":"https:\/\/www.cafoodbanks.org\/es\/wp-json\/wp\/v2\/pages\/51572\/revisions\/51608"}],"wp:featuredmedia":[{"embeddable":true,"href":"https:\/\/www.cafoodbanks.org\/es\/wp-json\/wp\/v2\/media\/51573"}],"wp:attachment":[{"href":"https:\/\/www.cafoodbanks.org\/es\/wp-json\/wp\/v2\/media?parent=51572"}],"curies":[{"name":"wp","href":"https:\/\/api.w.org\/{rel}","templated":true}]}}