{"id":5328,"date":"2020-12-21T05:31:45","date_gmt":"2020-12-21T05:31:45","guid":{"rendered":"https:\/\/live-cafb.pantheonsite.io\/?page_id=5328"},"modified":"2025-12-01T16:40:11","modified_gmt":"2025-12-01T23:40:11","slug":"saws-migration","status":"publish","type":"page","link":"https:\/\/www.cafoodbanks.org\/es\/saws-migration\/","title":{"rendered":"CalSAWS &#038; the Advocates Group"},"content":{"rendered":"<p><strong>What was the SAWS Migration?<\/strong><\/p>\n\n\n\n<p>SAWS stands for the Statewide Automated Welfare System. For many decades, California counties have used one of three different technology software systems for eligibility determination and benefits calculation, CalWIN, C-IV, and LRS. The new SAWS systems include a number of ancillary services, such as document imaging, online public portals, and contact center software that connect with each county\u2019s SAWS system.&nbsp;<a href=\"https:\/\/www.calsaws.org\/\">Obtenga m\u00e1s informaci\u00f3n en el sitio web del Proyecto CalSAWS.<\/a><\/p>\n\n\n\n<p>California est\u00e1 trabajando actualmente en asociaci\u00f3n con el gobierno federal para consolidar los tres sistemas de consorcios existentes y la funcionalidad en un solo sistema: Sistema de Bienestar Autom\u00e1tico Estatal de California (CalSAWS). Esta consolidaci\u00f3n aprovechar\u00e1 en gran medida las inversiones existentes en tecnolog\u00eda, en lugar de construir un nuevo sistema.&nbsp;<a href=\"http:\/\/www.cdss.ca.gov\/inforesources\/CalSAWSStakeholderEngagementWorkgroup\">(Seg\u00fan la p\u00e1gina de inicio de participaci\u00f3n de las partes interesadas de SAWS).<\/a> Al 31 de octubre de 2023, los 58 condados est\u00e1n utilizando <a href=\"https:\/\/www.calsaws.org\/\">CalSAWS<\/a> y la p\u00fablica <a href=\"https:\/\/benefitscal.com\/\">BenefitsCal<\/a> sitio web.<\/p>\n\n\n\n<p>Hay m\u00e1s informaci\u00f3n disponible <a href=\"https:\/\/wclp.org\/benefitscal-a-new-way-to-get-calfresh-medi-cal-cash-benefits\/\">in this blog post <\/a>de nuestro socio, Western Center on Law and Poverty.<\/p>\n\n\n\n<p><strong>Nuestros Prioridades<\/strong><\/p>\n\n\n\n<p>El grupo de Defensores estableci\u00f3 nuestras prioridades iniciales en 2018, centr\u00e1ndose en las necesidades de los consumidores y el papel de las organizaciones comunitarias (CBO) como asistentes de beneficios en el ecosistema de servicios sociales.&nbsp;<\/p>\n\n\n\n<p>Over time, our priorities have remained focused on the needs of consumers and CBO assisters. One of the main focus areas has been the development and ongoing implementation of the public-facing website, BenefitsCal, which serves as the primary portal for consumer and CBO engagement. Priorities in this area have centered around equity for historically marginalized groups in the development of technology, reducing the burden for clients to submit information.<\/p>\n\n\n\n<p><strong>Sobre nosotros:<\/strong><\/p>\n\n\n\n<p>Declaraci\u00f3n de misi\u00f3n: Somos defensores y entidades que visualizan un desarrollo e implementaci\u00f3n de CalSAWS que (1) maximiza la facilidad de uso para los solicitantes, participantes y trabajadores del programa, (2) protege los derechos del consumidor; y (3) promueve la mejora continua del programa.<\/p>\n\n\n\n<p>The California Association of Food Banks co-leads the CalSAWS Advocates Group, which meets regularly to develop recommendations and strategies for the various forums that support advocate engagement in SAWS implementation, including:<\/p>\n\n\n\n<ul class=\"wp-block-list\">\n<li>The CalSAWS <a href=\"https:\/\/www.cdss.ca.gov\/inforesources\/calsawsstakeholderengagementworkgroup\">Stakeholder Engagement Workgroup<\/a> (hosted by CDSS)<\/li>\n\n\n\n<li>The CalSAWS <a href=\"https:\/\/www.calsaws.org\/meetings\/joint-powers-authority-board\/\">Joint Powers Authority meeting<\/a> (hosted by the CalSAWS Project)<\/li>\n\n\n\n<li>The CalSAWS <a href=\"https:\/\/www.calsaws.org\/meetings\/project-steering-committee\/\">Project Steering Committee meeting<\/a> (hosted by the CalSAWS Project)<\/li>\n\n\n\n<li>The User-Centered Design Meetings (hosted by the CalSAWS Project)<\/li>\n\n\n\n<li>The CalSAWS Advocates meeting (hosted by the advocate co-leads)<\/li>\n\n\n\n<li>The CBO Peer-to-Peer meeting (hosted by the advocate co-leads)<\/li>\n<\/ul>\n\n\n\n<div class=\"wp-block-foursite-gutenberg-blocks-collapsible-block collapsible-content-block\"><h2 class=\"trigger label\">Aprende m\u00e1s:<\/h2><div class=\"description wrapper\"><\/div><div class=\"content wrapper\">\n<ul class=\"wp-block-list\">\n<li><a href=\"https:\/\/www.cafoodbanks.org\/wp-content\/uploads\/2023\/04\/Recommendations-for-Advocate-Engagement-with-CalSAWS-and-BenefitsCal-02.2023.pdf\">Recommendations for advocate engagement<\/a> &#8211; Feb 2023<\/li>\n\n\n\n<li><a href=\"https:\/\/www.cafoodbanks.org\/wp-content\/uploads\/2023\/04\/Model-for-Prioritizing-BenefitsCal-Enhancements-Advocates-Recommendations-1.pdf\">Recommendations for Prioritization of the Backlog List<\/a> &#8211; May 2022<\/li>\n\n\n\n<li><a href=\"https:\/\/www.cafoodbanks.org\/wp-content\/uploads\/2023\/04\/BenefitsCal-CBO-Functionality-Priorities-Oct-2021.pdf\">Recommendations to Prioritize CBO Functionality<\/a> &#8211; Oct 2021<\/li>\n\n\n\n<li><a href=\"https:\/\/www.cafoodbanks.org\/wp-content\/uploads\/2023\/04\/BenefitsCal-Readiness-Letter-from-Advocates-August-2021.pdf\">BenefitsCal Readiness Recommendations<\/a> &#8211; August 2021<\/li>\n\n\n\n<li><a href=\"\/wp-content\/uploads\/2020\/12\/DEI-Statement-from-CalSAWS-Advocates-August-2020.pdf\">Solicitud de enfoques de diversidad, equidad e inclusi\u00f3n<\/a>&nbsp;- agosto de 2020<\/li>\n\n\n\n<li><a href=\"\/wp-content\/uploads\/2020\/12\/User-Centered-Design-for-CalSAWS-Advocate-Recommendations-2019.pdf\">User-Centered Design for CalSAWS<\/a>&nbsp;- abril de 2019<\/li>\n\n\n\n<li><a href=\"\/wp-content\/uploads\/2020\/12\/Optimizing-Data-Management-in-CA-SAWS_FINAL_012519.pdf\">Optimizaci\u00f3n de la gesti\u00f3n de datos en CalSAWS&nbsp;<\/a>- enero de 2019<\/li>\n\n\n\n<li><a href=\"\/wp-content\/uploads\/2020\/12\/Memo-System-Migration-Risk-Mitigation-Nov-2018.pdf\">Mitigaci\u00f3n del riesgo de migraci\u00f3n del sistema<\/a>&nbsp;- noviembre de 2018<\/li>\n\n\n\n<li><a href=\"https:\/\/www.cafoodbanks.org\/wp-content\/uploads\/2020\/12\/SAWS-Migration-Interest-Areas-and-Planning-Priorities-2018v2.pdf\">\u00c1reas de inter\u00e9s migratorio y prioridades de planificaci\u00f3n<\/a> - julio de 2018<\/li>\n<\/ul>\n<\/div><\/div>\n\n\n\n<div style=\"height:38px\" aria-hidden=\"true\" class=\"wp-block-spacer\"><\/div>\n\n\n\n<p><strong>Every County in California has migrated to BenefitsCal <\/strong><\/p>\n\n\n\n<p><a href=\"https:\/\/www.cafoodbanks.org\/es\/blog\/celebrating-benefitscal-californias-statewide-public-benefits-application-system\/\">Learn more here<\/a>.<\/p>\n\n\n\n<p><strong><img loading=\"lazy\" decoding=\"async\" width=\"522\" height=\"615\" src=\"https:\/\/lh6.googleusercontent.com\/sibrAg9h3lr1TaxdgpDQCNrD__mP5CoyB71wcivZGG9yReOvEGF-ZQmmrDEUZkEQGpVaaODmQ8CTNtZVJg1qXUk87ALSQnNrbeffQ7Heq1D90qtmp68aVtL_CQbyg6KHMWK4OW4McSv-f_6DWhr3szg\"><\/strong><\/p>\n\n\n\n<p><strong>Mirando hacia el futuro<\/strong><\/p>\n\n\n\n<ul class=\"wp-block-list\">\n<li><strong>TBD: <\/strong>La divulgaci\u00f3n de informaci\u00f3n para las CBO se implementar\u00e1 en BenefitsCal<\/li>\n<\/ul>\n\n\n\n<div class=\"wp-block-foursite-gutenberg-blocks-collapsible-block collapsible-content-block\"><h2 class=\"trigger label\">Recursos para defensores<\/h2><div class=\"description wrapper\">Consulte estos recursos a continuaci\u00f3n para obtener m\u00e1s informaci\u00f3n sobre BenefitsCal y CalSAWS.<\/div><div class=\"content wrapper\">\n<ul class=\"wp-block-list\">\n<li><a href=\"https:\/\/wclp.org\/benefitscal-a-new-way-to-get-calfresh-medi-cal-cash-benefits\/\">About CalSAWS Blog<\/a> from WCLP<\/li>\n\n\n\n<li><a href=\"https:\/\/docs.google.com\/document\/d\/1VSBgeIkWJiOFtFemYEXqHXHHlehP-vFXxY1DFlhtb2c\/edit\">FAQ <\/a>for CBO assisters about BenefitsCal and the CBO Portal<\/li>\n\n\n\n<li><a href=\"https:\/\/www.calsaws.org\/benefitscal\/\">BenefitsCal Quick Guides<\/a> <\/li>\n\n\n\n<li><a href=\"https:\/\/www.youtube.com\/channel\/UCCdgEsuQPysaAShiE-msz7Q\">BenefitsCal Youtube Page<\/a><\/li>\n\n\n\n<li><a href=\"https:\/\/docs.google.com\/forms\/d\/e\/1FAIpQLSfk5PWGoX5klaiMOadhOdmU6DMS077VXJU9heKpOLXpzsBFtQ\/viewform\">Request to be added to the Advocates Group<\/a> a <strong>view resources in our monthly newsletter.<\/strong><\/li>\n<\/ul>\n<\/div><\/div>\n\n\n\n<div class=\"wp-block-foursite-gutenberg-blocks-collapsible-block collapsible-content-block\"><h2 class=\"trigger label\">Get Involved in CalSAWS Advocacy<\/h2><div class=\"description wrapper\">Descubra c\u00f3mo puede ayudar a defender.<\/div><div class=\"content wrapper\">\n<p><strong><a href=\"https:\/\/docs.google.com\/forms\/d\/e\/1FAIpQLSfk5PWGoX5klaiMOadhOdmU6DMS077VXJU9heKpOLXpzsBFtQ\/viewform\">Solicitud para ser agregado<\/a> to the Advocates Group, User-Centered Design Sessions, and to be added to the CalSAWS Stakeholder Group (hosted quarterly by CDSS).<\/strong><\/p>\n\n\n\n<p><strong>\u00bfEst\u00e1 interesado en unirse a la oficina de oradores para brindar comentarios p\u00fablicos sobre su experiencia como CBO utilizando BenefitsCal en una reuni\u00f3n de CalSAWS?  <\/strong>                                                Correo electr\u00f3nico&nbsp; <a href=\"mailto:Jennifer@JennTracy.com\">Jennifer@JennTracy.com<\/a> para m\u00e1s informaci\u00f3n.<\/p>\n\n\n\n<p><a href=\"https:\/\/www.calsaws.org\/notifications\/\">Suscribir <\/a>a las actualizaciones del proyecto CalSAWS, incluidas las actualizaciones sobre BenefitsCal.&nbsp;<\/p>\n<\/div><\/div>\n\n\n\n<div class=\"wp-block-foursite-gutenberg-blocks-collapsible-block collapsible-content-block\"><h2 class=\"trigger label\">Logros de promoci\u00f3n<\/h2><div class=\"description wrapper\">Nuestros esfuerzos de promoci\u00f3n han llevado a mejoras tanto para las organizaciones comunitarias como para los clientes.<\/div><div class=\"content wrapper\">\n<p><strong>2025<\/strong><\/p>\n\n\n\n<ul class=\"wp-block-list\">\n<li>Continue to identify defects and fixes for BenefitsCal and CalSAWS<\/li>\n\n\n\n<li>Advocated for <a href=\"https:\/\/www.calsaws.org\/benefitscal-usage-metrics-report\/\">BenefitsCal Usage Metrics<\/a> to be public. These metrics highlight the role CBOs play in connecting Californians to public benefits online.<\/li>\n<\/ul>\n\n\n\n<p><strong>2024<\/strong><\/p>\n\n\n\n<ul class=\"wp-block-list\">\n<li>Identified over 10 defects and fixes for BenefitsCal and CalSAWS<\/li>\n\n\n\n<li>Provided over 11 public comments at CalSAWS meetings and Legislative sessions to support customer access to services<\/li>\n<\/ul>\n\n\n\n<p><strong>2023<\/strong><\/p>\n\n\n\n<ul class=\"wp-block-list\">\n<li>Se plantearon recomendaciones sobre la participaci\u00f3n de defensores en las actividades de CalSAWS sobre aspectos p\u00fablicos de la migraci\u00f3n, seg\u00fan los requisitos legislativos en WIC 18023.1-3.<\/li>\n\n\n\n<li>Abog\u00f3 con \u00e9xito por el Proyecto CalSAWS para investigar y abordar las barreras de carga de documentos para clientes y organizaciones comunitarias.&nbsp;<\/li>\n<\/ul>\n\n\n\n<p><strong>2022<\/strong><\/p>\n\n\n\n<ul class=\"wp-block-list\">\n<li>Abog\u00f3 por una mesa de ayuda t\u00e9cnica para ayudar a los consumidores que enfrentan barreras t\u00e9cnicas para usar BenefitsCal.&nbsp;<\/li>\n\n\n\n<li>Abog\u00f3 por las revisiones necesarias al documento de Verificaci\u00f3n de Beneficios que los consumidores utilizan para acceder a programas y servicios adicionales contra la pobreza.&nbsp;<\/li>\n<\/ul>\n\n\n\n<ul class=\"wp-block-list\">\n<li>Proporcion\u00f3 comentarios y orientaci\u00f3n a CDSS y DHCS con respecto a la nueva pol\u00edtica para la Divulgaci\u00f3n de Informaci\u00f3n integrada para BenefitsCal.<\/li>\n\n\n\n<li>Proporcion\u00f3 comentarios a BenefitsCal para mejorar el flujo de estudiantes universitarios en la solicitud en l\u00ednea.<\/li>\n\n\n\n<li>Abog\u00f3 por una mayor transparencia en la forma en que el estado y los socios de CalSAWS interpretan las pol\u00edticas, pero solicit\u00f3 que las \"Solicitudes de aclaraci\u00f3n de pol\u00edticas del condado\", que son solicitudes de aclaraciones sobre una pol\u00edtica que afectan la forma en que se automatiza la pol\u00edtica, est\u00e9n disponibles en un sitio web p\u00fablico.<\/li>\n<\/ul>\n\n\n\n<p><strong>2021<\/strong><\/p>\n\n\n\n<ul class=\"wp-block-list\">\n<li>Se identificaron 30 violaciones de pol\u00edticas y m\u00e1s de 50 elementos problem\u00e1ticos en el dise\u00f1o de BenefitsCal en las semanas previas a la entrada en funcionamiento de BenefitsCal en 39 condados.&nbsp;&nbsp;<\/li>\n\n\n\n<li>Desarroll\u00f3 un conjunto de herramientas para que las organizaciones comunitarias y los defensores del condado apoyen su defensa local sobre la migraci\u00f3n de CalSAWS.&nbsp;<\/li>\n<\/ul>\n\n\n\n<p><strong>2020<\/strong><\/p>\n\n\n\n<ul class=\"wp-block-list\">\n<li>Abog\u00f3 por la asignaci\u00f3n de fondos estatales para un reembolso equitativo para los consumidores que apoyan el desarrollo de BenefitsCal durante las sesiones de Dise\u00f1o Centrado en el Usuario.<\/li>\n\n\n\n<li>Abog\u00f3 por la revisi\u00f3n por parte de terceros del sitio web de BenefitsCal, que identific\u00f3 problemas de accesibilidad que deben abordarse antes de su lanzamiento.<strong>&nbsp;<\/strong><\/li>\n<\/ul>\n\n\n\n<p><strong>2019<\/strong><\/p>\n\n\n\n<ul class=\"wp-block-list\">\n<li>Particip\u00f3 en el desarrollo de requisitos para BenefitsCal como parte del proceso de solicitud de propuestas, incluidas solicitudes espec\u00edficas para el portal CBO, solicitudes de soporte de CalWORKs y otras funciones para aumentar el acceso de los consumidores a los beneficios p\u00fablicos.<\/li>\n<\/ul>\n<\/div><\/div>\n\n\n\n<div class=\"wp-block-foursite-gutenberg-blocks-collapsible-block collapsible-content-block\"><h2 class=\"trigger label\">Advocate and Community-Based Participating Organizations organizations <\/h2><div class=\"description wrapper\">Thank you to all organizations that participate and have signed up for our listserv!<\/div><div class=\"content wrapper\">\n<p>Action Network<\/p>\n\n\n\n<p>Banco de Alimentos Comunitario del Condado de Alameda<\/p>\n\n\n\n<p>AlchemistCDC<\/p>\n\n\n\n<p>All Home<\/p>\n\n\n\n<p>AltaMed Health Services<\/p>\n\n\n\n<p>Arroyo Vista Family Health Center<\/p>\n\n\n\n<p>Asian Pacific Healthcare Venture<\/p>\n\n\n\n<p>Asian Pacific Islander Forward Movement<\/p>\n\n\n\n<p>Bartz Altadonna Community Health Center<\/p>\n\n\n\n<p>Bay Area Legal Aid<\/p>\n\n\n\n<p>Asociaci\u00f3n de Bancos de Alimentos de California<\/p>\n\n\n\n<p>Centro de pol\u00edticas y presupuesto de California<\/p>\n\n\n\n<p>Catholic Charities Diocese of Fresno<\/p>\n\n\n\n<p>Catholic Charities of California<\/p>\n\n\n\n<p>Catholic Charities of the Diocese of Stockton<\/p>\n\n\n\n<p>Catholic Charities Orange County<\/p>\n\n\n\n<p>Catholic Charities Yolo Solano<\/p>\n\n\n\n<p>Catholic Charities, Dioces of San Diego<\/p>\n\n\n\n<p>Coalition of California Welfare Rights Organization<\/p>\n\n\n\n<p>Center for Healthy Communities<\/p>\n\n\n\n<p>Center for Human Services<\/p>\n\n\n\n<p>Banco de Alimentos de California Central<\/p>\n\n\n\n<p>Centro La Familia<\/p>\n\n\n\n<p>ChapCare<\/p>\n\n\n\n<p>Chinatown Service Center<\/p>\n\n\n\n<p>Children&#8217;s Clinic Family Health<\/p>\n\n\n\n<p>Clarity Solutions Group<\/p>\n\n\n\n<p>Code for America<\/p>\n\n\n\n<p>CommonSpirit Health<\/p>\n\n\n\n<p>Communities Actively Living Independent and Free<\/p>\n\n\n\n<p>Puentes comunitarios<\/p>\n\n\n\n<p>Community Clinic Association of Los Angeles County (CCALAC)<\/p>\n\n\n\n<p>Community Health Alliance of Pasadena<\/p>\n\n\n\n<p>Community Health Councils, Inc<\/p>\n\n\n\n<p>Servicios comunitarios ilimitados<\/p>\n\n\n\n<p>Community Resources for Independent Living<\/p>\n\n\n\n<p>CSU Chico Center for Healthy Communities<\/p>\n\n\n\n<p>Disability Rights California<\/p>\n\n\n\n<p>East Valley Community Health Center<\/p>\n\n\n\n<p>Agencia para Ni\u00f1os de East Bay<\/p>\n\n\n\n<p>Emanate Health<\/p>\n\n\n\n<p>Family Health Care Centers of Greater Los Angeles<\/p>\n\n\n\n<p>Alimentando a San Diego<\/p>\n\n\n\n<p>Alimentos para la gente<\/p>\n\n\n\n<p>Food Literacy Center<\/p>\n\n\n\n<p>Banco de Alimentos de Contra Costa y Solano<\/p>\n\n\n\n<p>Banco de alimentos del condado de Santa B\u00e1rbara<\/p>\n\n\n\n<p>Fremont Family Resources Center<\/p>\n\n\n\n<p>GRACE\/End Child Poverty CA<\/p>\n\n\n\n<p>Health Law<\/p>\n\n\n\n<p>Ay\u00fadame a ayudarte<\/p>\n\n\n\n<p>Hunger Action Los Angeles<\/p>\n\n\n\n<p>Banco de Alimentos del Valle Imperial<\/p>\n\n\n\n<p>Independent Living Center of Southern California<\/p>\n\n\n\n<p>JWCH (John Wesley Community Health) Institute<\/p>\n\n\n\n<p>Justice in Aging<\/p>\n\n\n\n<p>Kheir Clinic<\/p>\n\n\n\n<p>Los Angeles LGBT Center<\/p>\n\n\n\n<p>Banco Regional de Alimentos de Los \u00c1ngeles<\/p>\n\n\n\n<p>Los Angeles Unified School District<\/p>\n\n\n\n<p>Legal Aid Foundation of Los Angeles<\/p>\n\n\n\n<p>Legal Services of Northern California<\/p>\n\n\n\n<p>Legget Valley Family Resources Center<\/p>\n\n\n\n<p>Acceso a la salud materna e infantil<\/p>\n\n\n\n<p>Mendocino Coast Clinics<\/p>\n\n\n\n<p>Mendocino County Public Health<\/p>\n\n\n\n<p>Fundaci\u00f3n de Oportunidades Mexicanas Americanas<\/p>\n\n\n\n<p>National Health Foundation (NHF)<\/p>\n\n\n\n<p>Northeast Valley Health Corporation<\/p>\n\n\n\n<p>North Coast Opportunities<\/p>\n\n\n\n<p>Nutre California<\/p>\n\n\n\n<p>Cuidado de la salud del vecindario<\/p>\n\n\n\n<p>Neighborhood Legal Services of Los Angeles<\/p>\n\n\n\n<p>Banco de alimentos Placer<\/p>\n\n\n\n<p>Providence Little Company of Mary<\/p>\n\n\n\n<p>Queenscare Health Centers<\/p>\n\n\n\n<p>Redwood Coast Medical Services Healthcare<\/p>\n\n\n\n<p>Banco de alimentos Redwood Empire<\/p>\n\n\n\n<p>Banco de alimentos de River City<\/p>\n\n\n\n<p>Rolling Start INC<\/p>\n\n\n\n<p>Sacramento Covered<\/p>\n\n\n\n<p>Sacramento Food Bank &amp; Family Services<\/p>\n\n\n\n<p>Jacobs and Cushman San Diego Food Bank<\/p>\n\n\n\n<p>Coalici\u00f3n contra el hambre de San Diego<\/p>\n\n\n\n<p>211 San Diego<\/p>\n\n\n\n<p>San Francisco\/Marin Food Bank<\/p>\n\n\n\n<p>Second Harvest Food Bank Santa Cruz<\/p>\n\n\n\n<p>Segunda cosecha de Silicon Valley<\/p>\n\n\n\n<p>Silicon Valley Independent Living Center<\/p>\n\n\n\n<p>St. John&#8217;s Community Health<\/p>\n\n\n\n<p>Saban Community Clinic Los Angeles<\/p>\n\n\n\n<p>UC Berkeley Basic Needs Center<\/p>\n\n\n\n<p>UC Irvine Basic Needs Center<\/p>\n\n\n\n<p>Venice Family Clinic<\/p>\n\n\n\n<p>Watts Healthcare Corporation<\/p>\n\n\n\n<p>Centro occidental sobre derecho y pobreza<\/p>\n\n\n\n<p>Willits Seniors Inc.<\/p>\n\n\n\n<p>Worksite Wellness LA<\/p>\n\n\n\n<p>Yolo County Children&#8217;s Alliance<\/p>\n\n\n\n<p>Banco de alimentos de Yolo<\/p>\n<\/div><\/div>\n\n\n\n<p>Comun\u00edquese con gabriela.davidson@cafoodbanks.org si tiene alguna pregunta.<\/p>","protected":false},"excerpt":{"rendered":"<p>What was the SAWS Migration? SAWS stands for the Statewide Automated Welfare System. For many decades, California counties have used [&hellip;]<\/p>\n","protected":false},"author":1,"featured_media":0,"parent":0,"menu_order":0,"comment_status":"closed","ping_status":"closed","template":"","meta":{"_acf_changed":false,"_seopress_robots_primary_cat":"","_seopress_titles_title":"","_seopress_titles_desc":"","_seopress_robots_index":"","_searchwp_excluded":"","footnotes":""},"class_list":["post-5328","page","type-page","status-publish","hentry"],"acf":[],"_links":{"self":[{"href":"https:\/\/www.cafoodbanks.org\/es\/wp-json\/wp\/v2\/pages\/5328","targetHints":{"allow":["GET"]}}],"collection":[{"href":"https:\/\/www.cafoodbanks.org\/es\/wp-json\/wp\/v2\/pages"}],"about":[{"href":"https:\/\/www.cafoodbanks.org\/es\/wp-json\/wp\/v2\/types\/page"}],"author":[{"embeddable":true,"href":"https:\/\/www.cafoodbanks.org\/es\/wp-json\/wp\/v2\/users\/1"}],"replies":[{"embeddable":true,"href":"https:\/\/www.cafoodbanks.org\/es\/wp-json\/wp\/v2\/comments?post=5328"}],"version-history":[{"count":41,"href":"https:\/\/www.cafoodbanks.org\/es\/wp-json\/wp\/v2\/pages\/5328\/revisions"}],"predecessor-version":[{"id":52799,"href":"https:\/\/www.cafoodbanks.org\/es\/wp-json\/wp\/v2\/pages\/5328\/revisions\/52799"}],"wp:attachment":[{"href":"https:\/\/www.cafoodbanks.org\/es\/wp-json\/wp\/v2\/media?parent=5328"}],"curies":[{"name":"wp","href":"https:\/\/api.w.org\/{rel}","templated":true}]}}