{"id":5370,"date":"2020-12-22T00:45:59","date_gmt":"2020-12-22T00:45:59","guid":{"rendered":"https:\/\/live-cafb.pantheonsite.io\/?page_id=5370"},"modified":"2025-12-01T16:38:32","modified_gmt":"2025-12-01T23:38:32","slug":"policy-focus-areas","status":"publish","type":"page","link":"https:\/\/www.cafoodbanks.org\/es\/what-we-do\/policy\/policy-focus-areas\/","title":{"rendered":"\u00c1reas de enfoque de pol\u00edticas"},"content":{"rendered":"<p>Acabar con el hambre no es un desaf\u00edo peque\u00f1o. Los bancos de alimentos juegan un papel fundamental, pero no podemos hacerlo solos. La lucha contra el hambre no se trata solo de proporcionar alimentos de emergencia a las personas que lo necesitan, sino que tambi\u00e9n significa tomar medidas para abordar las causas fundamentales del hambre y la pobreza. <\/p>\n\n\n\n<p>Junto con nuestra red de bancos de alimentos, nos comprometemos a promover programas y pol\u00edticas contra el hambre a nivel federal, estatal y local.<\/p>\n\n\n\n<div class=\"wp-block-foursite-gutenberg-blocks-collapsible-block collapsible-content-block\"><h2 class=\"trigger label\">Apoyo del banco de alimentos<\/h2><div class=\"description wrapper\">Trabajamos para garantizar que el Estado de California invierta en nuestros bancos de alimentos y comprenda el papel fundamental que desempe\u00f1an en la red de seguridad social de California. <\/div><div class=\"content wrapper\">\n<h4 class=\"wp-block-heading\">CalFood<\/h4>\n\n\n\n<p>For years, we have successfully secured funding in the Governor budget for CalFood. This $8M allocation of funds is provided to food banks annually to purchase California produced food. We continue to advocate to increase the baseline funding from $8M to $60M<\/p>\n\n\n\n<h4 class=\"wp-block-heading\">Capacidad<\/h4>\n\n\n\n<p>En dos ocasiones, hemos asegurado fondos para que los bancos de alimentos realicen compras \u00fanicas que mejoren sus operaciones. Este $25M ha permitido a los bancos de alimentos comprar m\u00e1s camiones, c\u00e1maras frigor\u00edficas, montacargas y mucho m\u00e1s.<\/p>\n<\/div><\/div>\n\n\n\n<div class=\"wp-block-foursite-gutenberg-blocks-collapsible-block collapsible-content-block\"><h2 class=\"trigger label\">Resiliencia ante desastres<\/h2><div class=\"description wrapper\">Alimentando a las comunidades cuando m\u00e1s lo necesitamos.<\/div><div class=\"content wrapper\">\n<h4 class=\"wp-block-heading\">Respuesta del banco de alimentos<\/h4>\n\n\n\n<p>Disasters have become the new normal across the state and immigrants, farm workers, and other low-income Californians experience disproportionate consequences. Whether natural disaster like fires or earthquakes, or man-made crises like the 2025 federal shutdown and public service power shutoffs, food banks are on the responding to need for food, and remain long after to keep Californians healthy and well-fed.<\/p>\n\n\n\n<p>Estamos agradecidos por el&nbsp;<a href=\"https:\/\/nam04.safelinks.protection.outlook.com\/?url=https%3A%2F%2Fleginfo.legislature.ca.gov%2Ffaces%2Fcodes_displaySection.xhtml%3FlawCode%3DWIC%26sectionNum%3D18995.1.%26highlight%3Dtrue%26keyword%3Dfood%2Bbank%2Breserve&amp;data=05%7C02%7CGabriela.Davidson%40cafoodbanks.org%7C54e637b5a5ab4f9daf7208dd3a38d530%7C853054851b15458ebfc6b873ae94a546%7C0%7C0%7C638730738565958837%7CUnknown%7CTWFpbGZsb3d8eyJFbXB0eU1hcGkiOnRydWUsIlYiOiIwLjAuMDAwMCIsIlAiOiJXaW4zMiIsIkFOIjoiTWFpbCIsIldUIjoyfQ%3D%3D%7C0%7C%7C%7C&amp;sdata=inp3Pop9L7PAtdNDciUFy93LZ8H1jStlfPtXGK7RedQ%3D&amp;reserved=0\" target=\"_blank\" rel=\"noreferrer noopener\">Programa Estatal de Reserva de Alimentos de Emergencia que se codific\u00f3 en la Ley Estatal en el Presupuesto Estatal 2024-25<\/a>.<\/p>\n\n\n\n<h4 class=\"wp-block-heading\">Desastre CalFresh<\/h4>\n\n\n\n<p>Disaster CalFresh (D-CalFresh), conocido a nivel federal como Programa de Asistencia Nutricional Suplementaria para Desastres (D-SNAP), es una forma de satisfacer las necesidades nutricionales temporales de las v\u00edctimas de un desastre despu\u00e9s de un desastre natural.<\/p>\n\n\n\n<ul class=\"wp-block-list\">\n<li>Para todos los avisos y actualizaciones estatales sobre D-CalFresh, <a href=\"https:\/\/www.cdss.ca.gov\/inforesources\/calfresh\/disaster-calfresh\">puede visitar la p\u00e1gina de CDSS aqu\u00ed.<\/a><\/li>\n<\/ul>\n\n\n\n<p><strong>D-CalFresh solo est\u00e1 disponible cuando ocurren todos los siguientes elementos:<\/strong><\/p>\n\n\n\n<ul class=\"wp-block-list\">\n<li>Se ha declarado una Declaraci\u00f3n Presidencial de Asistencia Individual en la zona afectada;<\/li>\n\n\n\n<li>Se han interrumpido los canales comerciales de distribuci\u00f3n de alimentos y se han restablecido esos canales comerciales; y<\/li>\n\n\n\n<li>El estado de California ha sido aprobado para operar un programa D-CalFresh.<\/li>\n<\/ul>\n\n\n\n<p><strong>Recursos y materiales de promoci\u00f3n:<\/strong><\/p>\n\n\n\n<ul class=\"wp-block-list\">\n<li><a href=\"https:\/\/www.cafoodbanks.org\/wp-content\/uploads\/2018\/07\/D%20SNAP%20Advocacy%20Timeline%20FINAL.pdf\">Minimizar el hambre en un desastre: cronolog\u00eda de la promoci\u00f3n (febrero de 2018)<\/a><\/li>\n\n\n\n<li><a href=\"https:\/\/www.cafoodbanks.org\/wp-content\/uploads\/2018\/07\/Fact%20Sheet%20-%20D-SNAP.pdf\">La importancia de SNAP para desastres: SNAP responde cuando m\u00e1s lo necesitamos (febrero de 2018)<\/a><\/li>\n<\/ul>\n\n\n\n<p><strong>Para obtener informaci\u00f3n adicional, visite los siguientes sitios web:<\/strong><\/p>\n\n\n\n<ul class=\"wp-block-list\">\n<li><a href=\"https:\/\/www.fns.usda.gov\/disaster\/california-disaster-nutrition-assistance\">Servicio de Alimentos y Nutrici\u00f3n del USDA: SNAP para desastres<\/a><\/li>\n\n\n\n<li><a href=\"http:\/\/www.cdss.ca.gov\/inforesources\/CalFresh\/Disaster-CalFresh\">Departamento de Servicios Sociales de California: Desastre CalFresh<\/a> y su recientemente publicado <a href=\"http:\/\/www.cdss.ca.gov\/Portals\/9\/ACL\/2018\/18-125_ES.pdf\">Manual de respuesta a emergencias de CalFresh <\/a>(Octubre de 2018)<\/li>\n\n\n\n<li>Centro de Investigaci\u00f3n y Acci\u00f3n Alimentaria: <a href=\"http:\/\/www.frac.org\/wp-content\/uploads\/d-snap-advocates-guide-1.pdf\">Gu\u00eda del defensor de D-SNAP<\/a> y <a href=\"http:\/\/www.frac.org\/wp-content\/uploads\/dsnap-infographic.jpg\">Infograf\u00eda D-SNAP<\/a><\/li>\n<\/ul>\n<\/div><\/div>\n\n\n\n<div class=\"wp-block-foursite-gutenberg-blocks-collapsible-block collapsible-content-block\"><h2 class=\"trigger label\">Nutrici\u00f3n infantil<\/h2><div class=\"description wrapper\">Trabajando para asegurar que ning\u00fan ni\u00f1o vaya a la escuela con hambre.<\/div><div class=\"content wrapper\">\n<p>Cada cinco a\u00f1os, la Reautorizaci\u00f3n de Nutrici\u00f3n Infantil (CNR) brinda al Congreso la oportunidad de fortalecer y aumentar las inversiones en los programas de alimentaci\u00f3n escolar y nutrici\u00f3n infantil que no solo mejoran la salud y la nutrici\u00f3n de millones de ni\u00f1os y familias de bajos ingresos, sino que tambi\u00e9n brindan educaci\u00f3n cr\u00edtica. y actividades de enriquecimiento que apoyan el desarrollo y el bienestar de los ni\u00f1os. Estos programas incluyen el Programa Nacional de Almuerzos Escolares (NSLP), el Programa de Desayunos Escolares (SBP), los Programas de Nutrici\u00f3n de Verano y Despu\u00e9s de la escuela, WIC y el Programa de Alimentos para el Cuidado de Ni\u00f1os y Adultos (CACFP).<\/p>\n\n\n\n<h4 class=\"wp-block-heading\">Legislaci\u00f3n sobre nutrici\u00f3n infantil:<\/h4>\n\n\n\n<ul class=\"wp-block-list\">\n<li><a href=\"https:\/\/www.congress.gov\/bill\/118th-congress\/senate-bill\/1568?q=%7B%22search%22%3A%22s+1568%22%7D&amp;s=1&amp;r=1\">Universal School Meals Programs Act<\/a>: (S. 1568\/H.R. 3204) by Senator Bernie Sanders (I-VT) and Representative Illhan (D-MN).<\/li>\n\n\n\n<li><a href=\"https:\/\/www.congress.gov\/bill\/118th-congress\/house-bill\/4379?q=%7B%22search%22%3A%22hr+4379%22%7D&amp;s=3&amp;r=1\">Stop Child Hunger Act<\/a> (H.R. 4379) by Representative Levin (D-CA).<\/li>\n\n\n\n<li><a href=\"https:\/\/www.congress.gov\/bill\/118th-congress\/house-bill\/2567?q=%7B%22search%22%3A%22hr+2567%22%7D&amp;s=5&amp;r=1\">School Meals Expansion Act<\/a> (H.R. 2567) by Representative McGarvey (D-KY).<\/li>\n\n\n\n<li><a href=\"https:\/\/www.congress.gov\/bill\/118th-congress\/house-bill\/1269?q=%7B%22search%22%3A%22hr+1269%22%7D&amp;s=6&amp;r=1\">Healthy Meals Help Kids Learn Act<\/a> (H.R. 1269) by Representative McGovern (D-MA).<\/li>\n\n\n\n<li><a href=\"https:\/\/www.congress.gov\/bill\/118th-congress\/house-bill\/3113?q=%7B%22search%22%3A%22hr+3113%22%7D&amp;s=8&amp;r=1\">Expanding Access to School Meals Act<\/a> (H.R. 3113) by Representative Porter (D-CA).<\/li>\n<\/ul>\n\n\n\n<p>You can view a full list of 2024 Child Nutrition federal priorities <a href=\"https:\/\/www.cafoodbanks.org\/wp-content\/uploads\/2024\/05\/2024-Federal-CNR.pdf-10.pdf\">aqu\u00ed.<\/a><\/p>\n\n\n\n<h4 class=\"wp-block-heading\">Pandemia-EBT (P-EBT)<\/h4>\n\n\n\n<p>Pandemic EBT (or P-EBT) was a temporary federal program that gave families food benefits per eligible child on an Electronic Benefits Transfer (EBT) Card due to meals lost at childcare or school due to the COVID-19 pandemic. P-EBT provided California families with <em>10 billion<\/em> dollars in food benefits. P-EBT 1.0 was issued for the 2019-2020 school year. You can read <a href=\"https:\/\/www.cafoodbanks.org\/wp-content\/uploads\/2021\/03\/2021_CAFB_Pandemic-EBT_Report.pdf\">CAFB\u2019s P-EBT in California: Lessons and Opportunities Report<\/a> to learn more about the impact of the first round of P-EBT. Due to the expiration of the COVID-19 Public Health Emergency, P-EBT 4.0 was the last round of P-EBT issued for the 2022-2023 school year and summer 2023. You can learn more about the last round of P-EBT 4.0 <a href=\"https:\/\/capandemic-ebt.org\/\">aqu\u00ed.<\/a><\/p>\n\n\n\n<p>You can see CDSS\u2019 outcomes reports for more details on the impact of P-EBT 1.0-4.0:<\/p>\n\n\n\n<ul class=\"wp-block-list\">\n<li><a href=\"https:\/\/www.cdss.ca.gov\/Portals\/9\/EBT\/Pandemic\/P-EBT-Outcomes-Report.pdf\">P-EBT 1.0 Oucomes Report<\/a><\/li>\n\n\n\n<li><a href=\"https:\/\/www.cafoodbanks.org\/wp-content\/uploads\/2024\/02\/PEBT-OutcomesReport_2-3.pdf\">P-EBT 2.0 Outcomes Report<\/a><\/li>\n\n\n\n<li><a href=\"https:\/\/www.cafoodbanks.org\/wp-content\/uploads\/2024\/02\/PEBT-3-OutcomesReport_FINAL.pdf\">P-EBT 3.0 Outcomes Report<\/a><\/li>\n\n\n\n<li><a href=\"https:\/\/www.cafoodbanks.org\/wp-content\/uploads\/2024\/02\/PEBT-4-OutcomesReport_FINAL.pdf\">P-EBT 4.0 Outcomes Report<\/a><\/li>\n<\/ul>\n\n\n\n<h4 class=\"wp-block-heading\">EBT de verano<\/h4>\n\n\n\n<p>In 2023, California became the first state in the country to opt-in to Summer EBT, a new federal program authorized in the <a href=\"https:\/\/www.congress.gov\/bill\/117th-congress\/house-bill\/2617\">2023 Consolidated Appropriations Act (H.R. 2617)<\/a> that advocates from California had long fought for alongside Rep. Levin. This will allow families to shop at their local grocery store and put food on the table while school\u2019s out.\u00a0Thanks to swift planning by the California Department of Social Services and the California Department of Education, beginning in summer 2024, about 5.3 million eligible children received $40 per month ($120 total) in <a href=\"https:\/\/www.fns.usda.gov\/sebt\">Summer EBT benefits<\/a>. We are excited that California will continue to offer SUN Bucks.<\/p>\n\n\n\n<p>Visit our <a href=\"https:\/\/www.cafoodbanks.org\/es\/sun-bucks\/\">SUN Bucks page<\/a> to learn more about this food benefit program.<\/p>\n<\/div><\/div>\n\n\n\n<div class=\"wp-block-foursite-gutenberg-blocks-collapsible-block collapsible-content-block\"><h2 class=\"trigger label\">CalFresh (SNAP)<\/h2><div class=\"description wrapper\">CalFresh es nuestra mejor defensa contra el hambre. <\/div><div class=\"content wrapper\">\n<p>CalFresh es un programa de nutrici\u00f3n federal que permite a las personas comprar alimentos en su supermercado local con una tarjeta de transferencia electr\u00f3nica de beneficios (EBT). A nivel nacional, se conoce como el Programa de Asistencia Nutricional Suplementaria (SNAP). Continuamos abogando por pol\u00edticas federales y estatales que fortalezcan este programa.<\/p>\n\n\n\n<h4 class=\"wp-block-heading\" id=\"calsaws-migration\">Migraci\u00f3n CalSAWS<\/h4>\n\n\n\n<p>SAWS significa Sistema Automatizado de Bienestar Estatal. Sol\u00eda \u200b\u200bhaber tres sistemas SAWS (tecnolog\u00eda de la informaci\u00f3n) utilizados por los condados de California para llevar a cabo el negocio de elegibilidad, determinaciones y mantenimiento de beneficios para las personas que buscaban apoyo de la red de seguridad social. California trabaj\u00f3 en asociaci\u00f3n con el gobierno federal para consolidar los sistemas y la funcionalidad de los tres consorcios existentes en un solo sistema: Sistema Automatizado de Bienestar Estatal de California.<a href=\"https:\/\/www.calsaws.org\/\">CalSAWS<\/a>). <\/p>\n\n\n\n<p>The CalSAWS system, and the means by which operations and information have migrated and are currently implemented in that system, have foundational impacts on the way consumers and eligibility workers access and experience services. CAFB leads a CalSAWS Advocates Group to support the success of CalSAWS and its impact on Community Based Organizations and customers.<\/p>\n\n\n\n<div style=\"height:35px\" aria-hidden=\"true\" class=\"wp-block-spacer\"><\/div>\n\n\n<style>\r\n\t#button-69f5e92d3e214 .cta-button {\r\n\t\tcolor: #ffffff; border-color: #ffffff; background-color:#ffb223;\t}\r\n\t#button-69f5e92d3e214 .cta-button:before, #button-69f5e92d3e214 .cta-button:after {\r\n\t\tbackground-color: #ffb223; border-color: #ffb223;\t}\r\n\t#button-69f5e92d3e214 .cta-button:hover {\r\n\t\tcolor: #ffb223; border-color: #ffb223; background-color:#ffffff;\t}\r\n<\/style>\r\n<div class=\"button-variant-1 aligncenter\" id=\"button-69f5e92d3e214\">\r\n\t<a href='\/es\/saws-migration\/' target=''  class='cta-button'>Aprende m\u00e1s<\/a><\/div>\n\n\n<div style=\"height:100px\" aria-hidden=\"true\" class=\"wp-block-spacer\"><\/div>\n<\/div><\/div>\n\n\n\n<div id=\"foodwaste\" class=\"wp-block-foursite-gutenberg-blocks-collapsible-block collapsible-content-block\"><h2 class=\"trigger label\">Recuperaci\u00f3n de alimentos<\/h2><div class=\"description wrapper\">Evitar que la buena comida se desperdicie.<\/div><div class=\"content wrapper\">\n<p>A veces, sin importar cu\u00e1n cuidadosamente planifiquen los agricultores, productores, minoristas o individuos, se enfrentan a la dif\u00edcil decisi\u00f3n de qu\u00e9 hacer con los excedentes de alimentos. Y todos los d\u00edas en todo California, las personas se enfrentan a tiempos dif\u00edciles y necesitan un poco de ayuda para poner comida en la mesa. Creemos que es nuestro papel conectar estos puntos donde podamos y asegurarnos de que las familias y las personas tengan acceso a alimentos frescos y nutritivos en sus comunidades.<\/p>\n\n\n\n<h4 class=\"wp-block-heading\">SB 1383<\/h4>\n\n\n\n<p>La legislaci\u00f3n ambiental <a href=\"http:\/\/leginfo.legislature.ca.gov\/faces\/billTextClient.xhtml?bill_id=201520160SB1383\">SB 1383<\/a> establece el requisito hist\u00f3rico de recuperaci\u00f3n de alimentos comestibles en todo el estado. Espec\u00edficamente, la ley requiere que California recupere no menos de 20% de alimentos comestibles que de otro modo se desechar\u00edan, para ayudar a alimentar a las personas para el 2025. Este es un objetivo estatal, pero las jurisdicciones locales (sus ciudades o condado, seg\u00fan su enfoque) implementar\u00e1n planes para lograr la meta.<\/p>\n\n\n\n<p>The new rules went into effect on January 1, 2022. <a href=\"https:\/\/www.calrecycle.ca.gov\/organics\/slcp\/\">El calendario de implementaci\u00f3n completo est\u00e1 aqu\u00ed.<\/a> &nbsp;<\/p>\n\n\n\n<p>We have developed a <a href=\"https:\/\/www.cafoodbanks.org\/wp-content\/uploads\/2021\/02\/SB1383_Overview.pdf\">Q&amp;A document for food banks<\/a>, and CalRecycle has developed <a href=\"https:\/\/www.calrecycle.ca.gov\/organics\/slcp\/education\">herramientas modelo<\/a> que pueden utilizar los bancos de alimentos y las jurisdicciones locales.&nbsp;<\/p>\n\n\n\n<h4 class=\"wp-block-heading\">Cr\u00e9dito fiscal de la granja a la familia<\/h4>\n\n\n\n<p>Muchos productores de California quieren hacer su parte para aliviar el hambre en sus comunidades, pero los precios fluctuantes de los alimentos y los m\u00e1rgenes operativos ajustados pueden dificultarlo. En este momento, California tiene una legislaci\u00f3n estatal que permite a algunos productores reclamar un cr\u00e9dito fiscal estatal 15% sobre el valor mayorista calificado de frutas, verduras, prote\u00ednas, almidones y otros alimentos donados. Este cr\u00e9dito fiscal ayuda a que los productores puedan donar productos alimenticios a los bancos de alimentos de California y poner alimentos nutritivos en manos de individuos, ni\u00f1os y familias.<\/p>\n\n\n\n<p>En 2011, CAFB lider\u00f3 la promoci\u00f3n para aprobar <a href=\"http:\/\/leginfo.legislature.ca.gov\/faces\/billNavClient.xhtml?bill_id=201120120AB152\">AB 152 (Fuentes)<\/a>, que estableci\u00f3 el Cr\u00e9dito Tributario de la Granja a la Familia para incentivar a los productores de frutas y verduras en California a donar el producto excedente a los bancos de alimentos.&nbsp;<\/p>\n\n\n\n<p>En 2016, se aprob\u00f3 un lenguaje en el proceso del presupuesto estatal que cre\u00f3 varias mejoras al Cr\u00e9dito Fiscal. 1) El cr\u00e9dito se traslad\u00f3 del costo inventariado de los alimentos al valor al por mayor, 2) el cr\u00e9dito se aument\u00f3 del 10 por ciento al 15 por ciento, 3) la extinci\u00f3n del Cr\u00e9dito Fiscal se extendi\u00f3 por cinco a\u00f1os hasta 2022.&nbsp;<\/p>\n\n\n\n<p>En 2019, <a href=\"https:\/\/leginfo.legislature.ca.gov\/faces\/billNavClient.xhtml?bill_id=201920200AB614\">AB 614 (Eggman)<\/a> se aprob\u00f3 que ampli\u00f3 los tipos de alimentos calificados cultivados en California de solo frutas y verduras, para incluir otros productos como granos, l\u00e1cteos y prote\u00ednas.&nbsp;<\/p>\n\n\n\n<p>In the 2020-21 legislative cycle, we successfully advocated to extend the sunset of this highly successful Tax Credit by another 5 years, to 2027.<\/p>\n<\/div><\/div>\n\n\n\n<div class=\"wp-block-foursite-gutenberg-blocks-collapsible-block collapsible-content-block\"><h2 class=\"trigger label\">Pobreza<\/h2><div class=\"description wrapper\">Atacando el hambre y sus causas fundamentales desde todos los \u00e1ngulos.<\/div><div class=\"content wrapper\">\n<h4 class=\"wp-block-heading\">Ingreso de seguridad suplementario<\/h4>\n\n\n\n<p>Supplemental Security Income, or &#8216;SSI,&#8217; is a federally funded program that provides a modest monthly benefit to low-income people who are 65 or older, blind, or disabled. In California, the SSI payment is augmented by a State Supplementary Payment, or &#8216;SSP,&#8217; which brings the maximum monthly benefit for an individual living alone to $1,206, an amount at only 92.5% of the Federal Poverty Line, which forces many low-income seniors and people with disabilities to live in poverty.&nbsp;<\/p>\n\n\n\n<p><strong>A partir del 1 de junio de 2019, los beneficiarios de SSI \/ SSP son elegibles para solicitar CalFresh,&nbsp;<\/strong>as is the case in every other state in the country. This presents a tremendous opportunity to increase food security for this population, and it will continue to require a coordinated effort between the state, counties, and advocates alike to raise enrollment rates in CalFresh among SSI recipients.<\/p>\n\n\n\n<p>Somos un participante activo en el <a rel=\"noreferrer noopener\" href=\"http:\/\/ca4ssi.org\/\" target=\"_blank\">Californianos por la coalici\u00f3n SSI<\/a>.<\/p>\n\n\n\n<h4 class=\"wp-block-heading\">CalEITC<\/h4>\n\n\n\n<p>Hist\u00f3ricamente, los inmigrantes californianos con un N\u00famero de Identificaci\u00f3n de Contribuyente Individual asignado por el gobierno federal fueron excluidos del CalEITC y del Cr\u00e9dito Tributario por Ni\u00f1os Peque\u00f1os.<\/p>\n\n\n\n<p>En septiembre de 2020, el gobernador Newsom firm\u00f3 una legislaci\u00f3n hist\u00f3rica que pone fin a la exclusi\u00f3n de los trabajadores inmigrantes que ganan $30,000 o menos y que declaran impuestos con un n\u00famero de identificaci\u00f3n de contribuyente individual, que incluye a trabajadores indocumentados e inmigrantes con visas de estudiante, del Cr\u00e9dito Tributario por Ingreso del Trabajo de California. (CalEITC) y Cr\u00e9dito Tributario por Hijos Peque\u00f1os (YCTC).&nbsp;<\/p>\n\n\n\n<p>Somos un participante activo en el <a href=\"https:\/\/www.goldenstateopportunity.org\/caleitc-coalition\/\">CalEITC coalition<\/a>.<\/p>\n<\/div><\/div>\n\n\n\n<div class=\"wp-block-foursite-gutenberg-blocks-collapsible-block collapsible-content-block\"><h2 class=\"trigger label\">Respuesta COVID-19<\/h2><div class=\"description wrapper\">We did our part to nourish California through a pandemic.<\/div><div class=\"content wrapper\">\n<h4 class=\"wp-block-heading\">Suministro de alimentos<\/h4>\n\n\n\n<p>Since day one, we worked to ensure that food banks were supported at the state and federal levels &#8212; including successfully partnering with the California Department of Social Services to establish an Emergency Food Box Program.<\/p>\n\n\n\n<h4 class=\"wp-block-heading\">Apoyo a la fuerza laboral<\/h4>\n\n\n\n<p>Right away, we knew food banks needed workforce support to be able to get food out the door. We immediately requested that Governor Newsom deploy the National Guard to help support hunger relief efforts. <\/p>\n\n\n\n<p><strong>Guia<\/strong><\/p>\n\n\n\n<p>Immediately, we worked to ensure that food banks were classified as &#8220;essential&#8221; under State&#8217;s guidance and regulations. <\/p>\n<\/div><\/div>","protected":false},"excerpt":{"rendered":"<p>Ending hunger is no small challenge. Food banks play a critical role, but we can\u2019t do it alone. Fighting hunger [&hellip;]<\/p>\n","protected":false},"author":4,"featured_media":0,"parent":3923,"menu_order":0,"comment_status":"closed","ping_status":"closed","template":"","meta":{"_acf_changed":false,"_seopress_robots_primary_cat":"","_seopress_titles_title":"","_seopress_titles_desc":"","_seopress_robots_index":"","_searchwp_excluded":"","footnotes":""},"class_list":["post-5370","page","type-page","status-publish","hentry"],"acf":[],"_links":{"self":[{"href":"https:\/\/www.cafoodbanks.org\/es\/wp-json\/wp\/v2\/pages\/5370","targetHints":{"allow":["GET"]}}],"collection":[{"href":"https:\/\/www.cafoodbanks.org\/es\/wp-json\/wp\/v2\/pages"}],"about":[{"href":"https:\/\/www.cafoodbanks.org\/es\/wp-json\/wp\/v2\/types\/page"}],"author":[{"embeddable":true,"href":"https:\/\/www.cafoodbanks.org\/es\/wp-json\/wp\/v2\/users\/4"}],"replies":[{"embeddable":true,"href":"https:\/\/www.cafoodbanks.org\/es\/wp-json\/wp\/v2\/comments?post=5370"}],"version-history":[{"count":69,"href":"https:\/\/www.cafoodbanks.org\/es\/wp-json\/wp\/v2\/pages\/5370\/revisions"}],"predecessor-version":[{"id":52798,"href":"https:\/\/www.cafoodbanks.org\/es\/wp-json\/wp\/v2\/pages\/5370\/revisions\/52798"}],"up":[{"embeddable":true,"href":"https:\/\/www.cafoodbanks.org\/es\/wp-json\/wp\/v2\/pages\/3923"}],"wp:attachment":[{"href":"https:\/\/www.cafoodbanks.org\/es\/wp-json\/wp\/v2\/media?parent=5370"}],"curies":[{"name":"wp","href":"https:\/\/api.w.org\/{rel}","templated":true}]}}