{"id":553,"date":"2020-09-23T19:05:33","date_gmt":"2020-09-23T19:05:33","guid":{"rendered":"https:\/\/live-cafb.pantheonsite.io\/?page_id=553"},"modified":"2025-12-01T15:24:29","modified_gmt":"2025-12-01T22:24:29","slug":"find-food","status":"publish","type":"page","link":"https:\/\/www.cafoodbanks.org\/es\/find-food\/","title":{"rendered":"Encuentre alimentos"},"content":{"rendered":"<div class=\"wp-block-group\"><div class=\"wp-block-group__inner-container is-layout-flow wp-block-group-is-layout-flow\">\n<h3 class=\"wp-block-heading has-green-color has-text-color\">Llame al 211<\/h3>\n\n\n\n<p class=\"has-light-green-background-color has-background\"><strong>Si necesita comida de inmediato, <\/strong>por favor marque al 2-1-1 en cualquier tel\u00e9fono para hablar con alguien sobre los servicios disponibles en su \u00e1rea. (2-1-1 es un c\u00f3digo de marcaci\u00f3n de tres d\u00edgitos, similar al 4-1-1). Las l\u00edneas est\u00e1n abiertas las 24 horas del d\u00eda. Puede recibir asistencia a trav\u00e9s del 211 en muchas, pero no en todas las \u00e1reas.<\/p>\n\n\n\n<div style=\"height:46px\" aria-hidden=\"true\" class=\"wp-block-spacer\"><\/div>\n\n\n\n<h3 class=\"wp-block-heading has-green-color has-text-color\">Hable con un banco de alimentos<\/h3>\n\n\n\n<p class=\"has-light-green-background-color has-background\">Contacte a su banco de alimentos local para recibir una lista de los centros de distribuci\u00f3n de alimentos en su \u00e1rea. <a href=\"\/es\/our-members\/\">Encuentre su banco de alimentos local aqu\u00ed.<\/a>.<\/p>\n\n\n\n<div style=\"height:46px\" aria-hidden=\"true\" class=\"wp-block-spacer\"><\/div>\n\n\n\n<h3 class=\"wp-block-heading has-green-color has-text-color\">Aplique para CalFresh<\/h3>\n\n\n\n<p class=\"has-light-green-background-color has-background\">Aplique para CalFresh, el programa antes conocido como estampillas\/cupones de comida. Si califica, puede recibir una tarjeta EBT que puede usar para comprar comestibles. <a href=\"https:\/\/benefitscal.com\/\" target=\"_blank\" rel=\"noreferrer noopener\">Encuentre m\u00e1s informaci\u00f3n y aplique en l\u00ednea aqu\u00ed.<\/a>Tambi\u00e9n puede contactar a la oficina de CalFresh de su condado llamando al 1-877-847-3663.<\/p>\n\n\n\n<div style=\"height:70px\" aria-hidden=\"true\" class=\"wp-block-spacer\"><\/div>\n\n\n\n<div class=\"wp-block-foursite-gutenberg-blocks-collapsible-block collapsible-content-block\"><h3 class=\"trigger label\">Food Assistance FAQ<\/h3><div class=\"description wrapper\"><\/div><div class=\"content wrapper\">\n<a href=\"https:\/\/www.cafoodbanks.org\/wp-content\/uploads\/2025\/12\/CAFB_FAQ-Sheet_Final_ENG_11192556.pdf\">haga clic aqu\u00ed<\/a>\n<\/div><\/div>\n\n\n\n<div class=\"wp-block-foursite-gutenberg-blocks-collapsible-block collapsible-content-block\"><h3 class=\"trigger label\">Preguntas frecuentes sobre la asistencia alimentaria<\/h3><div class=\"description wrapper\"><\/div><div class=\"content wrapper\">\n<a href=\"https:\/\/www.cafoodbanks.org\/wp-content\/uploads\/2025\/12\/CAFB_FAQ-Sheet_Final_ES_11192568.pdf\">Haga clic aqu\u00ed<\/a>\n<\/div><\/div>\n\n\n\n<div class=\"wp-block-foursite-gutenberg-blocks-collapsible-block collapsible-content-block\"><h3 class=\"trigger label\">\u98df\u54c1\u63f4\u52a9\u5e38\u89c1\u95ee\u9898\u89e3\u7b54<\/h3><div class=\"description wrapper\"><\/div><div class=\"content wrapper\">\n<a href=\"https:\/\/www.cafoodbanks.org\/wp-content\/uploads\/2025\/12\/CAFB_FAQ-Sheet_Final_CN_11212525-2.pdf\">\u70b9\u51fb\u8fd9\u91cc<\/a>\n<\/div><\/div>\n<\/div><\/div>\n\n\n\n<script>\n\/*\n  HungerWatch \u2013 anonymous pageview signal\n  Add this once, preferably at the bottom of your Find Food page.\n  It sends a tiny, no-cookie ping to the HungerWatch endpoint.\n*\/\n(function() {\n  const endpoint = \"https:\/\/kvytpubwfaszoserxjmr.supabase.co\/functions\/v1\/counter\";\n  try {\n    fetch(endpoint, { keepalive: true });\n  } catch (e) {\n    \/\/ Fail silently \u2013 never affect the page\n  }\n})();\n<\/script>\n\n\n\n<p><\/p>","protected":false},"excerpt":{"rendered":"<p>Call 211 If you are in immediate need of food assistance, please dial 2-1-1 from a phone and speak with [&hellip;]<\/p>\n","protected":false},"author":1,"featured_media":0,"parent":0,"menu_order":0,"comment_status":"closed","ping_status":"closed","template":"","meta":{"_acf_changed":false,"_seopress_robots_primary_cat":"","_seopress_titles_title":"","_seopress_titles_desc":"","_seopress_robots_index":"","_searchwp_excluded":"","footnotes":""},"class_list":["post-553","page","type-page","status-publish","hentry"],"acf":[],"_links":{"self":[{"href":"https:\/\/www.cafoodbanks.org\/es\/wp-json\/wp\/v2\/pages\/553","targetHints":{"allow":["GET"]}}],"collection":[{"href":"https:\/\/www.cafoodbanks.org\/es\/wp-json\/wp\/v2\/pages"}],"about":[{"href":"https:\/\/www.cafoodbanks.org\/es\/wp-json\/wp\/v2\/types\/page"}],"author":[{"embeddable":true,"href":"https:\/\/www.cafoodbanks.org\/es\/wp-json\/wp\/v2\/users\/1"}],"replies":[{"embeddable":true,"href":"https:\/\/www.cafoodbanks.org\/es\/wp-json\/wp\/v2\/comments?post=553"}],"version-history":[{"count":46,"href":"https:\/\/www.cafoodbanks.org\/es\/wp-json\/wp\/v2\/pages\/553\/revisions"}],"predecessor-version":[{"id":52788,"href":"https:\/\/www.cafoodbanks.org\/es\/wp-json\/wp\/v2\/pages\/553\/revisions\/52788"}],"wp:attachment":[{"href":"https:\/\/www.cafoodbanks.org\/es\/wp-json\/wp\/v2\/media?parent=553"}],"curies":[{"name":"wp","href":"https:\/\/api.w.org\/{rel}","templated":true}]}}