{"id":59,"date":"2020-09-10T16:47:49","date_gmt":"2020-09-10T16:47:49","guid":{"rendered":"https:\/\/live-cafb.pantheonsite.io\/?page_id=59"},"modified":"2026-03-13T17:47:53","modified_gmt":"2026-03-14T00:47:53","slug":"calfresh-outreach","status":"publish","type":"page","link":"https:\/\/www.cafoodbanks.org\/es\/what-we-do\/calfresh-outreach\/","title":{"rendered":"Alcance de CalFresh"},"content":{"rendered":"<p><!-- Google tag (gtag.js) --><br \/>\n<script async src=\"https:\/\/www.googletagmanager.com\/gtag\/js?id=G-1JBLYPE369\"><\/script><br \/>\n<script><br \/>\n  window.dataLayer = window.dataLayer || [];<br \/>\n  function gtag(){dataLayer.push(arguments);}<br \/>\n  gtag('js', new Date());<\/p>\n<p>  gtag('config', 'G-1JBLYPE369');<br \/>\n<\/script><\/p>\n\n\n<div style=\"height:20px\" aria-hidden=\"true\" class=\"wp-block-spacer\"><\/div>\n\n\n\n<p>CalFresh es el mejor y m\u00e1s grande programa contra el hambre del pa\u00eds.&nbsp;<\/p>\n\n\n\n<p>This government run program helps households buy healthy foods. We support 50+ partners throughout the state who help community members apply for\u00a0and stay enrolled in CalFresh.<\/p>\n\n\n\n<div style=\"height:13px\" aria-hidden=\"true\" class=\"wp-block-spacer\"><\/div>\n\n\n\n<h3 class=\"wp-block-heading\" id=\"about-calfresh\">Sobre CalFresh<\/h3>\n\n\n\n<p>CalFresh es un programa de nutrici\u00f3n federal que permite a las personas comprar alimentos en su supermercado local con una tarjeta de d\u00e9bito. A nivel nacional, se lo conoce como Programa de Asistencia de Nutrici\u00f3n Suplementaria (SNAP), pero muchos pueden conocerlo por su antiguo nombre: cupones de alimentos.<\/p>\n\n\n<style>\r\n\t#button-69d24a6e02894 .cta-button {\r\n\t\tcolor: #ffffff; border-color: #ffffff; background-color:#7fb24a;\t}\r\n\t#button-69d24a6e02894 .cta-button:before, #button-69d24a6e02894 .cta-button:after {\r\n\t\tbackground-color: #7fb24a; border-color: #7fb24a;\t}\r\n\t#button-69d24a6e02894 .cta-button:hover {\r\n\t\tcolor: #7fb24a; border-color: #7fb24a; background-color:#ffffff;\t}\r\n<\/style>\r\n<div class=\"button-variant-1 aligncenter\" id=\"button-69d24a6e02894\">\r\n\t<a href='http:\/\/getcalfresh.org' target='_blank'  class='cta-button'>Aprenda m\u00e1s y aplique<\/a><\/div>\n\n\n<div style=\"height:40px\" aria-hidden=\"true\" class=\"wp-block-spacer\"><\/div>\n\n\n\n<h3 class=\"wp-block-heading\" id=\"calfresh-outreach\">Trabajo de alcance de CalFresh<\/h3>\n\n\n\n<p>California tiene una de las tasas m\u00e1s bajas de participaci\u00f3n en SNAP del pa\u00eds, con solo 70% de hogares elegibles que reciben CalFresh. Casi 2 millones de californianos no est\u00e1n recibiendo estos beneficios nutricionales para los que est\u00e1n calificados.&nbsp;<\/p>\n\n\n\n<p>Hay muchas razones por las que las personas no solicitan CalFresh. El papel del alcance de CalFresh es ayudar a abordar estas barreras, ayudar a los miembros de la comunidad con sus solicitudes y garantizar que los hogares elegibles puedan seguir recibiendo CalFresh.&nbsp;<\/p>\n\n\n\n<p>Si bien la tasa de participaci\u00f3n de California sigue estando muy por detr\u00e1s del promedio nacional, junto con nuestros socios estamos ayudando a las familias de bajos ingresos a obtener el apoyo que necesitan para una dieta saludable.<\/p>\n\n\n\n<p>Cada a\u00f1o, nuestros socios de alcance ayudan a casi 30,000 hogares a solicitar CalFresh cada a\u00f1o.<\/p>\n\n\n<style>\r\n\t#button-69d24a6e02b52 .cta-button {\r\n\t\tcolor: #ffffff; border-color: #ffffff; background-color:#7fb24a;\t}\r\n\t#button-69d24a6e02b52 .cta-button:before, #button-69d24a6e02b52 .cta-button:after {\r\n\t\tbackground-color: #7fb24a; border-color: #7fb24a;\t}\r\n\t#button-69d24a6e02b52 .cta-button:hover {\r\n\t\tcolor: #7fb24a; border-color: #7fb24a; background-color:#ffffff;\t}\r\n<\/style>\r\n<div class=\"button-variant-1 aligncenter\" id=\"button-69d24a6e02b52\">\r\n\t<a href='\/es\/about\/partners-coalitions\/#calfresh-partners' target=''  class='cta-button'>Nuestros socios de alcance<\/a><\/div>\n\n\n<div style=\"height:40px\" aria-hidden=\"true\" class=\"wp-block-spacer\"><\/div>\n\n\n\n<h3 class=\"wp-block-heading\" id=\"resources\">Recursos<\/h3>\n\n\n\n<p>California Food Banks\u2122 creates resources to help support our outreach partners in their work to enroll eligible Californians in CalFresh.<\/p>\n\n\n\n<div class=\"wp-block-foursite-gutenberg-blocks-collapsible-block collapsible-content-block\"><h2 class=\"trigger label\">Seminarios web<\/h2><div class=\"description wrapper\">Vea estos seminarios web grabados para aprender los conceptos b\u00e1sicos de las reglas de elegibilidad de CalFresh.<\/div><div class=\"content wrapper\">\n<ul class=\"wp-block-list\">\n<li><strong>Introduction to CalFresh Outreach:<\/strong> <a rel=\"noreferrer noopener\" href=\"https:\/\/youtu.be\/1AxQfUzZ2yM\" target=\"_blank\">Grabaci\u00f3n<\/a> | <a rel=\"noreferrer noopener\" href=\"https:\/\/docs.google.com\/presentation\/d\/13do9PCv1AEJ26cvfpkbpYiA4UGMwewTU\/edit?usp=sharing&amp;ouid=105266497647387717428&amp;rtpof=true&amp;sd=true\" target=\"_blank\">Diapositivas<\/a><\/li>\n\n\n\n<li><strong>CalFresh 101:<\/strong> <a rel=\"noreferrer noopener\" href=\"https:\/\/youtu.be\/bxbfKqOe5xc\" target=\"_blank\">Grabaci\u00f3n<\/a> | <a rel=\"noreferrer noopener\" href=\"https:\/\/www.google.com\/url?q=https%3A%2F%2Fwww.cdss.ca.gov%2FPortals%2F9%2FCalFresh%2520SSI%2520Cash-Out%2FCalFresh%2520101%2520Webinar%2520FINAL-Accessible.pdf%3Fver%3D2019-01-23-160043-777&amp;sa=D&amp;sntz=1&amp;usg=AFQjCNG1vnB9g771w-GFxRzoTLqv62Yaqw\" target=\"_blank\">Diapositivas<\/a><\/li>\n\n\n\n<li><strong>Income &amp; Deductions:<\/strong> <a rel=\"noreferrer noopener\" href=\"https:\/\/youtu.be\/IR8MiM7N9MI\" target=\"_blank\">Grabaci\u00f3n<\/a> | <a rel=\"noreferrer noopener\" href=\"https:\/\/drive.google.com\/file\/d\/1pTNv-AksVF725xU7cKhN_Xd3RFG-pjcB\/view?usp=sharing\" target=\"_blank\">Diapositivas<\/a><\/li>\n\n\n\n<li><strong>Application Process &amp; Reporting:<\/strong> <a rel=\"noreferrer noopener\" href=\"https:\/\/youtu.be\/dGSXMHdUchU\" target=\"_blank\">Grabaci\u00f3n<\/a> | <a rel=\"noreferrer noopener\" href=\"https:\/\/drive.google.com\/open?id=11e7hL6RSZBeziVzkmmebmKsnYwC1J-Ur\" target=\"_blank\">Diapositivas<\/a><\/li>\n\n\n\n<li><strong>Application Follow-up &amp; Troubleshooting:<\/strong> <a rel=\"noreferrer noopener\" href=\"https:\/\/youtu.be\/CnRR2bq8LEc\" target=\"_blank\">Grabaci\u00f3n<\/a> | <a rel=\"noreferrer noopener\" href=\"https:\/\/drive.google.com\/open?id=1mpXUK4FRqUGC76FzXy0-d2kEHSzu6iOt\" target=\"_blank\">Diapositivas<\/a><\/li>\n\n\n\n<li><strong>Seniors &amp; People with a Disability:<\/strong> <a rel=\"noreferrer noopener\" href=\"https:\/\/youtu.be\/kIBn6v-BPQw\" target=\"_blank\">Grabaci\u00f3n<\/a> | <a rel=\"noreferrer noopener\" href=\"https:\/\/drive.google.com\/open?id=1TgomE2Ii9ttI9jtMtszCzbZ1XW21GAit\" target=\"_blank\">Diapositivas<\/a><\/li>\n\n\n\n<li><strong>Students:<\/strong> <a rel=\"noreferrer noopener\" href=\"https:\/\/youtu.be\/n29SyjaGlsE\" target=\"_blank\">Grabaci\u00f3n<\/a> | <a rel=\"noreferrer noopener\" href=\"https:\/\/drive.google.com\/file\/d\/1g26i8kC1-gimgAU4N0KljkwRiyvG_8i-\/view?usp=sharing\" target=\"_blank\">Diapositivas<\/a><\/li>\n\n\n\n<li><strong>Immigrants:<\/strong> <a rel=\"noreferrer noopener\" href=\"https:\/\/youtu.be\/OmDVcpyOxHI\" target=\"_blank\">Grabaci\u00f3n<\/a> | <a rel=\"noreferrer noopener\" href=\"https:\/\/drive.google.com\/file\/d\/1DLjU9fsYS5i7Uy2NWM90XDGzFZwLgocU\/view?usp=sharing\" target=\"_blank\">Diapositivas<\/a><\/li>\n<\/ul>\n<\/div><\/div>\n\n\n\n<div class=\"wp-block-foursite-gutenberg-blocks-collapsible-block collapsible-content-block\"><h2 class=\"trigger label\"> CalFresh Changes in H.R. 1<\/h2><div class=\"description wrapper\">The passing of House Resolution 1 (H.R. 1) includes the most severe cuts to the Supplemental Nutrition Assistance Program (SNAP) &#8211; known as CalFresh in California &#8211; in program history. This legislation breaks with decades of federal commitment by shifting billions in costs to states and reducing food assistance for millions of families.<\/div><div class=\"content wrapper\">\n<div class=\"wp-block-buttons is-layout-flex wp-block-buttons-is-layout-flex\">\n<div class=\"wp-block-button is-style-outline is-style-outline--1\"><a class=\"wp-block-button__link wp-element-button\" href=\"https:\/\/www.cafoodbanks.org\/es\/what-we-do\/policy\/calfresh-changes-hr1\/\">Aprende m\u00e1s<\/a><\/div>\n<\/div>\n<\/div><\/div>\n\n\n\n<div class=\"wp-block-foursite-gutenberg-blocks-collapsible-block collapsible-content-block\"><h2 class=\"trigger label\">CalFresh COLA<\/h2><div class=\"description wrapper\">On October 1, 2023, new CalFresh income guidelines took effect.<\/div><div class=\"content wrapper\">\n<p>Si un solicitante present\u00f3 una solicitud en el pasado pero se le neg\u00f3 por estar ligeramente por encima de los ingresos, deber\u00eda considerar volver a presentar la solicitud en octubre. Los beneficiarios de CalFresh pueden ver un ligero aumento en la cantidad de sus beneficios.<\/p>\n\n\n\n<p><strong>Recursos y materiales:<\/strong><\/p>\n\n\n\n<ul class=\"wp-block-list\">\n<li><a href=\"https:\/\/www.cafoodbanks.org\/wp-content\/uploads\/2023\/09\/COLA-CalFresh-FY2024-3.docx\">Hoja informativa para los trabajadores comunitarios de CalFresh<\/a><\/li>\n\n\n\n<li>Folleto del cliente en&nbsp;<a href=\"https:\/\/www.cafoodbanks.org\/wp-content\/uploads\/2023\/09\/COLA-CalFresh-FY2024-English-Flyer-1.docx\">Ingl\u00e9s<\/a>&nbsp;y&nbsp;<a href=\"https:\/\/www.cafoodbanks.org\/wp-content\/uploads\/2023\/09\/COLA-CalFresh-FY2024-Spanish-Flyer-1.docx\">Espa\u00f1ol<\/a>.  Please consider customizing the flyers with your local information before disseminating them:<\/li>\n\n\n\n<li>Si es un banco de alimentos, le recomiendo que reemplace el n\u00famero de tel\u00e9fono y el sitio web de CAFB por el n\u00famero de tel\u00e9fono y el sitio web de su banco de alimentos.<\/li>\n\n\n\n<li>Si no es un banco de alimentos, comun\u00edquese con el banco de alimentos de su condado para informarles que desea incluir su n\u00famero de tel\u00e9fono y su sitio web en este folleto para recomendarles a los clientes.<\/li>\n<\/ul>\n<\/div><\/div>\n\n\n\n<div class=\"wp-block-foursite-gutenberg-blocks-collapsible-block collapsible-content-block\"><h2 class=\"trigger label\">CalFresh Income Calculator<\/h2><div class=\"description wrapper\">Use this calculator to determine CalFresh eligibility and\/or monthly allotment amount.<\/div><div class=\"content wrapper\">\n<p><strong>This calculator is valid from October 2024\u2013September 2025.<\/strong><\/p>\n\n\n\n<p><a href=\"https:\/\/www.cafoodbanks.org\/wp-content\/uploads\/2024\/11\/FFY2024-25_CalFresh_Calculator_FINAL_LOCKED.xlsx\">Download Excel spreadsheet here<\/a><\/p>\n<\/div><\/div>\n\n\n\n<div class=\"wp-block-foursite-gutenberg-blocks-collapsible-block collapsible-content-block\"><h2 class=\"trigger label\">Data + Information<\/h2><div class=\"description wrapper\"><\/div><div class=\"content wrapper\">\n<ul class=\"wp-block-list\">\n<li><a href=\"https:\/\/www.cafoodbanks.org\/es\/2025-SNAP-choice\/\">2025 Protect and Strengthen SNAP Choice<\/a><\/li>\n\n\n\n<li><a href=\"https:\/\/www.ers.usda.gov\/webdocs\/publications\/107710\/ap-119.pdf?v=2918.3\" target=\"_blank\" rel=\"noreferrer noopener\">SNAP recipients and food bank utilization data<\/a><\/li>\n\n\n\n<li><a href=\"https:\/\/www.ncbi.nlm.nih.gov\/pmc\/articles\/PMC4215698\/\" target=\"_blank\" rel=\"noreferrer noopener\">Exhaustion of Food Budgets at Month&#8217;s End &amp; Hospital Admissions for Hypoglycemia report<\/a><\/li>\n<\/ul>\n<\/div><\/div>\n\n\n\n<p>Siempre estamos entusiasmados de trabajar con m\u00e1s socios de alcance. Comun\u00edquese con nosotros para obtener m\u00e1s informaci\u00f3n sobre c\u00f3mo asociarse con nosotros.<\/p>\n\n\n<style>\r\n\t#button-69d24a6e04fa7 .cta-button {\r\n\t\tcolor: #ffffff; border-color: #ffffff; background-color:#7fb24a;\t}\r\n\t#button-69d24a6e04fa7 .cta-button:before, #button-69d24a6e04fa7 .cta-button:after {\r\n\t\tbackground-color: #7fb24a; border-color: #7fb24a;\t}\r\n\t#button-69d24a6e04fa7 .cta-button:hover {\r\n\t\tcolor: #7fb24a; border-color: #7fb24a; background-color:#ffffff;\t}\r\n<\/style>\r\n<div class=\"button-variant-1 aligncenter\" id=\"button-69d24a6e04fa7\">\r\n\t<a href='\/es\/contact-us\/' target=''  class='cta-button'>Con\u00e9ctate con nosotros<\/a><\/div>\n\n\n<div style=\"height:43px\" aria-hidden=\"true\" class=\"wp-block-spacer\"><\/div>\n\n\n\n<h3 class=\"wp-block-heading\">M\u00e1s acerca de CalFresh <\/h3>\n\n\n\n<p>Aqu\u00ed hay informaci\u00f3n adicional sobre los cambios a CalFresh.<\/p>\n\n\n\n<div id=\"ssi-expansion\" class=\"wp-block-foursite-gutenberg-blocks-collapsible-block collapsible-content-block\"><h3 class=\"trigger label\">Expansi\u00f3n SSI<\/h3><div class=\"description wrapper\">El 1 de junio de 2019, los beneficiarios del Ingreso de seguridad suplementario se volvieron elegibles para solicitar CalFresh, como es el caso en todos los dem\u00e1s estados del pa\u00eds. <\/div><div class=\"content wrapper\">\n<p>Supplemental Security Income (SSI) is a federally funded program that provides a modest monthly benefit to low-income people who are 65 or older, blind, or disabled. In California, the SSI payment is augmented by a State Supplementary Payment (SSP) which brings the maximum monthly benefit for an individual living alone to $1135, an amount that forces many low-income seniors and people with disabilities to live in poverty.&nbsp;<\/p>\n\n\n\n<p>Junto con nuestros bancos de alimentos, hemos estado en el coraz\u00f3n de la coalici\u00f3n Californianos por SSI (CA4SSI) que defendi\u00f3 esta hist\u00f3rica victoria en el&nbsp;<a href=\"http:\/\/leginfo.legislature.ca.gov\/faces\/billTextClient.xhtml?bill_id=201720180AB1811\">Presupuesto estatal 2018-19<\/a>, poniendo fin a la exclusi\u00f3n de CalFresh que ha estado vigente desde 1974. Se estima que esta expansi\u00f3n ha hecho que unos 500,000 beneficiarios de SSI sean elegibles para CalFresh.<\/p>\n\n\n\n<h5 class=\"wp-block-heading\">M\u00e1s informaci\u00f3n:<\/h5>\n\n\n\n<ul class=\"wp-block-list\">\n<li><a href=\"http:\/\/www.cdss.ca.gov\/inforesources\/CalFresh\/Supplemental-Security-Income\">CDSS revirtiendo la pol\u00edtica de retiro de efectivo de SSI \/ SSP de CalFresh<\/a>&nbsp;<\/li>\n\n\n\n<li><a href=\"http:\/\/ca4ssi.org\/\">Californianos 4 SSI<\/a>&nbsp;para obtener recursos e informaci\u00f3n para defensores.<\/li>\n\n\n\n<li><a href=\"https:\/\/www.cafoodbanks.org\/es\/calfresh-expansion-data\/\">Interactive Data Dashboard<\/a>: Exploring CalFresh expansion to SSI recipients.<\/li>\n\n\n\n<li><a href=\"https:\/\/www.cafoodbanks.org\/wp-content\/uploads\/2024\/06\/GSSP_Final-CalFresh-Report-2.pdf\">A Best Practices Analysis: Increasing CalFresh Enrollment and Improving Equity Among SSI Recipients<\/a><\/li>\n<\/ul>\n<\/div><\/div>\n\n\n\n<div style=\"height:32px\" aria-hidden=\"true\" class=\"wp-block-spacer\"><\/div>\n\n\n\n<div id=\"disaster-calfresh\" class=\"wp-block-foursite-gutenberg-blocks-collapsible-block collapsible-content-block\"><h3 class=\"trigger label\">Desastre CalFresh<\/h3><div class=\"description wrapper\">Disaster CalFresh (D-CalFresh), conocido a nivel federal como Programa de Asistencia Nutricional Suplementaria para Desastres (D-SNAP), es una forma de satisfacer las necesidades nutricionales temporales de las v\u00edctimas de un desastre despu\u00e9s de un desastre natural.<\/div><div class=\"content wrapper\">\n<p>Due to severe storms impacting California in 2024, Disaster CalFresh and related CalFresh waivers may be authorized for many counties throughout the year. Updates can be found on our tracking page <a href=\"https:\/\/docs.google.com\/document\/d\/1stXW6RD0Kg6v_nel7frRCgAzB1JMWNgNSwwzuxnlvv4\/edit\">aqu\u00ed<\/a>.<\/p>\n\n\n\n<h5 class=\"wp-block-heading\"><strong>D-CalFresh solo est\u00e1 disponible cuando ocurren todos los siguientes elementos:<\/strong><\/h5>\n\n\n\n<ul class=\"wp-block-list\">\n<li>Se ha declarado una Declaraci\u00f3n Presidencial de Asistencia Individual en la zona afectada;<\/li>\n\n\n\n<li>Se han interrumpido los canales comerciales de distribuci\u00f3n de alimentos y se han restablecido esos canales comerciales; y<\/li>\n\n\n\n<li>El estado de California ha sido aprobado para operar un programa D-CalFresh.<\/li>\n<\/ul>\n\n\n\n<h5 class=\"wp-block-heading\"><strong>M\u00e1s informaci\u00f3n:<\/strong><\/h5>\n\n\n\n<ul class=\"wp-block-list\">\n<li><a href=\"https:\/\/www.fns.usda.gov\/disaster\/california-disaster-nutrition-assistance\">Servicio de Alimentos y Nutrici\u00f3n del USDA: SNAP para desastres<\/a><\/li>\n\n\n\n<li><a href=\"http:\/\/www.cdss.ca.gov\/inforesources\/CalFresh\/Disaster-CalFresh\">Departamento de Servicios Sociales de California: Desastre CalFresh<\/a>&nbsp;\n<ul class=\"wp-block-list\">\n<li><a href=\"https:\/\/www.cdss.ca.gov\/inforesources\/cdss-programs\/calfresh\/disaster-response\/outreach-materials\">Disaster CalFresh Outreach Toolkits<\/a>&nbsp;<\/li>\n<\/ul>\n<\/li>\n\n\n\n<li><a href=\"http:\/\/www.cdss.ca.gov\/Portals\/9\/ACL\/2018\/18-125_ES.pdf\">Manual de respuesta a emergencias de CalFresh<\/a>&nbsp;(Octubre de 2018)<\/li>\n\n\n\n<li><a href=\"http:\/\/www.frac.org\/wp-content\/uploads\/d-snap-advocates-guide-1.pdf\">Gu\u00eda del defensor de D-SNAP<\/a>&nbsp;Y&nbsp;<a href=\"http:\/\/www.frac.org\/wp-content\/uploads\/dsnap-infographic.jpg\">Infograf\u00eda D-SNAP<\/a><\/li>\n<\/ul>\n<\/div><\/div>\n\n\n\n<div class=\"wp-block-group\"><div class=\"wp-block-group__inner-container is-layout-flow wp-block-group-is-layout-flow\"><\/div><\/div>\n\n\n\n<div style=\"height:100px\" aria-hidden=\"true\" class=\"wp-block-spacer\"><\/div>","protected":false},"excerpt":{"rendered":"<p>CalFresh is the nation\u2019s biggest and best anti-hunger program.&nbsp; This government run program helps households buy healthy foods. We support [&hellip;]<\/p>\n","protected":false},"author":21,"featured_media":0,"parent":51,"menu_order":0,"comment_status":"closed","ping_status":"closed","template":"","meta":{"_acf_changed":false,"_seopress_robots_primary_cat":"","_seopress_titles_title":"","_seopress_titles_desc":"","_seopress_robots_index":"","_searchwp_excluded":"","footnotes":""},"class_list":["post-59","page","type-page","status-publish","hentry"],"acf":[],"_links":{"self":[{"href":"https:\/\/www.cafoodbanks.org\/es\/wp-json\/wp\/v2\/pages\/59","targetHints":{"allow":["GET"]}}],"collection":[{"href":"https:\/\/www.cafoodbanks.org\/es\/wp-json\/wp\/v2\/pages"}],"about":[{"href":"https:\/\/www.cafoodbanks.org\/es\/wp-json\/wp\/v2\/types\/page"}],"author":[{"embeddable":true,"href":"https:\/\/www.cafoodbanks.org\/es\/wp-json\/wp\/v2\/users\/21"}],"replies":[{"embeddable":true,"href":"https:\/\/www.cafoodbanks.org\/es\/wp-json\/wp\/v2\/comments?post=59"}],"version-history":[{"count":208,"href":"https:\/\/www.cafoodbanks.org\/es\/wp-json\/wp\/v2\/pages\/59\/revisions"}],"predecessor-version":[{"id":51824,"href":"https:\/\/www.cafoodbanks.org\/es\/wp-json\/wp\/v2\/pages\/59\/revisions\/51824"}],"up":[{"embeddable":true,"href":"https:\/\/www.cafoodbanks.org\/es\/wp-json\/wp\/v2\/pages\/51"}],"wp:attachment":[{"href":"https:\/\/www.cafoodbanks.org\/es\/wp-json\/wp\/v2\/media?parent=59"}],"curies":[{"name":"wp","href":"https:\/\/api.w.org\/{rel}","templated":true}]}}