{"id":63,"date":"2020-09-10T16:48:02","date_gmt":"2020-09-10T16:48:02","guid":{"rendered":"https:\/\/live-cafb.pantheonsite.io\/?page_id=63"},"modified":"2026-04-03T09:26:55","modified_gmt":"2026-04-03T16:26:55","slug":"farm-family","status":"publish","type":"page","link":"https:\/\/www.cafoodbanks.org\/es\/what-we-do\/farm-family\/","title":{"rendered":"Programa de 'Farm to Family'"},"content":{"rendered":"<div style=\"height:23px\" aria-hidden=\"true\" class=\"wp-block-spacer\"><\/div>\n\n\n\n<p>Since 2005, our Farm to Family program delivers more than 300 million pounds of fresh fruits and vegetables annually to food banks throughout the state \u2014 nourishing our communities and reducing food waste. The program also secures and delivers shelf-stable foods like beans, soups, cereals, and grains, as well as proteins like eggs and meat.<\/p>\n\n\n\n<h2 class=\"wp-block-heading has-text-align-center has-text-color\" id=\"how-it-works\" style=\"color:#b2191a\">C\u00f3mo funciona<\/h2>\n\n\n\n<figure class=\"wp-block-embed aligncenter is-type-video is-provider-youtube wp-block-embed-youtube wp-embed-aspect-16-9 wp-has-aspect-ratio\"><div class=\"wp-block-embed__wrapper\">\n<iframe loading=\"lazy\" title=\"De la granja a la familia: prevenci\u00f3n del desperdicio de alimentos, nutrici\u00f3n de las comunidades y apoyo a los agricultores de California\" width=\"500\" height=\"281\" src=\"https:\/\/www.youtube.com\/embed\/ZXEPCAozQSQ?feature=oembed\" frameborder=\"0\" allow=\"accelerometer; autoplay; clipboard-write; encrypted-media; gyroscope; picture-in-picture; web-share\" referrerpolicy=\"strict-origin-when-cross-origin\" allowfullscreen><\/iframe>\n<\/div><\/figure>\n\n\n\n<div style=\"height:43px\" aria-hidden=\"true\" class=\"wp-block-spacer\"><\/div>\n\n\n\n<figure class=\"wp-block-image alignfull size-full\"><img decoding=\"async\" src=\"https:\/\/www.cafoodbanks.org\/wp-content\/uploads\/2024\/10\/F2F-how-it-works-red-website.svg\" alt=\"\" class=\"wp-image-48199\"\/><\/figure>\n\n\n\n<div style=\"height:47px\" aria-hidden=\"true\" class=\"wp-block-spacer\"><\/div>\n\n\n\n<div class=\"wp-block-columns is-layout-flex wp-container-core-columns-is-layout-9d6595d7 wp-block-columns-is-layout-flex\">\n<div class=\"wp-block-column is-layout-flow wp-block-column-is-layout-flow\">\n<h4 class=\"wp-block-heading has-text-align-center\" id=\"donate-food\"><span style=\"background-color:rgba(0, 0, 0, 0)\" class=\"has-inline-color has-black-color\">Por qu\u00e9 es importante de la granja a la familia<\/span> <span style=\"background-color:rgba(0, 0, 0, 0);color:#b2191a\" class=\"has-inline-color\">a los agricultores<\/span><\/h4>\n\n\n\n<ul id=\"block-f5e53d39-c2c1-40eb-b280-06f4f9c17153\" class=\"wp-block-list\">\n<li>Nutrici\u00f3n de calidad para familias que luchan por llegar a fin de mes<br><\/li>\n\n\n\n<li>El desperdicio de alimentos se reduce y los productos de calidad llegan a donde m\u00e1s se necesitan<br><\/li>\n\n\n\n<li>Los agricultores son elegibles para un cr\u00e9dito fiscal 15% para ayudar a que las granjas sigan creciendo<br><\/li>\n\n\n\n<li>Una tarifa de &quot;recoger y empaquetar&quot; para los agricultores ayuda a mitigar los costos de cosecha y empaque<br><\/li>\n\n\n\n<li>Our team handles all the logistics so farmers can do what they do best: feed our communities<\/li>\n<\/ul>\n<\/div>\n\n\n\n<div class=\"wp-block-column is-layout-flow wp-block-column-is-layout-flow\">\n<h4 class=\"wp-block-heading has-text-align-center\"><span style=\"background-color:rgba(0, 0, 0, 0)\" class=\"has-inline-color has-black-color\">Por qu\u00e9 es importante de la granja a la familia<\/span> <span style=\"background-color:rgba(0, 0, 0, 0);color:#b2191a\" class=\"has-inline-color\">a los Bancos de Alimentos<\/span><\/h4>\n\n\n\n<ul class=\"wp-block-list\">\n<li>Contribuye a la evoluci\u00f3n de los bancos de alimentos, desde productos enlatados hasta el suministro de frutas y verduras frescas como elemento b\u00e1sico de la distribuci\u00f3n de alimentos.<br><\/li>\n\n\n\n<li>Proporciona una fuente confiable de productos agr\u00edcolas frescos para mantener los almacenes abastecidos<br><\/li>\n\n\n\n<li>Apoyo profesional para obtener alimentos culturalmente apropiados.<br><\/li>\n\n\n\n<li>Nuestro equipo gestiona toda la log\u00edstica para que los bancos de alimentos puedan concentrarse en lo m\u00e1s importante: alimentar a nuestras comunidades.<\/li>\n<\/ul>\n<\/div>\n<\/div>\n\n\n\n<h2 class=\"wp-block-heading has-text-align-center\" id=\"get-involved\"><mark style=\"background-color:rgba(0, 0, 0, 0);color:#b2191a\" class=\"has-inline-color\">Complicarse<\/mark><\/h2>\n\n\n\n<p>Si est\u00e1 interesado en ser donante de alimentos para nuestro programa De la Granja a la Familia, comun\u00edquese con nuestro equipo en <mark style=\"background-color:rgba(0, 0, 0, 0)\" class=\"has-inline-color has-green-color\"><a href=\"mailto:farmtofamily@cafoodbanks.org\" target=\"_blank\" rel=\"noreferrer noopener\">farmtofamily@cafoodbanks.org<\/a>. <\/mark><\/p>\n\n\n\n<div style=\"height:22px\" aria-hidden=\"true\" class=\"wp-block-spacer\"><\/div>\n\n\n<style>\r\n\t#button-69d5a975d3fd3 .cta-button {\r\n\t\tcolor: #ffffff; border-color: #ffffff; background-color:#b2191a;\t}\r\n\t#button-69d5a975d3fd3 .cta-button:before, #button-69d5a975d3fd3 .cta-button:after {\r\n\t\tbackground-color: #b2191a; border-color: #b2191a;\t}\r\n\t#button-69d5a975d3fd3 .cta-button:hover {\r\n\t\tcolor: #b2191a; border-color: #b2191a; background-color:#ffffff;\t}\r\n<\/style>\r\n<div class=\"button-variant-1 aligncenter\" id=\"button-69d5a975d3fd3\">\r\n\t<a href='https:\/\/www.cafoodbanks.org\/es\/what-we-do\/farm-family\/donate-food\/' target=''  class='cta-button'>Donar comida<\/a><\/div>\n\n\n<div style=\"height:99px\" aria-hidden=\"true\" class=\"wp-block-spacer\"><\/div>\n\n\n\n<div class=\"wp-block-media-text alignwide is-stacked-on-mobile\" style=\"grid-template-columns:45% auto\"><figure class=\"wp-block-media-text__media\"><img loading=\"lazy\" decoding=\"async\" width=\"1024\" height=\"894\" src=\"https:\/\/www.cafoodbanks.org\/wp-content\/uploads\/2024\/10\/IMG_5892-1-scaled-e1729628078844-1024x894.jpg\" alt=\"\" class=\"wp-image-48203 size-full\" srcset=\"https:\/\/www.cafoodbanks.org\/wp-content\/uploads\/2024\/10\/IMG_5892-1-scaled-e1729628078844-1024x894.jpg 1024w, https:\/\/www.cafoodbanks.org\/wp-content\/uploads\/2024\/10\/IMG_5892-1-scaled-e1729628078844-300x262.jpg 300w, https:\/\/www.cafoodbanks.org\/wp-content\/uploads\/2024\/10\/IMG_5892-1-scaled-e1729628078844-768x670.jpg 768w, https:\/\/www.cafoodbanks.org\/wp-content\/uploads\/2024\/10\/IMG_5892-1-scaled-e1729628078844-1536x1341.jpg 1536w, https:\/\/www.cafoodbanks.org\/wp-content\/uploads\/2024\/10\/IMG_5892-1-scaled-e1729628078844-14x12.jpg 14w, https:\/\/www.cafoodbanks.org\/wp-content\/uploads\/2024\/10\/IMG_5892-1-scaled-e1729628078844.jpg 1715w\" sizes=\"auto, (max-width: 1024px) 100vw, 1024px\" \/><\/figure><div class=\"wp-block-media-text__content\">\n<p class=\"has-orange-10-background-color has-text-color has-background has-link-color wp-elements-7a8e021e13644abae2a9711541726ba0\" style=\"color:#b2191a;font-size:23px\"><strong><mark style=\"background-color:rgba(0, 0, 0, 0);color:#b2191a\" class=\"has-inline-color\"><em>Trabajas tan duro para asegurarte una cosecha, y ver c\u00f3mo los buenos alimentos se echan a perder en el campo, sin que nadie se los coma, realmente frustra lo que hacemos aqu\u00ed. Estamos haciendo lo que la naturaleza nos propuso: cuidar la tierra y producir alimentos buenos y saludables para las familias.<\/em><\/mark><\/strong><mark style=\"background-color:#f1e2db\" class=\"has-inline-color\"><br><br><\/mark><mark style=\"background-color:rgba(0, 0, 0, 0)\" class=\"has-inline-color has-black-color\">\u2013Elio Angel, Cache Produce<\/mark><\/p>\n<\/div><\/div>\n\n\n\n<div style=\"height:64px\" aria-hidden=\"true\" class=\"wp-block-spacer\"><\/div>\n\n\n\n<h2 class=\"wp-block-heading has-text-align-center\" id=\"food-donors\"><mark style=\"background-color:rgba(0, 0, 0, 0);color:#b2191a\" class=\"has-inline-color\">Donantes de alimentos<\/mark><\/h2>\n\n\n\n<p>Cada a\u00f1o, agricultores, empacadores y distribuidores donan al programa De la Granja a la Familia. Como uno de los programas de recuperaci\u00f3n de alimentos m\u00e1s grandes del pa\u00eds, la comunidad agr\u00edcola de California depende de este programa para asegurar que el excedente de productos agr\u00edcolas no se desperdicie, y los bancos de alimentos tambi\u00e9n dependen de \u00e9l para sus distribuciones de alimentos.<\/p>\n\n\n<style>\r\n\t#button-69d5a975d4331 .cta-button {\r\n\t\tcolor: #ffffff; border-color: #ffffff; background-color:#b2191a;\t}\r\n\t#button-69d5a975d4331 .cta-button:before, #button-69d5a975d4331 .cta-button:after {\r\n\t\tbackground-color: #b2191a; border-color: #b2191a;\t}\r\n\t#button-69d5a975d4331 .cta-button:hover {\r\n\t\tcolor: #b2191a; border-color: #b2191a; background-color:#ffffff;\t}\r\n<\/style>\r\n<div class=\"button-variant-1 aligncenter\" id=\"button-69d5a975d4331\">\r\n\t<a href='https:\/\/www.cafoodbanks.org\/es\/2024\/' target='_blank'  class='cta-button'>see our food donors<\/a><\/div>\n\n\n<div style=\"height:100px\" aria-hidden=\"true\" class=\"wp-block-spacer\"><\/div>","protected":false},"excerpt":{"rendered":"<p>Since 2005, our Farm to Family program delivers more than 300 million pounds of fresh fruits and vegetables annually to [&hellip;]<\/p>\n","protected":false},"author":1,"featured_media":0,"parent":51,"menu_order":0,"comment_status":"closed","ping_status":"closed","template":"","meta":{"_acf_changed":false,"_seopress_robots_primary_cat":"","_seopress_titles_title":"","_seopress_titles_desc":"","_seopress_robots_index":"","_searchwp_excluded":"","footnotes":""},"class_list":["post-63","page","type-page","status-publish","hentry"],"acf":[],"_links":{"self":[{"href":"https:\/\/www.cafoodbanks.org\/es\/wp-json\/wp\/v2\/pages\/63","targetHints":{"allow":["GET"]}}],"collection":[{"href":"https:\/\/www.cafoodbanks.org\/es\/wp-json\/wp\/v2\/pages"}],"about":[{"href":"https:\/\/www.cafoodbanks.org\/es\/wp-json\/wp\/v2\/types\/page"}],"author":[{"embeddable":true,"href":"https:\/\/www.cafoodbanks.org\/es\/wp-json\/wp\/v2\/users\/1"}],"replies":[{"embeddable":true,"href":"https:\/\/www.cafoodbanks.org\/es\/wp-json\/wp\/v2\/comments?post=63"}],"version-history":[{"count":159,"href":"https:\/\/www.cafoodbanks.org\/es\/wp-json\/wp\/v2\/pages\/63\/revisions"}],"predecessor-version":[{"id":53171,"href":"https:\/\/www.cafoodbanks.org\/es\/wp-json\/wp\/v2\/pages\/63\/revisions\/53171"}],"up":[{"embeddable":true,"href":"https:\/\/www.cafoodbanks.org\/es\/wp-json\/wp\/v2\/pages\/51"}],"wp:attachment":[{"href":"https:\/\/www.cafoodbanks.org\/es\/wp-json\/wp\/v2\/media?parent=63"}],"curies":[{"name":"wp","href":"https:\/\/api.w.org\/{rel}","templated":true}]}}